{"id":7209,"date":"2025-11-13T09:35:21","date_gmt":"2025-11-13T08:35:21","guid":{"rendered":"https:\/\/www.bluewines.eu\/wineries\/chateau-de-rouillac\/"},"modified":"2026-01-05T09:24:21","modified_gmt":"2026-01-05T08:24:21","slug":"chateau-de-rouillac","status":"publish","type":"page","link":"https:\/\/www.bluewines.eu\/en\/wineries\/chateau-de-rouillac\/","title":{"rendered":"Ch\u00e2teau de Rouillac"},"content":{"rendered":"\t\t<div data-elementor-type=\"wp-page\" data-elementor-id=\"7209\" class=\"elementor elementor-7209 elementor-4983\" data-elementor-post-type=\"page\">\n\t\t\t\t<div class=\"elementor-element elementor-element-4cc49e6 e-flex e-con-boxed e-con e-parent\" data-id=\"4cc49e6\" data-element_type=\"container\">\n\t\t\t\t\t<div class=\"e-con-inner\">\n\t\t\t\t<div class=\"elementor-element elementor-element-3de3c71 elementor-absolute elementor-widget elementor-widget-image\" data-id=\"3de3c71\" data-element_type=\"widget\" data-settings=\"{&quot;_position&quot;:&quot;absolute&quot;}\" data-widget_type=\"image.default\">\n\t\t\t\t\t\t\t\t\t\t\t\t\t\t\t<img fetchpriority=\"high\" decoding=\"async\" width=\"392\" height=\"711\" src=\"https:\/\/www.bluewines.eu\/wp-content\/uploads\/2024\/07\/team_vector.png\" class=\"attachment-full size-full wp-image-7002\" alt=\"\" srcset=\"https:\/\/www.bluewines.eu\/wp-content\/uploads\/2024\/07\/team_vector.png 392w, https:\/\/www.bluewines.eu\/wp-content\/uploads\/2024\/07\/team_vector-165x300.png 165w\" sizes=\"(max-width: 392px) 100vw, 392px\" \/>\t\t\t\t\t\t\t\t\t\t\t\t\t\t\t<\/div>\n\t\t\t\t<div class=\"elementor-element elementor-element-70b48a9 elementor-widget elementor-widget-image\" data-id=\"70b48a9\" data-element_type=\"widget\" data-widget_type=\"image.default\">\n\t\t\t\t\t\t\t\t\t\t\t\t\t\t\t<img decoding=\"async\" width=\"213\" height=\"113\" src=\"https:\/\/www.bluewines.eu\/wp-content\/uploads\/2025\/11\/logo_complet_blanc-2.png\" class=\"attachment-large size-large wp-image-7215\" alt=\"\" \/>\t\t\t\t\t\t\t\t\t\t\t\t\t\t\t<\/div>\n\t\t\t\t<div class=\"elementor-element elementor-element-a2e8dcb elementor-widget__width-initial elementor-widget elementor-widget-text-editor\" data-id=\"a2e8dcb\" data-element_type=\"widget\" data-widget_type=\"text-editor.default\">\n\t\t\t\t\t\t\t\t\t<p><b>Ch\u00e2teau de Rouillac<\/b> is a distinguished estate located in <b>Can\u00e9jan<\/b>, south of <b>Bordeaux<\/b>, in the heart of the <b>AOC Pessac-L\u00e9ognan<\/b>. Its history dates back to the <b>19th century<\/b>, when it belonged to the legendary <b>Baron Haussmann<\/b>, the architect of modern Paris.<\/p><p>With more than <b>36 hectares of vineyards<\/b>, the estate combines <b>tradition and modernity<\/b> under the direction of <b>Laurent Cisneros<\/b>, who has driven a commitment to <b>sustainable viticulture<\/b> and a comprehensive <b>technical renewal<\/b>. The <b>gravel and sandy soils<\/b>, typical of the region, provide excellent drainage and promote balanced ripening of <b>Cabernet Sauvignon, Merlot and Sauvignon Blanc<\/b>.<\/p><p>The wines of <b>Ch\u00e2teau de Rouillac<\/b> reflect the <b>elegance and depth<\/b> characteristic of the great wines of <b>Graves<\/b>: <b>structured reds<\/b> with <b>fine tannins<\/b> and great ageing potential, and <b>fresh, aromatic whites<\/b> with precise <b>mineral expression<\/b>.<\/p>\t\t\t\t\t\t\t\t<\/div>\n\t\t\t\t<div class=\"elementor-element elementor-element-b8be62f elementor-button-outline animated-fast elementor-align-center elementor-invisible elementor-widget elementor-widget-button\" data-id=\"b8be62f\" data-element_type=\"widget\" data-settings=\"{&quot;_animation&quot;:&quot;opal-move-up&quot;}\" data-widget_type=\"button.default\">\n\t\t\t\t\t\t\t\t\t\t<a class=\"elementor-button elementor-button-link elementor-size-sm\" href=\"#vinos\">\n\t\t\t\t\t\t<span class=\"elementor-button-content-wrapper\">\n\t\t\t\t\t\t\t\t\t<span class=\"elementor-button-text\">VIEW SELECTION<\/span>\n\t\t\t\t\t<\/span>\n\t\t\t\t\t<\/a>\n\t\t\t\t\t\t\t\t<\/div>\n\t\t\t\t\t<\/div>\n\t\t\t\t<\/div>\n\t\t<div class=\"elementor-element elementor-element-9e596f6 e-con-full e-flex e-con e-parent\" data-id=\"9e596f6\" data-element_type=\"container\">\n\t\t\t\t<div class=\"elementor-element elementor-element-86096fd elementor-arrows-position-inside elementor-widget elementor-widget-image-carousel\" data-id=\"86096fd\" data-element_type=\"widget\" data-settings=\"{&quot;slides_to_show&quot;:&quot;2&quot;,&quot;navigation&quot;:&quot;arrows&quot;,&quot;autoplay&quot;:&quot;yes&quot;,&quot;pause_on_hover&quot;:&quot;yes&quot;,&quot;pause_on_interaction&quot;:&quot;yes&quot;,&quot;autoplay_speed&quot;:5000,&quot;infinite&quot;:&quot;yes&quot;,&quot;speed&quot;:500}\" data-widget_type=\"image-carousel.default\">\n\t\t\t\t\t\t\t<div class=\"elementor-image-carousel-wrapper swiper\" role=\"region\" aria-roledescription=\"carousel\" aria-label=\"Carrusel de im\u00e1genes\" dir=\"ltr\">\n\t\t\t<div class=\"elementor-image-carousel swiper-wrapper\" aria-live=\"off\">\n\t\t\t\t\t\t\t\t<div class=\"swiper-slide\" role=\"group\" aria-roledescription=\"slide\" aria-label=\"1 of 4\"><figure class=\"swiper-slide-inner\"><img decoding=\"async\" class=\"swiper-slide-image\" src=\"https:\/\/www.bluewines.eu\/wp-content\/uploads\/2025\/11\/histoire-hero-1.jpg\" alt=\"histoire-hero\" \/><\/figure><\/div><div class=\"swiper-slide\" role=\"group\" aria-roledescription=\"slide\" aria-label=\"2 of 4\"><figure class=\"swiper-slide-inner\"><img decoding=\"async\" class=\"swiper-slide-image\" src=\"https:\/\/www.bluewines.eu\/wp-content\/uploads\/2025\/11\/Hero-1.png\" alt=\"Hero-1\" \/><\/figure><\/div><div class=\"swiper-slide\" role=\"group\" aria-roledescription=\"slide\" aria-label=\"3 of 4\"><figure class=\"swiper-slide-inner\"><img decoding=\"async\" class=\"swiper-slide-image\" src=\"https:\/\/www.bluewines.eu\/wp-content\/uploads\/2025\/11\/descktop-5-scaled-1.jpg\" alt=\"descktop-5-scaled\" \/><\/figure><\/div><div class=\"swiper-slide\" role=\"group\" aria-roledescription=\"slide\" aria-label=\"4 of 4\"><figure class=\"swiper-slide-inner\"><img decoding=\"async\" class=\"swiper-slide-image\" src=\"https:\/\/www.bluewines.eu\/wp-content\/uploads\/2025\/11\/Rectangle-40.png\" alt=\"Rectangle-40\" \/><\/figure><\/div>\t\t\t<\/div>\n\t\t\t\t\t\t\t\t\t\t\t\t<div class=\"elementor-swiper-button elementor-swiper-button-prev\" role=\"button\" tabindex=\"0\">\n\t\t\t\t\t\t<svg aria-hidden=\"true\" class=\"e-font-icon-svg e-eicon-chevron-left\" viewBox=\"0 0 1000 1000\" xmlns=\"http:\/\/www.w3.org\/2000\/svg\"><path d=\"M646 125C629 125 613 133 604 142L308 442C296 454 292 471 292 487 292 504 296 521 308 533L604 854C617 867 629 875 646 875 663 875 679 871 692 858 704 846 713 829 713 812 713 796 708 779 692 767L438 487 692 225C700 217 708 204 708 187 708 171 704 154 692 142 675 129 663 125 646 125Z\"><\/path><\/svg>\t\t\t\t\t<\/div>\n\t\t\t\t\t<div class=\"elementor-swiper-button elementor-swiper-button-next\" role=\"button\" tabindex=\"0\">\n\t\t\t\t\t\t<svg aria-hidden=\"true\" class=\"e-font-icon-svg e-eicon-chevron-right\" viewBox=\"0 0 1000 1000\" xmlns=\"http:\/\/www.w3.org\/2000\/svg\"><path d=\"M696 533C708 521 713 504 713 487 713 471 708 454 696 446L400 146C388 133 375 125 354 125 338 125 325 129 313 142 300 154 292 171 292 187 292 204 296 221 308 233L563 492 304 771C292 783 288 800 288 817 288 833 296 850 308 863 321 871 338 875 354 875 371 875 388 867 400 854L696 533Z\"><\/path><\/svg>\t\t\t\t\t<\/div>\n\t\t\t\t\n\t\t\t\t\t\t\t\t\t<\/div>\n\t\t\t\t\t\t<\/div>\n\t\t\t\t<\/div>\n\t\t<div class=\"elementor-element elementor-element-a616be4 e-flex e-con-boxed e-con e-parent\" data-id=\"a616be4\" data-element_type=\"container\" data-settings=\"{&quot;background_background&quot;:&quot;classic&quot;}\">\n\t\t\t\t\t<div class=\"e-con-inner\">\n\t\t<div class=\"elementor-element elementor-element-5867436 e-flex e-con-boxed e-con e-child\" data-id=\"5867436\" data-element_type=\"container\" data-settings=\"{&quot;background_background&quot;:&quot;classic&quot;}\">\n\t\t\t\t\t<div class=\"e-con-inner\">\n\t\t\t\t<div class=\"elementor-element elementor-element-b830e68 elementor-absolute elementor-widget elementor-widget-image\" data-id=\"b830e68\" data-element_type=\"widget\" data-settings=\"{&quot;_position&quot;:&quot;absolute&quot;,&quot;motion_fx_motion_fx_scrolling&quot;:&quot;yes&quot;,&quot;motion_fx_translateX_effect&quot;:&quot;yes&quot;,&quot;motion_fx_translateX_speed&quot;:{&quot;unit&quot;:&quot;px&quot;,&quot;size&quot;:1,&quot;sizes&quot;:[]},&quot;motion_fx_scale_effect&quot;:&quot;yes&quot;,&quot;motion_fx_scale_direction&quot;:&quot;in-out&quot;,&quot;motion_fx_scale_speed&quot;:{&quot;unit&quot;:&quot;px&quot;,&quot;size&quot;:1.1,&quot;sizes&quot;:[]},&quot;motion_fx_devices&quot;:[&quot;desktop&quot;,&quot;laptop&quot;,&quot;tablet_extra&quot;,&quot;tablet&quot;],&quot;motion_fx_translateX_affectedRange&quot;:{&quot;unit&quot;:&quot;%&quot;,&quot;size&quot;:&quot;&quot;,&quot;sizes&quot;:{&quot;start&quot;:0,&quot;end&quot;:100}},&quot;motion_fx_scale_range&quot;:{&quot;unit&quot;:&quot;%&quot;,&quot;size&quot;:&quot;&quot;,&quot;sizes&quot;:{&quot;start&quot;:20,&quot;end&quot;:80}}}\" data-widget_type=\"image.default\">\n\t\t\t\t\t\t\t\t\t\t\t\t\t\t\t<img decoding=\"async\" width=\"323\" height=\"357\" src=\"https:\/\/www.bluewines.eu\/wp-content\/uploads\/2024\/07\/h1_decor-1.png\" class=\"attachment-full size-full wp-image-6881\" alt=\"\" srcset=\"https:\/\/www.bluewines.eu\/wp-content\/uploads\/2024\/07\/h1_decor-1.png 323w, https:\/\/www.bluewines.eu\/wp-content\/uploads\/2024\/07\/h1_decor-1-271x300.png 271w\" sizes=\"(max-width: 323px) 100vw, 323px\" \/>\t\t\t\t\t\t\t\t\t\t\t\t\t\t\t<\/div>\n\t\t<div class=\"elementor-element elementor-element-0856a3d e-con-full e-flex e-con e-child\" data-id=\"0856a3d\" data-element_type=\"container\">\n\t\t\t\t<div class=\"elementor-element elementor-element-d67300c elementor-widget__width-initial animated-fast elementor-widget-divider--view-line elementor-invisible elementor-widget elementor-widget-divider\" data-id=\"d67300c\" data-element_type=\"widget\" data-settings=\"{&quot;_animation&quot;:&quot;opal-helix&quot;}\" data-widget_type=\"divider.default\">\n\t\t\t\t\t\t\t<div class=\"elementor-divider\">\n\t\t\t<span class=\"elementor-divider-separator\">\n\t\t\t\t\t\t<\/span>\n\t\t<\/div>\n\t\t\t\t\t\t<\/div>\n\t\t\t\t<div class=\"elementor-element elementor-element-6afa896 animated-fast elementor-invisible elementor-widget elementor-widget-heading\" data-id=\"6afa896\" data-element_type=\"widget\" data-settings=\"{&quot;_animation&quot;:&quot;fadeInLeft&quot;}\" data-widget_type=\"heading.default\">\n\t\t\t\t\t<span class=\"elementor-heading-title elementor-size-default\">WINE SELECTION<\/span>\t\t\t\t<\/div>\n\t\t\t\t<\/div>\n\t\t\t\t<div class=\"elementor-element elementor-element-d661e0d animated-fast elementor-invisible elementor-widget elementor-widget-heading\" data-id=\"d661e0d\" data-element_type=\"widget\" data-settings=\"{&quot;_animation&quot;:&quot;opal-move-up&quot;}\" data-widget_type=\"heading.default\">\n\t\t\t\t\t<h2 class=\"elementor-heading-title elementor-size-default\">The reflection of<\/h2>\t\t\t\t<\/div>\n\t\t\t\t<div class=\"elementor-element elementor-element-e021c8b animated-fast elementor-invisible elementor-widget elementor-widget-heading\" data-id=\"e021c8b\" data-element_type=\"widget\" data-settings=\"{&quot;_animation&quot;:&quot;opal-move-left&quot;}\" data-widget_type=\"heading.default\">\n\t\t\t\t\t<span class=\"elementor-heading-title elementor-size-default\">each winery and its land<\/span>\t\t\t\t<\/div>\n\t\t\t\t<div class=\"elementor-element elementor-element-69ed645 elementor-swiper-button-next-vertical-bottom elementor-swiper-button-next-horizontal-right elementor-swiper-button-prev-vertical-bottom elementor-swiper-button-prev-horizontal-right animated-fast elementor-invisible elementor-widget elementor-widget-asteno-products\" data-id=\"69ed645\" data-element_type=\"widget\" data-settings=\"{&quot;_animation&quot;:&quot;opal-move-up&quot;}\" data-widget_type=\"asteno-products.default\">\n\t\t\t\t<div class=\"elementor-widget-container\">\n\t\t\t\t\t<div class=\"woocommerce columns-1  woocommerce-product-grid\"><ul class=\"products asteno-products  columns-1\"><li class=\"product-style-default product type-product post-7746 status-publish first instock product_cat-a-o-p-pessac-leognan product_cat-chateau-de-rouillac has-post-thumbnail featured shipping-taxable product-type-simple\">\n    <div class=\"product-block\">\n        <div class=\"product-top\">\n            <div class=\"posted-in\"><a href=\"https:\/\/www.bluewines.eu\/en\/categoria-producto\/a-o-p-pessac-leognan\/\" rel=\"tag\">A.O.P. Pessac-L\u00e9ognan<\/a>, <a href=\"https:\/\/www.bluewines.eu\/en\/categoria-producto\/chateau-de-rouillac\/\" rel=\"tag\">Ch\u00e2teau de Rouillac<\/a><\/div>            <h3 class=\"woocommerce-loop-product__title\"><a href=\"https:\/\/www.bluewines.eu\/en\/producto\/dada-rouillac-blanc\/\">Dada Rouillac Blanc<\/a><\/h3>        <\/div>\n        <div class=\"product-transition\">\n            <div class=\"product-labels\">\n                            <\/div>\n            <div class=\"product-image image-main\"><img loading=\"lazy\" decoding=\"async\" width=\"450\" height=\"450\" src=\"https:\/\/www.bluewines.eu\/wp-content\/uploads\/2025\/11\/dada-rouillac-blanc-450x450.jpg\" class=\"attachment-woocommerce_thumbnail size-woocommerce_thumbnail\" alt=\"Dada Rouillac Blanc\" srcset=\"https:\/\/www.bluewines.eu\/wp-content\/uploads\/2025\/11\/dada-rouillac-blanc-450x450.jpg 450w, https:\/\/www.bluewines.eu\/wp-content\/uploads\/2025\/11\/dada-rouillac-blanc-300x300.jpg 300w, https:\/\/www.bluewines.eu\/wp-content\/uploads\/2025\/11\/dada-rouillac-blanc-1024x1024.jpg 1024w, https:\/\/www.bluewines.eu\/wp-content\/uploads\/2025\/11\/dada-rouillac-blanc-150x150.jpg 150w, https:\/\/www.bluewines.eu\/wp-content\/uploads\/2025\/11\/dada-rouillac-blanc-768x768.jpg 768w, https:\/\/www.bluewines.eu\/wp-content\/uploads\/2025\/11\/dada-rouillac-blanc-800x800.jpg 800w, https:\/\/www.bluewines.eu\/wp-content\/uploads\/2025\/11\/dada-rouillac-blanc-100x100.jpg 100w, https:\/\/www.bluewines.eu\/wp-content\/uploads\/2025\/11\/dada-rouillac-blanc-50x50.jpg 50w, https:\/\/www.bluewines.eu\/wp-content\/uploads\/2025\/11\/dada-rouillac-blanc.jpg 1200w\" sizes=\"(max-width: 450px) 100vw, 450px\" \/><\/div>                    <div class=\"tooltip-left group-action\">\n            <div class=\"shop-action\">\n                            <\/div>\n        <\/div>\n                                <a href=\"https:\/\/www.bluewines.eu\/en\/producto\/dada-rouillac-blanc\/\" class=\"woocommerce-LoopProduct-link woocommerce-loop-product__link\">            <\/a>        <\/div>\n        <div class=\"product-caption\">\n                <div class=\"count-review\">\n        <div class=\"star-rating\"><\/div><span class=\"count\">0 Reviews<\/span>    <\/div>\n                \n            <div class=\"product-caption-bottom\">\n                \t<span id=\"woocommerce_loop_add_to_cart_link_describedby_7746\" class=\"screen-reader-text\">\n\t\t\t<\/span>\n            <\/div>\n                    <\/div>\n    <\/div>\n<\/li>\n<li class=\"product-style-default product type-product post-7745 status-publish first instock product_cat-a-o-p-pessac-leognan product_cat-chateau-de-rouillac has-post-thumbnail featured shipping-taxable product-type-simple\">\n    <div class=\"product-block\">\n        <div class=\"product-top\">\n            <div class=\"posted-in\"><a href=\"https:\/\/www.bluewines.eu\/en\/categoria-producto\/a-o-p-pessac-leognan\/\" rel=\"tag\">A.O.P. Pessac-L\u00e9ognan<\/a>, <a href=\"https:\/\/www.bluewines.eu\/en\/categoria-producto\/chateau-de-rouillac\/\" rel=\"tag\">Ch\u00e2teau de Rouillac<\/a><\/div>            <h3 class=\"woocommerce-loop-product__title\"><a href=\"https:\/\/www.bluewines.eu\/en\/producto\/dada-rouillac-rouge\/\">Dada Rouillac Rouge<\/a><\/h3>        <\/div>\n        <div class=\"product-transition\">\n            <div class=\"product-labels\">\n                            <\/div>\n            <div class=\"product-image image-main\"><img loading=\"lazy\" decoding=\"async\" width=\"450\" height=\"450\" src=\"https:\/\/www.bluewines.eu\/wp-content\/uploads\/2025\/11\/dada-rouillac-rouge-450x450.jpg\" class=\"attachment-woocommerce_thumbnail size-woocommerce_thumbnail\" alt=\"Dada Rouillac Rouge\" srcset=\"https:\/\/www.bluewines.eu\/wp-content\/uploads\/2025\/11\/dada-rouillac-rouge-450x450.jpg 450w, https:\/\/www.bluewines.eu\/wp-content\/uploads\/2025\/11\/dada-rouillac-rouge-300x300.jpg 300w, https:\/\/www.bluewines.eu\/wp-content\/uploads\/2025\/11\/dada-rouillac-rouge-1024x1024.jpg 1024w, https:\/\/www.bluewines.eu\/wp-content\/uploads\/2025\/11\/dada-rouillac-rouge-150x150.jpg 150w, https:\/\/www.bluewines.eu\/wp-content\/uploads\/2025\/11\/dada-rouillac-rouge-768x768.jpg 768w, https:\/\/www.bluewines.eu\/wp-content\/uploads\/2025\/11\/dada-rouillac-rouge-800x800.jpg 800w, https:\/\/www.bluewines.eu\/wp-content\/uploads\/2025\/11\/dada-rouillac-rouge-100x100.jpg 100w, https:\/\/www.bluewines.eu\/wp-content\/uploads\/2025\/11\/dada-rouillac-rouge-50x50.jpg 50w, https:\/\/www.bluewines.eu\/wp-content\/uploads\/2025\/11\/dada-rouillac-rouge.jpg 1200w\" sizes=\"(max-width: 450px) 100vw, 450px\" \/><\/div>                    <div class=\"tooltip-left group-action\">\n            <div class=\"shop-action\">\n                            <\/div>\n        <\/div>\n                                <a href=\"https:\/\/www.bluewines.eu\/en\/producto\/dada-rouillac-rouge\/\" class=\"woocommerce-LoopProduct-link woocommerce-loop-product__link\">            <\/a>        <\/div>\n        <div class=\"product-caption\">\n                <div class=\"count-review\">\n        <div class=\"star-rating\"><\/div><span class=\"count\">0 Reviews<\/span>    <\/div>\n                \n            <div class=\"product-caption-bottom\">\n                \t<span id=\"woocommerce_loop_add_to_cart_link_describedby_7745\" class=\"screen-reader-text\">\n\t\t\t<\/span>\n            <\/div>\n                    <\/div>\n    <\/div>\n<\/li>\n<li class=\"product-style-default product type-product post-7744 status-publish first instock product_cat-a-o-p-pessac-leognan product_cat-chateau-de-rouillac has-post-thumbnail featured shipping-taxable product-type-simple\">\n    <div class=\"product-block\">\n        <div class=\"product-top\">\n            <div class=\"posted-in\"><a href=\"https:\/\/www.bluewines.eu\/en\/categoria-producto\/a-o-p-pessac-leognan\/\" rel=\"tag\">A.O.P. Pessac-L\u00e9ognan<\/a>, <a href=\"https:\/\/www.bluewines.eu\/en\/categoria-producto\/chateau-de-rouillac\/\" rel=\"tag\">Ch\u00e2teau de Rouillac<\/a><\/div>            <h3 class=\"woocommerce-loop-product__title\"><a href=\"https:\/\/www.bluewines.eu\/en\/producto\/chateau-de-rouillac-blanc\/\">Ch\u00e2teau de Rouillac Blanc<\/a><\/h3>        <\/div>\n        <div class=\"product-transition\">\n            <div class=\"product-labels\">\n                            <\/div>\n            <div class=\"product-image image-main\"><img loading=\"lazy\" decoding=\"async\" width=\"450\" height=\"450\" src=\"https:\/\/www.bluewines.eu\/wp-content\/uploads\/2025\/11\/chateau-rouillac-blanc-450x450.jpg\" class=\"attachment-woocommerce_thumbnail size-woocommerce_thumbnail\" alt=\"Ch\u00e2teau de Rouillac Blanc\" srcset=\"https:\/\/www.bluewines.eu\/wp-content\/uploads\/2025\/11\/chateau-rouillac-blanc-450x450.jpg 450w, https:\/\/www.bluewines.eu\/wp-content\/uploads\/2025\/11\/chateau-rouillac-blanc-300x300.jpg 300w, https:\/\/www.bluewines.eu\/wp-content\/uploads\/2025\/11\/chateau-rouillac-blanc-1024x1024.jpg 1024w, https:\/\/www.bluewines.eu\/wp-content\/uploads\/2025\/11\/chateau-rouillac-blanc-150x150.jpg 150w, https:\/\/www.bluewines.eu\/wp-content\/uploads\/2025\/11\/chateau-rouillac-blanc-768x768.jpg 768w, https:\/\/www.bluewines.eu\/wp-content\/uploads\/2025\/11\/chateau-rouillac-blanc-800x800.jpg 800w, https:\/\/www.bluewines.eu\/wp-content\/uploads\/2025\/11\/chateau-rouillac-blanc-100x100.jpg 100w, https:\/\/www.bluewines.eu\/wp-content\/uploads\/2025\/11\/chateau-rouillac-blanc-50x50.jpg 50w, https:\/\/www.bluewines.eu\/wp-content\/uploads\/2025\/11\/chateau-rouillac-blanc.jpg 1200w\" sizes=\"(max-width: 450px) 100vw, 450px\" \/><\/div>                    <div class=\"tooltip-left group-action\">\n            <div class=\"shop-action\">\n                            <\/div>\n        <\/div>\n                                <a href=\"https:\/\/www.bluewines.eu\/en\/producto\/chateau-de-rouillac-blanc\/\" class=\"woocommerce-LoopProduct-link woocommerce-loop-product__link\">            <\/a>        <\/div>\n        <div class=\"product-caption\">\n                <div class=\"count-review\">\n        <div class=\"star-rating\"><\/div><span class=\"count\">0 Reviews<\/span>    <\/div>\n                \n            <div class=\"product-caption-bottom\">\n                \t<span id=\"woocommerce_loop_add_to_cart_link_describedby_7744\" class=\"screen-reader-text\">\n\t\t\t<\/span>\n            <\/div>\n                    <\/div>\n    <\/div>\n<\/li>\n<li class=\"product-style-default product type-product post-7742 status-publish first instock product_cat-a-o-p-pessac-leognan product_cat-chateau-de-rouillac has-post-thumbnail featured shipping-taxable product-type-simple\">\n    <div class=\"product-block\">\n        <div class=\"product-top\">\n            <div class=\"posted-in\"><a href=\"https:\/\/www.bluewines.eu\/en\/categoria-producto\/a-o-p-pessac-leognan\/\" rel=\"tag\">A.O.P. Pessac-L\u00e9ognan<\/a>, <a href=\"https:\/\/www.bluewines.eu\/en\/categoria-producto\/chateau-de-rouillac\/\" rel=\"tag\">Ch\u00e2teau de Rouillac<\/a><\/div>            <h3 class=\"woocommerce-loop-product__title\"><a href=\"https:\/\/www.bluewines.eu\/en\/producto\/chateau-de-rouillac-rouge\/\">Ch\u00e2teau de Rouillac Rouge<\/a><\/h3>        <\/div>\n        <div class=\"product-transition\">\n            <div class=\"product-labels\">\n                            <\/div>\n            <div class=\"product-image image-main\"><img loading=\"lazy\" decoding=\"async\" width=\"450\" height=\"450\" src=\"https:\/\/www.bluewines.eu\/wp-content\/uploads\/2025\/11\/chateau-rouillac-rouge-450x450.jpg\" class=\"attachment-woocommerce_thumbnail size-woocommerce_thumbnail\" alt=\"Ch\u00e2teau de Rouillac Rouge\" srcset=\"https:\/\/www.bluewines.eu\/wp-content\/uploads\/2025\/11\/chateau-rouillac-rouge-450x450.jpg 450w, https:\/\/www.bluewines.eu\/wp-content\/uploads\/2025\/11\/chateau-rouillac-rouge-300x300.jpg 300w, https:\/\/www.bluewines.eu\/wp-content\/uploads\/2025\/11\/chateau-rouillac-rouge-1024x1024.jpg 1024w, https:\/\/www.bluewines.eu\/wp-content\/uploads\/2025\/11\/chateau-rouillac-rouge-150x150.jpg 150w, https:\/\/www.bluewines.eu\/wp-content\/uploads\/2025\/11\/chateau-rouillac-rouge-768x768.jpg 768w, https:\/\/www.bluewines.eu\/wp-content\/uploads\/2025\/11\/chateau-rouillac-rouge-800x800.jpg 800w, https:\/\/www.bluewines.eu\/wp-content\/uploads\/2025\/11\/chateau-rouillac-rouge-100x100.jpg 100w, https:\/\/www.bluewines.eu\/wp-content\/uploads\/2025\/11\/chateau-rouillac-rouge-50x50.jpg 50w, https:\/\/www.bluewines.eu\/wp-content\/uploads\/2025\/11\/chateau-rouillac-rouge.jpg 1200w\" sizes=\"(max-width: 450px) 100vw, 450px\" \/><\/div>                    <div class=\"tooltip-left group-action\">\n            <div class=\"shop-action\">\n                            <\/div>\n        <\/div>\n                                <a href=\"https:\/\/www.bluewines.eu\/en\/producto\/chateau-de-rouillac-rouge\/\" class=\"woocommerce-LoopProduct-link woocommerce-loop-product__link\">            <\/a>        <\/div>\n        <div class=\"product-caption\">\n                <div class=\"count-review\">\n        <div class=\"star-rating\"><\/div><span class=\"count\">0 Reviews<\/span>    <\/div>\n                \n            <div class=\"product-caption-bottom\">\n                \t<span id=\"woocommerce_loop_add_to_cart_link_describedby_7742\" class=\"screen-reader-text\">\n\t\t\t<\/span>\n            <\/div>\n                    <\/div>\n    <\/div>\n<\/li>\n<\/ul><\/div>        \t\t\t\t<\/div>\n\t\t\t\t<\/div>\n\t\t\t\t\t<\/div>\n\t\t\t\t<\/div>\n\t\t\t\t\t<\/div>\n\t\t\t\t<\/div>\n\t\t\t\t<\/div>\n\t\t","protected":false},"excerpt":{"rendered":"<p>Ch\u00e2teau de Rouillac is a distinguished estate located in Can\u00e9jan, south of Bordeaux, in the heart of the AOC Pessac-L\u00e9ognan. Its history dates back to the 19th century, when it belonged to the legendary Baron Haussmann, the architect of modern Paris. With more than 36 hectares of vineyards, the estate combines tradition and modernity under [&hellip;]<\/p>\n","protected":false},"author":1,"featured_media":0,"parent":7001,"menu_order":0,"comment_status":"closed","ping_status":"closed","template":"template-homepage.php","meta":{"_acf_changed":false,"footnotes":""},"class_list":["post-7209","page","type-page","status-publish","hentry"],"acf":[],"_links":{"self":[{"href":"https:\/\/www.bluewines.eu\/en\/wp-json\/wp\/v2\/pages\/7209","targetHints":{"allow":["GET"]}}],"collection":[{"href":"https:\/\/www.bluewines.eu\/en\/wp-json\/wp\/v2\/pages"}],"about":[{"href":"https:\/\/www.bluewines.eu\/en\/wp-json\/wp\/v2\/types\/page"}],"author":[{"embeddable":true,"href":"https:\/\/www.bluewines.eu\/en\/wp-json\/wp\/v2\/users\/1"}],"replies":[{"embeddable":true,"href":"https:\/\/www.bluewines.eu\/en\/wp-json\/wp\/v2\/comments?post=7209"}],"version-history":[{"count":3,"href":"https:\/\/www.bluewines.eu\/en\/wp-json\/wp\/v2\/pages\/7209\/revisions"}],"predecessor-version":[{"id":7222,"href":"https:\/\/www.bluewines.eu\/en\/wp-json\/wp\/v2\/pages\/7209\/revisions\/7222"}],"up":[{"embeddable":true,"href":"https:\/\/www.bluewines.eu\/en\/wp-json\/wp\/v2\/pages\/7001"}],"wp:attachment":[{"href":"https:\/\/www.bluewines.eu\/en\/wp-json\/wp\/v2\/media?parent=7209"}],"curies":[{"name":"wp","href":"https:\/\/api.w.org\/{rel}","templated":true}]}}