{"id":7223,"date":"2025-10-28T21:35:04","date_gmt":"2025-10-28T20:35:04","guid":{"rendered":"https:\/\/www.bluewines.eu\/wineries\/chateau-favori\/"},"modified":"2026-01-05T09:26:21","modified_gmt":"2026-01-05T08:26:21","slug":"chateau-favori","status":"publish","type":"page","link":"https:\/\/www.bluewines.eu\/en\/wineries\/chateau-favori\/","title":{"rendered":"Ch\u00e2teau Favori"},"content":{"rendered":"\t\t<div data-elementor-type=\"wp-page\" data-elementor-id=\"7223\" class=\"elementor elementor-7223 elementor-4742\" data-elementor-post-type=\"page\">\n\t\t\t\t<div class=\"elementor-element elementor-element-4cc49e6 e-flex e-con-boxed e-con e-parent\" data-id=\"4cc49e6\" data-element_type=\"container\">\n\t\t\t\t\t<div class=\"e-con-inner\">\n\t\t\t\t<div class=\"elementor-element elementor-element-3de3c71 elementor-absolute elementor-widget elementor-widget-image\" data-id=\"3de3c71\" data-element_type=\"widget\" data-settings=\"{&quot;_position&quot;:&quot;absolute&quot;}\" data-widget_type=\"image.default\">\n\t\t\t\t\t\t\t\t\t\t\t\t\t\t\t<img fetchpriority=\"high\" decoding=\"async\" width=\"392\" height=\"711\" src=\"https:\/\/www.bluewines.eu\/wp-content\/uploads\/2024\/07\/team_vector.png\" class=\"attachment-full size-full wp-image-7002\" alt=\"\" srcset=\"https:\/\/www.bluewines.eu\/wp-content\/uploads\/2024\/07\/team_vector.png 392w, https:\/\/www.bluewines.eu\/wp-content\/uploads\/2024\/07\/team_vector-165x300.png 165w\" sizes=\"(max-width: 392px) 100vw, 392px\" \/>\t\t\t\t\t\t\t\t\t\t\t\t\t\t\t<\/div>\n\t\t\t\t<div class=\"elementor-element elementor-element-70b48a9 elementor-widget elementor-widget-image\" data-id=\"70b48a9\" data-element_type=\"widget\" data-widget_type=\"image.default\">\n\t\t\t\t\t\t\t\t\t\t\t\t\t\t\t<img decoding=\"async\" width=\"460\" height=\"156\" src=\"https:\/\/www.bluewines.eu\/wp-content\/uploads\/2025\/10\/logo-favori-bluewines.png\" class=\"attachment-large size-large wp-image-7224\" alt=\"\" srcset=\"https:\/\/www.bluewines.eu\/wp-content\/uploads\/2025\/10\/logo-favori-bluewines.png 460w, https:\/\/www.bluewines.eu\/wp-content\/uploads\/2025\/10\/logo-favori-bluewines-450x153.png 450w, https:\/\/www.bluewines.eu\/wp-content\/uploads\/2025\/10\/logo-favori-bluewines-300x102.png 300w\" sizes=\"(max-width: 460px) 100vw, 460px\" \/>\t\t\t\t\t\t\t\t\t\t\t\t\t\t\t<\/div>\n\t\t\t\t<div class=\"elementor-element elementor-element-a2e8dcb elementor-widget__width-initial elementor-widget elementor-widget-text-editor\" data-id=\"a2e8dcb\" data-element_type=\"widget\" data-widget_type=\"text-editor.default\">\n\t\t\t\t\t\t\t\t\t<p><b>Imagine<\/b>, at <b>200 metres above sea level<\/b>, in the <b>heart of the forests<\/b>, a magnificent <b>natural amphitheatre<\/b> above precious <b>underground waters<\/b> that naturally irrigate the crops, even during prolonged droughts\u2026 An <b>ideal setting<\/b>, attested for centuries by the very name of the place where the vineyard is located: <b>\u201cFavori\u201d<\/b>.<\/p><p>It is said that <b>ros\u00e9 was invented in Provence<\/b>. In any case, the <b>Romans<\/b> had already planted vines there to produce ros\u00e9, the <b>Templars<\/b> later developed agriculture in the region, which then experienced remarkable growth shortly before the <b>Napoleonic era<\/b>. This rich history is evidenced by the kilometres of <b>restanques<\/b> (traditional dry-stone walls built with local stone) and the remains of <b>drainage and irrigation systems<\/b> scattered across the estate. <b>Generations of winegrowers<\/b> have preserved this heritage, selling their harvests to a local merchant. In <b>2019<\/b>, <b>Ch\u00e2teau Favori<\/b> renewed this tradition of <b>excellence<\/b> by launching its <b>own cuv\u00e9e<\/b>.<\/p>\t\t\t\t\t\t\t\t<\/div>\n\t\t\t\t<div class=\"elementor-element elementor-element-36c8194 elementor-button-outline animated-fast elementor-align-center elementor-invisible elementor-widget elementor-widget-button\" data-id=\"36c8194\" data-element_type=\"widget\" data-settings=\"{&quot;_animation&quot;:&quot;opal-move-up&quot;}\" data-widget_type=\"button.default\">\n\t\t\t\t\t\t\t\t\t\t<a class=\"elementor-button elementor-button-link elementor-size-sm\" href=\"#vinos\">\n\t\t\t\t\t\t<span class=\"elementor-button-content-wrapper\">\n\t\t\t\t\t\t\t\t\t<span class=\"elementor-button-text\">VIEW SELECTION<\/span>\n\t\t\t\t\t<\/span>\n\t\t\t\t\t<\/a>\n\t\t\t\t\t\t\t\t<\/div>\n\t\t\t\t\t<\/div>\n\t\t\t\t<\/div>\n\t\t<div class=\"elementor-element elementor-element-38c9a5f e-con-full e-flex e-con e-parent\" data-id=\"38c9a5f\" data-element_type=\"container\">\n\t\t\t\t<div class=\"elementor-element elementor-element-fb0df46 elementor-arrows-position-inside elementor-widget elementor-widget-image-carousel\" data-id=\"fb0df46\" data-element_type=\"widget\" data-settings=\"{&quot;slides_to_show&quot;:&quot;2&quot;,&quot;navigation&quot;:&quot;arrows&quot;,&quot;autoplay&quot;:&quot;yes&quot;,&quot;pause_on_hover&quot;:&quot;yes&quot;,&quot;pause_on_interaction&quot;:&quot;yes&quot;,&quot;autoplay_speed&quot;:5000,&quot;infinite&quot;:&quot;yes&quot;,&quot;speed&quot;:500}\" data-widget_type=\"image-carousel.default\">\n\t\t\t\t\t\t\t<div class=\"elementor-image-carousel-wrapper swiper\" role=\"region\" aria-roledescription=\"carousel\" aria-label=\"Carrusel de im\u00e1genes\" dir=\"ltr\">\n\t\t\t<div class=\"elementor-image-carousel swiper-wrapper\" aria-live=\"off\">\n\t\t\t\t\t\t\t\t<div class=\"swiper-slide\" role=\"group\" aria-roledescription=\"slide\" aria-label=\"1 of 4\"><figure class=\"swiper-slide-inner\"><img decoding=\"async\" class=\"swiper-slide-image\" src=\"https:\/\/www.bluewines.eu\/wp-content\/uploads\/2025\/11\/Banniere-scaled-1.jpeg\" alt=\"Banniere-scaled\" \/><\/figure><\/div><div class=\"swiper-slide\" role=\"group\" aria-roledescription=\"slide\" aria-label=\"2 of 4\"><figure class=\"swiper-slide-inner\"><img decoding=\"async\" class=\"swiper-slide-image\" src=\"https:\/\/www.bluewines.eu\/wp-content\/uploads\/2025\/11\/galerie-vignoble-04.jpg\" alt=\"galerie-vignoble-04\" \/><\/figure><\/div><div class=\"swiper-slide\" role=\"group\" aria-roledescription=\"slide\" aria-label=\"3 of 4\"><figure class=\"swiper-slide-inner\"><img decoding=\"async\" class=\"swiper-slide-image\" src=\"https:\/\/www.bluewines.eu\/wp-content\/uploads\/2025\/11\/galerie-vignoble-05.jpg\" alt=\"galerie-vignoble-05\" \/><\/figure><\/div><div class=\"swiper-slide\" role=\"group\" aria-roledescription=\"slide\" aria-label=\"4 of 4\"><figure class=\"swiper-slide-inner\"><img decoding=\"async\" class=\"swiper-slide-image\" src=\"https:\/\/www.bluewines.eu\/wp-content\/uploads\/2025\/11\/galerie-vignoble-08.jpg\" alt=\"galerie-vignoble-08\" \/><\/figure><\/div>\t\t\t<\/div>\n\t\t\t\t\t\t\t\t\t\t\t\t<div class=\"elementor-swiper-button elementor-swiper-button-prev\" role=\"button\" tabindex=\"0\">\n\t\t\t\t\t\t<svg aria-hidden=\"true\" class=\"e-font-icon-svg e-eicon-chevron-left\" viewBox=\"0 0 1000 1000\" xmlns=\"http:\/\/www.w3.org\/2000\/svg\"><path d=\"M646 125C629 125 613 133 604 142L308 442C296 454 292 471 292 487 292 504 296 521 308 533L604 854C617 867 629 875 646 875 663 875 679 871 692 858 704 846 713 829 713 812 713 796 708 779 692 767L438 487 692 225C700 217 708 204 708 187 708 171 704 154 692 142 675 129 663 125 646 125Z\"><\/path><\/svg>\t\t\t\t\t<\/div>\n\t\t\t\t\t<div class=\"elementor-swiper-button elementor-swiper-button-next\" role=\"button\" tabindex=\"0\">\n\t\t\t\t\t\t<svg aria-hidden=\"true\" class=\"e-font-icon-svg e-eicon-chevron-right\" viewBox=\"0 0 1000 1000\" xmlns=\"http:\/\/www.w3.org\/2000\/svg\"><path d=\"M696 533C708 521 713 504 713 487 713 471 708 454 696 446L400 146C388 133 375 125 354 125 338 125 325 129 313 142 300 154 292 171 292 187 292 204 296 221 308 233L563 492 304 771C292 783 288 800 288 817 288 833 296 850 308 863 321 871 338 875 354 875 371 875 388 867 400 854L696 533Z\"><\/path><\/svg>\t\t\t\t\t<\/div>\n\t\t\t\t\n\t\t\t\t\t\t\t\t\t<\/div>\n\t\t\t\t\t\t<\/div>\n\t\t\t\t<\/div>\n\t\t<div class=\"elementor-element elementor-element-4042fbb e-flex e-con-boxed e-con e-parent\" data-id=\"4042fbb\" data-element_type=\"container\" data-settings=\"{&quot;background_background&quot;:&quot;classic&quot;}\">\n\t\t\t\t\t<div class=\"e-con-inner\">\n\t\t<div class=\"elementor-element elementor-element-99f24ab e-flex e-con-boxed e-con e-child\" data-id=\"99f24ab\" data-element_type=\"container\" data-settings=\"{&quot;background_background&quot;:&quot;classic&quot;}\">\n\t\t\t\t\t<div class=\"e-con-inner\">\n\t\t\t\t<div class=\"elementor-element elementor-element-7b01f34 elementor-absolute elementor-widget elementor-widget-image\" data-id=\"7b01f34\" data-element_type=\"widget\" data-settings=\"{&quot;_position&quot;:&quot;absolute&quot;,&quot;motion_fx_motion_fx_scrolling&quot;:&quot;yes&quot;,&quot;motion_fx_translateX_effect&quot;:&quot;yes&quot;,&quot;motion_fx_translateX_speed&quot;:{&quot;unit&quot;:&quot;px&quot;,&quot;size&quot;:1,&quot;sizes&quot;:[]},&quot;motion_fx_scale_effect&quot;:&quot;yes&quot;,&quot;motion_fx_scale_direction&quot;:&quot;in-out&quot;,&quot;motion_fx_scale_speed&quot;:{&quot;unit&quot;:&quot;px&quot;,&quot;size&quot;:1.1,&quot;sizes&quot;:[]},&quot;motion_fx_devices&quot;:[&quot;desktop&quot;,&quot;laptop&quot;,&quot;tablet_extra&quot;,&quot;tablet&quot;],&quot;motion_fx_translateX_affectedRange&quot;:{&quot;unit&quot;:&quot;%&quot;,&quot;size&quot;:&quot;&quot;,&quot;sizes&quot;:{&quot;start&quot;:0,&quot;end&quot;:100}},&quot;motion_fx_scale_range&quot;:{&quot;unit&quot;:&quot;%&quot;,&quot;size&quot;:&quot;&quot;,&quot;sizes&quot;:{&quot;start&quot;:20,&quot;end&quot;:80}}}\" data-widget_type=\"image.default\">\n\t\t\t\t\t\t\t\t\t\t\t\t\t\t\t<img decoding=\"async\" width=\"323\" height=\"357\" src=\"https:\/\/www.bluewines.eu\/wp-content\/uploads\/2024\/07\/h1_decor-1.png\" class=\"attachment-full size-full wp-image-6881\" alt=\"\" srcset=\"https:\/\/www.bluewines.eu\/wp-content\/uploads\/2024\/07\/h1_decor-1.png 323w, https:\/\/www.bluewines.eu\/wp-content\/uploads\/2024\/07\/h1_decor-1-271x300.png 271w\" sizes=\"(max-width: 323px) 100vw, 323px\" \/>\t\t\t\t\t\t\t\t\t\t\t\t\t\t\t<\/div>\n\t\t<div class=\"elementor-element elementor-element-2abced9 e-con-full e-flex e-con e-child\" data-id=\"2abced9\" data-element_type=\"container\">\n\t\t\t\t<div class=\"elementor-element elementor-element-6f8aa07 elementor-widget__width-initial animated-fast elementor-widget-divider--view-line elementor-invisible elementor-widget elementor-widget-divider\" data-id=\"6f8aa07\" data-element_type=\"widget\" data-settings=\"{&quot;_animation&quot;:&quot;opal-helix&quot;}\" data-widget_type=\"divider.default\">\n\t\t\t\t\t\t\t<div class=\"elementor-divider\">\n\t\t\t<span class=\"elementor-divider-separator\">\n\t\t\t\t\t\t<\/span>\n\t\t<\/div>\n\t\t\t\t\t\t<\/div>\n\t\t\t\t<div class=\"elementor-element elementor-element-c864d31 animated-fast elementor-invisible elementor-widget elementor-widget-heading\" data-id=\"c864d31\" data-element_type=\"widget\" data-settings=\"{&quot;_animation&quot;:&quot;fadeInLeft&quot;}\" data-widget_type=\"heading.default\">\n\t\t\t\t\t<span class=\"elementor-heading-title elementor-size-default\">WINE SELECTION<\/span>\t\t\t\t<\/div>\n\t\t\t\t<\/div>\n\t\t\t\t<div class=\"elementor-element elementor-element-ba50f83 animated-fast elementor-invisible elementor-widget elementor-widget-heading\" data-id=\"ba50f83\" data-element_type=\"widget\" data-settings=\"{&quot;_animation&quot;:&quot;opal-move-up&quot;}\" data-widget_type=\"heading.default\">\n\t\t\t\t\t<h2 class=\"elementor-heading-title elementor-size-default\">The reflection of<\/h2>\t\t\t\t<\/div>\n\t\t\t\t<div class=\"elementor-element elementor-element-24816ca animated-fast elementor-invisible elementor-widget elementor-widget-heading\" data-id=\"24816ca\" data-element_type=\"widget\" data-settings=\"{&quot;_animation&quot;:&quot;opal-move-left&quot;}\" data-widget_type=\"heading.default\">\n\t\t\t\t\t<span class=\"elementor-heading-title elementor-size-default\">each winery and its land<\/span>\t\t\t\t<\/div>\n\t\t\t\t<div class=\"elementor-element elementor-element-6b7d552 elementor-swiper-button-next-vertical-bottom elementor-swiper-button-next-horizontal-right elementor-swiper-button-prev-vertical-bottom elementor-swiper-button-prev-horizontal-right animated-fast elementor-invisible elementor-widget elementor-widget-asteno-products\" data-id=\"6b7d552\" data-element_type=\"widget\" data-settings=\"{&quot;_animation&quot;:&quot;opal-move-up&quot;}\" data-widget_type=\"asteno-products.default\">\n\t\t\t\t<div class=\"elementor-widget-container\">\n\t\t\t\t\t<div class=\"woocommerce columns-1  woocommerce-product-grid\"><ul class=\"products asteno-products  columns-1\"><li class=\"product-style-default product type-product post-7418 status-publish first instock product_cat-chateau-favori product_cat-igp-mediterranee has-post-thumbnail featured shipping-taxable product-type-simple\">\n    <div class=\"product-block\">\n        <div class=\"product-top\">\n            <div class=\"posted-in\"><a href=\"https:\/\/www.bluewines.eu\/en\/categoria-producto\/chateau-favori\/\" rel=\"tag\">Ch\u00e2teau Favori<\/a>, <a href=\"https:\/\/www.bluewines.eu\/en\/categoria-producto\/igp-mediterranee\/\" rel=\"tag\">IGP M\u00e9diterran\u00e9e<\/a><\/div>            <h3 class=\"woocommerce-loop-product__title\"><a href=\"https:\/\/www.bluewines.eu\/en\/producto\/favori-cuvee-mediterranee\/\">Favori Cuv\u00e9e M\u00e9diterran\u00e9e<\/a><\/h3>        <\/div>\n        <div class=\"product-transition\">\n            <div class=\"product-labels\">\n                            <\/div>\n            <div class=\"product-image image-main\"><img loading=\"lazy\" decoding=\"async\" width=\"450\" height=\"450\" src=\"https:\/\/www.bluewines.eu\/wp-content\/uploads\/2025\/11\/favori-mediterrane-450x450.jpg\" class=\"attachment-woocommerce_thumbnail size-woocommerce_thumbnail\" alt=\"Favori Cuv\u00e9e M\u00e9diterran\u00e9e\" srcset=\"https:\/\/www.bluewines.eu\/wp-content\/uploads\/2025\/11\/favori-mediterrane-450x450.jpg 450w, https:\/\/www.bluewines.eu\/wp-content\/uploads\/2025\/11\/favori-mediterrane-300x300.jpg 300w, https:\/\/www.bluewines.eu\/wp-content\/uploads\/2025\/11\/favori-mediterrane-1024x1024.jpg 1024w, https:\/\/www.bluewines.eu\/wp-content\/uploads\/2025\/11\/favori-mediterrane-150x150.jpg 150w, https:\/\/www.bluewines.eu\/wp-content\/uploads\/2025\/11\/favori-mediterrane-768x768.jpg 768w, https:\/\/www.bluewines.eu\/wp-content\/uploads\/2025\/11\/favori-mediterrane-800x800.jpg 800w, https:\/\/www.bluewines.eu\/wp-content\/uploads\/2025\/11\/favori-mediterrane-100x100.jpg 100w, https:\/\/www.bluewines.eu\/wp-content\/uploads\/2025\/11\/favori-mediterrane-50x50.jpg 50w, https:\/\/www.bluewines.eu\/wp-content\/uploads\/2025\/11\/favori-mediterrane.jpg 1200w\" sizes=\"(max-width: 450px) 100vw, 450px\" \/><\/div>                    <div class=\"tooltip-left group-action\">\n            <div class=\"shop-action\">\n                            <\/div>\n        <\/div>\n                                <a href=\"https:\/\/www.bluewines.eu\/en\/producto\/favori-cuvee-mediterranee\/\" class=\"woocommerce-LoopProduct-link woocommerce-loop-product__link\">            <\/a>        <\/div>\n        <div class=\"product-caption\">\n                <div class=\"count-review\">\n        <div class=\"star-rating\"><\/div><span class=\"count\">0 Reviews<\/span>    <\/div>\n                \n            <div class=\"product-caption-bottom\">\n                \t<span id=\"woocommerce_loop_add_to_cart_link_describedby_7418\" class=\"screen-reader-text\">\n\t\t\t<\/span>\n            <\/div>\n                    <\/div>\n    <\/div>\n<\/li>\n<li class=\"product-style-default product type-product post-7417 status-publish first instock product_cat-chateau-favori product_cat-coteaux-varois-en-provence has-post-thumbnail featured shipping-taxable product-type-simple\">\n    <div class=\"product-block\">\n        <div class=\"product-top\">\n            <div class=\"posted-in\"><a href=\"https:\/\/www.bluewines.eu\/en\/categoria-producto\/chateau-favori\/\" rel=\"tag\">Ch\u00e2teau Favori<\/a>, <a href=\"https:\/\/www.bluewines.eu\/en\/categoria-producto\/coteaux-varois-en-provence\/\" rel=\"tag\">Coteaux Varois en Provence<\/a><\/div>            <h3 class=\"woocommerce-loop-product__title\"><a href=\"https:\/\/www.bluewines.eu\/en\/producto\/chateau-favori\/\">Ch\u00e2teau Favori<\/a><\/h3>        <\/div>\n        <div class=\"product-transition\">\n            <div class=\"product-labels\">\n                            <\/div>\n            <div class=\"product-image image-main\"><img loading=\"lazy\" decoding=\"async\" width=\"450\" height=\"450\" src=\"https:\/\/www.bluewines.eu\/wp-content\/uploads\/2025\/11\/chateau-favori-450x450.jpg\" class=\"attachment-woocommerce_thumbnail size-woocommerce_thumbnail\" alt=\"Ch\u00e2teau Favori\" srcset=\"https:\/\/www.bluewines.eu\/wp-content\/uploads\/2025\/11\/chateau-favori-450x450.jpg 450w, https:\/\/www.bluewines.eu\/wp-content\/uploads\/2025\/11\/chateau-favori-300x300.jpg 300w, https:\/\/www.bluewines.eu\/wp-content\/uploads\/2025\/11\/chateau-favori-1024x1024.jpg 1024w, https:\/\/www.bluewines.eu\/wp-content\/uploads\/2025\/11\/chateau-favori-150x150.jpg 150w, https:\/\/www.bluewines.eu\/wp-content\/uploads\/2025\/11\/chateau-favori-768x768.jpg 768w, https:\/\/www.bluewines.eu\/wp-content\/uploads\/2025\/11\/chateau-favori-800x800.jpg 800w, https:\/\/www.bluewines.eu\/wp-content\/uploads\/2025\/11\/chateau-favori-100x100.jpg 100w, https:\/\/www.bluewines.eu\/wp-content\/uploads\/2025\/11\/chateau-favori-50x50.jpg 50w, https:\/\/www.bluewines.eu\/wp-content\/uploads\/2025\/11\/chateau-favori.jpg 1200w\" sizes=\"(max-width: 450px) 100vw, 450px\" \/><\/div>                    <div class=\"tooltip-left group-action\">\n            <div class=\"shop-action\">\n                            <\/div>\n        <\/div>\n                                <a href=\"https:\/\/www.bluewines.eu\/en\/producto\/chateau-favori\/\" class=\"woocommerce-LoopProduct-link woocommerce-loop-product__link\">            <\/a>        <\/div>\n        <div class=\"product-caption\">\n                <div class=\"count-review\">\n        <div class=\"star-rating\"><\/div><span class=\"count\">0 Reviews<\/span>    <\/div>\n                \n            <div class=\"product-caption-bottom\">\n                \t<span id=\"woocommerce_loop_add_to_cart_link_describedby_7417\" class=\"screen-reader-text\">\n\t\t\t<\/span>\n            <\/div>\n                    <\/div>\n    <\/div>\n<\/li>\n<\/ul><\/div>        \t\t\t\t<\/div>\n\t\t\t\t<\/div>\n\t\t\t\t\t<\/div>\n\t\t\t\t<\/div>\n\t\t\t\t\t<\/div>\n\t\t\t\t<\/div>\n\t\t\t\t<\/div>\n\t\t","protected":false},"excerpt":{"rendered":"<p>Imagine, at 200 metres above sea level, in the heart of the forests, a magnificent natural amphitheatre above precious underground waters that naturally irrigate the crops, even during prolonged droughts\u2026 An ideal setting, attested for centuries by the very name of the place where the vineyard is located: \u201cFavori\u201d. It is said that ros\u00e9 was [&hellip;]<\/p>\n","protected":false},"author":1,"featured_media":0,"parent":7001,"menu_order":0,"comment_status":"closed","ping_status":"closed","template":"template-homepage.php","meta":{"_acf_changed":false,"footnotes":""},"class_list":["post-7223","page","type-page","status-publish","hentry"],"acf":[],"_links":{"self":[{"href":"https:\/\/www.bluewines.eu\/en\/wp-json\/wp\/v2\/pages\/7223","targetHints":{"allow":["GET"]}}],"collection":[{"href":"https:\/\/www.bluewines.eu\/en\/wp-json\/wp\/v2\/pages"}],"about":[{"href":"https:\/\/www.bluewines.eu\/en\/wp-json\/wp\/v2\/types\/page"}],"author":[{"embeddable":true,"href":"https:\/\/www.bluewines.eu\/en\/wp-json\/wp\/v2\/users\/1"}],"replies":[{"embeddable":true,"href":"https:\/\/www.bluewines.eu\/en\/wp-json\/wp\/v2\/comments?post=7223"}],"version-history":[{"count":3,"href":"https:\/\/www.bluewines.eu\/en\/wp-json\/wp\/v2\/pages\/7223\/revisions"}],"predecessor-version":[{"id":7231,"href":"https:\/\/www.bluewines.eu\/en\/wp-json\/wp\/v2\/pages\/7223\/revisions\/7231"}],"up":[{"embeddable":true,"href":"https:\/\/www.bluewines.eu\/en\/wp-json\/wp\/v2\/pages\/7001"}],"wp:attachment":[{"href":"https:\/\/www.bluewines.eu\/en\/wp-json\/wp\/v2\/media?parent=7223"}],"curies":[{"name":"wp","href":"https:\/\/api.w.org\/{rel}","templated":true}]}}