{"id":7331,"date":"2025-11-24T19:48:22","date_gmt":"2025-11-24T18:48:22","guid":{"rendered":"https:\/\/www.bluewines.eu\/producto\/val-do-sosego\/"},"modified":"2026-04-15T19:10:46","modified_gmt":"2026-04-15T17:10:46","slug":"val-do-sosego","status":"publish","type":"product","link":"https:\/\/www.bluewines.eu\/en\/producto\/val-do-sosego\/","title":{"rendered":"Val Do Sosego"},"content":{"rendered":"\t\t<div data-elementor-type=\"wp-post\" data-elementor-id=\"7331\" class=\"elementor elementor-7331 elementor-6157\" data-elementor-post-type=\"product\">\n\t\t\t\t<div class=\"elementor-element elementor-element-15751363 e-flex e-con-boxed e-con e-parent\" data-id=\"15751363\" data-element_type=\"container\">\n\t\t\t\t\t<div class=\"e-con-inner\">\n\t\t<div class=\"elementor-element elementor-element-979b208 e-con-full e-flex e-con e-child\" data-id=\"979b208\" data-element_type=\"container\">\n\t\t\t\t<div class=\"elementor-element elementor-element-53d6a2f elementor-widget elementor-widget-text-editor\" data-id=\"53d6a2f\" data-element_type=\"widget\" data-widget_type=\"text-editor.default\">\n\t\t\t\t\t\t\t\t\t<h4>Winemaking<\/h4>\t\t\t\t\t\t\t\t<\/div>\n\t\t\t\t<div class=\"elementor-element elementor-element-e65de2f elementor-widget elementor-widget-text-editor\" data-id=\"e65de2f\" data-element_type=\"widget\" data-widget_type=\"text-editor.default\">\n\t\t\t\t\t\t\t\t\tSelecci\u00f3n de uvas de la variedad <b>Albari\u00f1o <\/b>en perfecto y excelente estado de <b>maduraci\u00f3n<\/b>. De un esmerado prensado se obtiene un mosto de excelente calidad, con cuerpo y estable. La fermentaci\u00f3n alcoh\u00f3lica se realiz\u00f3 en dep\u00f3sito de acero inoxidable con temperatura controlada a <b>18\u00ba C<\/b>; una vez finalizada dicha fermentaci\u00f3n se trasiegan todos los vinos para separar las l\u00edas y se realiza el <b>\u201ccoupage\u201d<\/b> de los distintos dep\u00f3sitos. Posteriormente el vino se <b>estabiliza por fr\u00edo<\/b>, se filtra y se embotella, haci\u00e9ndolo pasar previamente por un <b>filtro amicr\u00f3bico<\/b> el cual nos garantizar\u00e1 una perfecta conservaci\u00f3n del vino en botella.\t\t\t\t\t\t\t\t<\/div>\n\t\t\t\t<div class=\"elementor-element elementor-element-664fe40 elementor-widget elementor-widget-text-editor\" data-id=\"664fe40\" data-element_type=\"widget\" data-widget_type=\"text-editor.default\">\n\t\t\t\t\t\t\t\t\t<h4>Tasting notes<\/h4>\t\t\t\t\t\t\t\t<\/div>\n\t\t\t\t<div class=\"elementor-element elementor-element-035f4e8 elementor-widget elementor-widget-text-editor\" data-id=\"035f4e8\" data-element_type=\"widget\" data-widget_type=\"text-editor.default\">\n\t\t\t\t\t\t\t\t\t<b>Clean and bright wine, with a highly elegant lemon-yellow color<\/b>. On the nose, it is very intense, with persistent, high-quality aromas reminiscent of <b>green apple and tropical fruits (pineapple)<\/b>. On the palate, it is long, glyceric, persistent, with perfectly balanced acidity in harmony with its body, making this wine <b>very pleasant and full of sensations<\/b>.\t\t\t\t\t\t\t\t<\/div>\n\t\t\t\t<div class=\"elementor-element elementor-element-acc3f8f elementor-widget elementor-widget-text-editor\" data-id=\"acc3f8f\" data-element_type=\"widget\" data-widget_type=\"text-editor.default\">\n\t\t\t\t\t\t\t\t\t<h4>Awards<\/h4>\t\t\t\t\t\t\t\t<\/div>\n\t\t\t\t<div class=\"elementor-element elementor-element-cb432f7 elementor-widget elementor-widget-text-editor\" data-id=\"cb432f7\" data-element_type=\"widget\" data-widget_type=\"text-editor.default\">\n\t\t\t\t\t\t\t\t\t<p><strong>Vintage 2000<\/strong><\/p><ul><li><em>Challenge International du Vin<\/em> <strong>Gold Medal<\/strong><\/li><li><em>Vivir el Vino <\/em><strong>92pts<\/strong><\/li><li><em>James Susckling Robert <\/em><strong>92pts<\/strong><\/li><\/ul><p><strong>Vintage 2018<\/strong><\/p><ul><li>Wine Enthusiast <strong>91pts<\/strong><\/li><li><em>Decanter <\/em><strong>Silver Medal<\/strong><\/li><\/ul>\t\t\t\t\t\t\t\t<\/div>\n\t\t\t\t<\/div>\n\t\t<div class=\"elementor-element elementor-element-f7c9eb0 e-con-full e-flex e-con e-child\" data-id=\"f7c9eb0\" data-element_type=\"container\">\n\t\t\t\t<div class=\"elementor-element elementor-element-6e31889 elementor-widget elementor-widget-text-editor\" data-id=\"6e31889\" data-element_type=\"widget\" data-widget_type=\"text-editor.default\">\n\t\t\t\t\t\t\t\t\tCaracter\u00edsticas\t\t\t\t\t\t\t\t<\/div>\n\t\t<div class=\"elementor-element elementor-element-815161d e-con-full e-flex e-con e-child\" data-id=\"815161d\" data-element_type=\"container\">\n\t\t\t\t<div class=\"elementor-element elementor-element-d374382 elementor-widget elementor-widget-text-editor\" data-id=\"d374382\" data-element_type=\"widget\" data-widget_type=\"text-editor.default\">\n\t\t\t\t\t\t\t\t\t<p>Type of wine<\/p>\t\t\t\t\t\t\t\t<\/div>\n\t\t\t\t<div class=\"elementor-element elementor-element-3dd1da6 elementor-widget__width-initial elementor-widget elementor-widget-text-editor\" data-id=\"3dd1da6\" data-element_type=\"widget\" data-widget_type=\"text-editor.default\">\n\t\t\t\t\t\t\t\t\tYoung White Wine\t\t\t\t\t\t\t\t<\/div>\n\t\t\t\t<div class=\"elementor-element elementor-element-a9f20c6 elementor-widget-divider--view-line elementor-widget elementor-widget-divider\" data-id=\"a9f20c6\" data-element_type=\"widget\" data-widget_type=\"divider.default\">\n\t\t\t\t\t\t\t<div class=\"elementor-divider\">\n\t\t\t<span class=\"elementor-divider-separator\">\n\t\t\t\t\t\t<\/span>\n\t\t<\/div>\n\t\t\t\t\t\t<\/div>\n\t\t\t\t<div class=\"elementor-element elementor-element-df80faa elementor-widget elementor-widget-text-editor\" data-id=\"df80faa\" data-element_type=\"widget\" data-widget_type=\"text-editor.default\">\n\t\t\t\t\t\t\t\t\t<p>Variety<\/p>\t\t\t\t\t\t\t\t<\/div>\n\t\t\t\t<div class=\"elementor-element elementor-element-5d93e69 elementor-widget__width-initial elementor-widget elementor-widget-text-editor\" data-id=\"5d93e69\" data-element_type=\"widget\" data-widget_type=\"text-editor.default\">\n\t\t\t\t\t\t\t\t\t<p>100% Albari\u00f1o<\/p>\t\t\t\t\t\t\t\t<\/div>\n\t\t\t\t<\/div>\n\t\t\t\t<\/div>\n\t\t\t\t\t<\/div>\n\t\t\t\t<\/div>\n\t\t\t\t<\/div>\n\t\t","protected":false},"excerpt":{"rendered":"<p>Selection of Albari\u00f1o grapes in perfect condition and at an excellent level of ripeness.<\/p>\n","protected":false},"featured_media":6483,"comment_status":"closed","ping_status":"closed","template":"","meta":{"_acf_changed":false},"product_cat":[97,98],"product_tag":[],"class_list":{"0":"post-7331","1":"product","2":"type-product","3":"status-publish","4":"has-post-thumbnail","6":"product_cat-bodegas-as-laxas","7":"product_cat-d-o-rias-baixas","9":"first","10":"instock","11":"featured","12":"shipping-taxable","13":"product-type-simple"},"acf":[],"_links":{"self":[{"href":"https:\/\/www.bluewines.eu\/en\/wp-json\/wp\/v2\/product\/7331","targetHints":{"allow":["GET"]}}],"collection":[{"href":"https:\/\/www.bluewines.eu\/en\/wp-json\/wp\/v2\/product"}],"about":[{"href":"https:\/\/www.bluewines.eu\/en\/wp-json\/wp\/v2\/types\/product"}],"replies":[{"embeddable":true,"href":"https:\/\/www.bluewines.eu\/en\/wp-json\/wp\/v2\/comments?post=7331"}],"version-history":[{"count":9,"href":"https:\/\/www.bluewines.eu\/en\/wp-json\/wp\/v2\/product\/7331\/revisions"}],"predecessor-version":[{"id":8661,"href":"https:\/\/www.bluewines.eu\/en\/wp-json\/wp\/v2\/product\/7331\/revisions\/8661"}],"wp:featuredmedia":[{"embeddable":true,"href":"https:\/\/www.bluewines.eu\/en\/wp-json\/wp\/v2\/media\/6483"}],"wp:attachment":[{"href":"https:\/\/www.bluewines.eu\/en\/wp-json\/wp\/v2\/media?parent=7331"}],"wp:term":[{"taxonomy":"product_cat","embeddable":true,"href":"https:\/\/www.bluewines.eu\/en\/wp-json\/wp\/v2\/product_cat?post=7331"},{"taxonomy":"product_tag","embeddable":true,"href":"https:\/\/www.bluewines.eu\/en\/wp-json\/wp\/v2\/product_tag?post=7331"}],"curies":[{"name":"wp","href":"https:\/\/api.w.org\/{rel}","templated":true}]}}