{"id":7648,"date":"2025-11-19T08:43:45","date_gmt":"2025-11-19T07:43:45","guid":{"rendered":"https:\/\/www.bluewines.eu\/producto\/sanclodio\/"},"modified":"2026-04-15T19:14:29","modified_gmt":"2026-04-15T17:14:29","slug":"sanclodio","status":"publish","type":"product","link":"https:\/\/www.bluewines.eu\/en\/producto\/sanclodio\/","title":{"rendered":"Sanclodio"},"content":{"rendered":"\t\t<div data-elementor-type=\"wp-post\" data-elementor-id=\"7648\" class=\"elementor elementor-7648 elementor-5786\" data-elementor-post-type=\"product\">\n\t\t\t\t<div class=\"elementor-element elementor-element-15751363 e-flex e-con-boxed e-con e-parent\" data-id=\"15751363\" data-element_type=\"container\">\n\t\t\t\t\t<div class=\"e-con-inner\">\n\t\t<div class=\"elementor-element elementor-element-979b208 e-con-full e-flex e-con e-child\" data-id=\"979b208\" data-element_type=\"container\">\n\t\t\t\t<div class=\"elementor-element elementor-element-c333ded elementor-widget elementor-widget-text-editor\" data-id=\"c333ded\" data-element_type=\"widget\" data-widget_type=\"text-editor.default\">\n\t\t\t\t\t\t\t\t\t<h4>Winemaking<\/h4>\t\t\t\t\t\t\t\t<\/div>\n\t\t\t\t<div class=\"elementor-element elementor-element-e65de2f elementor-widget elementor-widget-text-editor\" data-id=\"e65de2f\" data-element_type=\"widget\" data-widget_type=\"text-editor.default\">\n\t\t\t\t\t\t\t\t\t<p>Location: Estates located in the Avia Valley, Gomariz, Concello de Leiro (Ourense)<\/p><p>Description: Granitic terraced land<\/p><p>Area: 9.6 hectares in total<\/p><p>Age: Vineyards planted from 2002 onwards<\/p><p>Climate: Confluence of Atlantic and Mediterranean climates<\/p><p>Harvest: Hand-picked in 18-kg boxes<\/p><p>Winemaking: Destemmed, pneumatic pressing with low yield to prioritize quality, cold settling at 15\u00baC, and traditional controlled fermentation at 16\u00baC<\/p><p>Aging: Aged on lees followed by maturation in steel tanks with periodic stirring.<\/p><p>Expected to develop well in the medium term, enhancing its qualities in the bottle<\/p>\t\t\t\t\t\t\t\t<\/div>\n\t\t\t\t<div class=\"elementor-element elementor-element-664fe40 elementor-widget elementor-widget-text-editor\" data-id=\"664fe40\" data-element_type=\"widget\" data-widget_type=\"text-editor.default\">\n\t\t\t\t\t\t\t\t\t<h4>Tasting notes<\/h4>\t\t\t\t\t\t\t\t<\/div>\n\t\t\t\t<div class=\"elementor-element elementor-element-035f4e8 elementor-widget elementor-widget-text-editor\" data-id=\"035f4e8\" data-element_type=\"widget\" data-widget_type=\"text-editor.default\">\n\t\t\t\t\t\t\t\t\t<p><span style=\"font-weight: 400;\"><strong>Color:<\/strong> Golden yellow with medium-intensity lemon highlights<\/span> <br \/><span style=\"font-weight: 400;\"><strong>Nose:<\/strong> Complex, fruity, and fresh. Medium aromatic intensity.<\/span> <br \/><span style=\"font-weight: 400;\"><strong>Palate:<\/strong> Fresh, flavorful, with broad nuances and a long finish. Good structure provided by Treixadura (the main variety), revealing the fruity, floral, and complex character noted on the nose.<\/span><\/p>\t\t\t\t\t\t\t\t<\/div>\n\t\t\t\t<div class=\"elementor-element elementor-element-1319482 elementor-widget elementor-widget-text-editor\" data-id=\"1319482\" data-element_type=\"widget\" data-widget_type=\"text-editor.default\">\n\t\t\t\t\t\t\t\t\t<h4>Pairing foods<\/h4>\t\t\t\t\t\t\t\t<\/div>\n\t\t\t\t<div class=\"elementor-element elementor-element-4fe95ed elementor-widget elementor-widget-text-editor\" data-id=\"4fe95ed\" data-element_type=\"widget\" data-widget_type=\"text-editor.default\">\n\t\t\t\t\t\t\t\t\t<p>Pairs well with all types of fish and seafood, rice dishes, white meats, and sushi.<\/p>\t\t\t\t\t\t\t\t<\/div>\n\t\t\t\t<div class=\"elementor-element elementor-element-1c4b190 elementor-widget elementor-widget-text-editor\" data-id=\"1c4b190\" data-element_type=\"widget\" data-widget_type=\"text-editor.default\">\n\t\t\t\t\t\t\t\t\t<h4>Awards<\/h4>\t\t\t\t\t\t\t\t<\/div>\n\t\t\t\t<div class=\"elementor-element elementor-element-160bb16 elementor-widget elementor-widget-text-editor\" data-id=\"160bb16\" data-element_type=\"widget\" data-widget_type=\"text-editor.default\">\n\t\t\t\t\t\t\t\t\t<ul><li><span style=\"font-weight: 400;\">Sanclodio 2023: Medalla de Oro+ Gu\u00eda Paadin 2025<\/span><\/li><li><span style=\"font-weight: 400;\">Sanclodio 2023: Mejor Vino DO Ribeiro 2024<\/span><\/li><li><span style=\"font-weight: 400;\">Sanclodio 2022: 91 puntos Gu\u00eda Vinos Gourmets 2024<\/span><\/li><li><span style=\"font-weight: 400;\">Sanclodio 2021: 92 puntos Gu\u00eda Vivir el Vino 2023<\/span><\/li><li><span style=\"font-weight: 400;\">Sanclodio 2016: 90 puntos Robert Parker<\/span><\/li><li><span style=\"font-weight: 400;\">Sanclodio 2015: Tempranillo de gran oro. XI edici\u00f3n de tempranillos al mundo. Organizado por la FEAE y la AGE.<\/span><\/li><li><span style=\"font-weight: 400;\">Sanclodio 2011: Bacchus de Plata<\/span><\/li><li><span style=\"font-weight: 400;\">Sanclodio 2011: 92 puntos Gu\u00eda Pe\u00f1\u00edn<\/span><\/li><li><span style=\"font-weight: 400;\">Sanclodio 2009: 91 puntos Robert Parker<\/span><\/li><\/ul>\t\t\t\t\t\t\t\t<\/div>\n\t\t\t\t<\/div>\n\t\t<div class=\"elementor-element elementor-element-f7c9eb0 e-con-full e-flex e-con e-child\" data-id=\"f7c9eb0\" data-element_type=\"container\">\n\t\t\t\t<div class=\"elementor-element elementor-element-6e31889 elementor-widget elementor-widget-text-editor\" data-id=\"6e31889\" data-element_type=\"widget\" data-widget_type=\"text-editor.default\">\n\t\t\t\t\t\t\t\t\tCaracter\u00edsticas\t\t\t\t\t\t\t\t<\/div>\n\t\t<div class=\"elementor-element elementor-element-815161d e-con-full e-flex e-con e-child\" data-id=\"815161d\" data-element_type=\"container\">\n\t\t\t\t<div class=\"elementor-element elementor-element-d374382 elementor-widget elementor-widget-text-editor\" data-id=\"d374382\" data-element_type=\"widget\" data-widget_type=\"text-editor.default\">\n\t\t\t\t\t\t\t\t\t<p>Type of wine<\/p>\t\t\t\t\t\t\t\t<\/div>\n\t\t\t\t<div class=\"elementor-element elementor-element-3dd1da6 elementor-widget__width-initial elementor-widget elementor-widget-text-editor\" data-id=\"3dd1da6\" data-element_type=\"widget\" data-widget_type=\"text-editor.default\">\n\t\t\t\t\t\t\t\t\t<p>Young white wine<\/p>\t\t\t\t\t\t\t\t<\/div>\n\t\t\t\t<div class=\"elementor-element elementor-element-a9f20c6 elementor-widget-divider--view-line elementor-widget elementor-widget-divider\" data-id=\"a9f20c6\" data-element_type=\"widget\" data-widget_type=\"divider.default\">\n\t\t\t\t\t\t\t<div class=\"elementor-divider\">\n\t\t\t<span class=\"elementor-divider-separator\">\n\t\t\t\t\t\t<\/span>\n\t\t<\/div>\n\t\t\t\t\t\t<\/div>\n\t\t\t\t<div class=\"elementor-element elementor-element-df80faa elementor-widget elementor-widget-text-editor\" data-id=\"df80faa\" data-element_type=\"widget\" data-widget_type=\"text-editor.default\">\n\t\t\t\t\t\t\t\t\t<p>Variety<\/p>\t\t\t\t\t\t\t\t<\/div>\n\t\t\t\t<div class=\"elementor-element elementor-element-5d93e69 elementor-widget__width-initial elementor-widget elementor-widget-text-editor\" data-id=\"5d93e69\" data-element_type=\"widget\" data-widget_type=\"text-editor.default\">\n\t\t\t\t\t\t\t\t\t<p><span style=\"font-weight: 400;\">Treixadura, Godello. Loureira y Albari\u00f1o<\/span><\/p>\t\t\t\t\t\t\t\t<\/div>\n\t\t\t\t<div class=\"elementor-element elementor-element-e12a508 elementor-widget-divider--view-line elementor-widget elementor-widget-divider\" data-id=\"e12a508\" data-element_type=\"widget\" data-widget_type=\"divider.default\">\n\t\t\t\t\t\t\t<div class=\"elementor-divider\">\n\t\t\t<span class=\"elementor-divider-separator\">\n\t\t\t\t\t\t<\/span>\n\t\t<\/div>\n\t\t\t\t\t\t<\/div>\n\t\t\t\t<div class=\"elementor-element elementor-element-f6b2002 elementor-widget elementor-widget-text-editor\" data-id=\"f6b2002\" data-element_type=\"widget\" data-widget_type=\"text-editor.default\">\n\t\t\t\t\t\t\t\t\t<p>Analytical parameters<\/p>\t\t\t\t\t\t\t\t<\/div>\n\t\t\t\t<div class=\"elementor-element elementor-element-ee4bcb1 elementor-widget__width-initial elementor-widget elementor-widget-text-editor\" data-id=\"ee4bcb1\" data-element_type=\"widget\" data-widget_type=\"text-editor.default\">\n\t\t\t\t\t\t\t\t\t<p>Alcohol: 14.5%<br \/>Acidity: 5 g\/l<br \/>Residual Sugar: 1.40 g\/l<\/p>\t\t\t\t\t\t\t\t<\/div>\n\t\t\t\t<\/div>\n\t\t\t\t<\/div>\n\t\t\t\t\t<\/div>\n\t\t\t\t<\/div>\n\t\t\t\t<\/div>\n\t\t","protected":false},"excerpt":{"rendered":"<p>Estates located in the Avia Valley, Gomariz, Municipality of Leiro (Ourense)<\/p>\n","protected":false},"featured_media":7649,"comment_status":"closed","ping_status":"closed","template":"","meta":{"_acf_changed":false},"product_cat":[120,176],"product_tag":[],"class_list":{"0":"post-7648","1":"product","2":"type-product","3":"status-publish","4":"has-post-thumbnail","6":"product_cat-bodegas-sanclodio","7":"product_cat-d-o-ribeiro","9":"first","10":"instock","11":"featured","12":"shipping-taxable","13":"product-type-simple"},"acf":[],"_links":{"self":[{"href":"https:\/\/www.bluewines.eu\/en\/wp-json\/wp\/v2\/product\/7648","targetHints":{"allow":["GET"]}}],"collection":[{"href":"https:\/\/www.bluewines.eu\/en\/wp-json\/wp\/v2\/product"}],"about":[{"href":"https:\/\/www.bluewines.eu\/en\/wp-json\/wp\/v2\/types\/product"}],"replies":[{"embeddable":true,"href":"https:\/\/www.bluewines.eu\/en\/wp-json\/wp\/v2\/comments?post=7648"}],"version-history":[{"count":5,"href":"https:\/\/www.bluewines.eu\/en\/wp-json\/wp\/v2\/product\/7648\/revisions"}],"predecessor-version":[{"id":8705,"href":"https:\/\/www.bluewines.eu\/en\/wp-json\/wp\/v2\/product\/7648\/revisions\/8705"}],"wp:featuredmedia":[{"embeddable":true,"href":"https:\/\/www.bluewines.eu\/en\/wp-json\/wp\/v2\/media\/7649"}],"wp:attachment":[{"href":"https:\/\/www.bluewines.eu\/en\/wp-json\/wp\/v2\/media?parent=7648"}],"wp:term":[{"taxonomy":"product_cat","embeddable":true,"href":"https:\/\/www.bluewines.eu\/en\/wp-json\/wp\/v2\/product_cat?post=7648"},{"taxonomy":"product_tag","embeddable":true,"href":"https:\/\/www.bluewines.eu\/en\/wp-json\/wp\/v2\/product_tag?post=7648"}],"curies":[{"name":"wp","href":"https:\/\/api.w.org\/{rel}","templated":true}]}}