{"id":8029,"date":"2025-11-19T08:32:59","date_gmt":"2025-11-19T07:32:59","guid":{"rendered":"https:\/\/www.bluewines.eu\/producto\/secret-of-pink\/"},"modified":"2026-04-15T19:19:36","modified_gmt":"2026-04-15T17:19:36","slug":"secret-of-pink","status":"publish","type":"product","link":"https:\/\/www.bluewines.eu\/en\/producto\/secret-of-pink\/","title":{"rendered":"Secret of Pink"},"content":{"rendered":"\t\t<div data-elementor-type=\"wp-post\" data-elementor-id=\"8029\" class=\"elementor elementor-8029 elementor-5779\" data-elementor-post-type=\"product\">\n\t\t\t\t<div class=\"elementor-element elementor-element-15751363 e-flex e-con-boxed e-con e-parent\" data-id=\"15751363\" data-element_type=\"container\">\n\t\t\t\t\t<div class=\"e-con-inner\">\n\t\t<div class=\"elementor-element elementor-element-979b208 e-con-full e-flex e-con e-child\" data-id=\"979b208\" data-element_type=\"container\">\n\t\t\t\t<div class=\"elementor-element elementor-element-c333ded elementor-widget elementor-widget-text-editor\" data-id=\"c333ded\" data-element_type=\"widget\" data-widget_type=\"text-editor.default\">\n\t\t\t\t\t\t\t\t\t<h4>Elaboraci\u00f3n<\/h4>\n\t\t\t\t\t\t\t\t<\/div>\n\t\t\t\t<div class=\"elementor-element elementor-element-e65de2f elementor-widget elementor-widget-text-editor\" data-id=\"e65de2f\" data-element_type=\"widget\" data-widget_type=\"text-editor.default\">\n\t\t\t\t\t\t\t\t\t<p>La vendimia se realiza de noche para lograr la m\u00e1xima expresi\u00f3n arom\u00e1tica de la Garnacha, el Cinsault y el Moscatel, con un prensado suave de las uvas para obtener el mosto m\u00e1s fino destinado a la vinificaci\u00f3n. La fermentaci\u00f3n se lleva a cabo a temperatura controlada y sin el uso de sulfitos. Este proceso permite expresar al m\u00e1ximo el terru\u00f1o de las arenas de Sable de la Camarga. El resultado es un vino de absoluta pureza, con delicadas notas florales y de fresa. En boca, esta armon\u00eda se prolonga con una textura mineral muy elegante. Una expresi\u00f3n pura de su origen.<\/p>\n\t\t\t\t\t\t\t\t<\/div>\n\t\t\t\t<div class=\"elementor-element elementor-element-664fe40 elementor-widget elementor-widget-text-editor\" data-id=\"664fe40\" data-element_type=\"widget\" data-widget_type=\"text-editor.default\">\n\t\t\t\t\t\t\t\t\t<h4>Nota de cata<\/h4>\n\t\t\t\t\t\t\t\t<\/div>\n\t\t\t\t<div class=\"elementor-element elementor-element-035f4e8 elementor-widget elementor-widget-text-editor\" data-id=\"035f4e8\" data-element_type=\"widget\" data-widget_type=\"text-editor.default\">\n\t\t\t\t\t\t\t\t\t<p><span style=\"font-weight: 400;\"><strong>Color:<\/strong> <\/span><span style=\"font-weight: 400;\">Secret of Pink es un vino veraniego de color rosa p\u00e1lido, tipo piel de cebolla.<\/span> <br \/><span style=\"font-weight: 400;\"><strong>Nariz:<\/strong> Presenta una nariz con notas florales (rosas) y aromas de frutos rojos en desarrollo.<\/span> <br \/><span style=\"font-weight: 400;\"><strong>Boca:<\/strong> En boca, la frescura es su caracter\u00edstica principal.<\/span><\/p>\n\t\t\t\t\t\t\t\t<\/div>\n\t\t\t\t<div class=\"elementor-element elementor-element-1319482 elementor-widget elementor-widget-text-editor\" data-id=\"1319482\" data-element_type=\"widget\" data-widget_type=\"text-editor.default\">\n\t\t\t\t\t\t\t\t\t<h4>Maridaje<\/h4>\n\t\t\t\t\t\t\t\t<\/div>\n\t\t\t\t<div class=\"elementor-element elementor-element-4fe95ed elementor-widget elementor-widget-text-editor\" data-id=\"4fe95ed\" data-element_type=\"widget\" data-widget_type=\"text-editor.default\">\n\t\t\t\t\t\t\t\t\t<p>Desde aperitivos acompa\u00f1ados de tapas mediterr\u00e1neas hasta copas despu\u00e9s de la comida, servidas con pescado a la parrilla y verduras asadas.<\/p>\n\t\t\t\t\t\t\t\t<\/div>\n\t\t\t\t<\/div>\n\t\t<div class=\"elementor-element elementor-element-f7c9eb0 e-con-full e-flex e-con e-child\" data-id=\"f7c9eb0\" data-element_type=\"container\">\n\t\t\t\t<div class=\"elementor-element elementor-element-6e31889 elementor-widget elementor-widget-text-editor\" data-id=\"6e31889\" data-element_type=\"widget\" data-widget_type=\"text-editor.default\">\n\t\t\t\t\t\t\t\t\t<p>Caracter\u00edsticas<\/p>\n\t\t\t\t\t\t\t\t<\/div>\n\t\t<div class=\"elementor-element elementor-element-815161d e-con-full e-flex e-con e-child\" data-id=\"815161d\" data-element_type=\"container\">\n\t\t\t\t<div class=\"elementor-element elementor-element-d374382 elementor-widget elementor-widget-text-editor\" data-id=\"d374382\" data-element_type=\"widget\" data-widget_type=\"text-editor.default\">\n\t\t\t\t\t\t\t\t\t<p>Tipo de vino<\/p>\n\t\t\t\t\t\t\t\t<\/div>\n\t\t\t\t<div class=\"elementor-element elementor-element-3dd1da6 elementor-widget__width-initial elementor-widget elementor-widget-text-editor\" data-id=\"3dd1da6\" data-element_type=\"widget\" data-widget_type=\"text-editor.default\">\n\t\t\t\t\t\t\t\t\t<p>Rosado p\u00e1lido ecol\u00f3gico Gris de Gris<\/p>\n\t\t\t\t\t\t\t\t<\/div>\n\t\t\t\t<div class=\"elementor-element elementor-element-a9f20c6 elementor-widget-divider--view-line elementor-widget elementor-widget-divider\" data-id=\"a9f20c6\" data-element_type=\"widget\" data-widget_type=\"divider.default\">\n\t\t\t\t\t\t\t<div class=\"elementor-divider\">\n\t\t\t<span class=\"elementor-divider-separator\">\n\t\t\t\t\t\t<\/span>\n\t\t<\/div>\n\t\t\t\t\t\t<\/div>\n\t\t\t\t<div class=\"elementor-element elementor-element-df80faa elementor-widget elementor-widget-text-editor\" data-id=\"df80faa\" data-element_type=\"widget\" data-widget_type=\"text-editor.default\">\n\t\t\t\t\t\t\t\t\t<p>Variedad<\/p>\n\t\t\t\t\t\t\t\t<\/div>\n\t\t\t\t<div class=\"elementor-element elementor-element-5d93e69 elementor-widget__width-initial elementor-widget elementor-widget-text-editor\" data-id=\"5d93e69\" data-element_type=\"widget\" data-widget_type=\"text-editor.default\">\n\t\t\t\t\t\t\t\t\t<p><span style=\"font-weight: 400;\">100% Garnacha Gris <\/span><\/p>\n\t\t\t\t\t\t\t\t<\/div>\n\t\t\t\t<div class=\"elementor-element elementor-element-e12a508 elementor-widget-divider--view-line elementor-widget elementor-widget-divider\" data-id=\"e12a508\" data-element_type=\"widget\" data-widget_type=\"divider.default\">\n\t\t\t\t\t\t\t<div class=\"elementor-divider\">\n\t\t\t<span class=\"elementor-divider-separator\">\n\t\t\t\t\t\t<\/span>\n\t\t<\/div>\n\t\t\t\t\t\t<\/div>\n\t\t\t\t<div class=\"elementor-element elementor-element-f6b2002 elementor-widget elementor-widget-text-editor\" data-id=\"f6b2002\" data-element_type=\"widget\" data-widget_type=\"text-editor.default\">\n\t\t\t\t\t\t\t\t\t<p>Par\u00e1metros anal\u00edticos<\/p>\n\t\t\t\t\t\t\t\t<\/div>\n\t\t\t\t<div class=\"elementor-element elementor-element-ee4bcb1 elementor-widget__width-initial elementor-widget elementor-widget-text-editor\" data-id=\"ee4bcb1\" data-element_type=\"widget\" data-widget_type=\"text-editor.default\">\n\t\t\t\t\t\t\t\t\t<p><span style=\"font-weight: 400;\">Alcohol: 12 %<\/span><\/p>\n\t\t\t\t\t\t\t\t<\/div>\n\t\t\t\t<\/div>\n\t\t\t\t<\/div>\n\t\t\t\t\t<\/div>\n\t\t\t\t<\/div>\n\t\t\t\t<\/div>\n\t\t","protected":false},"excerpt":{"rendered":"<p>The harvest is carried out at night to deliver the fullest expression of the aromas of Garnacha, Cinsault, and Muscat, with gentle grape pressing to obtain the finest must for vinification.<\/p>\n","protected":false},"featured_media":7271,"comment_status":"closed","ping_status":"closed","template":"","meta":{"_acf_changed":false},"product_cat":[164,147],"product_tag":[],"class_list":{"0":"post-8029","1":"product","2":"type-product","3":"status-publish","4":"has-post-thumbnail","6":"product_cat-domaine-royal-de-jarras","7":"product_cat-p-d-o-sable-de-camargue","9":"first","10":"instock","11":"featured","12":"shipping-taxable","13":"product-type-simple"},"acf":[],"_links":{"self":[{"href":"https:\/\/www.bluewines.eu\/en\/wp-json\/wp\/v2\/product\/8029","targetHints":{"allow":["GET"]}}],"collection":[{"href":"https:\/\/www.bluewines.eu\/en\/wp-json\/wp\/v2\/product"}],"about":[{"href":"https:\/\/www.bluewines.eu\/en\/wp-json\/wp\/v2\/types\/product"}],"replies":[{"embeddable":true,"href":"https:\/\/www.bluewines.eu\/en\/wp-json\/wp\/v2\/comments?post=8029"}],"version-history":[{"count":3,"href":"https:\/\/www.bluewines.eu\/en\/wp-json\/wp\/v2\/product\/8029\/revisions"}],"predecessor-version":[{"id":8763,"href":"https:\/\/www.bluewines.eu\/en\/wp-json\/wp\/v2\/product\/8029\/revisions\/8763"}],"wp:featuredmedia":[{"embeddable":true,"href":"https:\/\/www.bluewines.eu\/en\/wp-json\/wp\/v2\/media\/7271"}],"wp:attachment":[{"href":"https:\/\/www.bluewines.eu\/en\/wp-json\/wp\/v2\/media?parent=8029"}],"wp:term":[{"taxonomy":"product_cat","embeddable":true,"href":"https:\/\/www.bluewines.eu\/en\/wp-json\/wp\/v2\/product_cat?post=8029"},{"taxonomy":"product_tag","embeddable":true,"href":"https:\/\/www.bluewines.eu\/en\/wp-json\/wp\/v2\/product_tag?post=8029"}],"curies":[{"name":"wp","href":"https:\/\/api.w.org\/{rel}","templated":true}]}}