{"id":8377,"date":"2025-11-13T10:57:57","date_gmt":"2025-11-13T09:57:57","guid":{"rendered":"https:\/\/www.bluewines.eu\/caves\/bodega-gorka-izagirre\/"},"modified":"2026-01-27T16:27:17","modified_gmt":"2026-01-27T15:27:17","slug":"bodega-gorka-izagirre","status":"publish","type":"page","link":"https:\/\/www.bluewines.eu\/fr\/caves\/bodega-gorka-izagirre\/","title":{"rendered":"Bodega Gorka Izagirre"},"content":{"rendered":"\t\t<div data-elementor-type=\"wp-page\" data-elementor-id=\"8377\" class=\"elementor elementor-8377 elementor-5163\" data-elementor-post-type=\"page\">\n\t\t\t\t<div class=\"elementor-element elementor-element-4cc49e6 e-flex e-con-boxed e-con e-parent\" data-id=\"4cc49e6\" data-element_type=\"container\">\n\t\t\t\t\t<div class=\"e-con-inner\">\n\t\t\t\t<div class=\"elementor-element elementor-element-3de3c71 elementor-absolute elementor-widget elementor-widget-image\" data-id=\"3de3c71\" data-element_type=\"widget\" data-settings=\"{&quot;_position&quot;:&quot;absolute&quot;}\" data-widget_type=\"image.default\">\n\t\t\t\t\t\t\t\t\t\t\t\t\t\t\t<img fetchpriority=\"high\" decoding=\"async\" width=\"392\" height=\"711\" src=\"https:\/\/www.bluewines.eu\/wp-content\/uploads\/2024\/07\/team_vector.png\" class=\"attachment-full size-full wp-image-8311\" alt=\"\" srcset=\"https:\/\/www.bluewines.eu\/wp-content\/uploads\/2024\/07\/team_vector.png 392w, https:\/\/www.bluewines.eu\/wp-content\/uploads\/2024\/07\/team_vector-165x300.png 165w\" sizes=\"(max-width: 392px) 100vw, 392px\" \/>\t\t\t\t\t\t\t\t\t\t\t\t\t\t\t<\/div>\n\t\t\t\t<div class=\"elementor-element elementor-element-70b48a9 elementor-widget elementor-widget-image\" data-id=\"70b48a9\" data-element_type=\"widget\" data-widget_type=\"image.default\">\n\t\t\t\t\t\t\t\t\t\t\t\t\t\t\t<img decoding=\"async\" width=\"300\" height=\"21\" src=\"https:\/\/www.bluewines.eu\/wp-content\/uploads\/2025\/11\/logo-gorka-izagirre.png\" class=\"attachment-large size-large wp-image-8338\" alt=\"\" \/>\t\t\t\t\t\t\t\t\t\t\t\t\t\t\t<\/div>\n\t\t\t\t<div class=\"elementor-element elementor-element-a2e8dcb elementor-widget__width-initial elementor-widget elementor-widget-text-editor\" data-id=\"a2e8dcb\" data-element_type=\"widget\" data-widget_type=\"text-editor.default\">\n\t\t\t\t\t\t\t\t\t<p data-start=\"238\" data-end=\"581\"><strong data-start=\"238\" data-end=\"256\">Gorka Izagirre<\/strong> est un domaine embl\u00e9matique de la <strong data-start=\"289\" data-end=\"334\">Denominaci\u00f3n de Origen Bizkaiko Txakolina<\/strong>, situ\u00e9 \u00e0 <strong data-start=\"347\" data-end=\"361\">Larrabetzu<\/strong> (Biscaye), au c\u0153ur du Pays basque. Fond\u00e9 dans le but de r\u00e9cup\u00e9rer et de mettre en valeur les c\u00e9pages autochtones locaux, le domaine est devenu l\u2019une des r\u00e9f\u00e9rences modernes du txakoli de qualit\u00e9.<\/p>\n<p data-start=\"583\" data-end=\"989\">Ses vignobles s\u2019\u00e9tendent sur des coteaux d\u2019influence atlantique, aux sols argileux et au climat frais et humide, des conditions id\u00e9ales pour la culture du <strong data-start=\"727\" data-end=\"746\">Hondarrabi Zuri<\/strong> et du <strong data-start=\"749\" data-end=\"772\">Hondarrabi Zerratia<\/strong>, des c\u00e9pages qui donnent une forte personnalit\u00e9 \u00e0 ses vins. L\u2019association de vendanges manuelles, de technologies de pointe et de fermentations ma\u00eetris\u00e9es permet d\u2019obtenir des txakolis <strong data-start=\"918\" data-end=\"957\">frais, aromatiques et structur\u00e9s<\/strong>, avec une min\u00e9ralit\u00e9 marqu\u00e9e.<\/p>\n<p data-start=\"991\" data-end=\"1189\">Le domaine mise sur <strong data-start=\"1016\" data-end=\"1057\">l\u2019innovation et l\u2019expression du terroir<\/strong>, en \u00e9laborant des vins \u00e9quilibr\u00e9s et \u00e9l\u00e9gants qui illustrent l\u2019\u00e9volution du txakoli vers une dimension plus gastronomique et complexe.<\/p>\n\t\t\t\t\t\t\t\t<\/div>\n\t\t\t\t<div class=\"elementor-element elementor-element-d906a12 elementor-button-outline animated-fast elementor-align-center elementor-invisible elementor-widget elementor-widget-button\" data-id=\"d906a12\" data-element_type=\"widget\" data-settings=\"{&quot;_animation&quot;:&quot;opal-move-up&quot;}\" data-widget_type=\"button.default\">\n\t\t\t\t\t\t\t\t\t\t<a class=\"elementor-button elementor-button-link elementor-size-sm\" href=\"#vinos\">\n\t\t\t\t\t\t<span class=\"elementor-button-content-wrapper\">\n\t\t\t\t\t\t\t\t\t<span class=\"elementor-button-text\">VOIR LA S\u00c9LECTION<\/span>\n\t\t\t\t\t<\/span>\n\t\t\t\t\t<\/a>\n\t\t\t\t\t\t\t\t<\/div>\n\t\t\t\t\t<\/div>\n\t\t\t\t<\/div>\n\t\t<div class=\"elementor-element elementor-element-5a60d79 e-con-full e-flex e-con e-parent\" data-id=\"5a60d79\" data-element_type=\"container\">\n\t\t\t\t<div class=\"elementor-element elementor-element-5a1c6e9 elementor-arrows-position-inside elementor-widget elementor-widget-image-carousel\" data-id=\"5a1c6e9\" data-element_type=\"widget\" data-settings=\"{&quot;slides_to_show&quot;:&quot;2&quot;,&quot;navigation&quot;:&quot;arrows&quot;,&quot;autoplay&quot;:&quot;yes&quot;,&quot;pause_on_hover&quot;:&quot;yes&quot;,&quot;pause_on_interaction&quot;:&quot;yes&quot;,&quot;autoplay_speed&quot;:5000,&quot;infinite&quot;:&quot;yes&quot;,&quot;speed&quot;:500}\" data-widget_type=\"image-carousel.default\">\n\t\t\t\t\t\t\t<div class=\"elementor-image-carousel-wrapper swiper\" role=\"region\" aria-roledescription=\"carousel\" aria-label=\"Carrusel de im\u00e1genes\" dir=\"ltr\">\n\t\t\t<div class=\"elementor-image-carousel swiper-wrapper\" aria-live=\"off\">\n\t\t\t\t\t\t\t\t<div class=\"swiper-slide\" role=\"group\" aria-roledescription=\"slide\" aria-label=\"1 sur 4\"><figure class=\"swiper-slide-inner\"><img decoding=\"async\" class=\"swiper-slide-image\" src=\"https:\/\/www.bluewines.eu\/wp-content\/uploads\/2025\/11\/bodega-portada.jpg\" alt=\"bodega-portada\" \/><\/figure><\/div><div class=\"swiper-slide\" role=\"group\" aria-roledescription=\"slide\" aria-label=\"2 sur 4\"><figure class=\"swiper-slide-inner\"><img decoding=\"async\" class=\"swiper-slide-image\" src=\"https:\/\/www.bluewines.eu\/wp-content\/uploads\/2025\/11\/vinedos-2.jpg\" alt=\"vinedos-2\" \/><\/figure><\/div><div class=\"swiper-slide\" role=\"group\" aria-roledescription=\"slide\" aria-label=\"3 sur 4\"><figure class=\"swiper-slide-inner\"><img decoding=\"async\" class=\"swiper-slide-image\" src=\"https:\/\/www.bluewines.eu\/wp-content\/uploads\/2025\/11\/vinedos-hondarrabi-beltza.jpg\" alt=\"vinedos-hondarrabi-beltza\" \/><\/figure><\/div><div class=\"swiper-slide\" role=\"group\" aria-roledescription=\"slide\" aria-label=\"4 sur 4\"><figure class=\"swiper-slide-inner\"><img decoding=\"async\" class=\"swiper-slide-image\" src=\"https:\/\/www.bluewines.eu\/wp-content\/uploads\/2025\/11\/enoturismo.jpg\" alt=\"enoturismo\" \/><\/figure><\/div>\t\t\t<\/div>\n\t\t\t\t\t\t\t\t\t\t\t\t<div class=\"elementor-swiper-button elementor-swiper-button-prev\" role=\"button\" tabindex=\"0\">\n\t\t\t\t\t\t<svg aria-hidden=\"true\" class=\"e-font-icon-svg e-eicon-chevron-left\" viewBox=\"0 0 1000 1000\" xmlns=\"http:\/\/www.w3.org\/2000\/svg\"><path d=\"M646 125C629 125 613 133 604 142L308 442C296 454 292 471 292 487 292 504 296 521 308 533L604 854C617 867 629 875 646 875 663 875 679 871 692 858 704 846 713 829 713 812 713 796 708 779 692 767L438 487 692 225C700 217 708 204 708 187 708 171 704 154 692 142 675 129 663 125 646 125Z\"><\/path><\/svg>\t\t\t\t\t<\/div>\n\t\t\t\t\t<div class=\"elementor-swiper-button elementor-swiper-button-next\" role=\"button\" tabindex=\"0\">\n\t\t\t\t\t\t<svg aria-hidden=\"true\" class=\"e-font-icon-svg e-eicon-chevron-right\" viewBox=\"0 0 1000 1000\" xmlns=\"http:\/\/www.w3.org\/2000\/svg\"><path d=\"M696 533C708 521 713 504 713 487 713 471 708 454 696 446L400 146C388 133 375 125 354 125 338 125 325 129 313 142 300 154 292 171 292 187 292 204 296 221 308 233L563 492 304 771C292 783 288 800 288 817 288 833 296 850 308 863 321 871 338 875 354 875 371 875 388 867 400 854L696 533Z\"><\/path><\/svg>\t\t\t\t\t<\/div>\n\t\t\t\t\n\t\t\t\t\t\t\t\t\t<\/div>\n\t\t\t\t\t\t<\/div>\n\t\t\t\t<\/div>\n\t\t<div class=\"elementor-element elementor-element-b912500 e-flex e-con-boxed e-con e-parent\" data-id=\"b912500\" data-element_type=\"container\" id=\"vinos\" data-settings=\"{&quot;background_background&quot;:&quot;classic&quot;}\">\n\t\t\t\t\t<div class=\"e-con-inner\">\n\t\t<div class=\"elementor-element elementor-element-09d5576 e-flex e-con-boxed e-con e-child\" data-id=\"09d5576\" data-element_type=\"container\" data-settings=\"{&quot;background_background&quot;:&quot;classic&quot;}\">\n\t\t\t\t\t<div class=\"e-con-inner\">\n\t\t\t\t<div class=\"elementor-element elementor-element-3ed3c11 elementor-absolute elementor-widget elementor-widget-image\" data-id=\"3ed3c11\" data-element_type=\"widget\" data-settings=\"{&quot;_position&quot;:&quot;absolute&quot;,&quot;motion_fx_motion_fx_scrolling&quot;:&quot;yes&quot;,&quot;motion_fx_translateX_effect&quot;:&quot;yes&quot;,&quot;motion_fx_translateX_speed&quot;:{&quot;unit&quot;:&quot;px&quot;,&quot;size&quot;:1,&quot;sizes&quot;:[]},&quot;motion_fx_scale_effect&quot;:&quot;yes&quot;,&quot;motion_fx_scale_direction&quot;:&quot;in-out&quot;,&quot;motion_fx_scale_speed&quot;:{&quot;unit&quot;:&quot;px&quot;,&quot;size&quot;:1.1,&quot;sizes&quot;:[]},&quot;motion_fx_devices&quot;:[&quot;desktop&quot;,&quot;laptop&quot;,&quot;tablet_extra&quot;,&quot;tablet&quot;],&quot;motion_fx_translateX_affectedRange&quot;:{&quot;unit&quot;:&quot;%&quot;,&quot;size&quot;:&quot;&quot;,&quot;sizes&quot;:{&quot;start&quot;:0,&quot;end&quot;:100}},&quot;motion_fx_scale_range&quot;:{&quot;unit&quot;:&quot;%&quot;,&quot;size&quot;:&quot;&quot;,&quot;sizes&quot;:{&quot;start&quot;:20,&quot;end&quot;:80}}}\" data-widget_type=\"image.default\">\n\t\t\t\t\t\t\t\t\t\t\t\t\t\t\t<img decoding=\"async\" width=\"323\" height=\"357\" src=\"https:\/\/www.bluewines.eu\/wp-content\/uploads\/2024\/07\/h1_decor-1.png\" class=\"attachment-full size-full wp-image-8256\" alt=\"\" srcset=\"https:\/\/www.bluewines.eu\/wp-content\/uploads\/2024\/07\/h1_decor-1.png 323w, https:\/\/www.bluewines.eu\/wp-content\/uploads\/2024\/07\/h1_decor-1-271x300.png 271w\" sizes=\"(max-width: 323px) 100vw, 323px\" \/>\t\t\t\t\t\t\t\t\t\t\t\t\t\t\t<\/div>\n\t\t<div class=\"elementor-element elementor-element-bf59bd1 e-con-full e-flex e-con e-child\" data-id=\"bf59bd1\" data-element_type=\"container\">\n\t\t\t\t<div class=\"elementor-element elementor-element-94cadc2 elementor-widget__width-initial animated-fast elementor-widget-divider--view-line elementor-invisible elementor-widget elementor-widget-divider\" data-id=\"94cadc2\" data-element_type=\"widget\" data-settings=\"{&quot;_animation&quot;:&quot;opal-helix&quot;}\" data-widget_type=\"divider.default\">\n\t\t\t\t\t\t\t<div class=\"elementor-divider\">\n\t\t\t<span class=\"elementor-divider-separator\">\n\t\t\t\t\t\t<\/span>\n\t\t<\/div>\n\t\t\t\t\t\t<\/div>\n\t\t\t\t<div class=\"elementor-element elementor-element-45708ad animated-fast elementor-invisible elementor-widget elementor-widget-heading\" data-id=\"45708ad\" data-element_type=\"widget\" data-settings=\"{&quot;_animation&quot;:&quot;fadeInLeft&quot;}\" data-widget_type=\"heading.default\">\n\t\t\t\t\t<span class=\"elementor-heading-title elementor-size-default\">S\u00c9LECTION DE VINS<\/span>\t\t\t\t<\/div>\n\t\t\t\t<\/div>\n\t\t\t\t<div class=\"elementor-element elementor-element-6293bf6 animated-fast elementor-invisible elementor-widget elementor-widget-heading\" data-id=\"6293bf6\" data-element_type=\"widget\" data-settings=\"{&quot;_animation&quot;:&quot;opal-move-up&quot;}\" data-widget_type=\"heading.default\">\n\t\t\t\t\t<h2 class=\"elementor-heading-title elementor-size-default\">Le reflet de chaque<\/h2>\t\t\t\t<\/div>\n\t\t\t\t<div class=\"elementor-element elementor-element-07a3fa4 animated-fast elementor-invisible elementor-widget elementor-widget-heading\" data-id=\"07a3fa4\" data-element_type=\"widget\" data-settings=\"{&quot;_animation&quot;:&quot;opal-move-left&quot;}\" data-widget_type=\"heading.default\">\n\t\t\t\t\t<span class=\"elementor-heading-title elementor-size-default\">domaine et de sa terre<\/span>\t\t\t\t<\/div>\n\t\t\t\t<div class=\"elementor-element elementor-element-5931ba7 elementor-swiper-button-next-vertical-bottom elementor-swiper-button-next-horizontal-right elementor-swiper-button-prev-vertical-bottom elementor-swiper-button-prev-horizontal-right animated-fast elementor-invisible elementor-widget elementor-widget-asteno-products\" data-id=\"5931ba7\" data-element_type=\"widget\" data-settings=\"{&quot;_animation&quot;:&quot;opal-move-up&quot;}\" data-widget_type=\"asteno-products.default\">\n\t\t\t\t<div class=\"elementor-widget-container\">\n\t\t\t\t\t<div class=\"woocommerce columns-1  woocommerce-product-grid\"><ul class=\"products asteno-products  columns-1\"><li class=\"product-style-default product type-product post-8814 status-publish first instock product_cat-bodega-gorka-izagirre product_cat-d-o-bizkaiko-txakolina has-post-thumbnail featured shipping-taxable product-type-simple\">\n    <div class=\"product-block\">\n        <div class=\"product-top\">\n            <div class=\"posted-in\"><a href=\"https:\/\/www.bluewines.eu\/fr\/categoria-producto\/bodega-gorka-izagirre\/\" rel=\"tag\">Bodega Gorka Izagirre<\/a>, <a href=\"https:\/\/www.bluewines.eu\/fr\/categoria-producto\/d-o-bizkaiko-txakolina\/\" rel=\"tag\">D.O. Bizkaiko Txakolina<\/a><\/div>            <h3 class=\"woocommerce-loop-product__title\"><a href=\"https:\/\/www.bluewines.eu\/fr\/producto\/gorka-izagirre-2\/\">Gorka Izagirre<\/a><\/h3>        <\/div>\n        <div class=\"product-transition\">\n            <div class=\"product-labels\">\n                            <\/div>\n            <div class=\"product-image image-main\"><img loading=\"lazy\" decoding=\"async\" width=\"450\" height=\"450\" src=\"https:\/\/www.bluewines.eu\/wp-content\/uploads\/2025\/11\/gorka-izagirre-450x450.jpg\" class=\"attachment-woocommerce_thumbnail size-woocommerce_thumbnail\" alt=\"Gorka Izagirre\" srcset=\"https:\/\/www.bluewines.eu\/wp-content\/uploads\/2025\/11\/gorka-izagirre-450x450.jpg 450w, https:\/\/www.bluewines.eu\/wp-content\/uploads\/2025\/11\/gorka-izagirre-300x300.jpg 300w, https:\/\/www.bluewines.eu\/wp-content\/uploads\/2025\/11\/gorka-izagirre-1024x1024.jpg 1024w, https:\/\/www.bluewines.eu\/wp-content\/uploads\/2025\/11\/gorka-izagirre-150x150.jpg 150w, https:\/\/www.bluewines.eu\/wp-content\/uploads\/2025\/11\/gorka-izagirre-768x768.jpg 768w, https:\/\/www.bluewines.eu\/wp-content\/uploads\/2025\/11\/gorka-izagirre-800x800.jpg 800w, https:\/\/www.bluewines.eu\/wp-content\/uploads\/2025\/11\/gorka-izagirre-100x100.jpg 100w, https:\/\/www.bluewines.eu\/wp-content\/uploads\/2025\/11\/gorka-izagirre-50x50.jpg 50w, https:\/\/www.bluewines.eu\/wp-content\/uploads\/2025\/11\/gorka-izagirre.jpg 1200w\" sizes=\"(max-width: 450px) 100vw, 450px\" \/><\/div>                    <div class=\"tooltip-left group-action\">\n            <div class=\"shop-action\">\n                            <\/div>\n        <\/div>\n                                <a href=\"https:\/\/www.bluewines.eu\/fr\/producto\/gorka-izagirre-2\/\" class=\"woocommerce-LoopProduct-link woocommerce-loop-product__link\">            <\/a>        <\/div>\n        <div class=\"product-caption\">\n                <div class=\"count-review\">\n        <div class=\"star-rating\"><\/div><span class=\"count\">0 Reviews<\/span>    <\/div>\n                \n            <div class=\"product-caption-bottom\">\n                \t<span id=\"woocommerce_loop_add_to_cart_link_describedby_8814\" class=\"screen-reader-text\">\n\t\t\t<\/span>\n            <\/div>\n                    <\/div>\n    <\/div>\n<\/li>\n<li class=\"product-style-default product type-product post-8815 status-publish first instock product_cat-bodega-gorka-izagirre product_cat-d-o-bizkaiko-txakolina has-post-thumbnail featured shipping-taxable product-type-simple\">\n    <div class=\"product-block\">\n        <div class=\"product-top\">\n            <div class=\"posted-in\"><a href=\"https:\/\/www.bluewines.eu\/fr\/categoria-producto\/bodega-gorka-izagirre\/\" rel=\"tag\">Bodega Gorka Izagirre<\/a>, <a href=\"https:\/\/www.bluewines.eu\/fr\/categoria-producto\/d-o-bizkaiko-txakolina\/\" rel=\"tag\">D.O. Bizkaiko Txakolina<\/a><\/div>            <h3 class=\"woocommerce-loop-product__title\"><a href=\"https:\/\/www.bluewines.eu\/fr\/producto\/gorka-izagirre-g22-2\/\">Gorka Izagirre G22<\/a><\/h3>        <\/div>\n        <div class=\"product-transition\">\n            <div class=\"product-labels\">\n                            <\/div>\n            <div class=\"product-image image-main\"><img loading=\"lazy\" decoding=\"async\" width=\"450\" height=\"450\" src=\"https:\/\/www.bluewines.eu\/wp-content\/uploads\/2025\/11\/gorka-g22-450x450.jpg\" class=\"attachment-woocommerce_thumbnail size-woocommerce_thumbnail\" alt=\"Gorka Izagirre G22\" srcset=\"https:\/\/www.bluewines.eu\/wp-content\/uploads\/2025\/11\/gorka-g22-450x450.jpg 450w, https:\/\/www.bluewines.eu\/wp-content\/uploads\/2025\/11\/gorka-g22-300x300.jpg 300w, https:\/\/www.bluewines.eu\/wp-content\/uploads\/2025\/11\/gorka-g22-1024x1024.jpg 1024w, https:\/\/www.bluewines.eu\/wp-content\/uploads\/2025\/11\/gorka-g22-150x150.jpg 150w, https:\/\/www.bluewines.eu\/wp-content\/uploads\/2025\/11\/gorka-g22-768x768.jpg 768w, https:\/\/www.bluewines.eu\/wp-content\/uploads\/2025\/11\/gorka-g22-800x800.jpg 800w, https:\/\/www.bluewines.eu\/wp-content\/uploads\/2025\/11\/gorka-g22-100x100.jpg 100w, https:\/\/www.bluewines.eu\/wp-content\/uploads\/2025\/11\/gorka-g22-50x50.jpg 50w, https:\/\/www.bluewines.eu\/wp-content\/uploads\/2025\/11\/gorka-g22.jpg 1200w\" sizes=\"(max-width: 450px) 100vw, 450px\" \/><\/div>                    <div class=\"tooltip-left group-action\">\n            <div class=\"shop-action\">\n                            <\/div>\n        <\/div>\n                                <a href=\"https:\/\/www.bluewines.eu\/fr\/producto\/gorka-izagirre-g22-2\/\" class=\"woocommerce-LoopProduct-link woocommerce-loop-product__link\">            <\/a>        <\/div>\n        <div class=\"product-caption\">\n                <div class=\"count-review\">\n        <div class=\"star-rating\"><\/div><span class=\"count\">0 Reviews<\/span>    <\/div>\n                \n            <div class=\"product-caption-bottom\">\n                \t<span id=\"woocommerce_loop_add_to_cart_link_describedby_8815\" class=\"screen-reader-text\">\n\t\t\t<\/span>\n            <\/div>\n                    <\/div>\n    <\/div>\n<\/li>\n<li class=\"product-style-default product type-product post-8817 status-publish first instock product_cat-bodega-gorka-izagirre product_cat-d-o-bizkaiko-txakolina has-post-thumbnail featured shipping-taxable product-type-simple\">\n    <div class=\"product-block\">\n        <div class=\"product-top\">\n            <div class=\"posted-in\"><a href=\"https:\/\/www.bluewines.eu\/fr\/categoria-producto\/bodega-gorka-izagirre\/\" rel=\"tag\">Bodega Gorka Izagirre<\/a>, <a href=\"https:\/\/www.bluewines.eu\/fr\/categoria-producto\/d-o-bizkaiko-txakolina\/\" rel=\"tag\">D.O. Bizkaiko Txakolina<\/a><\/div>            <h3 class=\"woocommerce-loop-product__title\"><a href=\"https:\/\/www.bluewines.eu\/fr\/producto\/gorka-izagirre-zura-2\/\">Gorka Izagirre Zura<\/a><\/h3>        <\/div>\n        <div class=\"product-transition\">\n            <div class=\"product-labels\">\n                            <\/div>\n            <div class=\"product-image image-main\"><img loading=\"lazy\" decoding=\"async\" width=\"450\" height=\"450\" src=\"https:\/\/www.bluewines.eu\/wp-content\/uploads\/2025\/11\/gorka-zura-450x450.jpg\" class=\"attachment-woocommerce_thumbnail size-woocommerce_thumbnail\" alt=\"Gorka Izagirre Zura\" srcset=\"https:\/\/www.bluewines.eu\/wp-content\/uploads\/2025\/11\/gorka-zura-450x450.jpg 450w, https:\/\/www.bluewines.eu\/wp-content\/uploads\/2025\/11\/gorka-zura-300x300.jpg 300w, https:\/\/www.bluewines.eu\/wp-content\/uploads\/2025\/11\/gorka-zura-1024x1024.jpg 1024w, https:\/\/www.bluewines.eu\/wp-content\/uploads\/2025\/11\/gorka-zura-150x150.jpg 150w, https:\/\/www.bluewines.eu\/wp-content\/uploads\/2025\/11\/gorka-zura-768x768.jpg 768w, https:\/\/www.bluewines.eu\/wp-content\/uploads\/2025\/11\/gorka-zura-800x800.jpg 800w, https:\/\/www.bluewines.eu\/wp-content\/uploads\/2025\/11\/gorka-zura-100x100.jpg 100w, https:\/\/www.bluewines.eu\/wp-content\/uploads\/2025\/11\/gorka-zura-50x50.jpg 50w, https:\/\/www.bluewines.eu\/wp-content\/uploads\/2025\/11\/gorka-zura.jpg 1200w\" sizes=\"(max-width: 450px) 100vw, 450px\" \/><\/div>                    <div class=\"tooltip-left group-action\">\n            <div class=\"shop-action\">\n                            <\/div>\n        <\/div>\n                                <a href=\"https:\/\/www.bluewines.eu\/fr\/producto\/gorka-izagirre-zura-2\/\" class=\"woocommerce-LoopProduct-link woocommerce-loop-product__link\">            <\/a>        <\/div>\n        <div class=\"product-caption\">\n                <div class=\"count-review\">\n        <div class=\"star-rating\"><\/div><span class=\"count\">0 Reviews<\/span>    <\/div>\n                \n            <div class=\"product-caption-bottom\">\n                \t<span id=\"woocommerce_loop_add_to_cart_link_describedby_8817\" class=\"screen-reader-text\">\n\t\t\t<\/span>\n            <\/div>\n                    <\/div>\n    <\/div>\n<\/li>\n<li class=\"product-style-default product type-product post-8816 status-publish first instock product_cat-bodega-gorka-izagirre product_cat-d-o-bizkaiko-txakolina has-post-thumbnail featured shipping-taxable product-type-simple\">\n    <div class=\"product-block\">\n        <div class=\"product-top\">\n            <div class=\"posted-in\"><a href=\"https:\/\/www.bluewines.eu\/fr\/categoria-producto\/bodega-gorka-izagirre\/\" rel=\"tag\">Bodega Gorka Izagirre<\/a>, <a href=\"https:\/\/www.bluewines.eu\/fr\/categoria-producto\/d-o-bizkaiko-txakolina\/\" rel=\"tag\">D.O. Bizkaiko Txakolina<\/a><\/div>            <h3 class=\"woocommerce-loop-product__title\"><a href=\"https:\/\/www.bluewines.eu\/fr\/producto\/gorka-izagirre-ilun-2\/\">Gorka Izagirre Ilun<\/a><\/h3>        <\/div>\n        <div class=\"product-transition\">\n            <div class=\"product-labels\">\n                            <\/div>\n            <div class=\"product-image image-main\"><img loading=\"lazy\" decoding=\"async\" width=\"450\" height=\"450\" src=\"https:\/\/www.bluewines.eu\/wp-content\/uploads\/2025\/11\/gorka-ilun-450x450.jpg\" class=\"attachment-woocommerce_thumbnail size-woocommerce_thumbnail\" alt=\"Gorka Izagirre Ilun\" srcset=\"https:\/\/www.bluewines.eu\/wp-content\/uploads\/2025\/11\/gorka-ilun-450x450.jpg 450w, https:\/\/www.bluewines.eu\/wp-content\/uploads\/2025\/11\/gorka-ilun-300x300.jpg 300w, https:\/\/www.bluewines.eu\/wp-content\/uploads\/2025\/11\/gorka-ilun-1024x1024.jpg 1024w, https:\/\/www.bluewines.eu\/wp-content\/uploads\/2025\/11\/gorka-ilun-150x150.jpg 150w, https:\/\/www.bluewines.eu\/wp-content\/uploads\/2025\/11\/gorka-ilun-768x768.jpg 768w, https:\/\/www.bluewines.eu\/wp-content\/uploads\/2025\/11\/gorka-ilun-800x800.jpg 800w, https:\/\/www.bluewines.eu\/wp-content\/uploads\/2025\/11\/gorka-ilun-100x100.jpg 100w, https:\/\/www.bluewines.eu\/wp-content\/uploads\/2025\/11\/gorka-ilun-50x50.jpg 50w, https:\/\/www.bluewines.eu\/wp-content\/uploads\/2025\/11\/gorka-ilun.jpg 1200w\" sizes=\"(max-width: 450px) 100vw, 450px\" \/><\/div>                    <div class=\"tooltip-left group-action\">\n            <div class=\"shop-action\">\n                            <\/div>\n        <\/div>\n                                <a href=\"https:\/\/www.bluewines.eu\/fr\/producto\/gorka-izagirre-ilun-2\/\" class=\"woocommerce-LoopProduct-link woocommerce-loop-product__link\">            <\/a>        <\/div>\n        <div class=\"product-caption\">\n                <div class=\"count-review\">\n        <div class=\"star-rating\"><\/div><span class=\"count\">0 Reviews<\/span>    <\/div>\n                \n            <div class=\"product-caption-bottom\">\n                \t<span id=\"woocommerce_loop_add_to_cart_link_describedby_8816\" class=\"screen-reader-text\">\n\t\t\t<\/span>\n            <\/div>\n                    <\/div>\n    <\/div>\n<\/li>\n<\/ul><\/div>        \t\t\t\t<\/div>\n\t\t\t\t<\/div>\n\t\t\t\t\t<\/div>\n\t\t\t\t<\/div>\n\t\t\t\t\t<\/div>\n\t\t\t\t<\/div>\n\t\t\t\t<\/div>\n\t\t","protected":false},"excerpt":{"rendered":"<p>Gorka Izagirre est un domaine embl\u00e9matique de la Denominaci\u00f3n de Origen Bizkaiko Txakolina, situ\u00e9 \u00e0 Larrabetzu (Biscaye), au c\u0153ur du Pays basque. Fond\u00e9 dans le but de r\u00e9cup\u00e9rer et de mettre en valeur les c\u00e9pages autochtones locaux, le domaine est devenu l\u2019une des r\u00e9f\u00e9rences modernes du txakoli de qualit\u00e9. Ses vignobles s\u2019\u00e9tendent sur des coteaux [&hellip;]<\/p>\n","protected":false},"author":1,"featured_media":0,"parent":8325,"menu_order":0,"comment_status":"closed","ping_status":"closed","template":"template-homepage.php","meta":{"_acf_changed":false,"footnotes":""},"class_list":["post-8377","page","type-page","status-publish","hentry"],"acf":[],"_links":{"self":[{"href":"https:\/\/www.bluewines.eu\/fr\/wp-json\/wp\/v2\/pages\/8377","targetHints":{"allow":["GET"]}}],"collection":[{"href":"https:\/\/www.bluewines.eu\/fr\/wp-json\/wp\/v2\/pages"}],"about":[{"href":"https:\/\/www.bluewines.eu\/fr\/wp-json\/wp\/v2\/types\/page"}],"author":[{"embeddable":true,"href":"https:\/\/www.bluewines.eu\/fr\/wp-json\/wp\/v2\/users\/1"}],"replies":[{"embeddable":true,"href":"https:\/\/www.bluewines.eu\/fr\/wp-json\/wp\/v2\/comments?post=8377"}],"version-history":[{"count":3,"href":"https:\/\/www.bluewines.eu\/fr\/wp-json\/wp\/v2\/pages\/8377\/revisions"}],"predecessor-version":[{"id":8384,"href":"https:\/\/www.bluewines.eu\/fr\/wp-json\/wp\/v2\/pages\/8377\/revisions\/8384"}],"up":[{"embeddable":true,"href":"https:\/\/www.bluewines.eu\/fr\/wp-json\/wp\/v2\/pages\/8325"}],"wp:attachment":[{"href":"https:\/\/www.bluewines.eu\/fr\/wp-json\/wp\/v2\/media?parent=8377"}],"curies":[{"name":"wp","href":"https:\/\/api.w.org\/{rel}","templated":true}]}}