{"id":8378,"date":"2025-11-13T10:48:09","date_gmt":"2025-11-13T09:48:09","guid":{"rendered":"https:\/\/www.bluewines.eu\/caves\/bodegas-a-coroa\/"},"modified":"2025-11-13T10:48:09","modified_gmt":"2025-11-13T09:48:09","slug":"bodegas-a-coroa","status":"publish","type":"page","link":"https:\/\/www.bluewines.eu\/fr\/caves\/bodegas-a-coroa\/","title":{"rendered":"Bodegas A Coroa"},"content":{"rendered":"\t\t<div data-elementor-type=\"wp-page\" data-elementor-id=\"8378\" class=\"elementor elementor-8378 elementor-5145\" data-elementor-post-type=\"page\">\n\t\t\t\t<div class=\"elementor-element elementor-element-4cc49e6 e-flex e-con-boxed e-con e-parent\" data-id=\"4cc49e6\" data-element_type=\"container\">\n\t\t\t\t\t<div class=\"e-con-inner\">\n\t\t\t\t<div class=\"elementor-element elementor-element-3de3c71 elementor-absolute elementor-widget elementor-widget-image\" data-id=\"3de3c71\" data-element_type=\"widget\" data-settings=\"{&quot;_position&quot;:&quot;absolute&quot;}\" data-widget_type=\"image.default\">\n\t\t\t\t\t\t\t\t\t\t\t\t\t\t\t<img fetchpriority=\"high\" decoding=\"async\" width=\"392\" height=\"711\" src=\"https:\/\/www.bluewines.eu\/wp-content\/uploads\/2024\/07\/team_vector.png\" class=\"attachment-full size-full wp-image-8311\" alt=\"\" srcset=\"https:\/\/www.bluewines.eu\/wp-content\/uploads\/2024\/07\/team_vector.png 392w, https:\/\/www.bluewines.eu\/wp-content\/uploads\/2024\/07\/team_vector-165x300.png 165w\" sizes=\"(max-width: 392px) 100vw, 392px\" \/>\t\t\t\t\t\t\t\t\t\t\t\t\t\t\t<\/div>\n\t\t\t\t<div class=\"elementor-element elementor-element-70b48a9 elementor-widget elementor-widget-image\" data-id=\"70b48a9\" data-element_type=\"widget\" data-widget_type=\"image.default\">\n\t\t\t\t\t\t\t\t\t\t\t\t\t\t\t<img decoding=\"async\" width=\"300\" height=\"71\" src=\"https:\/\/www.bluewines.eu\/wp-content\/uploads\/2025\/11\/Adega-A-Coroa.png\" class=\"attachment-large size-large wp-image-8345\" alt=\"\" \/>\t\t\t\t\t\t\t\t\t\t\t\t\t\t\t<\/div>\n\t\t\t\t<div class=\"elementor-element elementor-element-a2e8dcb elementor-widget__width-initial elementor-widget elementor-widget-text-editor\" data-id=\"a2e8dcb\" data-element_type=\"widget\" data-widget_type=\"text-editor.default\">\n\t\t\t\t\t\t\t\t\t<p data-start=\"250\" data-end=\"581\"><strong data-start=\"250\" data-end=\"269\">Bodegas A Coroa<\/strong> es una de las referencias m\u00e1s destacadas de la <strong data-start=\"317\" data-end=\"354\">Denominaci\u00f3n de Origen Valdeorras<\/strong>, en el oriente de Ourense. Especializada en la elaboraci\u00f3n de vinos blancos a partir de la variedad <strong data-start=\"455\" data-end=\"466\">Godello<\/strong>, la bodega combina tradici\u00f3n vitivin\u00edcola centenaria con un enfoque contempor\u00e1neo de precisi\u00f3n y sostenibilidad.<\/p><p data-start=\"583\" data-end=\"880\">Sus vi\u00f1edos \u2014muchos de ellos situados en <strong data-start=\"624\" data-end=\"665\">laderas de pizarra y suelos minerales<\/strong>\u2014 permiten obtener uvas de gran concentraci\u00f3n arom\u00e1tica y equilibrio natural. La altitud y la influencia atl\u00e1ntica aportan frescura y complejidad, elementos que definen la personalidad caracter\u00edstica de sus vinos.<\/p><p data-start=\"882\" data-end=\"1184\">En bodega, el trabajo se centra en preservar la pureza varietal y el origen del Godello, con fermentaciones controladas y un uso muy medido de la crianza sobre l\u00edas.<br data-start=\"1047\" data-end=\"1050\" \/>El resultado son vinos <strong data-start=\"1073\" data-end=\"1108\">elegantes, profundos y longevos<\/strong>, reconocidos como algunos de los mejores exponentes del Godello en Galicia.<\/p>\t\t\t\t\t\t\t\t<\/div>\n\t\t\t\t<div class=\"elementor-element elementor-element-e1fd1a8 elementor-button-outline animated-fast elementor-align-center elementor-invisible elementor-widget elementor-widget-button\" data-id=\"e1fd1a8\" data-element_type=\"widget\" data-settings=\"{&quot;_animation&quot;:&quot;opal-move-up&quot;}\" data-widget_type=\"button.default\">\n\t\t\t\t\t\t\t\t\t\t<a class=\"elementor-button elementor-button-link elementor-size-sm\" href=\"#vinos\">\n\t\t\t\t\t\t<span class=\"elementor-button-content-wrapper\">\n\t\t\t\t\t\t\t\t\t<span class=\"elementor-button-text\">VER SELECCI\u00d3N<\/span>\n\t\t\t\t\t<\/span>\n\t\t\t\t\t<\/a>\n\t\t\t\t\t\t\t\t<\/div>\n\t\t\t\t\t<\/div>\n\t\t\t\t<\/div>\n\t\t<div class=\"elementor-element elementor-element-4d9ccce e-con-full e-flex e-con e-parent\" data-id=\"4d9ccce\" data-element_type=\"container\">\n\t\t\t\t<div class=\"elementor-element elementor-element-56c0138 elementor-arrows-position-inside elementor-widget elementor-widget-image-carousel\" data-id=\"56c0138\" data-element_type=\"widget\" data-settings=\"{&quot;slides_to_show&quot;:&quot;2&quot;,&quot;navigation&quot;:&quot;arrows&quot;,&quot;autoplay&quot;:&quot;yes&quot;,&quot;pause_on_hover&quot;:&quot;yes&quot;,&quot;pause_on_interaction&quot;:&quot;yes&quot;,&quot;autoplay_speed&quot;:5000,&quot;infinite&quot;:&quot;yes&quot;,&quot;speed&quot;:500}\" data-widget_type=\"image-carousel.default\">\n\t\t\t\t\t\t\t<div class=\"elementor-image-carousel-wrapper swiper\" role=\"region\" aria-roledescription=\"carousel\" aria-label=\"Carrusel de im\u00e1genes\" dir=\"ltr\">\n\t\t\t<div class=\"elementor-image-carousel swiper-wrapper\" aria-live=\"off\">\n\t\t\t\t\t\t\t\t<div class=\"swiper-slide\" role=\"group\" aria-roledescription=\"slide\" aria-label=\"1 sur 4\"><figure class=\"swiper-slide-inner\"><img decoding=\"async\" class=\"swiper-slide-image\" src=\"https:\/\/www.bluewines.eu\/wp-content\/uploads\/2025\/11\/Pie-de-pagina-2.jpg\" alt=\"Pie-de-pagina-2\" \/><\/figure><\/div><div class=\"swiper-slide\" role=\"group\" aria-roledescription=\"slide\" aria-label=\"2 sur 4\"><figure class=\"swiper-slide-inner\"><img decoding=\"async\" class=\"swiper-slide-image\" src=\"https:\/\/www.bluewines.eu\/wp-content\/uploads\/2025\/11\/Pie-de-pagina-3.jpg\" alt=\"Pie-de-pagina-3\" \/><\/figure><\/div><div class=\"swiper-slide\" role=\"group\" aria-roledescription=\"slide\" aria-label=\"3 sur 4\"><figure class=\"swiper-slide-inner\"><img decoding=\"async\" class=\"swiper-slide-image\" src=\"https:\/\/www.bluewines.eu\/wp-content\/uploads\/2025\/11\/Bodega-1.jpg\" alt=\"Bodega-1\" \/><\/figure><\/div><div class=\"swiper-slide\" role=\"group\" aria-roledescription=\"slide\" aria-label=\"4 sur 4\"><figure class=\"swiper-slide-inner\"><img decoding=\"async\" class=\"swiper-slide-image\" src=\"https:\/\/www.bluewines.eu\/wp-content\/uploads\/2025\/11\/Foto-vinas-2-1140x532-1.jpg\" alt=\"Foto-vinas-2-1140x532 (1)\" \/><\/figure><\/div>\t\t\t<\/div>\n\t\t\t\t\t\t\t\t\t\t\t\t<div class=\"elementor-swiper-button elementor-swiper-button-prev\" role=\"button\" tabindex=\"0\">\n\t\t\t\t\t\t<svg aria-hidden=\"true\" class=\"e-font-icon-svg e-eicon-chevron-left\" viewBox=\"0 0 1000 1000\" xmlns=\"http:\/\/www.w3.org\/2000\/svg\"><path d=\"M646 125C629 125 613 133 604 142L308 442C296 454 292 471 292 487 292 504 296 521 308 533L604 854C617 867 629 875 646 875 663 875 679 871 692 858 704 846 713 829 713 812 713 796 708 779 692 767L438 487 692 225C700 217 708 204 708 187 708 171 704 154 692 142 675 129 663 125 646 125Z\"><\/path><\/svg>\t\t\t\t\t<\/div>\n\t\t\t\t\t<div class=\"elementor-swiper-button elementor-swiper-button-next\" role=\"button\" tabindex=\"0\">\n\t\t\t\t\t\t<svg aria-hidden=\"true\" class=\"e-font-icon-svg e-eicon-chevron-right\" viewBox=\"0 0 1000 1000\" xmlns=\"http:\/\/www.w3.org\/2000\/svg\"><path d=\"M696 533C708 521 713 504 713 487 713 471 708 454 696 446L400 146C388 133 375 125 354 125 338 125 325 129 313 142 300 154 292 171 292 187 292 204 296 221 308 233L563 492 304 771C292 783 288 800 288 817 288 833 296 850 308 863 321 871 338 875 354 875 371 875 388 867 400 854L696 533Z\"><\/path><\/svg>\t\t\t\t\t<\/div>\n\t\t\t\t\n\t\t\t\t\t\t\t\t\t<\/div>\n\t\t\t\t\t\t<\/div>\n\t\t\t\t<\/div>\n\t\t<div class=\"elementor-element elementor-element-b912500 e-flex e-con-boxed e-con e-parent\" data-id=\"b912500\" data-element_type=\"container\" id=\"vinos\" data-settings=\"{&quot;background_background&quot;:&quot;classic&quot;}\">\n\t\t\t\t\t<div class=\"e-con-inner\">\n\t\t<div class=\"elementor-element elementor-element-09d5576 e-flex e-con-boxed e-con e-child\" data-id=\"09d5576\" data-element_type=\"container\" data-settings=\"{&quot;background_background&quot;:&quot;classic&quot;}\">\n\t\t\t\t\t<div class=\"e-con-inner\">\n\t\t\t\t<div class=\"elementor-element elementor-element-3ed3c11 elementor-absolute elementor-widget elementor-widget-image\" data-id=\"3ed3c11\" data-element_type=\"widget\" data-settings=\"{&quot;_position&quot;:&quot;absolute&quot;,&quot;motion_fx_motion_fx_scrolling&quot;:&quot;yes&quot;,&quot;motion_fx_translateX_effect&quot;:&quot;yes&quot;,&quot;motion_fx_translateX_speed&quot;:{&quot;unit&quot;:&quot;px&quot;,&quot;size&quot;:1,&quot;sizes&quot;:[]},&quot;motion_fx_scale_effect&quot;:&quot;yes&quot;,&quot;motion_fx_scale_direction&quot;:&quot;in-out&quot;,&quot;motion_fx_scale_speed&quot;:{&quot;unit&quot;:&quot;px&quot;,&quot;size&quot;:1.1,&quot;sizes&quot;:[]},&quot;motion_fx_devices&quot;:[&quot;desktop&quot;,&quot;laptop&quot;,&quot;tablet_extra&quot;,&quot;tablet&quot;],&quot;motion_fx_translateX_affectedRange&quot;:{&quot;unit&quot;:&quot;%&quot;,&quot;size&quot;:&quot;&quot;,&quot;sizes&quot;:{&quot;start&quot;:0,&quot;end&quot;:100}},&quot;motion_fx_scale_range&quot;:{&quot;unit&quot;:&quot;%&quot;,&quot;size&quot;:&quot;&quot;,&quot;sizes&quot;:{&quot;start&quot;:20,&quot;end&quot;:80}}}\" data-widget_type=\"image.default\">\n\t\t\t\t\t\t\t\t\t\t\t\t\t\t\t<img decoding=\"async\" width=\"323\" height=\"357\" src=\"https:\/\/www.bluewines.eu\/wp-content\/uploads\/2024\/07\/h1_decor-1.png\" class=\"attachment-full size-full wp-image-8256\" alt=\"\" srcset=\"https:\/\/www.bluewines.eu\/wp-content\/uploads\/2024\/07\/h1_decor-1.png 323w, https:\/\/www.bluewines.eu\/wp-content\/uploads\/2024\/07\/h1_decor-1-271x300.png 271w\" sizes=\"(max-width: 323px) 100vw, 323px\" \/>\t\t\t\t\t\t\t\t\t\t\t\t\t\t\t<\/div>\n\t\t<div class=\"elementor-element elementor-element-bf59bd1 e-con-full e-flex e-con e-child\" data-id=\"bf59bd1\" data-element_type=\"container\">\n\t\t\t\t<div class=\"elementor-element elementor-element-94cadc2 elementor-widget__width-initial animated-fast elementor-widget-divider--view-line elementor-invisible elementor-widget elementor-widget-divider\" data-id=\"94cadc2\" data-element_type=\"widget\" data-settings=\"{&quot;_animation&quot;:&quot;opal-helix&quot;}\" data-widget_type=\"divider.default\">\n\t\t\t\t\t\t\t<div class=\"elementor-divider\">\n\t\t\t<span class=\"elementor-divider-separator\">\n\t\t\t\t\t\t<\/span>\n\t\t<\/div>\n\t\t\t\t\t\t<\/div>\n\t\t\t\t<div class=\"elementor-element elementor-element-45708ad animated-fast elementor-invisible elementor-widget elementor-widget-heading\" data-id=\"45708ad\" data-element_type=\"widget\" data-settings=\"{&quot;_animation&quot;:&quot;fadeInLeft&quot;}\" data-widget_type=\"heading.default\">\n\t\t\t\t\t<span class=\"elementor-heading-title elementor-size-default\">SELECCI\u00d3N DE VINOS<\/span>\t\t\t\t<\/div>\n\t\t\t\t<\/div>\n\t\t\t\t<div class=\"elementor-element elementor-element-6293bf6 animated-fast elementor-invisible elementor-widget elementor-widget-heading\" data-id=\"6293bf6\" data-element_type=\"widget\" data-settings=\"{&quot;_animation&quot;:&quot;opal-move-up&quot;}\" data-widget_type=\"heading.default\">\n\t\t\t\t\t<h2 class=\"elementor-heading-title elementor-size-default\">El reflejo de cada<\/h2>\t\t\t\t<\/div>\n\t\t\t\t<div class=\"elementor-element elementor-element-07a3fa4 animated-fast elementor-invisible elementor-widget elementor-widget-heading\" data-id=\"07a3fa4\" data-element_type=\"widget\" data-settings=\"{&quot;_animation&quot;:&quot;opal-move-left&quot;}\" data-widget_type=\"heading.default\">\n\t\t\t\t\t<span class=\"elementor-heading-title elementor-size-default\">bodega y su tierra<\/span>\t\t\t\t<\/div>\n\t\t\t\t<div class=\"elementor-element elementor-element-5931ba7 elementor-swiper-button-next-vertical-bottom elementor-swiper-button-next-horizontal-right elementor-swiper-button-prev-vertical-bottom elementor-swiper-button-prev-horizontal-right animated-fast elementor-invisible elementor-widget elementor-widget-asteno-products\" data-id=\"5931ba7\" data-element_type=\"widget\" data-settings=\"{&quot;_animation&quot;:&quot;opal-move-up&quot;}\" data-widget_type=\"asteno-products.default\">\n\t\t\t\t<div class=\"elementor-widget-container\">\n\t\t\t\t\t<div class=\"woocommerce columns-1  woocommerce-product-grid\"><ul class=\"products asteno-products  columns-1\"><li class=\"product-style-default product type-product post-8819 status-publish first instock product_cat-bodegas-a-coroa product_cat-d-o-valdeorras has-post-thumbnail featured shipping-taxable product-type-simple\">\n    <div class=\"product-block\">\n        <div class=\"product-top\">\n            <div class=\"posted-in\"><a href=\"https:\/\/www.bluewines.eu\/fr\/categoria-producto\/bodegas-a-coroa\/\" rel=\"tag\">Bodegas A Coroa<\/a>, <a href=\"https:\/\/www.bluewines.eu\/fr\/categoria-producto\/d-o-valdeorras\/\" rel=\"tag\">D.O. Valdeorras<\/a><\/div>            <h3 class=\"woocommerce-loop-product__title\"><a href=\"https:\/\/www.bluewines.eu\/fr\/producto\/a-coroa-godello-2\/\">A Coroa Godello<\/a><\/h3>        <\/div>\n        <div class=\"product-transition\">\n            <div class=\"product-labels\">\n                            <\/div>\n            <div class=\"product-image image-main\"><img loading=\"lazy\" decoding=\"async\" width=\"450\" height=\"450\" src=\"https:\/\/www.bluewines.eu\/wp-content\/uploads\/2025\/11\/a-coroa-godello-450x450.jpg\" class=\"attachment-woocommerce_thumbnail size-woocommerce_thumbnail\" alt=\"A Coroa Godello\" srcset=\"https:\/\/www.bluewines.eu\/wp-content\/uploads\/2025\/11\/a-coroa-godello-450x450.jpg 450w, https:\/\/www.bluewines.eu\/wp-content\/uploads\/2025\/11\/a-coroa-godello-300x300.jpg 300w, https:\/\/www.bluewines.eu\/wp-content\/uploads\/2025\/11\/a-coroa-godello-1024x1024.jpg 1024w, https:\/\/www.bluewines.eu\/wp-content\/uploads\/2025\/11\/a-coroa-godello-150x150.jpg 150w, https:\/\/www.bluewines.eu\/wp-content\/uploads\/2025\/11\/a-coroa-godello-768x768.jpg 768w, https:\/\/www.bluewines.eu\/wp-content\/uploads\/2025\/11\/a-coroa-godello-800x800.jpg 800w, https:\/\/www.bluewines.eu\/wp-content\/uploads\/2025\/11\/a-coroa-godello-100x100.jpg 100w, https:\/\/www.bluewines.eu\/wp-content\/uploads\/2025\/11\/a-coroa-godello-50x50.jpg 50w, https:\/\/www.bluewines.eu\/wp-content\/uploads\/2025\/11\/a-coroa-godello.jpg 1200w\" sizes=\"(max-width: 450px) 100vw, 450px\" \/><\/div>                    <div class=\"tooltip-left group-action\">\n            <div class=\"shop-action\">\n                            <\/div>\n        <\/div>\n                                <a href=\"https:\/\/www.bluewines.eu\/fr\/producto\/a-coroa-godello-2\/\" class=\"woocommerce-LoopProduct-link woocommerce-loop-product__link\">            <\/a>        <\/div>\n        <div class=\"product-caption\">\n                <div class=\"count-review\">\n        <div class=\"star-rating\"><\/div><span class=\"count\">0 Reviews<\/span>    <\/div>\n                \n            <div class=\"product-caption-bottom\">\n                \t<span id=\"woocommerce_loop_add_to_cart_link_describedby_8819\" class=\"screen-reader-text\">\n\t\t\t<\/span>\n            <\/div>\n                    <\/div>\n    <\/div>\n<\/li>\n<li class=\"product-style-default product type-product post-8821 status-publish first instock product_cat-bodegas-a-coroa product_cat-d-o-valdeorras has-post-thumbnail featured shipping-taxable product-type-simple\">\n    <div class=\"product-block\">\n        <div class=\"product-top\">\n            <div class=\"posted-in\"><a href=\"https:\/\/www.bluewines.eu\/fr\/categoria-producto\/bodegas-a-coroa\/\" rel=\"tag\">Bodegas A Coroa<\/a>, <a href=\"https:\/\/www.bluewines.eu\/fr\/categoria-producto\/d-o-valdeorras\/\" rel=\"tag\">D.O. Valdeorras<\/a><\/div>            <h3 class=\"woocommerce-loop-product__title\"><a href=\"https:\/\/www.bluewines.eu\/fr\/producto\/a-coroa-lias-2\/\">A Coroa L\u00edas<\/a><\/h3>        <\/div>\n        <div class=\"product-transition\">\n            <div class=\"product-labels\">\n                            <\/div>\n            <div class=\"product-image image-main\"><img loading=\"lazy\" decoding=\"async\" width=\"450\" height=\"450\" src=\"https:\/\/www.bluewines.eu\/wp-content\/uploads\/2025\/11\/a-coroa-lias-450x450.jpg\" class=\"attachment-woocommerce_thumbnail size-woocommerce_thumbnail\" alt=\"A Coroa L\u00edas\" srcset=\"https:\/\/www.bluewines.eu\/wp-content\/uploads\/2025\/11\/a-coroa-lias-450x450.jpg 450w, https:\/\/www.bluewines.eu\/wp-content\/uploads\/2025\/11\/a-coroa-lias-300x300.jpg 300w, https:\/\/www.bluewines.eu\/wp-content\/uploads\/2025\/11\/a-coroa-lias-1024x1024.jpg 1024w, https:\/\/www.bluewines.eu\/wp-content\/uploads\/2025\/11\/a-coroa-lias-150x150.jpg 150w, https:\/\/www.bluewines.eu\/wp-content\/uploads\/2025\/11\/a-coroa-lias-768x768.jpg 768w, https:\/\/www.bluewines.eu\/wp-content\/uploads\/2025\/11\/a-coroa-lias-800x800.jpg 800w, https:\/\/www.bluewines.eu\/wp-content\/uploads\/2025\/11\/a-coroa-lias-100x100.jpg 100w, https:\/\/www.bluewines.eu\/wp-content\/uploads\/2025\/11\/a-coroa-lias-50x50.jpg 50w, https:\/\/www.bluewines.eu\/wp-content\/uploads\/2025\/11\/a-coroa-lias.jpg 1200w\" sizes=\"(max-width: 450px) 100vw, 450px\" \/><\/div>                    <div class=\"tooltip-left group-action\">\n            <div class=\"shop-action\">\n                            <\/div>\n        <\/div>\n                                <a href=\"https:\/\/www.bluewines.eu\/fr\/producto\/a-coroa-lias-2\/\" class=\"woocommerce-LoopProduct-link woocommerce-loop-product__link\">            <\/a>        <\/div>\n        <div class=\"product-caption\">\n                <div class=\"count-review\">\n        <div class=\"star-rating\"><\/div><span class=\"count\">0 Reviews<\/span>    <\/div>\n                \n            <div class=\"product-caption-bottom\">\n                \t<span id=\"woocommerce_loop_add_to_cart_link_describedby_8821\" class=\"screen-reader-text\">\n\t\t\t<\/span>\n            <\/div>\n                    <\/div>\n    <\/div>\n<\/li>\n<li class=\"product-style-default product type-product post-8818 status-publish first instock product_cat-bodegas-a-coroa product_cat-d-o-valdeorras has-post-thumbnail featured shipping-taxable product-type-simple\">\n    <div class=\"product-block\">\n        <div class=\"product-top\">\n            <div class=\"posted-in\"><a href=\"https:\/\/www.bluewines.eu\/fr\/categoria-producto\/bodegas-a-coroa\/\" rel=\"tag\">Bodegas A Coroa<\/a>, <a href=\"https:\/\/www.bluewines.eu\/fr\/categoria-producto\/d-o-valdeorras\/\" rel=\"tag\">D.O. Valdeorras<\/a><\/div>            <h3 class=\"woocommerce-loop-product__title\"><a href=\"https:\/\/www.bluewines.eu\/fr\/producto\/a-coroa-200-cestos-2\/\">A Coroa 200 Cestos<\/a><\/h3>        <\/div>\n        <div class=\"product-transition\">\n            <div class=\"product-labels\">\n                            <\/div>\n            <div class=\"product-image image-main\"><img loading=\"lazy\" decoding=\"async\" width=\"450\" height=\"450\" src=\"https:\/\/www.bluewines.eu\/wp-content\/uploads\/2025\/11\/a-coroa-200-cestos-450x450.jpg\" class=\"attachment-woocommerce_thumbnail size-woocommerce_thumbnail\" alt=\"A Coroa 200 Cestos\" srcset=\"https:\/\/www.bluewines.eu\/wp-content\/uploads\/2025\/11\/a-coroa-200-cestos-450x450.jpg 450w, https:\/\/www.bluewines.eu\/wp-content\/uploads\/2025\/11\/a-coroa-200-cestos-300x300.jpg 300w, https:\/\/www.bluewines.eu\/wp-content\/uploads\/2025\/11\/a-coroa-200-cestos-1024x1024.jpg 1024w, https:\/\/www.bluewines.eu\/wp-content\/uploads\/2025\/11\/a-coroa-200-cestos-150x150.jpg 150w, https:\/\/www.bluewines.eu\/wp-content\/uploads\/2025\/11\/a-coroa-200-cestos-768x768.jpg 768w, https:\/\/www.bluewines.eu\/wp-content\/uploads\/2025\/11\/a-coroa-200-cestos-800x800.jpg 800w, https:\/\/www.bluewines.eu\/wp-content\/uploads\/2025\/11\/a-coroa-200-cestos-100x100.jpg 100w, https:\/\/www.bluewines.eu\/wp-content\/uploads\/2025\/11\/a-coroa-200-cestos-50x50.jpg 50w, https:\/\/www.bluewines.eu\/wp-content\/uploads\/2025\/11\/a-coroa-200-cestos.jpg 1200w\" sizes=\"(max-width: 450px) 100vw, 450px\" \/><\/div>                    <div class=\"tooltip-left group-action\">\n            <div class=\"shop-action\">\n                            <\/div>\n        <\/div>\n                                <a href=\"https:\/\/www.bluewines.eu\/fr\/producto\/a-coroa-200-cestos-2\/\" class=\"woocommerce-LoopProduct-link woocommerce-loop-product__link\">            <\/a>        <\/div>\n        <div class=\"product-caption\">\n                <div class=\"count-review\">\n        <div class=\"star-rating\"><\/div><span class=\"count\">0 Reviews<\/span>    <\/div>\n                \n            <div class=\"product-caption-bottom\">\n                \t<span id=\"woocommerce_loop_add_to_cart_link_describedby_8818\" class=\"screen-reader-text\">\n\t\t\t<\/span>\n            <\/div>\n                    <\/div>\n    <\/div>\n<\/li>\n<li class=\"product-style-default product type-product post-8820 status-publish first instock product_cat-bodegas-a-coroa product_cat-d-o-valdeorras has-post-thumbnail featured shipping-taxable product-type-simple\">\n    <div class=\"product-block\">\n        <div class=\"product-top\">\n            <div class=\"posted-in\"><a href=\"https:\/\/www.bluewines.eu\/fr\/categoria-producto\/bodegas-a-coroa\/\" rel=\"tag\">Bodegas A Coroa<\/a>, <a href=\"https:\/\/www.bluewines.eu\/fr\/categoria-producto\/d-o-valdeorras\/\" rel=\"tag\">D.O. Valdeorras<\/a><\/div>            <h3 class=\"woocommerce-loop-product__title\"><a href=\"https:\/\/www.bluewines.eu\/fr\/producto\/a-coroa-ladeira-vella-2\/\">A Coroa Ladeira Vella<\/a><\/h3>        <\/div>\n        <div class=\"product-transition\">\n            <div class=\"product-labels\">\n                            <\/div>\n            <div class=\"product-image image-main\"><img loading=\"lazy\" decoding=\"async\" width=\"450\" height=\"450\" src=\"https:\/\/www.bluewines.eu\/wp-content\/uploads\/2025\/11\/a-coroa-ladeira-vella-450x450.jpg\" class=\"attachment-woocommerce_thumbnail size-woocommerce_thumbnail\" alt=\"A Coroa Ladeira Vella\" srcset=\"https:\/\/www.bluewines.eu\/wp-content\/uploads\/2025\/11\/a-coroa-ladeira-vella-450x450.jpg 450w, https:\/\/www.bluewines.eu\/wp-content\/uploads\/2025\/11\/a-coroa-ladeira-vella-300x300.jpg 300w, https:\/\/www.bluewines.eu\/wp-content\/uploads\/2025\/11\/a-coroa-ladeira-vella-1024x1024.jpg 1024w, https:\/\/www.bluewines.eu\/wp-content\/uploads\/2025\/11\/a-coroa-ladeira-vella-150x150.jpg 150w, https:\/\/www.bluewines.eu\/wp-content\/uploads\/2025\/11\/a-coroa-ladeira-vella-768x768.jpg 768w, https:\/\/www.bluewines.eu\/wp-content\/uploads\/2025\/11\/a-coroa-ladeira-vella-800x800.jpg 800w, https:\/\/www.bluewines.eu\/wp-content\/uploads\/2025\/11\/a-coroa-ladeira-vella-100x100.jpg 100w, https:\/\/www.bluewines.eu\/wp-content\/uploads\/2025\/11\/a-coroa-ladeira-vella-50x50.jpg 50w, https:\/\/www.bluewines.eu\/wp-content\/uploads\/2025\/11\/a-coroa-ladeira-vella.jpg 1200w\" sizes=\"(max-width: 450px) 100vw, 450px\" \/><\/div>                    <div class=\"tooltip-left group-action\">\n            <div class=\"shop-action\">\n                            <\/div>\n        <\/div>\n                                <a href=\"https:\/\/www.bluewines.eu\/fr\/producto\/a-coroa-ladeira-vella-2\/\" class=\"woocommerce-LoopProduct-link woocommerce-loop-product__link\">            <\/a>        <\/div>\n        <div class=\"product-caption\">\n                <div class=\"count-review\">\n        <div class=\"star-rating\"><\/div><span class=\"count\">0 Reviews<\/span>    <\/div>\n                \n            <div class=\"product-caption-bottom\">\n                \t<span id=\"woocommerce_loop_add_to_cart_link_describedby_8820\" class=\"screen-reader-text\">\n\t\t\t<\/span>\n            <\/div>\n                    <\/div>\n    <\/div>\n<\/li>\n<\/ul><\/div>        \t\t\t\t<\/div>\n\t\t\t\t<\/div>\n\t\t\t\t\t<\/div>\n\t\t\t\t<\/div>\n\t\t\t\t\t<\/div>\n\t\t\t\t<\/div>\n\t\t\t\t<\/div>\n\t\t","protected":false},"excerpt":{"rendered":"<p>Bodegas A Coroa es una de las referencias m\u00e1s destacadas de la Denominaci\u00f3n de Origen Valdeorras, en el oriente de Ourense. Especializada en la elaboraci\u00f3n de vinos blancos a partir de la variedad Godello, la bodega combina tradici\u00f3n vitivin\u00edcola centenaria con un enfoque contempor\u00e1neo de precisi\u00f3n y sostenibilidad. Sus vi\u00f1edos \u2014muchos de ellos situados en [&hellip;]<\/p>\n","protected":false},"author":1,"featured_media":0,"parent":8325,"menu_order":0,"comment_status":"closed","ping_status":"closed","template":"template-homepage.php","meta":{"_acf_changed":false,"footnotes":""},"class_list":["post-8378","page","type-page","status-publish","hentry"],"acf":[],"_links":{"self":[{"href":"https:\/\/www.bluewines.eu\/fr\/wp-json\/wp\/v2\/pages\/8378","targetHints":{"allow":["GET"]}}],"collection":[{"href":"https:\/\/www.bluewines.eu\/fr\/wp-json\/wp\/v2\/pages"}],"about":[{"href":"https:\/\/www.bluewines.eu\/fr\/wp-json\/wp\/v2\/types\/page"}],"author":[{"embeddable":true,"href":"https:\/\/www.bluewines.eu\/fr\/wp-json\/wp\/v2\/users\/1"}],"replies":[{"embeddable":true,"href":"https:\/\/www.bluewines.eu\/fr\/wp-json\/wp\/v2\/comments?post=8378"}],"version-history":[{"count":0,"href":"https:\/\/www.bluewines.eu\/fr\/wp-json\/wp\/v2\/pages\/8378\/revisions"}],"up":[{"embeddable":true,"href":"https:\/\/www.bluewines.eu\/fr\/wp-json\/wp\/v2\/pages\/8325"}],"wp:attachment":[{"href":"https:\/\/www.bluewines.eu\/fr\/wp-json\/wp\/v2\/media?parent=8378"}],"curies":[{"name":"wp","href":"https:\/\/api.w.org\/{rel}","templated":true}]}}