{"id":8381,"date":"2025-11-13T10:40:17","date_gmt":"2025-11-13T09:40:17","guid":{"rendered":"https:\/\/www.bluewines.eu\/caves\/bodegas-oro-de-castilla\/"},"modified":"2025-11-13T10:40:17","modified_gmt":"2025-11-13T09:40:17","slug":"bodegas-oro-de-castilla","status":"publish","type":"page","link":"https:\/\/www.bluewines.eu\/fr\/caves\/bodegas-oro-de-castilla\/","title":{"rendered":"Bodegas Oro de Castilla"},"content":{"rendered":"\t\t<div data-elementor-type=\"wp-page\" data-elementor-id=\"8381\" class=\"elementor elementor-8381 elementor-5131\" data-elementor-post-type=\"page\">\n\t\t\t\t<div class=\"elementor-element elementor-element-4cc49e6 e-flex e-con-boxed e-con e-parent\" data-id=\"4cc49e6\" data-element_type=\"container\">\n\t\t\t\t\t<div class=\"e-con-inner\">\n\t\t\t\t<div class=\"elementor-element elementor-element-3de3c71 elementor-absolute elementor-widget elementor-widget-image\" data-id=\"3de3c71\" data-element_type=\"widget\" data-settings=\"{&quot;_position&quot;:&quot;absolute&quot;}\" data-widget_type=\"image.default\">\n\t\t\t\t\t\t\t\t\t\t\t\t\t\t\t<img fetchpriority=\"high\" decoding=\"async\" width=\"392\" height=\"711\" src=\"https:\/\/www.bluewines.eu\/wp-content\/uploads\/2024\/07\/team_vector.png\" class=\"attachment-full size-full wp-image-8311\" alt=\"\" srcset=\"https:\/\/www.bluewines.eu\/wp-content\/uploads\/2024\/07\/team_vector.png 392w, https:\/\/www.bluewines.eu\/wp-content\/uploads\/2024\/07\/team_vector-165x300.png 165w\" sizes=\"(max-width: 392px) 100vw, 392px\" \/>\t\t\t\t\t\t\t\t\t\t\t\t\t\t\t<\/div>\n\t\t\t\t<div class=\"elementor-element elementor-element-70b48a9 elementor-widget elementor-widget-image\" data-id=\"70b48a9\" data-element_type=\"widget\" data-widget_type=\"image.default\">\n\t\t\t\t\t\t\t\t\t\t\t\t\t\t\t<img decoding=\"async\" width=\"240\" height=\"96\" src=\"https:\/\/www.bluewines.eu\/wp-content\/uploads\/2025\/11\/oro-de-castilla-home-1.png\" class=\"attachment-large size-large wp-image-8371\" alt=\"\" \/>\t\t\t\t\t\t\t\t\t\t\t\t\t\t\t<\/div>\n\t\t\t\t<div class=\"elementor-element elementor-element-a2e8dcb elementor-widget__width-initial elementor-widget elementor-widget-text-editor\" data-id=\"a2e8dcb\" data-element_type=\"widget\" data-widget_type=\"text-editor.default\">\n\t\t\t\t\t\t\t\t\t<p class=\"c-carrousel__descripcion\">Vin\u00edcola de Arganda es una bodega fundada en los a\u00f1os 40 del siglo pasado. En el a\u00f1o 2002 traslad\u00f3 sus instalaciones a un nuevo espacio lo que ha permitido integrar en el proceso de elaboraci\u00f3n del vino todos los avances t\u00e9cnicos necesarios para elaborar vinos modernos y a gusto del consumidor actual. Fermentaci\u00f3n con control de temperatura, prensas neum\u00e1ticas y una nave de envejecimiento con temperatura y humedad controlada con capacidad para 2.000 barricas, en su mayor\u00eda de roble americano de tostado medio.<\/p><p class=\"c-carrousel__descripcion\">Los vi\u00f1edos tienen m\u00e1s de 30 a\u00f1os y est\u00e1n en terrenos con formaciones sedimentarias, fundamentalmente calizas, predominantes en la subzona de Arganda del Rey. Los suelos tienen una textura franca o franco-arcillosa. Los vi\u00f1edos est\u00e1n entre los 600 y 650 metros sobre el nivel del mar, ya que est\u00e1n situados en el centro de la altiplanicie que forma la meseta castellana.<\/p>\t\t\t\t\t\t\t\t<\/div>\n\t\t\t\t<div class=\"elementor-element elementor-element-28e68d8 elementor-button-outline animated-fast elementor-align-center elementor-invisible elementor-widget elementor-widget-button\" data-id=\"28e68d8\" data-element_type=\"widget\" data-settings=\"{&quot;_animation&quot;:&quot;opal-move-up&quot;}\" data-widget_type=\"button.default\">\n\t\t\t\t\t\t\t\t\t\t<a class=\"elementor-button elementor-button-link elementor-size-sm\" href=\"#vinos\">\n\t\t\t\t\t\t<span class=\"elementor-button-content-wrapper\">\n\t\t\t\t\t\t\t\t\t<span class=\"elementor-button-text\">VER SELECCI\u00d3N<\/span>\n\t\t\t\t\t<\/span>\n\t\t\t\t\t<\/a>\n\t\t\t\t\t\t\t\t<\/div>\n\t\t\t\t\t<\/div>\n\t\t\t\t<\/div>\n\t\t<div class=\"elementor-element elementor-element-a65c32f e-con-full e-flex e-con e-parent\" data-id=\"a65c32f\" data-element_type=\"container\">\n\t\t\t\t<div class=\"elementor-element elementor-element-a3b277b elementor-arrows-position-inside elementor-widget elementor-widget-image-carousel\" data-id=\"a3b277b\" data-element_type=\"widget\" data-settings=\"{&quot;slides_to_show&quot;:&quot;2&quot;,&quot;navigation&quot;:&quot;arrows&quot;,&quot;autoplay&quot;:&quot;yes&quot;,&quot;pause_on_hover&quot;:&quot;yes&quot;,&quot;pause_on_interaction&quot;:&quot;yes&quot;,&quot;autoplay_speed&quot;:5000,&quot;infinite&quot;:&quot;yes&quot;,&quot;speed&quot;:500}\" data-widget_type=\"image-carousel.default\">\n\t\t\t\t\t\t\t<div class=\"elementor-image-carousel-wrapper swiper\" role=\"region\" aria-roledescription=\"carousel\" aria-label=\"Carrusel de im\u00e1genes\" dir=\"ltr\">\n\t\t\t<div class=\"elementor-image-carousel swiper-wrapper\" aria-live=\"off\">\n\t\t\t\t\t\t\t\t<div class=\"swiper-slide\" role=\"group\" aria-roledescription=\"slide\" aria-label=\"1 sur 4\"><figure class=\"swiper-slide-inner\"><img decoding=\"async\" class=\"swiper-slide-image\" src=\"https:\/\/www.bluewines.eu\/wp-content\/uploads\/2025\/11\/IMG_7148-e1423389105766-1.jpg\" alt=\"IMG_7148-e1423389105766\" \/><\/figure><\/div><div class=\"swiper-slide\" role=\"group\" aria-roledescription=\"slide\" aria-label=\"2 sur 4\"><figure class=\"swiper-slide-inner\"><img decoding=\"async\" class=\"swiper-slide-image\" src=\"https:\/\/www.bluewines.eu\/wp-content\/uploads\/2025\/11\/vendimia-2025-oro-de-castilla-scaled-1.webp\" alt=\"vendimia-2025-oro-de-castilla-scaled\" \/><\/figure><\/div><div class=\"swiper-slide\" role=\"group\" aria-roledescription=\"slide\" aria-label=\"3 sur 4\"><figure class=\"swiper-slide-inner\"><img decoding=\"async\" class=\"swiper-slide-image\" src=\"https:\/\/www.bluewines.eu\/wp-content\/uploads\/2025\/11\/oro013.jpg\" alt=\"oro013\" \/><\/figure><\/div><div class=\"swiper-slide\" role=\"group\" aria-roledescription=\"slide\" aria-label=\"4 sur 4\"><figure class=\"swiper-slide-inner\"><img decoding=\"async\" class=\"swiper-slide-image\" src=\"https:\/\/www.bluewines.eu\/wp-content\/uploads\/2025\/11\/oro-de-castilla-verdejo-2024-scaled-1.webp\" alt=\"oro-de-castilla-verdejo-2024-scaled\" \/><\/figure><\/div>\t\t\t<\/div>\n\t\t\t\t\t\t\t\t\t\t\t\t<div class=\"elementor-swiper-button elementor-swiper-button-prev\" role=\"button\" tabindex=\"0\">\n\t\t\t\t\t\t<svg aria-hidden=\"true\" class=\"e-font-icon-svg e-eicon-chevron-left\" viewBox=\"0 0 1000 1000\" xmlns=\"http:\/\/www.w3.org\/2000\/svg\"><path d=\"M646 125C629 125 613 133 604 142L308 442C296 454 292 471 292 487 292 504 296 521 308 533L604 854C617 867 629 875 646 875 663 875 679 871 692 858 704 846 713 829 713 812 713 796 708 779 692 767L438 487 692 225C700 217 708 204 708 187 708 171 704 154 692 142 675 129 663 125 646 125Z\"><\/path><\/svg>\t\t\t\t\t<\/div>\n\t\t\t\t\t<div class=\"elementor-swiper-button elementor-swiper-button-next\" role=\"button\" tabindex=\"0\">\n\t\t\t\t\t\t<svg aria-hidden=\"true\" class=\"e-font-icon-svg e-eicon-chevron-right\" viewBox=\"0 0 1000 1000\" xmlns=\"http:\/\/www.w3.org\/2000\/svg\"><path d=\"M696 533C708 521 713 504 713 487 713 471 708 454 696 446L400 146C388 133 375 125 354 125 338 125 325 129 313 142 300 154 292 171 292 187 292 204 296 221 308 233L563 492 304 771C292 783 288 800 288 817 288 833 296 850 308 863 321 871 338 875 354 875 371 875 388 867 400 854L696 533Z\"><\/path><\/svg>\t\t\t\t\t<\/div>\n\t\t\t\t\n\t\t\t\t\t\t\t\t\t<\/div>\n\t\t\t\t\t\t<\/div>\n\t\t\t\t<\/div>\n\t\t<div class=\"elementor-element elementor-element-b912500 e-flex e-con-boxed e-con e-parent\" data-id=\"b912500\" data-element_type=\"container\" id=\"vinos\" data-settings=\"{&quot;background_background&quot;:&quot;classic&quot;}\">\n\t\t\t\t\t<div class=\"e-con-inner\">\n\t\t<div class=\"elementor-element elementor-element-09d5576 e-flex e-con-boxed e-con e-child\" data-id=\"09d5576\" data-element_type=\"container\" data-settings=\"{&quot;background_background&quot;:&quot;classic&quot;}\">\n\t\t\t\t\t<div class=\"e-con-inner\">\n\t\t\t\t<div class=\"elementor-element elementor-element-3ed3c11 elementor-absolute elementor-widget elementor-widget-image\" data-id=\"3ed3c11\" data-element_type=\"widget\" data-settings=\"{&quot;_position&quot;:&quot;absolute&quot;,&quot;motion_fx_motion_fx_scrolling&quot;:&quot;yes&quot;,&quot;motion_fx_translateX_effect&quot;:&quot;yes&quot;,&quot;motion_fx_translateX_speed&quot;:{&quot;unit&quot;:&quot;px&quot;,&quot;size&quot;:1,&quot;sizes&quot;:[]},&quot;motion_fx_scale_effect&quot;:&quot;yes&quot;,&quot;motion_fx_scale_direction&quot;:&quot;in-out&quot;,&quot;motion_fx_scale_speed&quot;:{&quot;unit&quot;:&quot;px&quot;,&quot;size&quot;:1.1,&quot;sizes&quot;:[]},&quot;motion_fx_devices&quot;:[&quot;desktop&quot;,&quot;laptop&quot;,&quot;tablet_extra&quot;,&quot;tablet&quot;],&quot;motion_fx_translateX_affectedRange&quot;:{&quot;unit&quot;:&quot;%&quot;,&quot;size&quot;:&quot;&quot;,&quot;sizes&quot;:{&quot;start&quot;:0,&quot;end&quot;:100}},&quot;motion_fx_scale_range&quot;:{&quot;unit&quot;:&quot;%&quot;,&quot;size&quot;:&quot;&quot;,&quot;sizes&quot;:{&quot;start&quot;:20,&quot;end&quot;:80}}}\" data-widget_type=\"image.default\">\n\t\t\t\t\t\t\t\t\t\t\t\t\t\t\t<img decoding=\"async\" width=\"323\" height=\"357\" src=\"https:\/\/www.bluewines.eu\/wp-content\/uploads\/2024\/07\/h1_decor-1.png\" class=\"attachment-full size-full wp-image-8256\" alt=\"\" srcset=\"https:\/\/www.bluewines.eu\/wp-content\/uploads\/2024\/07\/h1_decor-1.png 323w, https:\/\/www.bluewines.eu\/wp-content\/uploads\/2024\/07\/h1_decor-1-271x300.png 271w\" sizes=\"(max-width: 323px) 100vw, 323px\" \/>\t\t\t\t\t\t\t\t\t\t\t\t\t\t\t<\/div>\n\t\t<div class=\"elementor-element elementor-element-bf59bd1 e-con-full e-flex e-con e-child\" data-id=\"bf59bd1\" data-element_type=\"container\">\n\t\t\t\t<div class=\"elementor-element elementor-element-94cadc2 elementor-widget__width-initial animated-fast elementor-widget-divider--view-line elementor-invisible elementor-widget elementor-widget-divider\" data-id=\"94cadc2\" data-element_type=\"widget\" data-settings=\"{&quot;_animation&quot;:&quot;opal-helix&quot;}\" data-widget_type=\"divider.default\">\n\t\t\t\t\t\t\t<div class=\"elementor-divider\">\n\t\t\t<span class=\"elementor-divider-separator\">\n\t\t\t\t\t\t<\/span>\n\t\t<\/div>\n\t\t\t\t\t\t<\/div>\n\t\t\t\t<div class=\"elementor-element elementor-element-45708ad animated-fast elementor-invisible elementor-widget elementor-widget-heading\" data-id=\"45708ad\" data-element_type=\"widget\" data-settings=\"{&quot;_animation&quot;:&quot;fadeInLeft&quot;}\" data-widget_type=\"heading.default\">\n\t\t\t\t\t<span class=\"elementor-heading-title elementor-size-default\">SELECCI\u00d3N DE VINOS<\/span>\t\t\t\t<\/div>\n\t\t\t\t<\/div>\n\t\t\t\t<div class=\"elementor-element elementor-element-6293bf6 animated-fast elementor-invisible elementor-widget elementor-widget-heading\" data-id=\"6293bf6\" data-element_type=\"widget\" data-settings=\"{&quot;_animation&quot;:&quot;opal-move-up&quot;}\" data-widget_type=\"heading.default\">\n\t\t\t\t\t<h2 class=\"elementor-heading-title elementor-size-default\">El reflejo de cada<\/h2>\t\t\t\t<\/div>\n\t\t\t\t<div class=\"elementor-element elementor-element-07a3fa4 animated-fast elementor-invisible elementor-widget elementor-widget-heading\" data-id=\"07a3fa4\" data-element_type=\"widget\" data-settings=\"{&quot;_animation&quot;:&quot;opal-move-left&quot;}\" data-widget_type=\"heading.default\">\n\t\t\t\t\t<span class=\"elementor-heading-title elementor-size-default\">bodega y su tierra<\/span>\t\t\t\t<\/div>\n\t\t\t\t<div class=\"elementor-element elementor-element-5931ba7 elementor-swiper-button-next-vertical-bottom elementor-swiper-button-next-horizontal-right elementor-swiper-button-prev-vertical-bottom elementor-swiper-button-prev-horizontal-right animated-fast elementor-invisible elementor-widget elementor-widget-asteno-products\" data-id=\"5931ba7\" data-element_type=\"widget\" data-settings=\"{&quot;_animation&quot;:&quot;opal-move-up&quot;}\" data-widget_type=\"asteno-products.default\">\n\t\t\t\t<div class=\"elementor-widget-container\">\n\t\t\t\t\t<div class=\"woocommerce columns-1  woocommerce-product-grid\"><ul class=\"products asteno-products  columns-1\"><li class=\"product-style-default product type-product post-8831 status-publish first instock product_cat-bodegas-oro-de-castilla product_cat-d-o-rueda has-post-thumbnail featured shipping-taxable product-type-simple\">\n    <div class=\"product-block\">\n        <div class=\"product-top\">\n            <div class=\"posted-in\"><a href=\"https:\/\/www.bluewines.eu\/fr\/categoria-producto\/bodegas-oro-de-castilla\/\" rel=\"tag\">Bodegas Oro de Castilla<\/a>, <a href=\"https:\/\/www.bluewines.eu\/fr\/categoria-producto\/d-o-rueda\/\" rel=\"tag\">D.O. Rueda<\/a><\/div>            <h3 class=\"woocommerce-loop-product__title\"><a href=\"https:\/\/www.bluewines.eu\/fr\/producto\/oro-de-castilla-verdejo-2\/\">Oro de Castilla Verdejo<\/a><\/h3>        <\/div>\n        <div class=\"product-transition\">\n            <div class=\"product-labels\">\n                            <\/div>\n            <div class=\"product-image image-main\"><img loading=\"lazy\" decoding=\"async\" width=\"450\" height=\"450\" src=\"https:\/\/www.bluewines.eu\/wp-content\/uploads\/2025\/11\/oro-blanc-450x450.jpg\" class=\"attachment-woocommerce_thumbnail size-woocommerce_thumbnail\" alt=\"Oro de Castilla Verdejo\" srcset=\"https:\/\/www.bluewines.eu\/wp-content\/uploads\/2025\/11\/oro-blanc-450x450.jpg 450w, https:\/\/www.bluewines.eu\/wp-content\/uploads\/2025\/11\/oro-blanc-300x300.jpg 300w, https:\/\/www.bluewines.eu\/wp-content\/uploads\/2025\/11\/oro-blanc-1024x1024.jpg 1024w, https:\/\/www.bluewines.eu\/wp-content\/uploads\/2025\/11\/oro-blanc-150x150.jpg 150w, https:\/\/www.bluewines.eu\/wp-content\/uploads\/2025\/11\/oro-blanc-768x768.jpg 768w, https:\/\/www.bluewines.eu\/wp-content\/uploads\/2025\/11\/oro-blanc-800x800.jpg 800w, https:\/\/www.bluewines.eu\/wp-content\/uploads\/2025\/11\/oro-blanc-100x100.jpg 100w, https:\/\/www.bluewines.eu\/wp-content\/uploads\/2025\/11\/oro-blanc-50x50.jpg 50w, https:\/\/www.bluewines.eu\/wp-content\/uploads\/2025\/11\/oro-blanc.jpg 1200w\" sizes=\"(max-width: 450px) 100vw, 450px\" \/><\/div>                    <div class=\"tooltip-left group-action\">\n            <div class=\"shop-action\">\n                            <\/div>\n        <\/div>\n                                <a href=\"https:\/\/www.bluewines.eu\/fr\/producto\/oro-de-castilla-verdejo-2\/\" class=\"woocommerce-LoopProduct-link woocommerce-loop-product__link\">            <\/a>        <\/div>\n        <div class=\"product-caption\">\n                <div class=\"count-review\">\n        <div class=\"star-rating\"><\/div><span class=\"count\">0 Reviews<\/span>    <\/div>\n                \n            <div class=\"product-caption-bottom\">\n                \t<span id=\"woocommerce_loop_add_to_cart_link_describedby_8831\" class=\"screen-reader-text\">\n\t\t\t<\/span>\n            <\/div>\n                    <\/div>\n    <\/div>\n<\/li>\n<li class=\"product-style-default product type-product post-8830 status-publish first instock product_cat-bodegas-oro-de-castilla product_cat-d-o-rueda has-post-thumbnail featured shipping-taxable product-type-simple\">\n    <div class=\"product-block\">\n        <div class=\"product-top\">\n            <div class=\"posted-in\"><a href=\"https:\/\/www.bluewines.eu\/fr\/categoria-producto\/bodegas-oro-de-castilla\/\" rel=\"tag\">Bodegas Oro de Castilla<\/a>, <a href=\"https:\/\/www.bluewines.eu\/fr\/categoria-producto\/d-o-rueda\/\" rel=\"tag\">D.O. Rueda<\/a><\/div>            <h3 class=\"woocommerce-loop-product__title\"><a href=\"https:\/\/www.bluewines.eu\/fr\/producto\/oro-de-castilla-sauvignon-blanc-2\/\">Oro de Castilla Sauvignon Blanc<\/a><\/h3>        <\/div>\n        <div class=\"product-transition\">\n            <div class=\"product-labels\">\n                            <\/div>\n            <div class=\"product-image image-main\"><img loading=\"lazy\" decoding=\"async\" width=\"450\" height=\"450\" src=\"https:\/\/www.bluewines.eu\/wp-content\/uploads\/2025\/11\/oro-blanc-450x450.jpg\" class=\"attachment-woocommerce_thumbnail size-woocommerce_thumbnail\" alt=\"Oro de Castilla Sauvignon Blanc\" srcset=\"https:\/\/www.bluewines.eu\/wp-content\/uploads\/2025\/11\/oro-blanc-450x450.jpg 450w, https:\/\/www.bluewines.eu\/wp-content\/uploads\/2025\/11\/oro-blanc-300x300.jpg 300w, https:\/\/www.bluewines.eu\/wp-content\/uploads\/2025\/11\/oro-blanc-1024x1024.jpg 1024w, https:\/\/www.bluewines.eu\/wp-content\/uploads\/2025\/11\/oro-blanc-150x150.jpg 150w, https:\/\/www.bluewines.eu\/wp-content\/uploads\/2025\/11\/oro-blanc-768x768.jpg 768w, https:\/\/www.bluewines.eu\/wp-content\/uploads\/2025\/11\/oro-blanc-800x800.jpg 800w, https:\/\/www.bluewines.eu\/wp-content\/uploads\/2025\/11\/oro-blanc-100x100.jpg 100w, https:\/\/www.bluewines.eu\/wp-content\/uploads\/2025\/11\/oro-blanc-50x50.jpg 50w, https:\/\/www.bluewines.eu\/wp-content\/uploads\/2025\/11\/oro-blanc.jpg 1200w\" sizes=\"(max-width: 450px) 100vw, 450px\" \/><\/div>                    <div class=\"tooltip-left group-action\">\n            <div class=\"shop-action\">\n                            <\/div>\n        <\/div>\n                                <a href=\"https:\/\/www.bluewines.eu\/fr\/producto\/oro-de-castilla-sauvignon-blanc-2\/\" class=\"woocommerce-LoopProduct-link woocommerce-loop-product__link\">            <\/a>        <\/div>\n        <div class=\"product-caption\">\n                <div class=\"count-review\">\n        <div class=\"star-rating\"><\/div><span class=\"count\">0 Reviews<\/span>    <\/div>\n                \n            <div class=\"product-caption-bottom\">\n                \t<span id=\"woocommerce_loop_add_to_cart_link_describedby_8830\" class=\"screen-reader-text\">\n\t\t\t<\/span>\n            <\/div>\n                    <\/div>\n    <\/div>\n<\/li>\n<li class=\"product-style-default product type-product post-8829 status-publish first instock product_cat-bodegas-oro-de-castilla product_cat-d-o-ribera-del-duero has-post-thumbnail featured shipping-taxable product-type-simple\">\n    <div class=\"product-block\">\n        <div class=\"product-top\">\n            <div class=\"posted-in\"><a href=\"https:\/\/www.bluewines.eu\/fr\/categoria-producto\/bodegas-oro-de-castilla\/\" rel=\"tag\">Bodegas Oro de Castilla<\/a>, <a href=\"https:\/\/www.bluewines.eu\/fr\/categoria-producto\/d-o-ribera-del-duero\/\" rel=\"tag\">D.O. Ribera del Duero<\/a><\/div>            <h3 class=\"woocommerce-loop-product__title\"><a href=\"https:\/\/www.bluewines.eu\/fr\/producto\/oro-de-castilla-gaudeamus-2\/\">Oro de Castilla Gaudeamus<\/a><\/h3>        <\/div>\n        <div class=\"product-transition\">\n            <div class=\"product-labels\">\n                            <\/div>\n            <div class=\"product-image image-main\"><img loading=\"lazy\" decoding=\"async\" width=\"450\" height=\"450\" src=\"https:\/\/www.bluewines.eu\/wp-content\/uploads\/2025\/11\/oro-gaudeamus-450x450.jpg\" class=\"attachment-woocommerce_thumbnail size-woocommerce_thumbnail\" alt=\"Oro de Castilla Gaudeamus\" srcset=\"https:\/\/www.bluewines.eu\/wp-content\/uploads\/2025\/11\/oro-gaudeamus-450x450.jpg 450w, https:\/\/www.bluewines.eu\/wp-content\/uploads\/2025\/11\/oro-gaudeamus-300x300.jpg 300w, https:\/\/www.bluewines.eu\/wp-content\/uploads\/2025\/11\/oro-gaudeamus-1024x1024.jpg 1024w, https:\/\/www.bluewines.eu\/wp-content\/uploads\/2025\/11\/oro-gaudeamus-150x150.jpg 150w, https:\/\/www.bluewines.eu\/wp-content\/uploads\/2025\/11\/oro-gaudeamus-768x768.jpg 768w, https:\/\/www.bluewines.eu\/wp-content\/uploads\/2025\/11\/oro-gaudeamus-800x800.jpg 800w, https:\/\/www.bluewines.eu\/wp-content\/uploads\/2025\/11\/oro-gaudeamus-100x100.jpg 100w, https:\/\/www.bluewines.eu\/wp-content\/uploads\/2025\/11\/oro-gaudeamus-50x50.jpg 50w, https:\/\/www.bluewines.eu\/wp-content\/uploads\/2025\/11\/oro-gaudeamus.jpg 1200w\" sizes=\"(max-width: 450px) 100vw, 450px\" \/><\/div>                    <div class=\"tooltip-left group-action\">\n            <div class=\"shop-action\">\n                            <\/div>\n        <\/div>\n                                <a href=\"https:\/\/www.bluewines.eu\/fr\/producto\/oro-de-castilla-gaudeamus-2\/\" class=\"woocommerce-LoopProduct-link woocommerce-loop-product__link\">            <\/a>        <\/div>\n        <div class=\"product-caption\">\n                <div class=\"count-review\">\n        <div class=\"star-rating\"><\/div><span class=\"count\">0 Reviews<\/span>    <\/div>\n                \n            <div class=\"product-caption-bottom\">\n                \t<span id=\"woocommerce_loop_add_to_cart_link_describedby_8829\" class=\"screen-reader-text\">\n\t\t\t<\/span>\n            <\/div>\n                    <\/div>\n    <\/div>\n<\/li>\n<li class=\"product-style-default product type-product post-8828 status-publish first instock product_cat-bodegas-oro-de-castilla product_cat-d-o-ribera-del-duero has-post-thumbnail featured shipping-taxable product-type-simple\">\n    <div class=\"product-block\">\n        <div class=\"product-top\">\n            <div class=\"posted-in\"><a href=\"https:\/\/www.bluewines.eu\/fr\/categoria-producto\/bodegas-oro-de-castilla\/\" rel=\"tag\">Bodegas Oro de Castilla<\/a>, <a href=\"https:\/\/www.bluewines.eu\/fr\/categoria-producto\/d-o-ribera-del-duero\/\" rel=\"tag\">D.O. Ribera del Duero<\/a><\/div>            <h3 class=\"woocommerce-loop-product__title\"><a href=\"https:\/\/www.bluewines.eu\/fr\/producto\/oro-de-castilla-crianza-2\/\">Oro de Castilla Crianza<\/a><\/h3>        <\/div>\n        <div class=\"product-transition\">\n            <div class=\"product-labels\">\n                            <\/div>\n            <div class=\"product-image image-main\"><img loading=\"lazy\" decoding=\"async\" width=\"450\" height=\"450\" src=\"https:\/\/www.bluewines.eu\/wp-content\/uploads\/2025\/11\/oro-crianza-450x450.jpg\" class=\"attachment-woocommerce_thumbnail size-woocommerce_thumbnail\" alt=\"Oro de Castilla Crianza\" srcset=\"https:\/\/www.bluewines.eu\/wp-content\/uploads\/2025\/11\/oro-crianza-450x450.jpg 450w, https:\/\/www.bluewines.eu\/wp-content\/uploads\/2025\/11\/oro-crianza-300x300.jpg 300w, https:\/\/www.bluewines.eu\/wp-content\/uploads\/2025\/11\/oro-crianza-1024x1024.jpg 1024w, https:\/\/www.bluewines.eu\/wp-content\/uploads\/2025\/11\/oro-crianza-150x150.jpg 150w, https:\/\/www.bluewines.eu\/wp-content\/uploads\/2025\/11\/oro-crianza-768x768.jpg 768w, https:\/\/www.bluewines.eu\/wp-content\/uploads\/2025\/11\/oro-crianza-800x800.jpg 800w, https:\/\/www.bluewines.eu\/wp-content\/uploads\/2025\/11\/oro-crianza-100x100.jpg 100w, https:\/\/www.bluewines.eu\/wp-content\/uploads\/2025\/11\/oro-crianza-50x50.jpg 50w, https:\/\/www.bluewines.eu\/wp-content\/uploads\/2025\/11\/oro-crianza.jpg 1200w\" sizes=\"(max-width: 450px) 100vw, 450px\" \/><\/div>                    <div class=\"tooltip-left group-action\">\n            <div class=\"shop-action\">\n                            <\/div>\n        <\/div>\n                                <a href=\"https:\/\/www.bluewines.eu\/fr\/producto\/oro-de-castilla-crianza-2\/\" class=\"woocommerce-LoopProduct-link woocommerce-loop-product__link\">            <\/a>        <\/div>\n        <div class=\"product-caption\">\n                <div class=\"count-review\">\n        <div class=\"star-rating\"><\/div><span class=\"count\">0 Reviews<\/span>    <\/div>\n                \n            <div class=\"product-caption-bottom\">\n                \t<span id=\"woocommerce_loop_add_to_cart_link_describedby_8828\" class=\"screen-reader-text\">\n\t\t\t<\/span>\n            <\/div>\n                    <\/div>\n    <\/div>\n<\/li>\n<\/ul><\/div>        \t\t\t\t<\/div>\n\t\t\t\t<\/div>\n\t\t\t\t\t<\/div>\n\t\t\t\t<\/div>\n\t\t\t\t\t<\/div>\n\t\t\t\t<\/div>\n\t\t\t\t<\/div>\n\t\t","protected":false},"excerpt":{"rendered":"<p>Vin\u00edcola de Arganda es una bodega fundada en los a\u00f1os 40 del siglo pasado. En el a\u00f1o 2002 traslad\u00f3 sus instalaciones a un nuevo espacio lo que ha permitido integrar en el proceso de elaboraci\u00f3n del vino todos los avances t\u00e9cnicos necesarios para elaborar vinos modernos y a gusto del consumidor actual. Fermentaci\u00f3n con control [&hellip;]<\/p>\n","protected":false},"author":1,"featured_media":0,"parent":8325,"menu_order":0,"comment_status":"closed","ping_status":"closed","template":"template-homepage.php","meta":{"_acf_changed":false,"footnotes":""},"class_list":["post-8381","page","type-page","status-publish","hentry"],"acf":[],"_links":{"self":[{"href":"https:\/\/www.bluewines.eu\/fr\/wp-json\/wp\/v2\/pages\/8381","targetHints":{"allow":["GET"]}}],"collection":[{"href":"https:\/\/www.bluewines.eu\/fr\/wp-json\/wp\/v2\/pages"}],"about":[{"href":"https:\/\/www.bluewines.eu\/fr\/wp-json\/wp\/v2\/types\/page"}],"author":[{"embeddable":true,"href":"https:\/\/www.bluewines.eu\/fr\/wp-json\/wp\/v2\/users\/1"}],"replies":[{"embeddable":true,"href":"https:\/\/www.bluewines.eu\/fr\/wp-json\/wp\/v2\/comments?post=8381"}],"version-history":[{"count":0,"href":"https:\/\/www.bluewines.eu\/fr\/wp-json\/wp\/v2\/pages\/8381\/revisions"}],"up":[{"embeddable":true,"href":"https:\/\/www.bluewines.eu\/fr\/wp-json\/wp\/v2\/pages\/8325"}],"wp:attachment":[{"href":"https:\/\/www.bluewines.eu\/fr\/wp-json\/wp\/v2\/media?parent=8381"}],"curies":[{"name":"wp","href":"https:\/\/api.w.org\/{rel}","templated":true}]}}