{"id":8815,"date":"2025-11-24T17:49:11","date_gmt":"2025-11-24T16:49:11","guid":{"rendered":"https:\/\/www.bluewines.eu\/producto\/gorka-izagirre-g22-2\/"},"modified":"2026-04-16T15:27:50","modified_gmt":"2026-04-16T13:27:50","slug":"gorka-izagirre-g22-2","status":"publish","type":"product","link":"https:\/\/www.bluewines.eu\/fr\/producto\/gorka-izagirre-g22-2\/","title":{"rendered":"Gorka Izagirre G22"},"content":{"rendered":"\t\t<div data-elementor-type=\"wp-post\" data-elementor-id=\"8815\" class=\"elementor elementor-8815 elementor-6006\" data-elementor-post-type=\"product\">\n\t\t\t\t<div class=\"elementor-element elementor-element-15751363 e-flex e-con-boxed e-con e-parent\" data-id=\"15751363\" data-element_type=\"container\">\n\t\t\t\t\t<div class=\"e-con-inner\">\n\t\t<div class=\"elementor-element elementor-element-979b208 e-con-full e-flex e-con e-child\" data-id=\"979b208\" data-element_type=\"container\">\n\t\t\t\t<div class=\"elementor-element elementor-element-c333ded elementor-widget elementor-widget-text-editor\" data-id=\"c333ded\" data-element_type=\"widget\" data-widget_type=\"text-editor.default\">\n\t\t\t\t\t\t\t\t\t<h4>\u00c9laboration<\/h4>\t\t\t\t\t\t\t\t<\/div>\n\t\t\t\t<div class=\"elementor-element elementor-element-e65de2f elementor-widget elementor-widget-text-editor\" data-id=\"e65de2f\" data-element_type=\"widget\" data-widget_type=\"text-editor.default\">\n\t\t\t\t\t\t\t\t\t<p><span style=\"font-weight: 400;\">Tandis que les lies fines sont encore suspendues dans le vin, commence l&rsquo;\u00e9levage sur lies, qui dure 8 mois. Le b\u00e2tonnage, ou remuage des lies, se fait une fois par jour pendant les 3 premiers mois puis \u00e0 une fr\u00e9quence moins \u00e9lev\u00e9e jusqu&rsquo;\u00e0 la fin de l&rsquo;\u00e9levage. \u00c0 la fin du processus d&rsquo;\u00e9levage, les cellules de levure sont \u00e9limin\u00e9es et le vin passe par un processus de clarification et de nettoyage qui dure 4 mois. Le G22 de Gorka Izagirre est mis en bouteille 12 mois apr\u00e8s les vendanges et m\u00fbrit compl\u00e8tement en 6 mois avant d&rsquo;\u00eatre lanc\u00e9 sur le march\u00e9.<\/span><\/p>\t\t\t\t\t\t\t\t<\/div>\n\t\t\t\t<div class=\"elementor-element elementor-element-664fe40 elementor-widget elementor-widget-text-editor\" data-id=\"664fe40\" data-element_type=\"widget\" data-widget_type=\"text-editor.default\">\n\t\t\t\t\t\t\t\t\t<h4>Note de D\u00e9gustation<\/h4>\t\t\t\t\t\t\t\t<\/div>\n\t\t\t\t<div class=\"elementor-element elementor-element-035f4e8 elementor-widget elementor-widget-text-editor\" data-id=\"035f4e8\" data-element_type=\"widget\" data-widget_type=\"text-editor.default\">\n\t\t\t\t\t\t\t\t\t<p><span style=\"font-weight: 400;\"><strong>Couleur : \u00a0<\/strong>Limpio, iris\u00e9, Con une pr\u00e9sence extr\u00eamement \u00e9l\u00e9gante. Con notes de couleur jaune p\u00e2le et des nuances verd\u00e2tres intenses qui soulignent sa fra\u00eecheur.<br \/><\/span><span style=\"font-weight: 400;\"><strong>Nariz :<\/strong> La premi\u00e8re sensation est de poire, pomme m\u00fbre et pamplemousse, qui Con m\u00e8ne \u00e0 un second niveau de complexit\u00e9 sensorielle combinant des essences de fleurs blanches Con des touches de m\u00e9lisse, tilleul, ortie blanche et graines de fenouil.<br \/><\/span><span style=\"font-weight: 400;\"><strong>Boca :<\/strong> De corps plein et dense. La sensation fruit\u00e9e agr\u00e9able et pleine laisse toujours de la place pour les essences florales et balsamiques en r\u00e9trogo\u00fbt. Muy complexe.<\/span><\/p>\t\t\t\t\t\t\t\t<\/div>\n\t\t\t\t<div class=\"elementor-element elementor-element-033620c elementor-widget elementor-widget-text-editor\" data-id=\"033620c\" data-element_type=\"widget\" data-widget_type=\"text-editor.default\">\n\t\t\t\t\t\t\t\t\t<h4>Accord mets et vins<\/h4>\t\t\t\t\t\t\t\t<\/div>\n\t\t\t\t<div class=\"elementor-element elementor-element-7a17a99 elementor-widget elementor-widget-text-editor\" data-id=\"7a17a99\" data-element_type=\"widget\" data-widget_type=\"text-editor.default\">\n\t\t\t\t\t\t\t\t\t<p><span style=\"font-weight: 400;\">Il peut \u00eatre un vin parfait pour l&rsquo;ap\u00e9ritif, mais l\u00e0 o\u00f9 il brille, c&rsquo;est \u00e0 table, accompagnant des fruits de mer, des poissons Con des sauces puissantes et m\u00eame des viandes.<\/span><\/p>\t\t\t\t\t\t\t\t<\/div>\n\t\t\t\t<div class=\"elementor-element elementor-element-a6f0714 elementor-widget elementor-widget-text-editor\" data-id=\"a6f0714\" data-element_type=\"widget\" data-widget_type=\"text-editor.default\">\n\t\t\t\t\t\t\t\t\t<h4>Prix<\/h4>\t\t\t\t\t\t\t\t<\/div>\n\t\t\t\t<div class=\"elementor-element elementor-element-f40769e elementor-widget elementor-widget-text-editor\" data-id=\"f40769e\" data-element_type=\"widget\" data-widget_type=\"text-editor.default\">\n\t\t\t\t\t\t\t\t\t<ul><li style=\"font-weight: 400;\" aria-level=\"1\"><span style=\"font-weight: 400;\">95 Pts. Decanter\u00a0 &#8211; 2024 (R.-U.)<\/span><\/li><li style=\"font-weight: 400;\" aria-level=\"1\"><span style=\"font-weight: 400;\">95 Pts. Atkin &#8211; 2024 (R.-U.)<\/span><\/li><li style=\"font-weight: 400;\" aria-level=\"1\"><span style=\"font-weight: 400;\">92 Pts. Suckling &#8211; 2024 (USA)<\/span><\/li><li style=\"font-weight: 400;\" aria-level=\"1\"><span style=\"font-weight: 400;\">91 Pts. Pe\u00f1in &#8211; 2024 (Spain)<\/span><\/li><\/ul><p>\u00a0<\/p>\t\t\t\t\t\t\t\t<\/div>\n\t\t\t\t<\/div>\n\t\t<div class=\"elementor-element elementor-element-f7c9eb0 e-con-full e-flex e-con e-child\" data-id=\"f7c9eb0\" data-element_type=\"container\">\n\t\t\t\t<div class=\"elementor-element elementor-element-6e31889 elementor-widget elementor-widget-text-editor\" data-id=\"6e31889\" data-element_type=\"widget\" data-widget_type=\"text-editor.default\">\n\t\t\t\t\t\t\t\t\tCaract\u00e9ristiques\t\t\t\t\t\t\t\t<\/div>\n\t\t<div class=\"elementor-element elementor-element-815161d e-con-full e-flex e-con e-child\" data-id=\"815161d\" data-element_type=\"container\">\n\t\t\t\t<div class=\"elementor-element elementor-element-d374382 elementor-widget elementor-widget-text-editor\" data-id=\"d374382\" data-element_type=\"widget\" data-widget_type=\"text-editor.default\">\n\t\t\t\t\t\t\t\t\t<p>Type de Vin<\/p>\t\t\t\t\t\t\t\t<\/div>\n\t\t\t\t<div class=\"elementor-element elementor-element-3dd1da6 elementor-widget__width-initial elementor-widget elementor-widget-text-editor\" data-id=\"3dd1da6\" data-element_type=\"widget\" data-widget_type=\"text-editor.default\">\n\t\t\t\t\t\t\t\t\t<p><span style=\"font-weight: 400;\">Vin blanc sur lies<\/span><\/p>\t\t\t\t\t\t\t\t<\/div>\n\t\t\t\t<div class=\"elementor-element elementor-element-a9f20c6 elementor-widget-divider--view-line elementor-widget elementor-widget-divider\" data-id=\"a9f20c6\" data-element_type=\"widget\" data-widget_type=\"divider.default\">\n\t\t\t\t\t\t\t<div class=\"elementor-divider\">\n\t\t\t<span class=\"elementor-divider-separator\">\n\t\t\t\t\t\t<\/span>\n\t\t<\/div>\n\t\t\t\t\t\t<\/div>\n\t\t\t\t<div class=\"elementor-element elementor-element-df80faa elementor-widget elementor-widget-text-editor\" data-id=\"df80faa\" data-element_type=\"widget\" data-widget_type=\"text-editor.default\">\n\t\t\t\t\t\t\t\t\t<p>Vari\u00e9t\u00e9<\/p>\t\t\t\t\t\t\t\t<\/div>\n\t\t\t\t<div class=\"elementor-element elementor-element-5d93e69 elementor-widget__width-initial elementor-widget elementor-widget-text-editor\" data-id=\"5d93e69\" data-element_type=\"widget\" data-widget_type=\"text-editor.default\">\n\t\t\t\t\t\t\t\t\t<p><span style=\"font-weight: 400;\">100% Hondarribi Zerratia.<\/span><\/p>\t\t\t\t\t\t\t\t<\/div>\n\t\t\t\t<div class=\"elementor-element elementor-element-e12a508 elementor-widget-divider--view-line elementor-widget elementor-widget-divider\" data-id=\"e12a508\" data-element_type=\"widget\" data-widget_type=\"divider.default\">\n\t\t\t\t\t\t\t<div class=\"elementor-divider\">\n\t\t\t<span class=\"elementor-divider-separator\">\n\t\t\t\t\t\t<\/span>\n\t\t<\/div>\n\t\t\t\t\t\t<\/div>\n\t\t\t\t<div class=\"elementor-element elementor-element-f6b2002 elementor-widget elementor-widget-text-editor\" data-id=\"f6b2002\" data-element_type=\"widget\" data-widget_type=\"text-editor.default\">\n\t\t\t\t\t\t\t\t\t<p>Par\u00e1metros analytiques<\/p>\t\t\t\t\t\t\t\t<\/div>\n\t\t\t\t<div class=\"elementor-element elementor-element-ee4bcb1 elementor-widget__width-initial elementor-widget elementor-widget-text-editor\" data-id=\"ee4bcb1\" data-element_type=\"widget\" data-widget_type=\"text-editor.default\">\n\t\t\t\t\t\t\t\t\t<p><span style=\"font-weight: 400;\">Alcohol : 13 %<br \/><\/span><span style=\"font-weight: 400;\">Acidez : 6,78 g\/l\u00a0<br \/><\/span><span style=\"font-weight: 400;\">Azu\u0301car R\u00e9siduel : 1,60 g\/l<\/span><\/p>\t\t\t\t\t\t\t\t<\/div>\n\t\t\t\t<\/div>\n\t\t\t\t<\/div>\n\t\t\t\t\t<\/div>\n\t\t\t\t<\/div>\n\t\t\t\t<\/div>\n\t\t","protected":false},"excerpt":{"rendered":"<p>\u00c9laboration Mientras las l\u00edas finas a\u00fan est\u00e1n suspendidas en el vino, comienza la crianza sobre l\u00edas, que dura 8 meses. El b\u00e2tonnage, o removido de las l\u00edas, se realiza una vez al d\u00eda durante los 3 primeros meses y luego con menor frecuencia hasta que finaliza la crianza. Al final del proceso de crianza se [&hellip;]<\/p>\n","protected":false},"featured_media":8335,"comment_status":"closed","ping_status":"closed","template":"","meta":{"_acf_changed":false},"product_cat":[129,181],"product_tag":[],"class_list":{"0":"post-8815","1":"product","2":"type-product","3":"status-publish","4":"has-post-thumbnail","6":"product_cat-bodega-gorka-izagirre","7":"product_cat-d-o-bizkaiko-txakolina","9":"first","10":"instock","11":"featured","12":"shipping-taxable","13":"product-type-simple"},"acf":[],"_links":{"self":[{"href":"https:\/\/www.bluewines.eu\/fr\/wp-json\/wp\/v2\/product\/8815","targetHints":{"allow":["GET"]}}],"collection":[{"href":"https:\/\/www.bluewines.eu\/fr\/wp-json\/wp\/v2\/product"}],"about":[{"href":"https:\/\/www.bluewines.eu\/fr\/wp-json\/wp\/v2\/types\/product"}],"replies":[{"embeddable":true,"href":"https:\/\/www.bluewines.eu\/fr\/wp-json\/wp\/v2\/comments?post=8815"}],"version-history":[{"count":2,"href":"https:\/\/www.bluewines.eu\/fr\/wp-json\/wp\/v2\/product\/8815\/revisions"}],"predecessor-version":[{"id":9369,"href":"https:\/\/www.bluewines.eu\/fr\/wp-json\/wp\/v2\/product\/8815\/revisions\/9369"}],"wp:featuredmedia":[{"embeddable":true,"href":"https:\/\/www.bluewines.eu\/fr\/wp-json\/wp\/v2\/media\/8335"}],"wp:attachment":[{"href":"https:\/\/www.bluewines.eu\/fr\/wp-json\/wp\/v2\/media?parent=8815"}],"wp:term":[{"taxonomy":"product_cat","embeddable":true,"href":"https:\/\/www.bluewines.eu\/fr\/wp-json\/wp\/v2\/product_cat?post=8815"},{"taxonomy":"product_tag","embeddable":true,"href":"https:\/\/www.bluewines.eu\/fr\/wp-json\/wp\/v2\/product_tag?post=8815"}],"curies":[{"name":"wp","href":"https:\/\/api.w.org\/{rel}","templated":true}]}}