{"id":8818,"date":"2025-11-19T10:48:43","date_gmt":"2025-11-19T09:48:43","guid":{"rendered":"https:\/\/www.bluewines.eu\/producto\/a-coroa-200-cestos-2\/"},"modified":"2026-04-16T15:40:44","modified_gmt":"2026-04-16T13:40:44","slug":"a-coroa-200-cestos-2","status":"publish","type":"product","link":"https:\/\/www.bluewines.eu\/fr\/producto\/a-coroa-200-cestos-2\/","title":{"rendered":"A Coroa 200 Cestos"},"content":{"rendered":"\t\t<div data-elementor-type=\"wp-post\" data-elementor-id=\"8818\" class=\"elementor elementor-8818 elementor-5849\" data-elementor-post-type=\"product\">\n\t\t\t\t<div class=\"elementor-element elementor-element-15751363 e-flex e-con-boxed e-con e-parent\" data-id=\"15751363\" data-element_type=\"container\">\n\t\t\t\t\t<div class=\"e-con-inner\">\n\t\t<div class=\"elementor-element elementor-element-979b208 e-con-full e-flex e-con e-child\" data-id=\"979b208\" data-element_type=\"container\">\n\t\t\t\t<div class=\"elementor-element elementor-element-c333ded elementor-widget elementor-widget-text-editor\" data-id=\"c333ded\" data-element_type=\"widget\" data-widget_type=\"text-editor.default\">\n\t\t\t\t\t\t\t\t\t<h4>\u00c9laboration<\/h4>\t\t\t\t\t\t\t\t<\/div>\n\t\t\t\t<div class=\"elementor-element elementor-element-e65de2f elementor-widget elementor-widget-text-editor\" data-id=\"e65de2f\" data-element_type=\"widget\" data-widget_type=\"text-editor.default\">\n\t\t\t\t\t\t\t\t\t<p><span style=\"font-weight: 400;\">De l&rsquo;engagement de A Coroa envers la terre Valdeorras et envers les c\u00e9pages dont sont \u00e9labor\u00e9s les Los meilleurs vins, nous vous offrons cette production limit\u00e9e selon l&rsquo;ann\u00e9e.<\/span><\/p><p><span style=\"font-weight: 400;\">200 Cestos est le r\u00e9sultat de la r\u00e9colte de raisins 100% Godello provenant de notre vignoble le plus embl\u00e9matique, Valdeaugas, o\u00f9 se conjuguent des plants de 80 ans d&rsquo;\u00e2ge avec de nouvelles plantations sur des terrasses de pierre \u00e0 plus de 600 m\u00e8tres d&rsquo;altitude au-dessus de la rivi\u00e8re Bibei.<\/span><\/p><p><span style=\"font-weight: 400;\">Situado dans la commune de O Bolo, dans la localit\u00e9 de Lentell\u00e1is et la vall\u00e9e de Bibei, le vignoble se situe dans un endroit privil\u00e9gi\u00e9 qui transforme chaque r\u00e9colte en un \u00e9v\u00e9nement tr\u00e8s sp\u00e9cial.<\/span><\/p><p><span style=\"font-weight: 400;\">Los les sols granitiques du vignoble et le microclimat atlantique qui pr\u00e9domine dans cette zone se rejoignent \u00e0 la fermentation en foudres de ch\u00eane fran\u00e7ais et au vieillissement ult\u00e9rieur en bouteille pour nous offrir un Godello au caract\u00e8re min\u00e9ral marqu\u00e9.<\/span><\/p><p><span style=\"font-weight: 400;\">A Coroa 200 Cestos est un vin d&rsquo;une \u00e9volution noble et d&rsquo;une remarquable capacit\u00e9 de garde.<\/span><\/p>\t\t\t\t\t\t\t\t<\/div>\n\t\t\t\t<div class=\"elementor-element elementor-element-664fe40 elementor-widget elementor-widget-text-editor\" data-id=\"664fe40\" data-element_type=\"widget\" data-widget_type=\"text-editor.default\">\n\t\t\t\t\t\t\t\t\t<h4>Note de D\u00e9gustation<\/h4>\t\t\t\t\t\t\t\t<\/div>\n\t\t\t\t<div class=\"elementor-element elementor-element-035f4e8 elementor-widget elementor-widget-text-editor\" data-id=\"035f4e8\" data-element_type=\"widget\" data-widget_type=\"text-editor.default\">\n\t\t\t\t\t\t\t\t\t<p><span style=\"font-weight: 400;\"><strong>Couleur :<\/strong> Sa phase visuelle nous montre sa teinte verd\u00e2tre \u00e0 limonade brillante et de grande vivacit\u00e9 qui transmet des reflets de grande vitalit\u00e9 et fra\u00eecheur.<br \/><\/span><span style=\"font-weight: 400;\"><strong>Nariz : <\/strong> Dans sa phase olfactive, nous trouvons des sensations aromatiques d&rsquo;herbe fra\u00eeche. Au fur et \u00e0 mesure que nous avan\u00e7ons, de la prune jaune, une fleur blanche (ch\u00e8vrefeuille), nous enveloppant d&rsquo;\u00e9motions rafra\u00eechissantes. En m\u00eame temps, il s&rsquo;agit d&rsquo;un vin avec une bonne maturit\u00e9, refl\u00e9tant un excellent potentiel alcoolique parfaitement assembl\u00e9 avec une magnifique Acidez citrique (pamplemousse rouge), qui le maintient longtemps.<br \/><\/span><span style=\"font-weight: 400;\"><strong>Boca :<\/strong> Son entr\u00e9e dans Boca est puissante et la saveur grasse, vive (gel\u00e9e d&rsquo;agrumes, citron vert), avec beaucoup de nerf, amers de fenouil, infusion de verveine, propre \u00e0 un grand vin et auquel on pr\u00e9dit une longue vie et une noble \u00e9volution en bouteille. Manifiesta un fond de min\u00e9ralit\u00e9 caract\u00e9ristique du terroir granitique typique du vignoble qui donne lieu \u00e0 ce vin.<\/span><\/p>\t\t\t\t\t\t\t\t<\/div>\n\t\t\t\t<\/div>\n\t\t<div class=\"elementor-element elementor-element-f7c9eb0 e-con-full e-flex e-con e-child\" data-id=\"f7c9eb0\" data-element_type=\"container\">\n\t\t\t\t<div class=\"elementor-element elementor-element-6e31889 elementor-widget elementor-widget-text-editor\" data-id=\"6e31889\" data-element_type=\"widget\" data-widget_type=\"text-editor.default\">\n\t\t\t\t\t\t\t\t\tCaract\u00e9ristiques\t\t\t\t\t\t\t\t<\/div>\n\t\t<div class=\"elementor-element elementor-element-815161d e-con-full e-flex e-con e-child\" data-id=\"815161d\" data-element_type=\"container\">\n\t\t\t\t<div class=\"elementor-element elementor-element-d374382 elementor-widget elementor-widget-text-editor\" data-id=\"d374382\" data-element_type=\"widget\" data-widget_type=\"text-editor.default\">\n\t\t\t\t\t\t\t\t\t<p>Type de vin<\/p>\t\t\t\t\t\t\t\t<\/div>\n\t\t\t\t<div class=\"elementor-element elementor-element-3dd1da6 elementor-widget__width-initial elementor-widget elementor-widget-text-editor\" data-id=\"3dd1da6\" data-element_type=\"widget\" data-widget_type=\"text-editor.default\">\n\t\t\t\t\t\t\t\t\t<p><span style=\"font-weight: 400;\">Vin blanc \u00e9lev\u00e9 en f\u00fbts de ch\u00eane fran\u00e7ais.<\/span><\/p>\t\t\t\t\t\t\t\t<\/div>\n\t\t\t\t<div class=\"elementor-element elementor-element-a9f20c6 elementor-widget-divider--view-line elementor-widget elementor-widget-divider\" data-id=\"a9f20c6\" data-element_type=\"widget\" data-widget_type=\"divider.default\">\n\t\t\t\t\t\t\t<div class=\"elementor-divider\">\n\t\t\t<span class=\"elementor-divider-separator\">\n\t\t\t\t\t\t<\/span>\n\t\t<\/div>\n\t\t\t\t\t\t<\/div>\n\t\t\t\t<div class=\"elementor-element elementor-element-df80faa elementor-widget elementor-widget-text-editor\" data-id=\"df80faa\" data-element_type=\"widget\" data-widget_type=\"text-editor.default\">\n\t\t\t\t\t\t\t\t\t<p>Vari\u00e9t\u00e9<\/p>\t\t\t\t\t\t\t\t<\/div>\n\t\t\t\t<div class=\"elementor-element elementor-element-5d93e69 elementor-widget__width-initial elementor-widget elementor-widget-text-editor\" data-id=\"5d93e69\" data-element_type=\"widget\" data-widget_type=\"text-editor.default\">\n\t\t\t\t\t\t\t\t\t<p><span style=\"font-weight: 400;\">100% Godello<\/span><\/p>\t\t\t\t\t\t\t\t<\/div>\n\t\t\t\t<div class=\"elementor-element elementor-element-e12a508 elementor-widget-divider--view-line elementor-widget elementor-widget-divider\" data-id=\"e12a508\" data-element_type=\"widget\" data-widget_type=\"divider.default\">\n\t\t\t\t\t\t\t<div class=\"elementor-divider\">\n\t\t\t<span class=\"elementor-divider-separator\">\n\t\t\t\t\t\t<\/span>\n\t\t<\/div>\n\t\t\t\t\t\t<\/div>\n\t\t\t\t<div class=\"elementor-element elementor-element-f6b2002 elementor-widget elementor-widget-text-editor\" data-id=\"f6b2002\" data-element_type=\"widget\" data-widget_type=\"text-editor.default\">\n\t\t\t\t\t\t\t\t\t<p>Param\u00e8tres analytiques<\/p>\t\t\t\t\t\t\t\t<\/div>\n\t\t\t\t<div class=\"elementor-element elementor-element-ee4bcb1 elementor-widget__width-initial elementor-widget elementor-widget-text-editor\" data-id=\"ee4bcb1\" data-element_type=\"widget\" data-widget_type=\"text-editor.default\">\n\t\t\t\t\t\t\t\t\t<p><span style=\"font-weight: 400;\">Alcohol : 13,5 %<br \/><\/span><span style=\"font-weight: 400;\">Acidez : 5,9 g\/l\u00a0<br \/><\/span><span style=\"font-weight: 400;\">Azu\u0301car Residual : &lt;1,5 g\/l<\/span><\/p>\t\t\t\t\t\t\t\t<\/div>\n\t\t\t\t<\/div>\n\t\t\t\t<\/div>\n\t\t\t\t\t<\/div>\n\t\t\t\t<\/div>\n\t\t\t\t<\/div>\n\t\t","protected":false},"excerpt":{"rendered":"<p>\u00c9laboration Del compromiso de A Coroa con la tierra\u00a0Valdeorras\u00a0y con las cepas de las que elaborar los mejores vinos, os ofrecemos esta producci\u00f3n limitada seg\u00fan a\u00f1ada. 200 Cestos es el resultado de la recolecci\u00f3n de uvas 100%\u00a0Godello\u00a0procedentes de nuestro vi\u00f1edo m\u00e1s emblem\u00e1tico, Valdeaugas, donde se conjugan plantas de 80 a\u00f1os de edad con nueva plantaci\u00f3n [&hellip;]<\/p>\n","protected":false},"featured_media":8344,"comment_status":"closed","ping_status":"closed","template":"","meta":{"_acf_changed":false},"product_cat":[130,195],"product_tag":[],"class_list":{"0":"post-8818","1":"product","2":"type-product","3":"status-publish","4":"has-post-thumbnail","6":"product_cat-bodegas-a-coroa","7":"product_cat-d-o-valdeorras","9":"first","10":"instock","11":"featured","12":"shipping-taxable","13":"product-type-simple"},"acf":[],"_links":{"self":[{"href":"https:\/\/www.bluewines.eu\/fr\/wp-json\/wp\/v2\/product\/8818","targetHints":{"allow":["GET"]}}],"collection":[{"href":"https:\/\/www.bluewines.eu\/fr\/wp-json\/wp\/v2\/product"}],"about":[{"href":"https:\/\/www.bluewines.eu\/fr\/wp-json\/wp\/v2\/types\/product"}],"replies":[{"embeddable":true,"href":"https:\/\/www.bluewines.eu\/fr\/wp-json\/wp\/v2\/comments?post=8818"}],"version-history":[{"count":2,"href":"https:\/\/www.bluewines.eu\/fr\/wp-json\/wp\/v2\/product\/8818\/revisions"}],"predecessor-version":[{"id":9391,"href":"https:\/\/www.bluewines.eu\/fr\/wp-json\/wp\/v2\/product\/8818\/revisions\/9391"}],"wp:featuredmedia":[{"embeddable":true,"href":"https:\/\/www.bluewines.eu\/fr\/wp-json\/wp\/v2\/media\/8344"}],"wp:attachment":[{"href":"https:\/\/www.bluewines.eu\/fr\/wp-json\/wp\/v2\/media?parent=8818"}],"wp:term":[{"taxonomy":"product_cat","embeddable":true,"href":"https:\/\/www.bluewines.eu\/fr\/wp-json\/wp\/v2\/product_cat?post=8818"},{"taxonomy":"product_tag","embeddable":true,"href":"https:\/\/www.bluewines.eu\/fr\/wp-json\/wp\/v2\/product_tag?post=8818"}],"curies":[{"name":"wp","href":"https:\/\/api.w.org\/{rel}","templated":true}]}}