{"id":8819,"date":"2025-11-19T10:39:04","date_gmt":"2025-11-19T09:39:04","guid":{"rendered":"https:\/\/www.bluewines.eu\/producto\/a-coroa-godello-2\/"},"modified":"2026-04-16T15:41:48","modified_gmt":"2026-04-16T13:41:48","slug":"a-coroa-godello-2","status":"publish","type":"product","link":"https:\/\/www.bluewines.eu\/fr\/producto\/a-coroa-godello-2\/","title":{"rendered":"A Coroa Godello"},"content":{"rendered":"\t\t<div data-elementor-type=\"wp-post\" data-elementor-id=\"8819\" class=\"elementor elementor-8819 elementor-5835\" data-elementor-post-type=\"product\">\n\t\t\t\t<div class=\"elementor-element elementor-element-15751363 e-flex e-con-boxed e-con e-parent\" data-id=\"15751363\" data-element_type=\"container\">\n\t\t\t\t\t<div class=\"e-con-inner\">\n\t\t<div class=\"elementor-element elementor-element-979b208 e-con-full e-flex e-con e-child\" data-id=\"979b208\" data-element_type=\"container\">\n\t\t\t\t<div class=\"elementor-element elementor-element-c333ded elementor-widget elementor-widget-text-editor\" data-id=\"c333ded\" data-element_type=\"widget\" data-widget_type=\"text-editor.default\">\n\t\t\t\t\t\t\t\t\t<h4>\u00c9laboration<\/h4>\t\t\t\t\t\t\t\t<\/div>\n\t\t\t\t<div class=\"elementor-element elementor-element-e65de2f elementor-widget elementor-widget-text-editor\" data-id=\"e65de2f\" data-element_type=\"widget\" data-widget_type=\"text-editor.default\">\n\t\t\t\t\t\t\t\t\t<p><span style=\"font-weight: 400;\">Ce vin est le r\u00e9sultat de raisins provenant de 8 parcelles \u00e0 faible rendement et production Con contr\u00f4l\u00e9e de A Coroa. L&rsquo;\u00e2ge moyen des vignobles, ainsi que les diff\u00e9rentes altitudes, orientations et h\u00e9t\u00e9rog\u00e9n\u00e9it\u00e9 des terrains, dotent le Con d&rsquo;une min\u00e9ralit\u00e9 exclusive et d&rsquo;une complexit\u00e9 remarquable.<\/span><\/p><p><span style=\"font-weight: 400;\">Despu\u00e9s d&rsquo;une vendange manuelle par parcelle, selon maturit\u00e9 et en caisses de 14 kilos, on proc\u00e8de \u00e0 un doux \u00e9raflage et mac\u00e9ration \u00e0 froid (5\u00baC). Posteriormente la r\u00e9colte de chaque domaine fermente s\u00e9par\u00e9ment dans des cuves en acier inoxydable Con Con contr\u00f4l\u00e9e en temp\u00e9rature.<\/span><\/p><p><span style=\"font-weight: 400;\">Le r\u00e9sultat est un assemblage harmonieux o\u00f9 la noblesse du c\u00e9page Godello se pr\u00e9sente g\u00e9n\u00e9reuse, nous offrant un vin frais et vari\u00e9tal. Gr\u00e2ce \u00e0 un excellent \u00e9quilibre entre Alcohol \u2013 Acidez, A Coroa 100% Godello est un vin long et enveloppant.<\/span><\/p><p><span style=\"font-weight: 400;\">Fermentaci\u00f3n Alcoh\u00f3lica pendant 25 jours \u00e0 une temp\u00e9rature comprise entre 15 et 18 degr\u00e9s.<\/span><\/p>\t\t\t\t\t\t\t\t<\/div>\n\t\t\t\t<div class=\"elementor-element elementor-element-664fe40 elementor-widget elementor-widget-text-editor\" data-id=\"664fe40\" data-element_type=\"widget\" data-widget_type=\"text-editor.default\">\n\t\t\t\t\t\t\t\t\t<h4>Note de D\u00e9gustation<\/h4>\t\t\t\t\t\t\t\t<\/div>\n\t\t\t\t<div class=\"elementor-element elementor-element-035f4e8 elementor-widget elementor-widget-text-editor\" data-id=\"035f4e8\" data-element_type=\"widget\" data-widget_type=\"text-editor.default\">\n\t\t\t\t\t\t\t\t\t<p><span style=\"font-weight: 400;\"><strong>Couleur : \u00a0<\/strong>A Coroa Godello 2024 pr\u00e9sente une couleur paille brillante, Con intens\u00e9ment verd\u00e2tre, qui nous rappelle des combinaisons harmonieuses de fleurs \u00e0 feuillage vert et de plantes d&rsquo;un audacieux jaune clair.<br \/><\/span><span style=\"font-weight: 400;\"><strong>Nariz :<\/strong> Con grande franchise d&rsquo;ar\u00f4mes et excellente intensit\u00e9, montre subtilement des notes \u00e9pic\u00e9es qui se fondent dans des ar\u00f4mes de fruits m\u00fbrs tels que la p\u00eache, la poire, la pomme et les herbes sauvages. Con une l\u00e9g\u00e8re oxyg\u00e9nation, les nuances d&rsquo;ananas et de mangue apparaissent pour apporter une excellente et \u00e9l\u00e9gante complexit\u00e9.<br \/><\/span><span style=\"font-weight: 400;\"><strong>Boca :<\/strong> Son entr\u00e9e en Boca est puissante, d\u00e9notant le caract\u00e8re d&rsquo;un grand Godello, \u00e0 la fois frais et structur\u00e9. C&rsquo;est un vin de grande vivacit\u00e9 et Con une magnifique Acidez, Con un volume remarquable et un plein parcours en Boca. Sa finale est persistante, Con une touche min\u00e9rale marqu\u00e9e et une amertume d\u00e9licate caract\u00e9ristique du terroir. Todo cela rend son go\u00fbt persistant, subtil et \u00e9l\u00e9gant<\/span><\/p><p><span style=\"font-weight: 400;\">Un Coroa 2024 se caract\u00e9rise par sa fra\u00eecheur et son caract\u00e8re vari\u00e9tal, Con grande intensit\u00e9 d&rsquo;ar\u00f4mes et un \u00e9quilibre exceptionnel en Boca<\/span><\/p>\t\t\t\t\t\t\t\t<\/div>\n\t\t\t\t<\/div>\n\t\t<div class=\"elementor-element elementor-element-f7c9eb0 e-con-full e-flex e-con e-child\" data-id=\"f7c9eb0\" data-element_type=\"container\">\n\t\t\t\t<div class=\"elementor-element elementor-element-6e31889 elementor-widget elementor-widget-text-editor\" data-id=\"6e31889\" data-element_type=\"widget\" data-widget_type=\"text-editor.default\">\n\t\t\t\t\t\t\t\t\tCaract\u00e9ristiques\t\t\t\t\t\t\t\t<\/div>\n\t\t<div class=\"elementor-element elementor-element-815161d e-con-full e-flex e-con e-child\" data-id=\"815161d\" data-element_type=\"container\">\n\t\t\t\t<div class=\"elementor-element elementor-element-d374382 elementor-widget elementor-widget-text-editor\" data-id=\"d374382\" data-element_type=\"widget\" data-widget_type=\"text-editor.default\">\n\t\t\t\t\t\t\t\t\t<p>Type de Vin<\/p>\t\t\t\t\t\t\t\t<\/div>\n\t\t\t\t<div class=\"elementor-element elementor-element-3dd1da6 elementor-widget__width-initial elementor-widget elementor-widget-text-editor\" data-id=\"3dd1da6\" data-element_type=\"widget\" data-widget_type=\"text-editor.default\">\n\t\t\t\t\t\t\t\t\t<p><span style=\"font-weight: 400;\">Vin blanc jeune<\/span><\/p>\t\t\t\t\t\t\t\t<\/div>\n\t\t\t\t<div class=\"elementor-element elementor-element-a9f20c6 elementor-widget-divider--view-line elementor-widget elementor-widget-divider\" data-id=\"a9f20c6\" data-element_type=\"widget\" data-widget_type=\"divider.default\">\n\t\t\t\t\t\t\t<div class=\"elementor-divider\">\n\t\t\t<span class=\"elementor-divider-separator\">\n\t\t\t\t\t\t<\/span>\n\t\t<\/div>\n\t\t\t\t\t\t<\/div>\n\t\t\t\t<div class=\"elementor-element elementor-element-df80faa elementor-widget elementor-widget-text-editor\" data-id=\"df80faa\" data-element_type=\"widget\" data-widget_type=\"text-editor.default\">\n\t\t\t\t\t\t\t\t\t<p>Vari\u00e9t\u00e9<\/p>\t\t\t\t\t\t\t\t<\/div>\n\t\t\t\t<div class=\"elementor-element elementor-element-5d93e69 elementor-widget__width-initial elementor-widget elementor-widget-text-editor\" data-id=\"5d93e69\" data-element_type=\"widget\" data-widget_type=\"text-editor.default\">\n\t\t\t\t\t\t\t\t\t<p><span style=\"font-weight: 400;\">100% Godello<\/span><\/p>\t\t\t\t\t\t\t\t<\/div>\n\t\t\t\t<div class=\"elementor-element elementor-element-e12a508 elementor-widget-divider--view-line elementor-widget elementor-widget-divider\" data-id=\"e12a508\" data-element_type=\"widget\" data-widget_type=\"divider.default\">\n\t\t\t\t\t\t\t<div class=\"elementor-divider\">\n\t\t\t<span class=\"elementor-divider-separator\">\n\t\t\t\t\t\t<\/span>\n\t\t<\/div>\n\t\t\t\t\t\t<\/div>\n\t\t\t\t<div class=\"elementor-element elementor-element-f6b2002 elementor-widget elementor-widget-text-editor\" data-id=\"f6b2002\" data-element_type=\"widget\" data-widget_type=\"text-editor.default\">\n\t\t\t\t\t\t\t\t\t<p>Param\u00e8tres analytiques<\/p>\t\t\t\t\t\t\t\t<\/div>\n\t\t\t\t<div class=\"elementor-element elementor-element-ee4bcb1 elementor-widget__width-initial elementor-widget elementor-widget-text-editor\" data-id=\"ee4bcb1\" data-element_type=\"widget\" data-widget_type=\"text-editor.default\">\n\t\t\t\t\t\t\t\t\t<p><span style=\"font-weight: 400;\">Alcohol : 13,5 %<br \/><\/span><span style=\"font-weight: 400;\">Acidez : 5,9 g\/l\u00a0<br \/><\/span><span style=\"font-weight: 400;\">Azu\u0301car Residual : 1,5 g\/l<\/span><\/p>\t\t\t\t\t\t\t\t<\/div>\n\t\t\t\t<\/div>\n\t\t\t\t<\/div>\n\t\t\t\t\t<\/div>\n\t\t\t\t<\/div>\n\t\t\t\t<\/div>\n\t\t","protected":false},"excerpt":{"rendered":"<p>\u00c9laboration Este vino es el resultado de uvas procedentes de 8 parcelas de bajo rendimiento y producci\u00f3n controlada de\u00a0A Coroa. La edad media de los vi\u00f1edos, as\u00ed como las diferentes altitudes, orientaciones y heterogeneidad de los terrenos, dotan al conjunto de exclusiva mineralizad y sobresaliente complejidad. Despu\u00e9s de una vendimia manual por parcela, seg\u00fan maduraci\u00f3n [&hellip;]<\/p>\n","protected":false},"featured_media":8343,"comment_status":"closed","ping_status":"closed","template":"","meta":{"_acf_changed":false},"product_cat":[130,195],"product_tag":[],"class_list":{"0":"post-8819","1":"product","2":"type-product","3":"status-publish","4":"has-post-thumbnail","6":"product_cat-bodegas-a-coroa","7":"product_cat-d-o-valdeorras","9":"first","10":"instock","11":"featured","12":"shipping-taxable","13":"product-type-simple"},"acf":[],"_links":{"self":[{"href":"https:\/\/www.bluewines.eu\/fr\/wp-json\/wp\/v2\/product\/8819","targetHints":{"allow":["GET"]}}],"collection":[{"href":"https:\/\/www.bluewines.eu\/fr\/wp-json\/wp\/v2\/product"}],"about":[{"href":"https:\/\/www.bluewines.eu\/fr\/wp-json\/wp\/v2\/types\/product"}],"replies":[{"embeddable":true,"href":"https:\/\/www.bluewines.eu\/fr\/wp-json\/wp\/v2\/comments?post=8819"}],"version-history":[{"count":2,"href":"https:\/\/www.bluewines.eu\/fr\/wp-json\/wp\/v2\/product\/8819\/revisions"}],"predecessor-version":[{"id":9393,"href":"https:\/\/www.bluewines.eu\/fr\/wp-json\/wp\/v2\/product\/8819\/revisions\/9393"}],"wp:featuredmedia":[{"embeddable":true,"href":"https:\/\/www.bluewines.eu\/fr\/wp-json\/wp\/v2\/media\/8343"}],"wp:attachment":[{"href":"https:\/\/www.bluewines.eu\/fr\/wp-json\/wp\/v2\/media?parent=8819"}],"wp:term":[{"taxonomy":"product_cat","embeddable":true,"href":"https:\/\/www.bluewines.eu\/fr\/wp-json\/wp\/v2\/product_cat?post=8819"},{"taxonomy":"product_tag","embeddable":true,"href":"https:\/\/www.bluewines.eu\/fr\/wp-json\/wp\/v2\/product_tag?post=8819"}],"curies":[{"name":"wp","href":"https:\/\/api.w.org\/{rel}","templated":true}]}}