{"id":8820,"date":"2025-11-19T10:51:39","date_gmt":"2025-11-19T09:51:39","guid":{"rendered":"https:\/\/www.bluewines.eu\/producto\/a-coroa-ladeira-vella-2\/"},"modified":"2026-04-16T15:40:12","modified_gmt":"2026-04-16T13:40:12","slug":"a-coroa-ladeira-vella-2","status":"publish","type":"product","link":"https:\/\/www.bluewines.eu\/fr\/producto\/a-coroa-ladeira-vella-2\/","title":{"rendered":"A Coroa Ladeira Vella"},"content":{"rendered":"\t\t<div data-elementor-type=\"wp-post\" data-elementor-id=\"8820\" class=\"elementor elementor-8820 elementor-5854\" data-elementor-post-type=\"product\">\n\t\t\t\t<div class=\"elementor-element elementor-element-15751363 e-flex e-con-boxed e-con e-parent\" data-id=\"15751363\" data-element_type=\"container\">\n\t\t\t\t\t<div class=\"e-con-inner\">\n\t\t<div class=\"elementor-element elementor-element-979b208 e-con-full e-flex e-con e-child\" data-id=\"979b208\" data-element_type=\"container\">\n\t\t\t\t<div class=\"elementor-element elementor-element-c333ded elementor-widget elementor-widget-text-editor\" data-id=\"c333ded\" data-element_type=\"widget\" data-widget_type=\"text-editor.default\">\n\t\t\t\t\t\t\t\t\t<h4>\u00c9laboration<\/h4>\t\t\t\t\t\t\t\t<\/div>\n\t\t\t\t<div class=\"elementor-element elementor-element-e65de2f elementor-widget elementor-widget-text-editor\" data-id=\"e65de2f\" data-element_type=\"widget\" data-widget_type=\"text-editor.default\">\n\t\t\t\t\t\t\t\t\t<p><span style=\"font-weight: 400;\">D&rsquo;une production tr\u00e8s r\u00e9duite de\u00a0Garnacha\u00a0Tintorera\u00a0provenant de vignes centenaires, environ\u00a01500 bouteilles de ce vin sp\u00e9cial sont mises sur le march\u00e9.<\/span><\/p><p><span style=\"font-weight: 400;\">La vari\u00e9t\u00e9 \u00e9l\u00e9gante et exclusive refl\u00e8te un excellent \u00e9quilibre entre maturation et vitalit\u00e9. Il est long et persistant, avec une grande pr\u00e9sence de fruits et un arri\u00e8re-go\u00fbt avec des notes \u00e9pic\u00e9es pr\u00e9dominantes.<\/span><\/p><p><span style=\"font-weight: 400;\">La grande typicit\u00e9 de ce raisin exceptionnel est marqu\u00e9e par le vignoble centenaire de \u201cO Rasedo\u201d, avec des solsLos argileux et des productions tr\u00e8s faibles de 1 kg de raisin par plante.<\/span><\/p><p><span style=\"font-weight: 400;\">Fermentaci\u00f3n alcoolique en cuves en acier inoxydable; Fermentaci\u00f3n malolactique et vieillissement pendant 12 mois en f\u00fbts de ch\u00eane fran\u00e7ais de 225 l.; il reposera ensuite 24 mois suppl\u00e9mentaires en bouteille o\u00f9 il atteindra sa pleine expression.<\/span><\/p><p><span style=\"font-weight: 400;\">Un vin inimitable, avec du caract\u00e8re et un grand potentiel de vieillissement.<\/span><\/p>\t\t\t\t\t\t\t\t<\/div>\n\t\t\t\t<div class=\"elementor-element elementor-element-664fe40 elementor-widget elementor-widget-text-editor\" data-id=\"664fe40\" data-element_type=\"widget\" data-widget_type=\"text-editor.default\">\n\t\t\t\t\t\t\t\t\t<h4>Note de D\u00e9gustation<\/h4>\t\t\t\t\t\t\t\t<\/div>\n\t\t\t\t<div class=\"elementor-element elementor-element-035f4e8 elementor-widget elementor-widget-text-editor\" data-id=\"035f4e8\" data-element_type=\"widget\" data-widget_type=\"text-editor.default\">\n\t\t\t\t\t\t\t\t\t<p><span style=\"font-weight: 400;\"><strong>Couleur :<\/strong> Ladeira Vella se pr\u00e9sente avec un rouge profond et vibrant, o\u00f9 le temps et le vieillissement ont tiss\u00e9 un manteau pourpre avec des reflets violac\u00e9s, dense et lumineux. Sa couche \u00e9paisse annonce un vin avec du corps et du caract\u00e8re.<br \/><\/span><span style=\"font-weight: 400;\"><strong>Nariz : <\/strong> La Nariz est un dialogue entre fra\u00eecheur et complexit\u00e9. Au d\u00e9but, des fruits noirs juteux \u00e9clatent, puis des nuances plus chaudes \u00e9mergent : caramelLos de beurre grill\u00e9, graines de tournesol l\u00e9g\u00e8rement sal\u00e9es et un murmure d&rsquo;\u00e9pices douces. Todo envelopp\u00e9 dans une \u00e9l\u00e9gante min\u00e9ralit\u00e9 qui rappelle l&rsquo;ardoise humide.<br \/><\/span><span style=\"font-weight: 400;\"><strong>Boca :<\/strong> L&rsquo;entr\u00e9e en Boca est puissante mais raffin\u00e9e, avec des tanins soyeux qui dessinent une structure large et bien d\u00e9finie. Le fruit noir r\u00e9appara\u00eet, cette fois avec une touche de compote, \u00e9quilibr\u00e9e par une Acidez fra\u00eeche qui donne de la vivacit\u00e9. Les notes de Los grill\u00e9es s&rsquo;int\u00e8grent sans \u00e9teindre le fruit, ajoutant de la profondeur. La finale est longue, avec un retour doux de ces nuances grill\u00e9es et un l\u00e9ger souvenir d&rsquo;herbes aromatiques qui invitent \u00e0 une autre gorg\u00e9e.<\/span><\/p>\t\t\t\t\t\t\t\t<\/div>\n\t\t\t\t<\/div>\n\t\t<div class=\"elementor-element elementor-element-f7c9eb0 e-con-full e-flex e-con e-child\" data-id=\"f7c9eb0\" data-element_type=\"container\">\n\t\t\t\t<div class=\"elementor-element elementor-element-6e31889 elementor-widget elementor-widget-text-editor\" data-id=\"6e31889\" data-element_type=\"widget\" data-widget_type=\"text-editor.default\">\n\t\t\t\t\t\t\t\t\tCaract\u00e9ristiques\t\t\t\t\t\t\t\t<\/div>\n\t\t<div class=\"elementor-element elementor-element-815161d e-con-full e-flex e-con e-child\" data-id=\"815161d\" data-element_type=\"container\">\n\t\t\t\t<div class=\"elementor-element elementor-element-d374382 elementor-widget elementor-widget-text-editor\" data-id=\"d374382\" data-element_type=\"widget\" data-widget_type=\"text-editor.default\">\n\t\t\t\t\t\t\t\t\t<p>Type de Vin<\/p>\t\t\t\t\t\t\t\t<\/div>\n\t\t\t\t<div class=\"elementor-element elementor-element-3dd1da6 elementor-widget__width-initial elementor-widget elementor-widget-text-editor\" data-id=\"3dd1da6\" data-element_type=\"widget\" data-widget_type=\"text-editor.default\">\n\t\t\t\t\t\t\t\t\t<p><span style=\"font-weight: 400;\">Vin rouge avec malolactique en ch\u00eane fran\u00e7ais et \u00e9levage de 12 mois en f\u00fbt.<\/span><\/p>\t\t\t\t\t\t\t\t<\/div>\n\t\t\t\t<div class=\"elementor-element elementor-element-a9f20c6 elementor-widget-divider--view-line elementor-widget elementor-widget-divider\" data-id=\"a9f20c6\" data-element_type=\"widget\" data-widget_type=\"divider.default\">\n\t\t\t\t\t\t\t<div class=\"elementor-divider\">\n\t\t\t<span class=\"elementor-divider-separator\">\n\t\t\t\t\t\t<\/span>\n\t\t<\/div>\n\t\t\t\t\t\t<\/div>\n\t\t\t\t<div class=\"elementor-element elementor-element-df80faa elementor-widget elementor-widget-text-editor\" data-id=\"df80faa\" data-element_type=\"widget\" data-widget_type=\"text-editor.default\">\n\t\t\t\t\t\t\t\t\t<p>Vari\u00e9t\u00e9<\/p>\t\t\t\t\t\t\t\t<\/div>\n\t\t\t\t<div class=\"elementor-element elementor-element-5d93e69 elementor-widget__width-initial elementor-widget elementor-widget-text-editor\" data-id=\"5d93e69\" data-element_type=\"widget\" data-widget_type=\"text-editor.default\">\n\t\t\t\t\t\t\t\t\t<p><span style=\"font-weight: 400;\">100% Garnacha Tintorera<\/span><\/p>\t\t\t\t\t\t\t\t<\/div>\n\t\t\t\t<div class=\"elementor-element elementor-element-e12a508 elementor-widget-divider--view-line elementor-widget elementor-widget-divider\" data-id=\"e12a508\" data-element_type=\"widget\" data-widget_type=\"divider.default\">\n\t\t\t\t\t\t\t<div class=\"elementor-divider\">\n\t\t\t<span class=\"elementor-divider-separator\">\n\t\t\t\t\t\t<\/span>\n\t\t<\/div>\n\t\t\t\t\t\t<\/div>\n\t\t\t\t<div class=\"elementor-element elementor-element-f6b2002 elementor-widget elementor-widget-text-editor\" data-id=\"f6b2002\" data-element_type=\"widget\" data-widget_type=\"text-editor.default\">\n\t\t\t\t\t\t\t\t\t<p>Param\u00e8tres analytiques<\/p>\t\t\t\t\t\t\t\t<\/div>\n\t\t\t\t<div class=\"elementor-element elementor-element-ee4bcb1 elementor-widget__width-initial elementor-widget elementor-widget-text-editor\" data-id=\"ee4bcb1\" data-element_type=\"widget\" data-widget_type=\"text-editor.default\">\n\t\t\t\t\t\t\t\t\t<p><span style=\"font-weight: 400;\">Alcohol : 15 %<br \/><\/span><span style=\"font-weight: 400;\">Acidez : 5,1 g\/l\u00a0<br \/><\/span><span style=\"font-weight: 400;\">Azu\u0301car Residual : &lt;1 g\/l<\/span><\/p>\t\t\t\t\t\t\t\t<\/div>\n\t\t\t\t<\/div>\n\t\t\t\t<\/div>\n\t\t\t\t\t<\/div>\n\t\t\t\t<\/div>\n\t\t\t\t<\/div>\n\t\t","protected":false},"excerpt":{"rendered":"<p>\u00c9laboration De una producci\u00f3n muy reducida de\u00a0Garnacha\u00a0Tintorera\u00a0proveniente de cepas centenarias, salen al mercado alrededor de\u00a01500 botellas de este especial vino. La elegante y exclusiva variedad refleja un excelente equilibrio entre maduraci\u00f3n y vitalidad. Es largo y persistente, con gran presencia de fruta y retrogusto con predominantes notas especiadas. La gran tipicidad de esta excepcional uva [&hellip;]<\/p>\n","protected":false},"featured_media":8899,"comment_status":"closed","ping_status":"closed","template":"","meta":{"_acf_changed":false},"product_cat":[130,195],"product_tag":[],"class_list":{"0":"post-8820","1":"product","2":"type-product","3":"status-publish","4":"has-post-thumbnail","6":"product_cat-bodegas-a-coroa","7":"product_cat-d-o-valdeorras","9":"first","10":"instock","11":"featured","12":"shipping-taxable","13":"product-type-simple"},"acf":[],"_links":{"self":[{"href":"https:\/\/www.bluewines.eu\/fr\/wp-json\/wp\/v2\/product\/8820","targetHints":{"allow":["GET"]}}],"collection":[{"href":"https:\/\/www.bluewines.eu\/fr\/wp-json\/wp\/v2\/product"}],"about":[{"href":"https:\/\/www.bluewines.eu\/fr\/wp-json\/wp\/v2\/types\/product"}],"replies":[{"embeddable":true,"href":"https:\/\/www.bluewines.eu\/fr\/wp-json\/wp\/v2\/comments?post=8820"}],"version-history":[{"count":2,"href":"https:\/\/www.bluewines.eu\/fr\/wp-json\/wp\/v2\/product\/8820\/revisions"}],"predecessor-version":[{"id":9390,"href":"https:\/\/www.bluewines.eu\/fr\/wp-json\/wp\/v2\/product\/8820\/revisions\/9390"}],"wp:featuredmedia":[{"embeddable":true,"href":"https:\/\/www.bluewines.eu\/fr\/wp-json\/wp\/v2\/media\/8899"}],"wp:attachment":[{"href":"https:\/\/www.bluewines.eu\/fr\/wp-json\/wp\/v2\/media?parent=8820"}],"wp:term":[{"taxonomy":"product_cat","embeddable":true,"href":"https:\/\/www.bluewines.eu\/fr\/wp-json\/wp\/v2\/product_cat?post=8820"},{"taxonomy":"product_tag","embeddable":true,"href":"https:\/\/www.bluewines.eu\/fr\/wp-json\/wp\/v2\/product_tag?post=8820"}],"curies":[{"name":"wp","href":"https:\/\/api.w.org\/{rel}","templated":true}]}}