{"id":8821,"date":"2025-11-19T10:45:48","date_gmt":"2025-11-19T09:45:48","guid":{"rendered":"https:\/\/www.bluewines.eu\/producto\/a-coroa-lias-2\/"},"modified":"2026-04-16T15:41:14","modified_gmt":"2026-04-16T13:41:14","slug":"a-coroa-lias-2","status":"publish","type":"product","link":"https:\/\/www.bluewines.eu\/fr\/producto\/a-coroa-lias-2\/","title":{"rendered":"A Coroa L\u00edas"},"content":{"rendered":"\t\t<div data-elementor-type=\"wp-post\" data-elementor-id=\"8821\" class=\"elementor elementor-8821 elementor-5844\" data-elementor-post-type=\"product\">\n\t\t\t\t<div class=\"elementor-element elementor-element-15751363 e-flex e-con-boxed e-con e-parent\" data-id=\"15751363\" data-element_type=\"container\">\n\t\t\t\t\t<div class=\"e-con-inner\">\n\t\t<div class=\"elementor-element elementor-element-979b208 e-con-full e-flex e-con e-child\" data-id=\"979b208\" data-element_type=\"container\">\n\t\t\t\t<div class=\"elementor-element elementor-element-c333ded elementor-widget elementor-widget-text-editor\" data-id=\"c333ded\" data-element_type=\"widget\" data-widget_type=\"text-editor.default\">\n\t\t\t\t\t\t\t\t\t<h4>\u00c9laboration<\/h4>\t\t\t\t\t\t\t\t<\/div>\n\t\t\t\t<div class=\"elementor-element elementor-element-e65de2f elementor-widget elementor-widget-text-editor\" data-id=\"e65de2f\" data-element_type=\"widget\" data-widget_type=\"text-editor.default\">\n\t\t\t\t\t\t\t\t\t<p><span style=\"font-weight: 400;\">Vin \u00e9labor\u00e9 avec la plus soigneuse s\u00e9lection de raisins\u00a0Godello\u00a0provenant de l&rsquo;un de nos vignobles de production contr\u00f4l\u00e9e les plus caract\u00e9ristiques, A Sobreira.<\/span><\/p><p><span style=\"font-weight: 400;\">La parcelle, situ\u00e9e \u00e0 450 m\u00e8tres d&rsquo;altitude, se distingue par ses sols franco-argileux avec des galets et des s\u00e9diments provenant du transport des cours d&rsquo;eau du quaternaire.<\/span><\/p><p><span style=\"font-weight: 400;\">Despu\u00e9s de sa fermentation, les mo\u00fbts reposent pendant 5 mois sur leurs lies en suspension gr\u00e2ce \u00e0 l&rsquo;application de la technique du \u201cbatonnage\u201d.<\/span><\/p><p><span style=\"font-weight: 400;\">A Coroa L\u00edas est un vin complexe et rond, qui surprend d\u00e8s son entr\u00e9e en Boca et persiste dans le souvenir.<\/span><\/p>\t\t\t\t\t\t\t\t<\/div>\n\t\t\t\t<div class=\"elementor-element elementor-element-664fe40 elementor-widget elementor-widget-text-editor\" data-id=\"664fe40\" data-element_type=\"widget\" data-widget_type=\"text-editor.default\">\n\t\t\t\t\t\t\t\t\t<h4>Note de D\u00e9gustation<\/h4>\t\t\t\t\t\t\t\t<\/div>\n\t\t\t\t<div class=\"elementor-element elementor-element-035f4e8 elementor-widget elementor-widget-text-editor\" data-id=\"035f4e8\" data-element_type=\"widget\" data-widget_type=\"text-editor.default\">\n\t\t\t\t\t\t\t\t\t<p><span style=\"font-weight: 400;\"><strong>Couleur :<\/strong> Il se pr\u00e9sente avec une teinte jaune p\u00e2le et des reflets dor\u00e9s propres et brillants caract\u00e9ristiques des vins de Godello bien vinifi\u00e9s.<br \/><\/span><span style=\"font-weight: 400;\"><strong>Nariz :<\/strong> Muestra une grande expression et complexit\u00e9. Sobresalen notes de fruits blancs et m\u00fbrs, comme la pomme golden et la poire, accompagn\u00e9s de notes citriques, de citron et de pamplemousse et de d\u00e9licates nuances florales. Le vieillissement sur lies apporte une seconde couche aromatique avec des touches cr\u00e9meuses et enveloppantes : pain grill\u00e9, brioche, fruits secs et un subtil fond min\u00e9ral, qui lui conf\u00e8re \u00e9l\u00e9gance et profondeur.<br \/><\/span><span style=\"font-weight: 400;\"><strong>Boca :<\/strong> Dans Boca, c&rsquo;est un vin frais et dynamique, avec un Acidez \u00e9quilibr\u00e9 qui lui donne de la vivacit\u00e9. Sa texture est soyeuse et enveloppante, apport\u00e9e par le vieillissement sur lies, ce qui lui conf\u00e8re volume et douceur. Destacan saveurs de fruits m\u00fbrs, d&rsquo;agrumes et une touche min\u00e9rale avec une finale longue et persistante qui invite \u00e0 continuer \u00e0 boire.<\/span><\/p>\t\t\t\t\t\t\t\t<\/div>\n\t\t\t\t<\/div>\n\t\t<div class=\"elementor-element elementor-element-f7c9eb0 e-con-full e-flex e-con e-child\" data-id=\"f7c9eb0\" data-element_type=\"container\">\n\t\t\t\t<div class=\"elementor-element elementor-element-6e31889 elementor-widget elementor-widget-text-editor\" data-id=\"6e31889\" data-element_type=\"widget\" data-widget_type=\"text-editor.default\">\n\t\t\t\t\t\t\t\t\tCaract\u00e9ristiques\t\t\t\t\t\t\t\t<\/div>\n\t\t<div class=\"elementor-element elementor-element-815161d e-con-full e-flex e-con e-child\" data-id=\"815161d\" data-element_type=\"container\">\n\t\t\t\t<div class=\"elementor-element elementor-element-d374382 elementor-widget elementor-widget-text-editor\" data-id=\"d374382\" data-element_type=\"widget\" data-widget_type=\"text-editor.default\">\n\t\t\t\t\t\t\t\t\t<p>Type de Vin<\/p>\t\t\t\t\t\t\t\t<\/div>\n\t\t\t\t<div class=\"elementor-element elementor-element-3dd1da6 elementor-widget__width-initial elementor-widget elementor-widget-text-editor\" data-id=\"3dd1da6\" data-element_type=\"widget\" data-widget_type=\"text-editor.default\">\n\t\t\t\t\t\t\t\t\t<p><span style=\"font-weight: 400;\">Vin blanc de vieillissement sur lies<\/span><\/p>\t\t\t\t\t\t\t\t<\/div>\n\t\t\t\t<div class=\"elementor-element elementor-element-a9f20c6 elementor-widget-divider--view-line elementor-widget elementor-widget-divider\" data-id=\"a9f20c6\" data-element_type=\"widget\" data-widget_type=\"divider.default\">\n\t\t\t\t\t\t\t<div class=\"elementor-divider\">\n\t\t\t<span class=\"elementor-divider-separator\">\n\t\t\t\t\t\t<\/span>\n\t\t<\/div>\n\t\t\t\t\t\t<\/div>\n\t\t\t\t<div class=\"elementor-element elementor-element-df80faa elementor-widget elementor-widget-text-editor\" data-id=\"df80faa\" data-element_type=\"widget\" data-widget_type=\"text-editor.default\">\n\t\t\t\t\t\t\t\t\t<p>Vari\u00e9t\u00e9<\/p>\t\t\t\t\t\t\t\t<\/div>\n\t\t\t\t<div class=\"elementor-element elementor-element-5d93e69 elementor-widget__width-initial elementor-widget elementor-widget-text-editor\" data-id=\"5d93e69\" data-element_type=\"widget\" data-widget_type=\"text-editor.default\">\n\t\t\t\t\t\t\t\t\t<p><span style=\"font-weight: 400;\">100% Godello<\/span><\/p>\t\t\t\t\t\t\t\t<\/div>\n\t\t\t\t<div class=\"elementor-element elementor-element-e12a508 elementor-widget-divider--view-line elementor-widget elementor-widget-divider\" data-id=\"e12a508\" data-element_type=\"widget\" data-widget_type=\"divider.default\">\n\t\t\t\t\t\t\t<div class=\"elementor-divider\">\n\t\t\t<span class=\"elementor-divider-separator\">\n\t\t\t\t\t\t<\/span>\n\t\t<\/div>\n\t\t\t\t\t\t<\/div>\n\t\t\t\t<div class=\"elementor-element elementor-element-f6b2002 elementor-widget elementor-widget-text-editor\" data-id=\"f6b2002\" data-element_type=\"widget\" data-widget_type=\"text-editor.default\">\n\t\t\t\t\t\t\t\t\t<p>Param\u00e8tres analytiques<\/p>\t\t\t\t\t\t\t\t<\/div>\n\t\t\t\t<div class=\"elementor-element elementor-element-ee4bcb1 elementor-widget__width-initial elementor-widget elementor-widget-text-editor\" data-id=\"ee4bcb1\" data-element_type=\"widget\" data-widget_type=\"text-editor.default\">\n\t\t\t\t\t\t\t\t\t<p><span style=\"font-weight: 400;\">Alcohol: 13,5 %<br \/><\/span><span style=\"font-weight: 400;\">Acidez: 5,5 g\/l\u00a0<br \/><\/span><span style=\"font-weight: 400;\">Azu\u0301car Residual: &lt;1 g\/l<\/span><\/p>\t\t\t\t\t\t\t\t<\/div>\n\t\t\t\t<\/div>\n\t\t\t\t<\/div>\n\t\t\t\t\t<\/div>\n\t\t\t\t<\/div>\n\t\t\t\t<\/div>\n\t\t","protected":false},"excerpt":{"rendered":"<p>\u00c9laboration Vino elaborado con la m\u00e1s cuidada selecci\u00f3n de uvas\u00a0Godello\u00a0provenientes de uno de nuestros vi\u00f1edos de producci\u00f3n controlada m\u00e1s caracter\u00edsticos, A Sobreira. La parcela, localizada a 450 metros de altitud, destaca por sus suelos franco-arenosos con cantos rodados y sedimentos provenientes del arrastre de cursos de agua del cuaternario. Despu\u00e9s de su fermentaci\u00f3n, los mostos [&hellip;]<\/p>\n","protected":false},"featured_media":7617,"comment_status":"closed","ping_status":"closed","template":"","meta":{"_acf_changed":false},"product_cat":[130,195],"product_tag":[],"class_list":{"0":"post-8821","1":"product","2":"type-product","3":"status-publish","4":"has-post-thumbnail","6":"product_cat-bodegas-a-coroa","7":"product_cat-d-o-valdeorras","9":"first","10":"instock","11":"featured","12":"shipping-taxable","13":"product-type-simple"},"acf":[],"_links":{"self":[{"href":"https:\/\/www.bluewines.eu\/fr\/wp-json\/wp\/v2\/product\/8821","targetHints":{"allow":["GET"]}}],"collection":[{"href":"https:\/\/www.bluewines.eu\/fr\/wp-json\/wp\/v2\/product"}],"about":[{"href":"https:\/\/www.bluewines.eu\/fr\/wp-json\/wp\/v2\/types\/product"}],"replies":[{"embeddable":true,"href":"https:\/\/www.bluewines.eu\/fr\/wp-json\/wp\/v2\/comments?post=8821"}],"version-history":[{"count":2,"href":"https:\/\/www.bluewines.eu\/fr\/wp-json\/wp\/v2\/product\/8821\/revisions"}],"predecessor-version":[{"id":9392,"href":"https:\/\/www.bluewines.eu\/fr\/wp-json\/wp\/v2\/product\/8821\/revisions\/9392"}],"wp:featuredmedia":[{"embeddable":true,"href":"https:\/\/www.bluewines.eu\/fr\/wp-json\/wp\/v2\/media\/7617"}],"wp:attachment":[{"href":"https:\/\/www.bluewines.eu\/fr\/wp-json\/wp\/v2\/media?parent=8821"}],"wp:term":[{"taxonomy":"product_cat","embeddable":true,"href":"https:\/\/www.bluewines.eu\/fr\/wp-json\/wp\/v2\/product_cat?post=8821"},{"taxonomy":"product_tag","embeddable":true,"href":"https:\/\/www.bluewines.eu\/fr\/wp-json\/wp\/v2\/product_tag?post=8821"}],"curies":[{"name":"wp","href":"https:\/\/api.w.org\/{rel}","templated":true}]}}