{"id":8832,"date":"2025-11-13T18:53:07","date_gmt":"2025-11-13T17:53:07","guid":{"rendered":"https:\/\/www.bluewines.eu\/producto\/valleoscuro-blanco-verdejo-2\/"},"modified":"2026-04-16T15:57:39","modified_gmt":"2026-04-16T13:57:39","slug":"valleoscuro-blanco-verdejo-2","status":"publish","type":"product","link":"https:\/\/www.bluewines.eu\/fr\/producto\/valleoscuro-blanco-verdejo-2\/","title":{"rendered":"Valleoscuro Blanco Verdejo"},"content":{"rendered":"\t\t<div data-elementor-type=\"wp-post\" data-elementor-id=\"8832\" class=\"elementor elementor-8832 elementor-5379\" data-elementor-post-type=\"product\">\n\t\t\t\t<div class=\"elementor-element elementor-element-15751363 e-flex e-con-boxed e-con e-parent\" data-id=\"15751363\" data-element_type=\"container\">\n\t\t\t\t\t<div class=\"e-con-inner\">\n\t\t<div class=\"elementor-element elementor-element-979b208 e-con-full e-flex e-con e-child\" data-id=\"979b208\" data-element_type=\"container\">\n\t\t\t\t<div class=\"elementor-element elementor-element-c333ded elementor-widget elementor-widget-text-editor\" data-id=\"c333ded\" data-element_type=\"widget\" data-widget_type=\"text-editor.default\">\n\t\t\t\t\t\t\t\t\t<h4>\u00c9laboration<\/h4>\t\t\t\t\t\t\t\t<\/div>\n\t\t\t\t<div class=\"elementor-element elementor-element-e65de2f elementor-widget elementor-widget-text-editor\" data-id=\"e65de2f\" data-element_type=\"widget\" data-widget_type=\"text-editor.default\">\n\t\t\t\t\t\t\t\t\t<p>Les raisins \u00e9grapp\u00e9s, apr\u00e8s une mac\u00e9ration de 6\/8 heures, passent dans des presses pneumatiques o\u00f9 seul le mo\u00fbt fleur est r\u00e9cup\u00e9r\u00e9. Posteriormente est d\u00e9bourb\u00e9 jusqu&rsquo;\u00e0 obtenir un mo\u00fbt compl\u00e8tement propre qui fermentera entre 14 et 16\u00baC dans des cuves en acier inoxydable. Permanecer\u00e1 avec ses lies fines pendant deux mois<\/p>\t\t\t\t\t\t\t\t<\/div>\n\t\t\t\t<div class=\"elementor-element elementor-element-664fe40 elementor-widget elementor-widget-text-editor\" data-id=\"664fe40\" data-element_type=\"widget\" data-widget_type=\"text-editor.default\">\n\t\t\t\t\t\t\t\t\t<h4>Note de D\u00e9gustation<\/h4>\t\t\t\t\t\t\t\t<\/div>\n\t\t\t\t<div class=\"elementor-element elementor-element-bf719eb elementor-widget elementor-widget-text-editor\" data-id=\"bf719eb\" data-element_type=\"widget\" data-widget_type=\"text-editor.default\">\n\t\t\t\t\t\t\t\t\t<p>Jaune paille. Aromas frais de poire, herbe fra\u00eeche et ananas, avec des notes d&rsquo;agrumes.<br \/>En bouche, il est savoureux avec une bonne expression de fruits. Une l\u00e9g\u00e8re finale am\u00e8re prolonge ses sensations.<\/p>\t\t\t\t\t\t\t\t<\/div>\n\t\t\t\t<div class=\"elementor-element elementor-element-d019c26 elementor-widget elementor-widget-text-editor\" data-id=\"d019c26\" data-element_type=\"widget\" data-widget_type=\"text-editor.default\">\n\t\t\t\t\t\t\t\t\t<h4>Prix<\/h4>\t\t\t\t\t\t\t\t<\/div>\n\t\t\t\t<div class=\"elementor-element elementor-element-035f4e8 elementor-widget elementor-widget-text-editor\" data-id=\"035f4e8\" data-element_type=\"widget\" data-widget_type=\"text-editor.default\">\n\t\t\t\t\t\t\t\t\t<ul>\n \t<li data-start=\"97\" data-end=\"153\">\n<p data-start=\"100\" data-end=\"153\"><em data-start=\"100\" data-end=\"130\">\u201cPremio Bacchus de Oro 2019\u201d<\/em> \u2013 <strong data-start=\"133\" data-end=\"151\">Medalla de Oro<\/strong><\/p>\n<\/li>\n \t<li data-start=\"154\" data-end=\"217\">\n<p data-start=\"157\" data-end=\"217\"><em data-start=\"157\" data-end=\"194\">\u201cInternational Wine Challenge 2019\u201d<\/em> \u2013 <strong data-start=\"197\" data-end=\"215\">Medalla de Oro<\/strong><\/p>\n<\/li>\n \t<li data-start=\"218\" data-end=\"281\">\n<p data-start=\"221\" data-end=\"281\"><em data-start=\"221\" data-end=\"256\">\u201cDecanter World Wine Awards 2017\u201d<\/em> \u2013 <strong data-start=\"259\" data-end=\"279\">Medalla de Plata<\/strong><\/p>\n<\/li>\n \t<li data-start=\"282\" data-end=\"335\">\n<p data-start=\"285\" data-end=\"335\"><em data-start=\"285\" data-end=\"310\">\u201cPremios Zarcillo 2016\u201d<\/em> \u2013 <strong data-start=\"313\" data-end=\"333\">Medalla de Plata<\/strong><\/p>\n<\/li>\n<\/ul>\t\t\t\t\t\t\t\t<\/div>\n\t\t\t\t<\/div>\n\t\t<div class=\"elementor-element elementor-element-f7c9eb0 e-con-full e-flex e-con e-child\" data-id=\"f7c9eb0\" data-element_type=\"container\">\n\t\t\t\t<div class=\"elementor-element elementor-element-6e31889 elementor-widget elementor-widget-text-editor\" data-id=\"6e31889\" data-element_type=\"widget\" data-widget_type=\"text-editor.default\">\n\t\t\t\t\t\t\t\t\tCaract\u00e9ristiques\t\t\t\t\t\t\t\t<\/div>\n\t\t<div class=\"elementor-element elementor-element-815161d e-con-full e-flex e-con e-child\" data-id=\"815161d\" data-element_type=\"container\">\n\t\t\t\t<div class=\"elementor-element elementor-element-d374382 elementor-widget elementor-widget-text-editor\" data-id=\"d374382\" data-element_type=\"widget\" data-widget_type=\"text-editor.default\">\n\t\t\t\t\t\t\t\t\t<p>Type de vin<\/p>\t\t\t\t\t\t\t\t<\/div>\n\t\t\t\t<div class=\"elementor-element elementor-element-3dd1da6 elementor-widget__width-initial elementor-widget elementor-widget-text-editor\" data-id=\"3dd1da6\" data-element_type=\"widget\" data-widget_type=\"text-editor.default\">\n\t\t\t\t\t\t\t\t\t<p>Blanco Joven<\/p>\t\t\t\t\t\t\t\t<\/div>\n\t\t\t\t<div class=\"elementor-element elementor-element-a9f20c6 elementor-widget-divider--view-line elementor-widget elementor-widget-divider\" data-id=\"a9f20c6\" data-element_type=\"widget\" data-widget_type=\"divider.default\">\n\t\t\t\t\t\t\t<div class=\"elementor-divider\">\n\t\t\t<span class=\"elementor-divider-separator\">\n\t\t\t\t\t\t<\/span>\n\t\t<\/div>\n\t\t\t\t\t\t<\/div>\n\t\t\t\t<div class=\"elementor-element elementor-element-df80faa elementor-widget elementor-widget-text-editor\" data-id=\"df80faa\" data-element_type=\"widget\" data-widget_type=\"text-editor.default\">\n\t\t\t\t\t\t\t\t\t<p>Vari\u00e9t\u00e9<\/p>\t\t\t\t\t\t\t\t<\/div>\n\t\t\t\t<div class=\"elementor-element elementor-element-5d93e69 elementor-widget__width-initial elementor-widget elementor-widget-text-editor\" data-id=\"5d93e69\" data-element_type=\"widget\" data-widget_type=\"text-editor.default\">\n\t\t\t\t\t\t\t\t\t<p>100% Verdejo<\/p>\t\t\t\t\t\t\t\t<\/div>\n\t\t\t\t<div class=\"elementor-element elementor-element-e3bd9f8 elementor-widget-divider--view-line elementor-widget elementor-widget-divider\" data-id=\"e3bd9f8\" data-element_type=\"widget\" data-widget_type=\"divider.default\">\n\t\t\t\t\t\t\t<div class=\"elementor-divider\">\n\t\t\t<span class=\"elementor-divider-separator\">\n\t\t\t\t\t\t<\/span>\n\t\t<\/div>\n\t\t\t\t\t\t<\/div>\n\t\t\t\t<div class=\"elementor-element elementor-element-d1732e4 elementor-widget elementor-widget-text-editor\" data-id=\"d1732e4\" data-element_type=\"widget\" data-widget_type=\"text-editor.default\">\n\t\t\t\t\t\t\t\t\t<p><strong>Param\u00e8tres analytiques<\/strong><\/p>\t\t\t\t\t\t\t\t<\/div>\n\t\t\t\t<div class=\"elementor-element elementor-element-7fe170c elementor-widget__width-initial elementor-widget elementor-widget-text-editor\" data-id=\"7fe170c\" data-element_type=\"widget\" data-widget_type=\"text-editor.default\">\n\t\t\t\t\t\t\t\t\t<p>Alcool : 13,1 %<br \/>Acidez : 6,03 gr\/l<br \/>Azu\u0301soins : 1,50 gr\/l<br \/>Ac. Vola\u0301til : 0,30 gr\/l<\/p>\t\t\t\t\t\t\t\t<\/div>\n\t\t\t\t<\/div>\n\t\t\t\t<\/div>\n\t\t\t\t\t<\/div>\n\t\t\t\t<\/div>\n\t\t\t\t<\/div>\n\t\t","protected":false},"excerpt":{"rendered":"<p>\u00c9laboration Les raisins \u00e9grapp\u00e9s, apr\u00e8s une mac\u00e9ration de 6\/8 heures, passent dans des presses pneumatiques o\u00f9 seul le mo\u00fbt fleur est r\u00e9cup\u00e9r\u00e9. Posteriormente est d\u00e9bourb\u00e9 jusqu&rsquo;\u00e0 obtenir un mo\u00fbt compl\u00e8tement propre qui fermentera entre 14 et 16\u00baC dans des cuves en acier inoxydable. Permanecer\u00e1 avec ses lies fines pendant deux mois Note de D\u00e9gustation Jaune [&hellip;]<\/p>\n","protected":false},"featured_media":8901,"comment_status":"closed","ping_status":"closed","template":"","meta":{"_acf_changed":false},"product_cat":[136,189],"product_tag":[],"class_list":{"0":"post-8832","1":"product","2":"type-product","3":"status-publish","4":"has-post-thumbnail","6":"product_cat-bodegas-otero","7":"product_cat-d-o-p-valles-de-benavente","9":"first","10":"instock","11":"featured","12":"shipping-taxable","13":"product-type-simple"},"acf":[],"_links":{"self":[{"href":"https:\/\/www.bluewines.eu\/fr\/wp-json\/wp\/v2\/product\/8832","targetHints":{"allow":["GET"]}}],"collection":[{"href":"https:\/\/www.bluewines.eu\/fr\/wp-json\/wp\/v2\/product"}],"about":[{"href":"https:\/\/www.bluewines.eu\/fr\/wp-json\/wp\/v2\/types\/product"}],"replies":[{"embeddable":true,"href":"https:\/\/www.bluewines.eu\/fr\/wp-json\/wp\/v2\/comments?post=8832"}],"version-history":[{"count":2,"href":"https:\/\/www.bluewines.eu\/fr\/wp-json\/wp\/v2\/product\/8832\/revisions"}],"predecessor-version":[{"id":9425,"href":"https:\/\/www.bluewines.eu\/fr\/wp-json\/wp\/v2\/product\/8832\/revisions\/9425"}],"wp:featuredmedia":[{"embeddable":true,"href":"https:\/\/www.bluewines.eu\/fr\/wp-json\/wp\/v2\/media\/8901"}],"wp:attachment":[{"href":"https:\/\/www.bluewines.eu\/fr\/wp-json\/wp\/v2\/media?parent=8832"}],"wp:term":[{"taxonomy":"product_cat","embeddable":true,"href":"https:\/\/www.bluewines.eu\/fr\/wp-json\/wp\/v2\/product_cat?post=8832"},{"taxonomy":"product_tag","embeddable":true,"href":"https:\/\/www.bluewines.eu\/fr\/wp-json\/wp\/v2\/product_tag?post=8832"}],"curies":[{"name":"wp","href":"https:\/\/api.w.org\/{rel}","templated":true}]}}