{"id":8836,"date":"2025-11-24T15:30:33","date_gmt":"2025-11-24T14:30:33","guid":{"rendered":"https:\/\/www.bluewines.eu\/producto\/pago-de-cirsus-chardonnay-2\/"},"modified":"2026-04-16T15:30:38","modified_gmt":"2026-04-16T13:30:38","slug":"pago-de-cirsus-chardonnay-2","status":"publish","type":"product","link":"https:\/\/www.bluewines.eu\/fr\/producto\/pago-de-cirsus-chardonnay-2\/","title":{"rendered":"Pago de Cirsus Chardonnay"},"content":{"rendered":"\t\t<div data-elementor-type=\"wp-post\" data-elementor-id=\"8836\" class=\"elementor elementor-8836 elementor-5968\" data-elementor-post-type=\"product\">\n\t\t\t\t<div class=\"elementor-element elementor-element-15751363 e-flex e-con-boxed e-con e-parent\" data-id=\"15751363\" data-element_type=\"container\">\n\t\t\t\t\t<div class=\"e-con-inner\">\n\t\t<div class=\"elementor-element elementor-element-979b208 e-con-full e-flex e-con e-child\" data-id=\"979b208\" data-element_type=\"container\">\n\t\t\t\t<div class=\"elementor-element elementor-element-c333ded elementor-widget elementor-widget-text-editor\" data-id=\"c333ded\" data-element_type=\"widget\" data-widget_type=\"text-editor.default\">\n\t\t\t\t\t\t\t\t\t<h4>\u00c9laboration<\/h4>\t\t\t\t\t\t\t\t<\/div>\n\t\t\t\t<div class=\"elementor-element elementor-element-e65de2f elementor-widget elementor-widget-text-editor\" data-id=\"e65de2f\" data-element_type=\"widget\" data-widget_type=\"text-editor.default\">\n\t\t\t\t\t\t\t\t\t<p><span style=\"font-weight: 400;\">100 % chardonnay. Una apr\u00e8s le pressage du raisin, le mo\u00fbt fermente dans des cuves en acier inoxydable pendant 10 jours \u00e0 une temp\u00e9rature contr\u00f4l\u00e9e de ne d\u00e9passant pas 15 \u00b0C.<\/span><\/p>\t\t\t\t\t\t\t\t<\/div>\n\t\t\t\t<div class=\"elementor-element elementor-element-664fe40 elementor-widget elementor-widget-text-editor\" data-id=\"664fe40\" data-element_type=\"widget\" data-widget_type=\"text-editor.default\">\n\t\t\t\t\t\t\t\t\t<h4>Note de D\u00e9gustation<\/h4>\t\t\t\t\t\t\t\t<\/div>\n\t\t\t\t<div class=\"elementor-element elementor-element-035f4e8 elementor-widget elementor-widget-text-editor\" data-id=\"035f4e8\" data-element_type=\"widget\" data-widget_type=\"text-editor.default\">\n\t\t\t\t\t\t\t\t\t<p><span style=\"font-weight: 400;\"><strong>Color: <\/strong>Color jaune paille clair et brillant avec des nuances vertes.<br \/><\/span><span style=\"font-weight: 400;\"><strong>Nariz:<\/strong> Aromas aux fruits tropicaux. Pi\u00f1a, mangue, melon et banane, tr\u00e8s fruit\u00e9 et frais, Bien unifi\u00e9 gr\u00e2ce \u00e0 son Acidez.<br \/><\/span><span style=\"font-weight: 400;\"><strong>Boca:<\/strong> Bien \u00e9quilibr\u00e9 en Boca, rond gr\u00e2ce \u00e0 son bon Acidez, doux et agr\u00e9able. Ofrece un agr\u00e9able passage par Boca, avec une sensation glyc\u00e9rique Una.<\/span><\/p>\t\t\t\t\t\t\t\t<\/div>\n\t\t\t\t<div class=\"elementor-element elementor-element-033620c elementor-widget elementor-widget-text-editor\" data-id=\"033620c\" data-element_type=\"widget\" data-widget_type=\"text-editor.default\">\n\t\t\t\t\t\t\t\t\t<h4>Accord mets-vins<\/h4>\t\t\t\t\t\t\t\t<\/div>\n\t\t\t\t<div class=\"elementor-element elementor-element-7a17a99 elementor-widget elementor-widget-text-editor\" data-id=\"7a17a99\" data-element_type=\"widget\" data-widget_type=\"text-editor.default\">\n\t\t\t\t\t\t\t\t\t<p><span style=\"font-weight: 400;\">Parfait avec des aliments l\u00e9gers et d\u00e9licats comme des fruits de mer crus ou peu cuits comme le crabe ou les crevettes, ainsi qu&rsquo;avec des poissons \u00e0 la vapeur ou grill\u00e9s. Excelente avec toute tapa ou ap\u00e9ritif comme des p\u00e2t\u00e9s de poisson et des fromages.<\/span><\/p>\t\t\t\t\t\t\t\t<\/div>\n\t\t\t\t<div class=\"elementor-element elementor-element-8743832 elementor-widget elementor-widget-text-editor\" data-id=\"8743832\" data-element_type=\"widget\" data-widget_type=\"text-editor.default\">\n\t\t\t\t\t\t\t\t\t<h4>Prix<\/h4>\t\t\t\t\t\t\t\t<\/div>\n\t\t\t\t<div class=\"elementor-element elementor-element-848489d elementor-widget elementor-widget-text-editor\" data-id=\"848489d\" data-element_type=\"widget\" data-widget_type=\"text-editor.default\">\n\t\t\t\t\t\t\t\t\t<ul><li style=\"font-weight: 400;\" aria-level=\"1\"><span style=\"font-weight: 400;\">GOLD Gilbert &amp; Gaillard &#8211; 2025 (France)<\/span><\/li><li style=\"font-weight: 400;\" aria-level=\"1\"><span style=\"font-weight: 400;\">90 Pts. ATKIN &#8211; 2025 (R.-U.)<\/span><\/li><\/ul>\t\t\t\t\t\t\t\t<\/div>\n\t\t\t\t<\/div>\n\t\t<div class=\"elementor-element elementor-element-f7c9eb0 e-con-full e-flex e-con e-child\" data-id=\"f7c9eb0\" data-element_type=\"container\">\n\t\t\t\t<div class=\"elementor-element elementor-element-6e31889 elementor-widget elementor-widget-text-editor\" data-id=\"6e31889\" data-element_type=\"widget\" data-widget_type=\"text-editor.default\">\n\t\t\t\t\t\t\t\t\tCaract\u00e9ristiques\t\t\t\t\t\t\t\t<\/div>\n\t\t<div class=\"elementor-element elementor-element-815161d e-con-full e-flex e-con e-child\" data-id=\"815161d\" data-element_type=\"container\">\n\t\t\t\t<div class=\"elementor-element elementor-element-d374382 elementor-widget elementor-widget-text-editor\" data-id=\"d374382\" data-element_type=\"widget\" data-widget_type=\"text-editor.default\">\n\t\t\t\t\t\t\t\t\t<p>Type de Vin<\/p>\t\t\t\t\t\t\t\t<\/div>\n\t\t\t\t<div class=\"elementor-element elementor-element-3dd1da6 elementor-widget__width-initial elementor-widget elementor-widget-text-editor\" data-id=\"3dd1da6\" data-element_type=\"widget\" data-widget_type=\"text-editor.default\">\n\t\t\t\t\t\t\t\t\t<p><span style=\"font-weight: 400;\">Vin blanc jeune<\/span><\/p>\t\t\t\t\t\t\t\t<\/div>\n\t\t\t\t<div class=\"elementor-element elementor-element-a9f20c6 elementor-widget-divider--view-line elementor-widget elementor-widget-divider\" data-id=\"a9f20c6\" data-element_type=\"widget\" data-widget_type=\"divider.default\">\n\t\t\t\t\t\t\t<div class=\"elementor-divider\">\n\t\t\t<span class=\"elementor-divider-separator\">\n\t\t\t\t\t\t<\/span>\n\t\t<\/div>\n\t\t\t\t\t\t<\/div>\n\t\t\t\t<div class=\"elementor-element elementor-element-df80faa elementor-widget elementor-widget-text-editor\" data-id=\"df80faa\" data-element_type=\"widget\" data-widget_type=\"text-editor.default\">\n\t\t\t\t\t\t\t\t\t<p>Vari\u00e9t\u00e9<\/p>\t\t\t\t\t\t\t\t<\/div>\n\t\t\t\t<div class=\"elementor-element elementor-element-5d93e69 elementor-widget__width-initial elementor-widget elementor-widget-text-editor\" data-id=\"5d93e69\" data-element_type=\"widget\" data-widget_type=\"text-editor.default\">\n\t\t\t\t\t\t\t\t\t<p><span style=\"font-weight: 400;\">100% Chardonnay<\/span><\/p>\t\t\t\t\t\t\t\t<\/div>\n\t\t\t\t<div class=\"elementor-element elementor-element-e12a508 elementor-widget-divider--view-line elementor-widget elementor-widget-divider\" data-id=\"e12a508\" data-element_type=\"widget\" data-widget_type=\"divider.default\">\n\t\t\t\t\t\t\t<div class=\"elementor-divider\">\n\t\t\t<span class=\"elementor-divider-separator\">\n\t\t\t\t\t\t<\/span>\n\t\t<\/div>\n\t\t\t\t\t\t<\/div>\n\t\t\t\t<div class=\"elementor-element elementor-element-f6b2002 elementor-widget elementor-widget-text-editor\" data-id=\"f6b2002\" data-element_type=\"widget\" data-widget_type=\"text-editor.default\">\n\t\t\t\t\t\t\t\t\t<p>Param\u00e8tres analytiques<\/p>\t\t\t\t\t\t\t\t<\/div>\n\t\t\t\t<div class=\"elementor-element elementor-element-ee4bcb1 elementor-widget__width-initial elementor-widget elementor-widget-text-editor\" data-id=\"ee4bcb1\" data-element_type=\"widget\" data-widget_type=\"text-editor.default\">\n\t\t\t\t\t\t\t\t\t<p><span style=\"font-weight: 400;\">Alcohol : 14,5 %<br \/><\/span><span style=\"font-weight: 400;\">Acidez : 3,55 g\/l\u00a0<br \/><\/span><span style=\"font-weight: 400;\">Azu\u0301car Residual : 1,40 g\/l<\/span><\/p>\t\t\t\t\t\t\t\t<\/div>\n\t\t\t\t<\/div>\n\t\t\t\t<\/div>\n\t\t\t\t\t<\/div>\n\t\t\t\t<\/div>\n\t\t\t\t<\/div>\n\t\t","protected":false},"excerpt":{"rendered":"<p>\u00c9laboration 100 % chardonnay. Una vez prensada la uva, el mosto fermenta en dep\u00f3sitos de acero inoxidable durante 10 d\u00edas a una temperatura controlada que no supera los 15 \u00b0C. Note de D\u00e9gustation Color: Color amarillo pajizo claro y brillante con tonalidades verdes.Nariz: Aromas a frutas tropicales. Pi\u00f1a, mango, mel\u00f3n y pl\u00e1tano, muy afrutado y [&hellip;]<\/p>\n","protected":false},"featured_media":8905,"comment_status":"closed","ping_status":"closed","template":"","meta":{"_acf_changed":false},"product_cat":[137,187],"product_tag":[],"class_list":{"0":"post-8836","1":"product","2":"type-product","3":"status-publish","4":"has-post-thumbnail","6":"product_cat-bodegas-pago-de-cirsus","7":"product_cat-d-o-navarra","9":"first","10":"instock","11":"featured","12":"shipping-taxable","13":"product-type-simple"},"acf":[],"_links":{"self":[{"href":"https:\/\/www.bluewines.eu\/fr\/wp-json\/wp\/v2\/product\/8836","targetHints":{"allow":["GET"]}}],"collection":[{"href":"https:\/\/www.bluewines.eu\/fr\/wp-json\/wp\/v2\/product"}],"about":[{"href":"https:\/\/www.bluewines.eu\/fr\/wp-json\/wp\/v2\/types\/product"}],"replies":[{"embeddable":true,"href":"https:\/\/www.bluewines.eu\/fr\/wp-json\/wp\/v2\/comments?post=8836"}],"version-history":[{"count":2,"href":"https:\/\/www.bluewines.eu\/fr\/wp-json\/wp\/v2\/product\/8836\/revisions"}],"predecessor-version":[{"id":9374,"href":"https:\/\/www.bluewines.eu\/fr\/wp-json\/wp\/v2\/product\/8836\/revisions\/9374"}],"wp:featuredmedia":[{"embeddable":true,"href":"https:\/\/www.bluewines.eu\/fr\/wp-json\/wp\/v2\/media\/8905"}],"wp:attachment":[{"href":"https:\/\/www.bluewines.eu\/fr\/wp-json\/wp\/v2\/media?parent=8836"}],"wp:term":[{"taxonomy":"product_cat","embeddable":true,"href":"https:\/\/www.bluewines.eu\/fr\/wp-json\/wp\/v2\/product_cat?post=8836"},{"taxonomy":"product_tag","embeddable":true,"href":"https:\/\/www.bluewines.eu\/fr\/wp-json\/wp\/v2\/product_tag?post=8836"}],"curies":[{"name":"wp","href":"https:\/\/api.w.org\/{rel}","templated":true}]}}