{"id":8844,"date":"2025-11-19T08:43:45","date_gmt":"2025-11-19T07:43:45","guid":{"rendered":"https:\/\/www.bluewines.eu\/producto\/sanclodio-2\/"},"modified":"2026-04-16T15:45:28","modified_gmt":"2026-04-16T13:45:28","slug":"sanclodio-2","status":"publish","type":"product","link":"https:\/\/www.bluewines.eu\/fr\/producto\/sanclodio-2\/","title":{"rendered":"Sanclodio"},"content":{"rendered":"\t\t<div data-elementor-type=\"wp-post\" data-elementor-id=\"8844\" class=\"elementor elementor-8844 elementor-5786\" data-elementor-post-type=\"product\">\n\t\t\t\t<div class=\"elementor-element elementor-element-15751363 e-flex e-con-boxed e-con e-parent\" data-id=\"15751363\" data-element_type=\"container\">\n\t\t\t\t\t<div class=\"e-con-inner\">\n\t\t<div class=\"elementor-element elementor-element-979b208 e-con-full e-flex e-con e-child\" data-id=\"979b208\" data-element_type=\"container\">\n\t\t\t\t<div class=\"elementor-element elementor-element-c333ded elementor-widget elementor-widget-text-editor\" data-id=\"c333ded\" data-element_type=\"widget\" data-widget_type=\"text-editor.default\">\n\t\t\t\t\t\t\t\t\t<h4>\u00c9laboration<\/h4>\t\t\t\t\t\t\t\t<\/div>\n\t\t\t\t<div class=\"elementor-element elementor-element-e65de2f elementor-widget elementor-widget-text-editor\" data-id=\"e65de2f\" data-element_type=\"widget\" data-widget_type=\"text-editor.default\">\n\t\t\t\t\t\t\t\t\t<p><span style=\"font-weight: 400;\">Emplacement :\u00a0Fincas situ\u00e9es dans le Valle du Avia, Gomariz, Concello de Leiro (Ourense)<\/span><\/p><p><span style=\"font-weight: 400;\">Descripci\u00f3n : Terreno granitique en terrasses<\/span><\/p><p><span style=\"font-weight: 400;\">Superficie : 9,6 Hect\u00e1reas au total<\/span><\/p><p><span style=\"font-weight: 400;\">Edad : vignobles plant\u00e9s \u00e0 partir de l&rsquo;ann\u00e9e 2002<\/span><\/p><p><span style=\"font-weight: 400;\">Clima : confluence de Climas Atl\u00e1ntico et M\u00e9diterran\u00e9e<\/span><\/p><p><span style=\"font-weight: 400;\">R\u00e9colte : vendange manuelle en caisses de 18 kilos<\/span><\/p><p><span style=\"font-weight: 400;\">Vinificaci\u00f3n : \u00e9raflage, pressage pneumatique \u00e0 faible rendement au b\u00e9n\u00e9fice de la qualit\u00e9, d\u00e9bourbage \u00e0 15\u00baC et fermentation traditionnelle contr\u00f4l\u00e9e \u00e0 16\u00baC<\/span><\/p><p><span style=\"font-weight: 400;\">Envejecimiento : \u00e9levage sur lies et maturation ult\u00e9rieure en cuves en acier avec remuage p\u00e9riodique.<\/span><\/p><p><span style=\"font-weight: 400;\">On s&rsquo;attend \u00e0 ce qu&rsquo;il \u00e9volue bien \u00e0 moyen terme en amadissant ses qualit\u00e9s en bouteille<\/span><\/p>\t\t\t\t\t\t\t\t<\/div>\n\t\t\t\t<div class=\"elementor-element elementor-element-664fe40 elementor-widget elementor-widget-text-editor\" data-id=\"664fe40\" data-element_type=\"widget\" data-widget_type=\"text-editor.default\">\n\t\t\t\t\t\t\t\t\t<h4>Note de D\u00e9gustation<\/h4>\t\t\t\t\t\t\t\t<\/div>\n\t\t\t\t<div class=\"elementor-element elementor-element-035f4e8 elementor-widget elementor-widget-text-editor\" data-id=\"035f4e8\" data-element_type=\"widget\" data-widget_type=\"text-editor.default\">\n\t\t\t\t\t\t\t\t\t<p><span style=\"font-weight: 400;\"><strong>Couleur : <\/strong>Amarillo or avec des reflets citron de Intensidad moyen<br \/><\/span><span style=\"font-weight: 400;\"><strong>Nariz :<\/strong> C&rsquo;est complexe, fruit\u00e9 et frais. Intensidad aromatique moyen.<br \/><\/span><span style=\"font-weight: 400;\"><strong>Boca :<\/strong> frais, savoureux, aux larges nuances et \u00e0 la longue finale. Buena structure apport\u00e9e par la treixadura (variEdad principal) et lors du passage de Boca appara\u00eet le caract\u00e8re fruit\u00e9, floral et complexe que nous remarquons dans Nariz.<\/span><\/p>\t\t\t\t\t\t\t\t<\/div>\n\t\t\t\t<div class=\"elementor-element elementor-element-1319482 elementor-widget elementor-widget-text-editor\" data-id=\"1319482\" data-element_type=\"widget\" data-widget_type=\"text-editor.default\">\n\t\t\t\t\t\t\t\t\t<h4>Accord mets et vins<\/h4>\t\t\t\t\t\t\t\t<\/div>\n\t\t\t\t<div class=\"elementor-element elementor-element-4fe95ed elementor-widget elementor-widget-text-editor\" data-id=\"4fe95ed\" data-element_type=\"widget\" data-widget_type=\"text-editor.default\">\n\t\t\t\t\t\t\t\t\t<p><span style=\"font-weight: 400;\">S&rsquo;harmonise avec tous les types de poissons et de fruits de mer, les riz, les viandes blanches et les sushis.<\/span><\/p>\t\t\t\t\t\t\t\t<\/div>\n\t\t\t\t<div class=\"elementor-element elementor-element-1c4b190 elementor-widget elementor-widget-text-editor\" data-id=\"1c4b190\" data-element_type=\"widget\" data-widget_type=\"text-editor.default\">\n\t\t\t\t\t\t\t\t\t<h4>Prix<\/h4>\t\t\t\t\t\t\t\t<\/div>\n\t\t\t\t<div class=\"elementor-element elementor-element-160bb16 elementor-widget elementor-widget-text-editor\" data-id=\"160bb16\" data-element_type=\"widget\" data-widget_type=\"text-editor.default\">\n\t\t\t\t\t\t\t\t\t<ul><li><span style=\"font-weight: 400;\">Sanclodio 2023 : M\u00e9daille d&rsquo;Or+ Guide Paadin 2025<\/span><\/li><li><span style=\"font-weight: 400;\">Sanclodio 2023 : Meilleur Vin DO Ribeiro 2024<\/span><\/li><li><span style=\"font-weight: 400;\">Sanclodio 2022 : 91 points Guide Vins Gourmets 2024<\/span><\/li><li><span style=\"font-weight: 400;\">Sanclodio 2021 : 92 points Guide Vivir le Vin 2023<\/span><\/li><li><span style=\"font-weight: 400;\">Sanclodio 2016 : 90 points Robert Parker<\/span><\/li><li><span style=\"font-weight: 400;\">Sanclodio 2015 : Tempranillo de grand or. XI \u00e9dition de tempranillos au monde. Organis\u00e9 par la FEAE et l&rsquo;AGE.<\/span><\/li><li><span style=\"font-weight: 400;\">Sanclodio 2011 : Bacchus d&rsquo;Argent<\/span><\/li><li><span style=\"font-weight: 400;\">Sanclodio 2011 : 92 points Guide Pe\u00f1\u00edn<\/span><\/li><li><span style=\"font-weight: 400;\">Sanclodio 2009 : 91 points Robert Parker<\/span><\/li><\/ul>\t\t\t\t\t\t\t\t<\/div>\n\t\t\t\t<\/div>\n\t\t<div class=\"elementor-element elementor-element-f7c9eb0 e-con-full e-flex e-con e-child\" data-id=\"f7c9eb0\" data-element_type=\"container\">\n\t\t\t\t<div class=\"elementor-element elementor-element-6e31889 elementor-widget elementor-widget-text-editor\" data-id=\"6e31889\" data-element_type=\"widget\" data-widget_type=\"text-editor.default\">\n\t\t\t\t\t\t\t\t\tCaract\u00e9ristiques\t\t\t\t\t\t\t\t<\/div>\n\t\t<div class=\"elementor-element elementor-element-815161d e-con-full e-flex e-con e-child\" data-id=\"815161d\" data-element_type=\"container\">\n\t\t\t\t<div class=\"elementor-element elementor-element-d374382 elementor-widget elementor-widget-text-editor\" data-id=\"d374382\" data-element_type=\"widget\" data-widget_type=\"text-editor.default\">\n\t\t\t\t\t\t\t\t\t<p>Type de Vin<\/p>\t\t\t\t\t\t\t\t<\/div>\n\t\t\t\t<div class=\"elementor-element elementor-element-3dd1da6 elementor-widget__width-initial elementor-widget elementor-widget-text-editor\" data-id=\"3dd1da6\" data-element_type=\"widget\" data-widget_type=\"text-editor.default\">\n\t\t\t\t\t\t\t\t\t<p><span style=\"font-weight: 400;\">Vin blanc jeune<\/span><\/p>\t\t\t\t\t\t\t\t<\/div>\n\t\t\t\t<div class=\"elementor-element elementor-element-a9f20c6 elementor-widget-divider--view-line elementor-widget elementor-widget-divider\" data-id=\"a9f20c6\" data-element_type=\"widget\" data-widget_type=\"divider.default\">\n\t\t\t\t\t\t\t<div class=\"elementor-divider\">\n\t\t\t<span class=\"elementor-divider-separator\">\n\t\t\t\t\t\t<\/span>\n\t\t<\/div>\n\t\t\t\t\t\t<\/div>\n\t\t\t\t<div class=\"elementor-element elementor-element-df80faa elementor-widget elementor-widget-text-editor\" data-id=\"df80faa\" data-element_type=\"widget\" data-widget_type=\"text-editor.default\">\n\t\t\t\t\t\t\t\t\t<p>VariEdad<\/p>\t\t\t\t\t\t\t\t<\/div>\n\t\t\t\t<div class=\"elementor-element elementor-element-5d93e69 elementor-widget__width-initial elementor-widget elementor-widget-text-editor\" data-id=\"5d93e69\" data-element_type=\"widget\" data-widget_type=\"text-editor.default\">\n\t\t\t\t\t\t\t\t\t<p><span style=\"font-weight: 400;\">Treixadura, Godello. Loureira et Albari\u00f1o<\/span><\/p>\t\t\t\t\t\t\t\t<\/div>\n\t\t\t\t<div class=\"elementor-element elementor-element-e12a508 elementor-widget-divider--view-line elementor-widget elementor-widget-divider\" data-id=\"e12a508\" data-element_type=\"widget\" data-widget_type=\"divider.default\">\n\t\t\t\t\t\t\t<div class=\"elementor-divider\">\n\t\t\t<span class=\"elementor-divider-separator\">\n\t\t\t\t\t\t<\/span>\n\t\t<\/div>\n\t\t\t\t\t\t<\/div>\n\t\t\t\t<div class=\"elementor-element elementor-element-f6b2002 elementor-widget elementor-widget-text-editor\" data-id=\"f6b2002\" data-element_type=\"widget\" data-widget_type=\"text-editor.default\">\n\t\t\t\t\t\t\t\t\t<p>Param\u00e8tres analytiques<\/p>\t\t\t\t\t\t\t\t<\/div>\n\t\t\t\t<div class=\"elementor-element elementor-element-ee4bcb1 elementor-widget__width-initial elementor-widget elementor-widget-text-editor\" data-id=\"ee4bcb1\" data-element_type=\"widget\" data-widget_type=\"text-editor.default\">\n\t\t\t\t\t\t\t\t\t<p><span style=\"font-weight: 400;\">Alcool : 14,5 %<br \/><\/span><span style=\"font-weight: 400;\">Acidit\u00e9 : 5 g\/l\u00a0<br \/><\/span><span style=\"font-weight: 400;\">Sucres R\u00e9siduels : 1,40 g\/l<\/span><\/p>\t\t\t\t\t\t\t\t<\/div>\n\t\t\t\t<\/div>\n\t\t\t\t<\/div>\n\t\t\t\t\t<\/div>\n\t\t\t\t<\/div>\n\t\t\t\t<\/div>\n\t\t","protected":false},"excerpt":{"rendered":"<p>\u00c9laboration Ubicaci\u00f3n:\u00a0Fincas situadas en el Valle del Avia, Gomariz, Concello de Leiro (Ourense) Descripci\u00f3n: Terreno gran\u00edtico en socalcos Superficie: 9,6 Hect\u00e1reas en total Edad: vi\u00f1edos plantados a partir del a\u00f1o 2002 Clima: confluencia de climas Atl\u00e1ntico y Mediterr\u00e1neo Cosecha: vendimia manual en cajas de 18 kilos Vinificaci\u00f3n: despalillado, prensa neum\u00e1tica con bajo rendimiento en beneficio [&hellip;]<\/p>\n","protected":false},"featured_media":8912,"comment_status":"closed","ping_status":"closed","template":"","meta":{"_acf_changed":false},"product_cat":[139,192],"product_tag":[],"class_list":{"0":"post-8844","1":"product","2":"type-product","3":"status-publish","4":"has-post-thumbnail","6":"product_cat-bodegas-sanclodio","7":"product_cat-d-o-ribeiro","9":"first","10":"instock","11":"featured","12":"shipping-taxable","13":"product-type-simple"},"acf":[],"_links":{"self":[{"href":"https:\/\/www.bluewines.eu\/fr\/wp-json\/wp\/v2\/product\/8844","targetHints":{"allow":["GET"]}}],"collection":[{"href":"https:\/\/www.bluewines.eu\/fr\/wp-json\/wp\/v2\/product"}],"about":[{"href":"https:\/\/www.bluewines.eu\/fr\/wp-json\/wp\/v2\/types\/product"}],"replies":[{"embeddable":true,"href":"https:\/\/www.bluewines.eu\/fr\/wp-json\/wp\/v2\/comments?post=8844"}],"version-history":[{"count":2,"href":"https:\/\/www.bluewines.eu\/fr\/wp-json\/wp\/v2\/product\/8844\/revisions"}],"predecessor-version":[{"id":9398,"href":"https:\/\/www.bluewines.eu\/fr\/wp-json\/wp\/v2\/product\/8844\/revisions\/9398"}],"wp:featuredmedia":[{"embeddable":true,"href":"https:\/\/www.bluewines.eu\/fr\/wp-json\/wp\/v2\/media\/8912"}],"wp:attachment":[{"href":"https:\/\/www.bluewines.eu\/fr\/wp-json\/wp\/v2\/media?parent=8844"}],"wp:term":[{"taxonomy":"product_cat","embeddable":true,"href":"https:\/\/www.bluewines.eu\/fr\/wp-json\/wp\/v2\/product_cat?post=8844"},{"taxonomy":"product_tag","embeddable":true,"href":"https:\/\/www.bluewines.eu\/fr\/wp-json\/wp\/v2\/product_tag?post=8844"}],"curies":[{"name":"wp","href":"https:\/\/api.w.org\/{rel}","templated":true}]}}