{"id":8848,"date":"2025-11-13T19:21:09","date_gmt":"2025-11-13T18:21:09","guid":{"rendered":"https:\/\/www.bluewines.eu\/producto\/gran-predicat-blanc-de-bota-2\/"},"modified":"2026-04-16T15:55:17","modified_gmt":"2026-04-16T13:55:17","slug":"gran-predicat-blanc-de-bota-2","status":"publish","type":"product","link":"https:\/\/www.bluewines.eu\/fr\/producto\/gran-predicat-blanc-de-bota-2\/","title":{"rendered":"Gran Predicat Blanc de Bota"},"content":{"rendered":"\t\t<div data-elementor-type=\"wp-post\" data-elementor-id=\"8848\" class=\"elementor elementor-8848 elementor-5421\" data-elementor-post-type=\"product\">\n\t\t\t\t<div class=\"elementor-element elementor-element-15751363 e-flex e-con-boxed e-con e-parent\" data-id=\"15751363\" data-element_type=\"container\">\n\t\t\t\t\t<div class=\"e-con-inner\">\n\t\t<div class=\"elementor-element elementor-element-979b208 e-con-full e-flex e-con e-child\" data-id=\"979b208\" data-element_type=\"container\">\n\t\t\t\t<div class=\"elementor-element elementor-element-c333ded elementor-widget elementor-widget-text-editor\" data-id=\"c333ded\" data-element_type=\"widget\" data-widget_type=\"text-editor.default\">\n\t\t\t\t\t\t\t\t\t<h4>\u00c9laboration<\/h4>\t\t\t\t\t\t\t\t<\/div>\n\t\t\t\t<div class=\"elementor-element elementor-element-e65de2f elementor-widget elementor-widget-text-editor\" data-id=\"e65de2f\" data-element_type=\"widget\" data-widget_type=\"text-editor.default\">\n\t\t\t\t\t\t\t\t\t<p>Maceration de 3 jours, fermentation alcoolique en f\u00fbts de 600 Lts avec des levures indig\u00e8nes.<\/p>\t\t\t\t\t\t\t\t<\/div>\n\t\t\t\t<div class=\"elementor-element elementor-element-664fe40 elementor-widget elementor-widget-text-editor\" data-id=\"664fe40\" data-element_type=\"widget\" data-widget_type=\"text-editor.default\">\n\t\t\t\t\t\t\t\t\t<h4>Note de D\u00e9gustation<\/h4>\t\t\t\t\t\t\t\t<\/div>\n\t\t\t\t<div class=\"elementor-element elementor-element-035f4e8 elementor-widget elementor-widget-text-editor\" data-id=\"035f4e8\" data-element_type=\"widget\" data-widget_type=\"text-editor.default\">\n\t\t\t\t\t\t\t\t\t<p>Tinto tranquille, naturel, fruit\u00e9, min\u00e9ral, frais, cr\u00e9meux, complexe et tr\u00e8s \u00e9l\u00e9gant.<\/p>\t\t\t\t\t\t\t\t<\/div>\n\t\t\t\t<\/div>\n\t\t<div class=\"elementor-element elementor-element-f7c9eb0 e-con-full e-flex e-con e-child\" data-id=\"f7c9eb0\" data-element_type=\"container\">\n\t\t\t\t<div class=\"elementor-element elementor-element-6e31889 elementor-widget elementor-widget-text-editor\" data-id=\"6e31889\" data-element_type=\"widget\" data-widget_type=\"text-editor.default\">\n\t\t\t\t\t\t\t\t\tCaract\u00e9ristiques\t\t\t\t\t\t\t\t<\/div>\n\t\t<div class=\"elementor-element elementor-element-815161d e-con-full e-flex e-con e-child\" data-id=\"815161d\" data-element_type=\"container\">\n\t\t\t\t<div class=\"elementor-element elementor-element-d374382 elementor-widget elementor-widget-text-editor\" data-id=\"d374382\" data-element_type=\"widget\" data-widget_type=\"text-editor.default\">\n\t\t\t\t\t\t\t\t\t<p>Type de Vin<\/p>\t\t\t\t\t\t\t\t<\/div>\n\t\t\t\t<div class=\"elementor-element elementor-element-3dd1da6 elementor-widget__width-initial elementor-widget elementor-widget-text-editor\" data-id=\"3dd1da6\" data-element_type=\"widget\" data-widget_type=\"text-editor.default\">\n\t\t\t\t\t\t\t\t\t<p>Tinto 15 mois en f\u00fbt sur ses lies<\/p>\t\t\t\t\t\t\t\t<\/div>\n\t\t\t\t<div class=\"elementor-element elementor-element-a9f20c6 elementor-widget-divider--view-line elementor-widget elementor-widget-divider\" data-id=\"a9f20c6\" data-element_type=\"widget\" data-widget_type=\"divider.default\">\n\t\t\t\t\t\t\t<div class=\"elementor-divider\">\n\t\t\t<span class=\"elementor-divider-separator\">\n\t\t\t\t\t\t<\/span>\n\t\t<\/div>\n\t\t\t\t\t\t<\/div>\n\t\t\t\t<div class=\"elementor-element elementor-element-df80faa elementor-widget elementor-widget-text-editor\" data-id=\"df80faa\" data-element_type=\"widget\" data-widget_type=\"text-editor.default\">\n\t\t\t\t\t\t\t\t\t<p>Vari\u00e9t\u00e9<\/p>\t\t\t\t\t\t\t\t<\/div>\n\t\t\t\t<div class=\"elementor-element elementor-element-5d93e69 elementor-widget__width-initial elementor-widget elementor-widget-text-editor\" data-id=\"5d93e69\" data-element_type=\"widget\" data-widget_type=\"text-editor.default\">\n\t\t\t\t\t\t\t\t\t<p>100% Garnacha Blanca<\/p>\t\t\t\t\t\t\t\t<\/div>\n\t\t\t\t<div class=\"elementor-element elementor-element-e3bd9f8 elementor-widget-divider--view-line elementor-widget elementor-widget-divider\" data-id=\"e3bd9f8\" data-element_type=\"widget\" data-widget_type=\"divider.default\">\n\t\t\t\t\t\t\t<div class=\"elementor-divider\">\n\t\t\t<span class=\"elementor-divider-separator\">\n\t\t\t\t\t\t<\/span>\n\t\t<\/div>\n\t\t\t\t\t\t<\/div>\n\t\t\t\t<div class=\"elementor-element elementor-element-d1732e4 elementor-widget elementor-widget-text-editor\" data-id=\"d1732e4\" data-element_type=\"widget\" data-widget_type=\"text-editor.default\">\n\t\t\t\t\t\t\t\t\t<p><strong>Param\u00e8tres analytiques<\/strong><\/p>\t\t\t\t\t\t\t\t<\/div>\n\t\t\t\t<div class=\"elementor-element elementor-element-7fe170c elementor-widget__width-initial elementor-widget elementor-widget-text-editor\" data-id=\"7fe170c\" data-element_type=\"widget\" data-widget_type=\"text-editor.default\">\n\t\t\t\t\t\t\t\t\t<p>Alcool : 14,2 %<br \/>Az\u00facares : 1 gr\/l<br \/>SO2 libre : 25 mg\/l<\/p>\t\t\t\t\t\t\t\t<\/div>\n\t\t\t\t<\/div>\n\t\t\t\t<\/div>\n\t\t\t\t\t<\/div>\n\t\t\t\t<\/div>\n\t\t\t\t<\/div>\n\t\t","protected":false},"excerpt":{"rendered":"<p>\u00c9laboration Maceraci\u00f3n de 3 d\u00edas, fermentaci\u00f3n alcoh\u00f3lica en barricas de 600 Lts con levaduras aut\u00f3ctonas. Note de D\u00e9gustation Tinto tranquilo, natural, afrutado, mineral, fresco, cremoso, complejo y muy elegante. Caract\u00e9ristiques Tipo de Vino Tinto 15 meses en barricas en sus l\u00edas Variedad 100% Garnacha Blanca Par\u00e1metros Anal\u00edticos Alcohol: 14,2 % Az\u00facares: 1 gr\/l SO2 libre: [&hellip;]<\/p>\n","protected":false},"featured_media":8264,"comment_status":"closed","ping_status":"closed","template":"","meta":{"_acf_changed":false},"product_cat":[140,159],"product_tag":[],"class_list":{"0":"post-8848","1":"product","2":"type-product","3":"status-publish","4":"has-post-thumbnail","6":"product_cat-cellers-grifoll-declara","7":"product_cat-priorat-mountain-wines","9":"first","10":"instock","11":"featured","12":"shipping-taxable","13":"product-type-simple"},"acf":[],"_links":{"self":[{"href":"https:\/\/www.bluewines.eu\/fr\/wp-json\/wp\/v2\/product\/8848","targetHints":{"allow":["GET"]}}],"collection":[{"href":"https:\/\/www.bluewines.eu\/fr\/wp-json\/wp\/v2\/product"}],"about":[{"href":"https:\/\/www.bluewines.eu\/fr\/wp-json\/wp\/v2\/types\/product"}],"replies":[{"embeddable":true,"href":"https:\/\/www.bluewines.eu\/fr\/wp-json\/wp\/v2\/comments?post=8848"}],"version-history":[{"count":2,"href":"https:\/\/www.bluewines.eu\/fr\/wp-json\/wp\/v2\/product\/8848\/revisions"}],"predecessor-version":[{"id":9419,"href":"https:\/\/www.bluewines.eu\/fr\/wp-json\/wp\/v2\/product\/8848\/revisions\/9419"}],"wp:featuredmedia":[{"embeddable":true,"href":"https:\/\/www.bluewines.eu\/fr\/wp-json\/wp\/v2\/media\/8264"}],"wp:attachment":[{"href":"https:\/\/www.bluewines.eu\/fr\/wp-json\/wp\/v2\/media?parent=8848"}],"wp:term":[{"taxonomy":"product_cat","embeddable":true,"href":"https:\/\/www.bluewines.eu\/fr\/wp-json\/wp\/v2\/product_cat?post=8848"},{"taxonomy":"product_tag","embeddable":true,"href":"https:\/\/www.bluewines.eu\/fr\/wp-json\/wp\/v2\/product_tag?post=8848"}],"curies":[{"name":"wp","href":"https:\/\/api.w.org\/{rel}","templated":true}]}}