{"id":8862,"date":"2025-11-24T15:21:53","date_gmt":"2025-11-24T14:21:53","guid":{"rendered":"https:\/\/www.bluewines.eu\/producto\/rg-finca-rosalejo-2\/"},"modified":"2026-04-16T15:31:08","modified_gmt":"2026-04-16T13:31:08","slug":"rg-finca-rosalejo-2","status":"publish","type":"product","link":"https:\/\/www.bluewines.eu\/fr\/producto\/rg-finca-rosalejo-2\/","title":{"rendered":"R&#038;G Finca Rosalejo"},"content":{"rendered":"\t\t<div data-elementor-type=\"wp-post\" data-elementor-id=\"8862\" class=\"elementor elementor-8862 elementor-5963\" data-elementor-post-type=\"product\">\n\t\t\t\t<div class=\"elementor-element elementor-element-15751363 e-flex e-con-boxed e-con e-parent\" data-id=\"15751363\" data-element_type=\"container\">\n\t\t\t\t\t<div class=\"e-con-inner\">\n\t\t<div class=\"elementor-element elementor-element-979b208 e-con-full e-flex e-con e-child\" data-id=\"979b208\" data-element_type=\"container\">\n\t\t\t\t<div class=\"elementor-element elementor-element-c333ded elementor-widget elementor-widget-text-editor\" data-id=\"c333ded\" data-element_type=\"widget\" data-widget_type=\"text-editor.default\">\n\t\t\t\t\t\t\t\t\t<h4>\u00c9laboration<\/h4>\t\t\t\t\t\t\t\t<\/div>\n\t\t\t\t<div class=\"elementor-element elementor-element-e65de2f elementor-widget elementor-widget-text-editor\" data-id=\"e65de2f\" data-element_type=\"widget\" data-widget_type=\"text-editor.default\">\n\t\t\t\t\t\t\t\t\t<p><span style=\"font-weight: 400;\">La vinification se fait dans une combinaison de petits r\u00e9servoirs en acier inoxydable et de f\u00fbts ouverts, en prenant le plus grand soin de la mac\u00e9ration et de l&rsquo;extraction pour que le vin ait \u00e9l\u00e9gance, finesse et des tanins plus soyeux. Usando par gravit\u00e9, sans USA presses, pour \u00e9viter la rugosit\u00e9 et les tanins astringents, nous r\u00e9alisons Fermentaci\u00f3n malolactique. Fermentaci\u00f3n : dans de petits r\u00e9servoirs en acier inoxydable et dans des cuves ouvertes. Les Los vins restent en f\u00fbt pendant au moins 18 mois. Realizaremos plusieurs soutirages par gravit\u00e9.<\/span><\/p>\t\t\t\t\t\t\t\t<\/div>\n\t\t\t\t<div class=\"elementor-element elementor-element-664fe40 elementor-widget elementor-widget-text-editor\" data-id=\"664fe40\" data-element_type=\"widget\" data-widget_type=\"text-editor.default\">\n\t\t\t\t\t\t\t\t\t<h4>Note de D\u00e9gustation<\/h4>\t\t\t\t\t\t\t\t<\/div>\n\t\t\t\t<div class=\"elementor-element elementor-element-035f4e8 elementor-widget elementor-widget-text-editor\" data-id=\"035f4e8\" data-element_type=\"widget\" data-widget_type=\"text-editor.default\">\n\t\t\t\t\t\t\t\t\t<p><span style=\"font-weight: 400;\"><strong>Color: \u00a0<\/strong>Color rouge rubis intense, brillant et cristallin.<br \/><\/span><span style=\"font-weight: 400;\"><strong>Nariz:<\/strong> Sus des ar\u00f4mes complexes de fruits rouges s&rsquo;harmonisent avec les nuances que la vieillesse en f\u00fbt apporte \u00e0 Los. Son caract\u00e8re min\u00e9ral et sa grande concentration se distinguent vraiment en phase olfactive.<br \/><\/span><span style=\"font-weight: 400;\"><strong>Boca:<\/strong> Dans Boca, c&rsquo;est frais, avec des souvenirs de cerises, de Acidez, \u00e9quilibr\u00e9, \u00e9l\u00e9gant et avec un palais incroyablement doux en g\u00e9n\u00e9ral.<\/span><\/p>\t\t\t\t\t\t\t\t<\/div>\n\t\t\t\t<div class=\"elementor-element elementor-element-033620c elementor-widget elementor-widget-text-editor\" data-id=\"033620c\" data-element_type=\"widget\" data-widget_type=\"text-editor.default\">\n\t\t\t\t\t\t\t\t\t<h4>Accord mets et vins<\/h4>\t\t\t\t\t\t\t\t<\/div>\n\t\t\t\t<div class=\"elementor-element elementor-element-7a17a99 elementor-widget elementor-widget-text-editor\" data-id=\"7a17a99\" data-element_type=\"widget\" data-widget_type=\"text-editor.default\">\n\t\t\t\t\t\t\t\t\t<p><span style=\"font-weight: 400;\">Viandes rouges, rago\u00fbts, gibiers et fromages affin\u00e9s<\/span><\/p>\t\t\t\t\t\t\t\t<\/div>\n\t\t\t\t<div class=\"elementor-element elementor-element-52af3ef elementor-widget elementor-widget-text-editor\" data-id=\"52af3ef\" data-element_type=\"widget\" data-widget_type=\"text-editor.default\">\n\t\t\t\t\t\t\t\t\t<h4>Prix<\/h4>\t\t\t\t\t\t\t\t<\/div>\n\t\t\t\t<div class=\"elementor-element elementor-element-129f2a6 elementor-widget elementor-widget-text-editor\" data-id=\"129f2a6\" data-element_type=\"widget\" data-widget_type=\"text-editor.default\">\n\t\t\t\t\t\t\t\t\t<ul><li style=\"font-weight: 400;\" aria-level=\"1\"><span style=\"font-weight: 400;\">Mundusvini Gold &#8211; 2025 (Germany)<\/span><\/li><li style=\"font-weight: 400;\" aria-level=\"1\"><span style=\"font-weight: 400;\">91 Pts. Decanter &#8211; 2025 (Royaume-Uni)<\/span><\/li><li style=\"font-weight: 400;\" aria-level=\"1\"><span style=\"font-weight: 400;\">94 Pts. Pe\u00f1in &#8211; 2023 (Spain)<\/span><\/li><li style=\"font-weight: 400;\" aria-level=\"1\"><span style=\"font-weight: 400;\">90 Suckling &#8211; 2023 (USA)<\/span><\/li><\/ul>\t\t\t\t\t\t\t\t<\/div>\n\t\t\t\t<\/div>\n\t\t<div class=\"elementor-element elementor-element-f7c9eb0 e-con-full e-flex e-con e-child\" data-id=\"f7c9eb0\" data-element_type=\"container\">\n\t\t\t\t<div class=\"elementor-element elementor-element-6e31889 elementor-widget elementor-widget-text-editor\" data-id=\"6e31889\" data-element_type=\"widget\" data-widget_type=\"text-editor.default\">\n\t\t\t\t\t\t\t\t\tCaract\u00e9ristiques\t\t\t\t\t\t\t\t<\/div>\n\t\t<div class=\"elementor-element elementor-element-815161d e-con-full e-flex e-con e-child\" data-id=\"815161d\" data-element_type=\"container\">\n\t\t\t\t<div class=\"elementor-element elementor-element-d374382 elementor-widget elementor-widget-text-editor\" data-id=\"d374382\" data-element_type=\"widget\" data-widget_type=\"text-editor.default\">\n\t\t\t\t\t\t\t\t\t<p>Type de Vin<\/p>\t\t\t\t\t\t\t\t<\/div>\n\t\t\t\t<div class=\"elementor-element elementor-element-3dd1da6 elementor-widget__width-initial elementor-widget elementor-widget-text-editor\" data-id=\"3dd1da6\" data-element_type=\"widget\" data-widget_type=\"text-editor.default\">\n\t\t\t\t\t\t\t\t\t<p><span style=\"font-weight: 400;\">Vin rouge \u00e9lev\u00e9 18 mois en f\u00fbt de ch\u00eane fran\u00e7ais neuf.<\/span><\/p>\t\t\t\t\t\t\t\t<\/div>\n\t\t\t\t<div class=\"elementor-element elementor-element-a9f20c6 elementor-widget-divider--view-line elementor-widget elementor-widget-divider\" data-id=\"a9f20c6\" data-element_type=\"widget\" data-widget_type=\"divider.default\">\n\t\t\t\t\t\t\t<div class=\"elementor-divider\">\n\t\t\t<span class=\"elementor-divider-separator\">\n\t\t\t\t\t\t<\/span>\n\t\t<\/div>\n\t\t\t\t\t\t<\/div>\n\t\t\t\t<div class=\"elementor-element elementor-element-df80faa elementor-widget elementor-widget-text-editor\" data-id=\"df80faa\" data-element_type=\"widget\" data-widget_type=\"text-editor.default\">\n\t\t\t\t\t\t\t\t\t<p>Vari\u00e9t\u00e9<\/p>\t\t\t\t\t\t\t\t<\/div>\n\t\t\t\t<div class=\"elementor-element elementor-element-5d93e69 elementor-widget__width-initial elementor-widget elementor-widget-text-editor\" data-id=\"5d93e69\" data-element_type=\"widget\" data-widget_type=\"text-editor.default\">\n\t\t\t\t\t\t\t\t\t<p><span style=\"font-weight: 400;\">100% Syrah<\/span><\/p>\t\t\t\t\t\t\t\t<\/div>\n\t\t\t\t<div class=\"elementor-element elementor-element-e12a508 elementor-widget-divider--view-line elementor-widget elementor-widget-divider\" data-id=\"e12a508\" data-element_type=\"widget\" data-widget_type=\"divider.default\">\n\t\t\t\t\t\t\t<div class=\"elementor-divider\">\n\t\t\t<span class=\"elementor-divider-separator\">\n\t\t\t\t\t\t<\/span>\n\t\t<\/div>\n\t\t\t\t\t\t<\/div>\n\t\t\t\t<div class=\"elementor-element elementor-element-f6b2002 elementor-widget elementor-widget-text-editor\" data-id=\"f6b2002\" data-element_type=\"widget\" data-widget_type=\"text-editor.default\">\n\t\t\t\t\t\t\t\t\t<p>Param\u00e8tres analytiques<\/p>\t\t\t\t\t\t\t\t<\/div>\n\t\t\t\t<div class=\"elementor-element elementor-element-ee4bcb1 elementor-widget__width-initial elementor-widget elementor-widget-text-editor\" data-id=\"ee4bcb1\" data-element_type=\"widget\" data-widget_type=\"text-editor.default\">\n\t\t\t\t\t\t\t\t\t<p>Alcohol : 14,9 %, Acidez : 5,7 g\/l , Azu\u0301car R\u00e9siduel : 2 g\/l<\/p>\t\t\t\t\t\t\t\t<\/div>\n\t\t\t\t<\/div>\n\t\t\t\t<\/div>\n\t\t\t\t\t<\/div>\n\t\t\t\t<\/div>\n\t\t\t\t<\/div>\n\t\t","protected":false},"excerpt":{"rendered":"<p>\u00c9laboration La vinificaci\u00f3n se realiza en una combinaci\u00f3n de peque\u00f1os dep\u00f3sitos de acero inoxidable y barricas abiertas, mimando al m\u00e1ximo la maceraci\u00f3n y la extracci\u00f3n para que el vino tenga elegancia, finura y los taninos m\u00e1s sedosos. Usando la gravedad, sin usar prensas, para evitar aspereza y taninos astringentes, llevamos a cabo fermentaci\u00f3n malol\u00e1ctica. Fermentaci\u00f3n: [&hellip;]<\/p>\n","protected":false},"featured_media":8928,"comment_status":"closed","ping_status":"closed","template":"","meta":{"_acf_changed":false},"product_cat":[144,186],"product_tag":[],"class_list":{"0":"post-8862","1":"product","2":"type-product","3":"status-publish","4":"has-post-thumbnail","6":"product_cat-coleccion-rolland-galarreta","7":"product_cat-d-o-finca-rosalejo","9":"first","10":"instock","11":"featured","12":"shipping-taxable","13":"product-type-simple"},"acf":[],"_links":{"self":[{"href":"https:\/\/www.bluewines.eu\/fr\/wp-json\/wp\/v2\/product\/8862","targetHints":{"allow":["GET"]}}],"collection":[{"href":"https:\/\/www.bluewines.eu\/fr\/wp-json\/wp\/v2\/product"}],"about":[{"href":"https:\/\/www.bluewines.eu\/fr\/wp-json\/wp\/v2\/types\/product"}],"replies":[{"embeddable":true,"href":"https:\/\/www.bluewines.eu\/fr\/wp-json\/wp\/v2\/comments?post=8862"}],"version-history":[{"count":2,"href":"https:\/\/www.bluewines.eu\/fr\/wp-json\/wp\/v2\/product\/8862\/revisions"}],"predecessor-version":[{"id":9375,"href":"https:\/\/www.bluewines.eu\/fr\/wp-json\/wp\/v2\/product\/8862\/revisions\/9375"}],"wp:featuredmedia":[{"embeddable":true,"href":"https:\/\/www.bluewines.eu\/fr\/wp-json\/wp\/v2\/media\/8928"}],"wp:attachment":[{"href":"https:\/\/www.bluewines.eu\/fr\/wp-json\/wp\/v2\/media?parent=8862"}],"wp:term":[{"taxonomy":"product_cat","embeddable":true,"href":"https:\/\/www.bluewines.eu\/fr\/wp-json\/wp\/v2\/product_cat?post=8862"},{"taxonomy":"product_tag","embeddable":true,"href":"https:\/\/www.bluewines.eu\/fr\/wp-json\/wp\/v2\/product_tag?post=8862"}],"curies":[{"name":"wp","href":"https:\/\/api.w.org\/{rel}","templated":true}]}}