{"id":8863,"date":"2025-11-24T15:13:44","date_gmt":"2025-11-24T14:13:44","guid":{"rendered":"https:\/\/www.bluewines.eu\/producto\/rg-priorat-clos-den-ferran-2\/"},"modified":"2026-04-16T15:32:18","modified_gmt":"2026-04-16T13:32:18","slug":"rg-priorat-clos-den-ferran-2","status":"publish","type":"product","link":"https:\/\/www.bluewines.eu\/fr\/producto\/rg-priorat-clos-den-ferran-2\/","title":{"rendered":"R&#038;G Priorat Clos d&rsquo;en Ferran"},"content":{"rendered":"\t\t<div data-elementor-type=\"wp-post\" data-elementor-id=\"8863\" class=\"elementor elementor-8863 elementor-5949\" data-elementor-post-type=\"product\">\n\t\t\t\t<div class=\"elementor-element elementor-element-15751363 e-flex e-con-boxed e-con e-parent\" data-id=\"15751363\" data-element_type=\"container\">\n\t\t\t\t\t<div class=\"e-con-inner\">\n\t\t<div class=\"elementor-element elementor-element-979b208 e-con-full e-flex e-con e-child\" data-id=\"979b208\" data-element_type=\"container\">\n\t\t\t\t<div class=\"elementor-element elementor-element-c333ded elementor-widget elementor-widget-text-editor\" data-id=\"c333ded\" data-element_type=\"widget\" data-widget_type=\"text-editor.default\">\n\t\t\t\t\t\t\t\t\t<h4>\u00c9laboration<\/h4>\t\t\t\t\t\t\t\t<\/div>\n\t\t\t\t<div class=\"elementor-element elementor-element-e65de2f elementor-widget elementor-widget-text-editor\" data-id=\"e65de2f\" data-element_type=\"widget\" data-widget_type=\"text-editor.default\">\n\t\t\t\t\t\t\t\t\t<p><span style=\"font-weight: 400;\">Les Uvas proviennent de la propri\u00e9t\u00e9 Clos d&rsquo;en Ferran, situ\u00e9e pr\u00e8s du village de Porrera, avec un sol riche en schiste ferreux d\u00e9vonien, la roche la plus ancienne de la DOQ Priorat (400 millions d&rsquo;ann\u00e9es). Contiene beaucoup de quartz et d&rsquo;oxydes qui lui donnent un aspect entre rouge\u00e2tre et jaun\u00e2tre. Mezcla de vari\u00e9t\u00e9s plant\u00e9es : Carinyena (3,5 ha); Garnacha (1,5 ha); et des vignobles mixtes de Garnacha Blanca, Macabeo, Viognier et un peu de Pedro Xim\u00e9nez (1 ha). La s\u00e9lection du raisin commence dans le vignoble et se poursuit sur la table de tri. Luego sont enlev\u00e9s Los rafles sans \u00e9craser les Uvas. Le raisin est stock\u00e9 dans des conditions contr\u00f4l\u00e9es et subit de longues mac\u00e9rations \u00e0 basse temp\u00e9rature dans des f\u00fbts en ch\u00eane avec chapeau immerg\u00e9. Le mo\u00fbt est remont\u00e9 de mani\u00e8re naturelle, utilisant la gravit\u00e9 pour obtenir la meilleure extraction de Los polyph\u00e9nols. Le pressage se fait \u00e0 l&rsquo;aide d&rsquo;une presse pneumatique verticale et apr\u00e8s cela a lieu la fermentation malolactique en f\u00fbts de ch\u00eane fran\u00e7ais. Este Vino est mis en bouteille sans filtration.<\/span><\/p><p><span style=\"font-weight: 400;\">Uvas de la parcelle Clos d&rsquo;en Ferran. Le Vino a un \u00e9levage d&rsquo;un total de 15 mois en ch\u00eane fran\u00e7ais neuf.<\/span><\/p>\t\t\t\t\t\t\t\t<\/div>\n\t\t\t\t<div class=\"elementor-element elementor-element-664fe40 elementor-widget elementor-widget-text-editor\" data-id=\"664fe40\" data-element_type=\"widget\" data-widget_type=\"text-editor.default\">\n\t\t\t\t\t\t\t\t\t<h4>Note de D\u00e9gustation<\/h4>\t\t\t\t\t\t\t\t<\/div>\n\t\t\t\t<div class=\"elementor-element elementor-element-035f4e8 elementor-widget elementor-widget-text-editor\" data-id=\"035f4e8\" data-element_type=\"widget\" data-widget_type=\"text-editor.default\">\n\t\t\t\t\t\t\t\t\t<p><span style=\"font-weight: 400;\"><strong>Couleur :<\/strong> \u00a0Magn\u00edfico couleur rouge picota profonde et sombre.<br \/><\/span><span style=\"font-weight: 400;\"><strong>Nariz :<\/strong> Los ar\u00f4mes attrayants de cannelle, d&rsquo;\u00e9pices, de lavande et de picota r\u00e9sultent en un Vino de texture douce et bien \u00e9quilibr\u00e9e.<br \/><\/span><span style=\"font-weight: 400;\"><strong>Boca :<\/strong> Il est riche, concentr\u00e9 et charnu et montre \u00e9l\u00e9gance et complexit\u00e9. Dans Boca on note des tanins soyeux, avec une structure juteuse et une excellente profondeur. Vino subtil, \u00e9l\u00e9gant et avec un caract\u00e8re fruit\u00e9 frais.<\/span><\/p>\t\t\t\t\t\t\t\t<\/div>\n\t\t\t\t<div class=\"elementor-element elementor-element-033620c elementor-widget elementor-widget-text-editor\" data-id=\"033620c\" data-element_type=\"widget\" data-widget_type=\"text-editor.default\">\n\t\t\t\t\t\t\t\t\t<h4>Accord mets et vins<\/h4>\t\t\t\t\t\t\t\t<\/div>\n\t\t\t\t<div class=\"elementor-element elementor-element-7a17a99 elementor-widget elementor-widget-text-editor\" data-id=\"7a17a99\" data-element_type=\"widget\" data-widget_type=\"text-editor.default\">\n\t\t\t\t\t\t\t\t\t<p><span style=\"font-weight: 400;\">Viandes rouges, rago\u00fbts, gibier, fromages affin\u00e9s, poissons bleus, rago\u00fbts de poisson et chocolat.<\/span><\/p>\t\t\t\t\t\t\t\t<\/div>\n\t\t\t\t<div class=\"elementor-element elementor-element-4e489d0 elementor-widget elementor-widget-text-editor\" data-id=\"4e489d0\" data-element_type=\"widget\" data-widget_type=\"text-editor.default\">\n\t\t\t\t\t\t\t\t\t<h4>Prix<\/h4>\t\t\t\t\t\t\t\t<\/div>\n\t\t\t\t<div class=\"elementor-element elementor-element-c71f47c elementor-widget elementor-widget-text-editor\" data-id=\"c71f47c\" data-element_type=\"widget\" data-widget_type=\"text-editor.default\">\n\t\t\t\t\t\t\t\t\t<ul><li style=\"font-weight: 400;\" aria-level=\"1\"><span style=\"font-weight: 400;\">Gilbert &amp;Gaillard &#8211; 2025 (France)<\/span><\/li><li style=\"font-weight: 400;\" aria-level=\"1\"><span style=\"font-weight: 400;\">92 Pts. Vinous &#8211; 2024 (USA)<\/span><\/li><li style=\"font-weight: 400;\" aria-level=\"1\"><span style=\"font-weight: 400;\">95 Pts. Pe\u00f1in &#8211; 2023 (Espagne)<\/span><\/li><li style=\"font-weight: 400;\" aria-level=\"1\"><span style=\"font-weight: 400;\">92 Pts. Suckling &#8211; 2022 (USA)<\/span><\/li><\/ul>\t\t\t\t\t\t\t\t<\/div>\n\t\t\t\t<\/div>\n\t\t<div class=\"elementor-element elementor-element-f7c9eb0 e-con-full e-flex e-con e-child\" data-id=\"f7c9eb0\" data-element_type=\"container\">\n\t\t\t\t<div class=\"elementor-element elementor-element-6e31889 elementor-widget elementor-widget-text-editor\" data-id=\"6e31889\" data-element_type=\"widget\" data-widget_type=\"text-editor.default\">\n\t\t\t\t\t\t\t\t\tCaract\u00e9ristiques\t\t\t\t\t\t\t\t<\/div>\n\t\t<div class=\"elementor-element elementor-element-815161d e-con-full e-flex e-con e-child\" data-id=\"815161d\" data-element_type=\"container\">\n\t\t\t\t<div class=\"elementor-element elementor-element-d374382 elementor-widget elementor-widget-text-editor\" data-id=\"d374382\" data-element_type=\"widget\" data-widget_type=\"text-editor.default\">\n\t\t\t\t\t\t\t\t\t<p>Type de Vino<\/p>\t\t\t\t\t\t\t\t<\/div>\n\t\t\t\t<div class=\"elementor-element elementor-element-3dd1da6 elementor-widget__width-initial elementor-widget elementor-widget-text-editor\" data-id=\"3dd1da6\" data-element_type=\"widget\" data-widget_type=\"text-editor.default\">\n\t\t\t\t\t\t\t\t\t<p><span style=\"font-weight: 400;\">Vino rouge \u00e9lev\u00e9 12 mois en f\u00fbt de ch\u00eane fran\u00e7ais neuf.<\/span><\/p>\t\t\t\t\t\t\t\t<\/div>\n\t\t\t\t<div class=\"elementor-element elementor-element-a9f20c6 elementor-widget-divider--view-line elementor-widget elementor-widget-divider\" data-id=\"a9f20c6\" data-element_type=\"widget\" data-widget_type=\"divider.default\">\n\t\t\t\t\t\t\t<div class=\"elementor-divider\">\n\t\t\t<span class=\"elementor-divider-separator\">\n\t\t\t\t\t\t<\/span>\n\t\t<\/div>\n\t\t\t\t\t\t<\/div>\n\t\t\t\t<div class=\"elementor-element elementor-element-df80faa elementor-widget elementor-widget-text-editor\" data-id=\"df80faa\" data-element_type=\"widget\" data-widget_type=\"text-editor.default\">\n\t\t\t\t\t\t\t\t\t<p>Vari\u00e9t\u00e9<\/p>\t\t\t\t\t\t\t\t<\/div>\n\t\t\t\t<div class=\"elementor-element elementor-element-5d93e69 elementor-widget__width-initial elementor-widget elementor-widget-text-editor\" data-id=\"5d93e69\" data-element_type=\"widget\" data-widget_type=\"text-editor.default\">\n\t\t\t\t\t\t\t\t\t<p><span style=\"font-weight: 400;\">62% Cari\u00f1ena, <\/span><span style=\"font-weight: 400;\">38% Garnacha<\/span><\/p>\t\t\t\t\t\t\t\t<\/div>\n\t\t\t\t<div class=\"elementor-element elementor-element-e12a508 elementor-widget-divider--view-line elementor-widget elementor-widget-divider\" data-id=\"e12a508\" data-element_type=\"widget\" data-widget_type=\"divider.default\">\n\t\t\t\t\t\t\t<div class=\"elementor-divider\">\n\t\t\t<span class=\"elementor-divider-separator\">\n\t\t\t\t\t\t<\/span>\n\t\t<\/div>\n\t\t\t\t\t\t<\/div>\n\t\t\t\t<div class=\"elementor-element elementor-element-f6b2002 elementor-widget elementor-widget-text-editor\" data-id=\"f6b2002\" data-element_type=\"widget\" data-widget_type=\"text-editor.default\">\n\t\t\t\t\t\t\t\t\t<p>Param\u00e8tres analytiques<\/p>\t\t\t\t\t\t\t\t<\/div>\n\t\t\t\t<div class=\"elementor-element elementor-element-ee4bcb1 elementor-widget__width-initial elementor-widget elementor-widget-text-editor\" data-id=\"ee4bcb1\" data-element_type=\"widget\" data-widget_type=\"text-editor.default\">\n\t\t\t\t\t\t\t\t\t<p><span style=\"font-weight: 400;\">Alcool : 14,5 %, <\/span><span style=\"font-weight: 400;\">Acidit\u00e9 : 5,60 g\/l <\/span><\/p>\t\t\t\t\t\t\t\t<\/div>\n\t\t\t\t<\/div>\n\t\t\t\t<\/div>\n\t\t\t\t\t<\/div>\n\t\t\t\t<\/div>\n\t\t\t\t<\/div>\n\t\t","protected":false},"excerpt":{"rendered":"<p>\u00c9laboration Las uvas proceden de la finca Clos d&rsquo;en Ferran, situada cerca del pueblo de Porrera, con un suelo rico en pizarra f\u00e9rrica dev\u00f3nica, la roca m\u00e1s antigua de la DOQ Priorat (400 millones de a\u00f1os). Contiene mucho cuarzo y \u00f3xidos que le dan un aspecto entre rojizo y amarillento. Mezcla de variedades plantadas: Carinyena [&hellip;]<\/p>\n","protected":false},"featured_media":8929,"comment_status":"closed","ping_status":"closed","template":"","meta":{"_acf_changed":false},"product_cat":[144,190],"product_tag":[],"class_list":{"0":"post-8863","1":"product","2":"type-product","3":"status-publish","4":"has-post-thumbnail","6":"product_cat-coleccion-rolland-galarreta","7":"product_cat-d-o-q-priorat","9":"first","10":"instock","11":"featured","12":"shipping-taxable","13":"product-type-simple"},"acf":[],"_links":{"self":[{"href":"https:\/\/www.bluewines.eu\/fr\/wp-json\/wp\/v2\/product\/8863","targetHints":{"allow":["GET"]}}],"collection":[{"href":"https:\/\/www.bluewines.eu\/fr\/wp-json\/wp\/v2\/product"}],"about":[{"href":"https:\/\/www.bluewines.eu\/fr\/wp-json\/wp\/v2\/types\/product"}],"replies":[{"embeddable":true,"href":"https:\/\/www.bluewines.eu\/fr\/wp-json\/wp\/v2\/comments?post=8863"}],"version-history":[{"count":2,"href":"https:\/\/www.bluewines.eu\/fr\/wp-json\/wp\/v2\/product\/8863\/revisions"}],"predecessor-version":[{"id":9377,"href":"https:\/\/www.bluewines.eu\/fr\/wp-json\/wp\/v2\/product\/8863\/revisions\/9377"}],"wp:featuredmedia":[{"embeddable":true,"href":"https:\/\/www.bluewines.eu\/fr\/wp-json\/wp\/v2\/media\/8929"}],"wp:attachment":[{"href":"https:\/\/www.bluewines.eu\/fr\/wp-json\/wp\/v2\/media?parent=8863"}],"wp:term":[{"taxonomy":"product_cat","embeddable":true,"href":"https:\/\/www.bluewines.eu\/fr\/wp-json\/wp\/v2\/product_cat?post=8863"},{"taxonomy":"product_tag","embeddable":true,"href":"https:\/\/www.bluewines.eu\/fr\/wp-json\/wp\/v2\/product_tag?post=8863"}],"curies":[{"name":"wp","href":"https:\/\/api.w.org\/{rel}","templated":true}]}}