{"id":8870,"date":"2025-11-19T08:22:11","date_gmt":"2025-11-19T07:22:11","guid":{"rendered":"https:\/\/www.bluewines.eu\/producto\/domaine-royal-de-jarras-blanc-bio-2\/"},"modified":"2026-04-16T15:47:53","modified_gmt":"2026-04-16T13:47:53","slug":"domaine-royal-de-jarras-blanc-bio-2","status":"publish","type":"product","link":"https:\/\/www.bluewines.eu\/fr\/producto\/domaine-royal-de-jarras-blanc-bio-2\/","title":{"rendered":"Domaine Royal de Jarras Blanc &#8211; Bio"},"content":{"rendered":"\t\t<div data-elementor-type=\"wp-post\" data-elementor-id=\"8870\" class=\"elementor elementor-8870 elementor-5765\" data-elementor-post-type=\"product\">\n\t\t\t\t<div class=\"elementor-element elementor-element-15751363 e-flex e-con-boxed e-con e-parent\" data-id=\"15751363\" data-element_type=\"container\">\n\t\t\t\t\t<div class=\"e-con-inner\">\n\t\t<div class=\"elementor-element elementor-element-979b208 e-con-full e-flex e-con e-child\" data-id=\"979b208\" data-element_type=\"container\">\n\t\t\t\t<div class=\"elementor-element elementor-element-c333ded elementor-widget elementor-widget-text-editor\" data-id=\"c333ded\" data-element_type=\"widget\" data-widget_type=\"text-editor.default\">\n\t\t\t\t\t\t\t\t\t<h4>\u00c9laboration<\/h4>\t\t\t\t\t\t\t\t<\/div>\n\t\t\t\t<div class=\"elementor-element elementor-element-e65de2f elementor-widget elementor-widget-text-editor\" data-id=\"e65de2f\" data-element_type=\"widget\" data-widget_type=\"text-editor.default\">\n\t\t\t\t\t\t\t\t\t<p>Domaine Royal de Jarras Blanc Bio T\u00eate de Cuv\u00e9e 2024 est l&rsquo;expression pure de la meilleure Chardonnay du terroir Sable de Camargue. Vendimiadas de nuit pour pr\u00e9server l&rsquo;int\u00e9grit\u00e9 du fruit, les raisins sont press\u00e9s pour obtenir uniquement le premier jus de goutte, la partie la plus d\u00e9licate et aromatique du fruit. Fermentado \u00e0 temp\u00e9rature contr\u00f4l\u00e9e, le Vino montre un Color jaune p\u00e2le, offrant des notes florales blanches, une acidit\u00e9 vibrante et une subtile touche min\u00e9rale. Dans le Final, le Vino r\u00e9v\u00e8le une nuance saline d\u00e9riv\u00e9e de son exceptionnel terroir sablonneux dans la r\u00e9gion de la Camarga.<\/p>\t\t\t\t\t\t\t\t<\/div>\n\t\t\t\t<div class=\"elementor-element elementor-element-664fe40 elementor-widget elementor-widget-text-editor\" data-id=\"664fe40\" data-element_type=\"widget\" data-widget_type=\"text-editor.default\">\n\t\t\t\t\t\t\t\t\t<h4>Note de d\u00e9gustation<\/h4>\t\t\t\t\t\t\t\t<\/div>\n\t\t\t\t<div class=\"elementor-element elementor-element-035f4e8 elementor-widget elementor-widget-text-editor\" data-id=\"035f4e8\" data-element_type=\"widget\" data-widget_type=\"text-editor.default\">\n\t\t\t\t\t\t\t\t\t<p><span style=\"font-weight: 400;\"><strong>Color:<\/strong> Color p\u00e2le avec des reflets verd\u00e2tres<\/span> <br \/><span style=\"font-weight: 400;\"><strong>Nariz:<\/strong> Agradable, directe, fra\u00eeche et ouverte, avec des fleurs blanches et des notes fra\u00eeches d&rsquo;aneth et de fenouil sauvage<\/span> <br \/><span style=\"font-weight: 400;\"><strong>Boca:<\/strong> Bien \u00e9quilibr\u00e9, direct, plein et frais, avec des ar\u00f4mes de fruits blancs, d&rsquo;abricots frais, d\u2019anis et des notes menthol\u00e9es. Final long, droit et savoureux, avec des nuances presque salines.<\/span><\/p>\t\t\t\t\t\t\t\t<\/div>\n\t\t\t\t<div class=\"elementor-element elementor-element-1319482 elementor-widget elementor-widget-text-editor\" data-id=\"1319482\" data-element_type=\"widget\" data-widget_type=\"text-editor.default\">\n\t\t\t\t\t\t\t\t\t<h4>Accords mets et vins<\/h4>\t\t\t\t\t\t\t\t<\/div>\n\t\t\t\t<div class=\"elementor-element elementor-element-4fe95ed elementor-widget elementor-widget-text-editor\" data-id=\"4fe95ed\" data-element_type=\"widget\" data-widget_type=\"text-editor.default\">\n\t\t\t\t\t\t\t\t\t<p>Domaine Royal de Jarras Blanc Bio T\u00eate de Cuv\u00e9e 2024 est l&rsquo;accompagnateur parfait pour un ap\u00e9ritif, du poisson, des fruits de mer, des fromages bleus ou de ch\u00e8vre.<\/p>\t\t\t\t\t\t\t\t<\/div>\n\t\t\t\t<\/div>\n\t\t<div class=\"elementor-element elementor-element-f7c9eb0 e-con-full e-flex e-con e-child\" data-id=\"f7c9eb0\" data-element_type=\"container\">\n\t\t\t\t<div class=\"elementor-element elementor-element-6e31889 elementor-widget elementor-widget-text-editor\" data-id=\"6e31889\" data-element_type=\"widget\" data-widget_type=\"text-editor.default\">\n\t\t\t\t\t\t\t\t\tCaract\u00e9ristiques\t\t\t\t\t\t\t\t<\/div>\n\t\t<div class=\"elementor-element elementor-element-815161d e-con-full e-flex e-con e-child\" data-id=\"815161d\" data-element_type=\"container\">\n\t\t\t\t<div class=\"elementor-element elementor-element-d374382 elementor-widget elementor-widget-text-editor\" data-id=\"d374382\" data-element_type=\"widget\" data-widget_type=\"text-editor.default\">\n\t\t\t\t\t\t\t\t\t<p>Type de Vino<\/p>\t\t\t\t\t\t\t\t<\/div>\n\t\t\t\t<div class=\"elementor-element elementor-element-3dd1da6 elementor-widget__width-initial elementor-widget elementor-widget-text-editor\" data-id=\"3dd1da6\" data-element_type=\"widget\" data-widget_type=\"text-editor.default\">\n\t\t\t\t\t\t\t\t\t<p>Vino blanc \u00e9cologique vieilli sur lies<\/p>\t\t\t\t\t\t\t\t<\/div>\n\t\t\t\t<div class=\"elementor-element elementor-element-a9f20c6 elementor-widget-divider--view-line elementor-widget elementor-widget-divider\" data-id=\"a9f20c6\" data-element_type=\"widget\" data-widget_type=\"divider.default\">\n\t\t\t\t\t\t\t<div class=\"elementor-divider\">\n\t\t\t<span class=\"elementor-divider-separator\">\n\t\t\t\t\t\t<\/span>\n\t\t<\/div>\n\t\t\t\t\t\t<\/div>\n\t\t\t\t<div class=\"elementor-element elementor-element-df80faa elementor-widget elementor-widget-text-editor\" data-id=\"df80faa\" data-element_type=\"widget\" data-widget_type=\"text-editor.default\">\n\t\t\t\t\t\t\t\t\t<p>Vari\u00e9t\u00e9<\/p>\t\t\t\t\t\t\t\t<\/div>\n\t\t\t\t<div class=\"elementor-element elementor-element-5d93e69 elementor-widget__width-initial elementor-widget elementor-widget-text-editor\" data-id=\"5d93e69\" data-element_type=\"widget\" data-widget_type=\"text-editor.default\">\n\t\t\t\t\t\t\t\t\t<p><span style=\"font-weight: 400;\">100% Chardonnay<\/span><\/p>\t\t\t\t\t\t\t\t<\/div>\n\t\t\t\t<div class=\"elementor-element elementor-element-e12a508 elementor-widget-divider--view-line elementor-widget elementor-widget-divider\" data-id=\"e12a508\" data-element_type=\"widget\" data-widget_type=\"divider.default\">\n\t\t\t\t\t\t\t<div class=\"elementor-divider\">\n\t\t\t<span class=\"elementor-divider-separator\">\n\t\t\t\t\t\t<\/span>\n\t\t<\/div>\n\t\t\t\t\t\t<\/div>\n\t\t\t\t<div class=\"elementor-element elementor-element-f6b2002 elementor-widget elementor-widget-text-editor\" data-id=\"f6b2002\" data-element_type=\"widget\" data-widget_type=\"text-editor.default\">\n\t\t\t\t\t\t\t\t\t<p>Param\u00e8tres analytiques<\/p>\t\t\t\t\t\t\t\t<\/div>\n\t\t\t\t<div class=\"elementor-element elementor-element-ee4bcb1 elementor-widget__width-initial elementor-widget elementor-widget-text-editor\" data-id=\"ee4bcb1\" data-element_type=\"widget\" data-widget_type=\"text-editor.default\">\n\t\t\t\t\t\t\t\t\t<p><span style=\"font-weight: 400;\">Alcohol : 12 %<\/span><\/p>\t\t\t\t\t\t\t\t<\/div>\n\t\t\t\t<\/div>\n\t\t\t\t<\/div>\n\t\t\t\t\t<\/div>\n\t\t\t\t<\/div>\n\t\t\t\t<\/div>\n\t\t","protected":false},"excerpt":{"rendered":"<p>\u00c9laboration Domaine Royal de Jarras Blanc Bio T\u00eate de Cuv\u00e9e 2024 est l&rsquo;expression pure de la meilleure Chardonnay du terroir Sable de Camargue. Vendimiadas de nuit pour pr\u00e9server l&rsquo;int\u00e9grit\u00e9 du fruit, les raisins sont press\u00e9s pour obtenir uniquement le premier jus de goutte, la partie la plus d\u00e9licate et aromatique du fruit. Fermentado \u00e0 temp\u00e9rature [&hellip;]<\/p>\n","protected":false},"featured_media":8936,"comment_status":"closed","ping_status":"closed","template":"","meta":{"_acf_changed":false},"product_cat":[165,198],"product_tag":[],"class_list":{"0":"post-8870","1":"product","2":"type-product","3":"status-publish","4":"has-post-thumbnail","6":"product_cat-domaine-royal-de-jarras","7":"product_cat-i-g-p-sable-de-camargue","9":"first","10":"instock","11":"featured","12":"shipping-taxable","13":"product-type-simple"},"acf":[],"_links":{"self":[{"href":"https:\/\/www.bluewines.eu\/fr\/wp-json\/wp\/v2\/product\/8870","targetHints":{"allow":["GET"]}}],"collection":[{"href":"https:\/\/www.bluewines.eu\/fr\/wp-json\/wp\/v2\/product"}],"about":[{"href":"https:\/\/www.bluewines.eu\/fr\/wp-json\/wp\/v2\/types\/product"}],"replies":[{"embeddable":true,"href":"https:\/\/www.bluewines.eu\/fr\/wp-json\/wp\/v2\/comments?post=8870"}],"version-history":[{"count":2,"href":"https:\/\/www.bluewines.eu\/fr\/wp-json\/wp\/v2\/product\/8870\/revisions"}],"predecessor-version":[{"id":9402,"href":"https:\/\/www.bluewines.eu\/fr\/wp-json\/wp\/v2\/product\/8870\/revisions\/9402"}],"wp:featuredmedia":[{"embeddable":true,"href":"https:\/\/www.bluewines.eu\/fr\/wp-json\/wp\/v2\/media\/8936"}],"wp:attachment":[{"href":"https:\/\/www.bluewines.eu\/fr\/wp-json\/wp\/v2\/media?parent=8870"}],"wp:term":[{"taxonomy":"product_cat","embeddable":true,"href":"https:\/\/www.bluewines.eu\/fr\/wp-json\/wp\/v2\/product_cat?post=8870"},{"taxonomy":"product_tag","embeddable":true,"href":"https:\/\/www.bluewines.eu\/fr\/wp-json\/wp\/v2\/product_tag?post=8870"}],"curies":[{"name":"wp","href":"https:\/\/api.w.org\/{rel}","templated":true}]}}