{"id":8874,"date":"2025-11-19T10:20:11","date_gmt":"2025-11-19T09:20:11","guid":{"rendered":"https:\/\/www.bluewines.eu\/producto\/emina-emocion-2\/"},"modified":"2026-04-16T15:42:25","modified_gmt":"2026-04-16T13:42:25","slug":"emina-emocion-2","status":"publish","type":"product","link":"https:\/\/www.bluewines.eu\/fr\/producto\/emina-emocion-2\/","title":{"rendered":"Emina Emoci\u00f3n"},"content":{"rendered":"\t\t<div data-elementor-type=\"wp-post\" data-elementor-id=\"8874\" class=\"elementor elementor-8874 elementor-5824\" data-elementor-post-type=\"product\">\n\t\t\t\t<div class=\"elementor-element elementor-element-15751363 e-flex e-con-boxed e-con e-parent\" data-id=\"15751363\" data-element_type=\"container\">\n\t\t\t\t\t<div class=\"e-con-inner\">\n\t\t<div class=\"elementor-element elementor-element-979b208 e-con-full e-flex e-con e-child\" data-id=\"979b208\" data-element_type=\"container\">\n\t\t\t\t<div class=\"elementor-element elementor-element-c333ded elementor-widget elementor-widget-text-editor\" data-id=\"c333ded\" data-element_type=\"widget\" data-widget_type=\"text-editor.default\">\n\t\t\t\t\t\t\t\t\t<h4>\u00c9laboration<\/h4>\t\t\t\t\t\t\t\t<\/div>\n\t\t\t\t<div class=\"elementor-element elementor-element-e65de2f elementor-widget elementor-widget-text-editor\" data-id=\"e65de2f\" data-element_type=\"widget\" data-widget_type=\"text-editor.default\">\n\t\t\t\t\t\t\t\t\t<p><span style=\"font-weight: 400;\">Emina Emoci\u00f3n est un vin d&rsquo;auteur, complexe et \u00e9l\u00e9gant. Un vin pur, traditionnel et moderne \u00e9labor\u00e9 avec des raisins s\u00e9lectionn\u00e9s de la zone de Valdebaniego. Plus pr\u00e9cis\u00e9ment, des vignes de la partie basse des pentes de la Ribera du Duero choisies pour la composition sp\u00e9ciale de leurs sols calcaires. Gracias \u00e0 Una triple r\u00e9colte se s\u00e9lectionne Una raisin de qualit\u00e9 sup\u00e9rieure, sans masquer aucun go\u00fbt ni odeur propre \u00e0 la vari\u00e9t\u00e9.<\/span><\/p><p><span style=\"font-weight: 400;\">Emina conjugue les valeurs traditionnelles de l&rsquo;\u00e9laboration vitivinicole avec les connaissances actuelles, ce qui am\u00e8ne ce vin \u00e0 r\u00e9aliser sa fermentation et sa mac\u00e9ration dans des cuves en acier inoxydable, pour ensuite reposer pendant 16 mois dans des f\u00fbts de ch\u00eane fran\u00e7ais et finir dans sa bouteille pendant le temps n\u00e9cessaire pour que les tanins s&rsquo;arrondissent et lui apportent cette \u00e9l\u00e9gance qui procure une saveur prolong\u00e9e et un grand souvenir, tout comme les \u00e9motions.<\/span><\/p>\t\t\t\t\t\t\t\t<\/div>\n\t\t\t\t<div class=\"elementor-element elementor-element-664fe40 elementor-widget elementor-widget-text-editor\" data-id=\"664fe40\" data-element_type=\"widget\" data-widget_type=\"text-editor.default\">\n\t\t\t\t\t\t\t\t\t<h4>Note de D\u00e9gustation<\/h4>\t\t\t\t\t\t\t\t<\/div>\n\t\t\t\t<div class=\"elementor-element elementor-element-035f4e8 elementor-widget elementor-widget-text-editor\" data-id=\"035f4e8\" data-element_type=\"widget\" data-widget_type=\"text-editor.default\">\n\t\t\t\t\t\t\t\t\t<p><span style=\"font-weight: 400;\"><strong>Color:<\/strong> Color cardinal sombre avec Una une cape tr\u00e8s intense arrondie par des tons violets.<br \/><\/span><span style=\"font-weight: 400;\"><strong>Nariz:<\/strong> Aromas \u00e0 des fruits rouges m\u00fbrs et \u00e0 des fruits noirs \u00e9pic\u00e9s avec des touches de cacao sans lactones. C&rsquo;est un vin complexe, plein de nuances \u00e9quilibr\u00e9es qui \u00e9voquent des touches min\u00e9rales.<br \/><\/span><span style=\"font-weight: 400;\"><strong>Boca:<\/strong> On appr\u00e9cie un vin avec du caract\u00e8re, avec un tannin ferme et prononc\u00e9, d&rsquo;une grande longueur, sans pics ni ar\u00eates, arrondi Gracias \u00e0 son \u00e9levage. Son \u00e9l\u00e9gance et sa complexit\u00e9 s&rsquo;assimilent \u00e0 celles d&rsquo;un r\u00e9serve, mais avec la touche d\u00e9contract\u00e9e qui se distingue dans tous les vins de Bodega Emina.<\/span><\/p>\t\t\t\t\t\t\t\t<\/div>\n\t\t\t\t<div class=\"elementor-element elementor-element-1319482 elementor-widget elementor-widget-text-editor\" data-id=\"1319482\" data-element_type=\"widget\" data-widget_type=\"text-editor.default\">\n\t\t\t\t\t\t\t\t\t<h4>Accord mets et vins<\/h4>\t\t\t\t\t\t\t\t<\/div>\n\t\t\t\t<div class=\"elementor-element elementor-element-4fe95ed elementor-widget elementor-widget-text-editor\" data-id=\"4fe95ed\" data-element_type=\"widget\" data-widget_type=\"text-editor.default\">\n\t\t\t\t\t\t\t\t\t<p><span style=\"font-weight: 400;\">Emina Emoci\u00f3n est un vin puissant et structur\u00e9, qui n\u00e9cessite des plats capables de supporter sa force. La viande grill\u00e9e est une excellente option pour accompagner ce vin, Una.<\/span><\/p><p><span style=\"font-weight: 400;\">La recette id\u00e9ale pour accompagner Emina Emoci\u00f3n est le steak de b\u0153uf vieilli \u00e0 la grillade. La saveur intense et charnue du steak se marie bien avec les tanins du vin. La grillade lui apporte une touche fum\u00e9e qui compl\u00e8te l&rsquo;accord.<\/span><\/p>\t\t\t\t\t\t\t\t<\/div>\n\t\t\t\t<div class=\"elementor-element elementor-element-3328735 elementor-widget elementor-widget-text-editor\" data-id=\"3328735\" data-element_type=\"widget\" data-widget_type=\"text-editor.default\">\n\t\t\t\t\t\t\t\t\t<h4>Prix<\/h4>\t\t\t\t\t\t\t\t<\/div>\n\t\t\t\t<div class=\"elementor-element elementor-element-46da076 elementor-widget elementor-widget-text-editor\" data-id=\"46da076\" data-element_type=\"widget\" data-widget_type=\"text-editor.default\">\n\t\t\t\t\t\t\t\t\t<ul><li aria-level=\"1\">94Pts Gu\u00eda Gourmets<\/li><li aria-level=\"1\">92Pts Vivir le Vin<\/li><li aria-level=\"1\">M\u00e9daille d&rsquo;argent Concurso Mundial de Bruxelles<\/li><\/ul>\t\t\t\t\t\t\t\t<\/div>\n\t\t\t\t<\/div>\n\t\t<div class=\"elementor-element elementor-element-f7c9eb0 e-con-full e-flex e-con e-child\" data-id=\"f7c9eb0\" data-element_type=\"container\">\n\t\t\t\t<div class=\"elementor-element elementor-element-6e31889 elementor-widget elementor-widget-text-editor\" data-id=\"6e31889\" data-element_type=\"widget\" data-widget_type=\"text-editor.default\">\n\t\t\t\t\t\t\t\t\tCaract\u00e9ristiques\t\t\t\t\t\t\t\t<\/div>\n\t\t<div class=\"elementor-element elementor-element-815161d e-con-full e-flex e-con e-child\" data-id=\"815161d\" data-element_type=\"container\">\n\t\t\t\t<div class=\"elementor-element elementor-element-d374382 elementor-widget elementor-widget-text-editor\" data-id=\"d374382\" data-element_type=\"widget\" data-widget_type=\"text-editor.default\">\n\t\t\t\t\t\t\t\t\t<p>Type de Vin<\/p>\t\t\t\t\t\t\t\t<\/div>\n\t\t\t\t<div class=\"elementor-element elementor-element-3dd1da6 elementor-widget__width-initial elementor-widget elementor-widget-text-editor\" data-id=\"3dd1da6\" data-element_type=\"widget\" data-widget_type=\"text-editor.default\">\n\t\t\t\t\t\t\t\t\t<p><span style=\"font-weight: 400;\">Vin rouge avec Una \u00e9lev\u00e9 16 mois en f\u00fbt de ch\u00eane fran\u00e7ais<\/span><\/p>\t\t\t\t\t\t\t\t<\/div>\n\t\t\t\t<div class=\"elementor-element elementor-element-a9f20c6 elementor-widget-divider--view-line elementor-widget elementor-widget-divider\" data-id=\"a9f20c6\" data-element_type=\"widget\" data-widget_type=\"divider.default\">\n\t\t\t\t\t\t\t<div class=\"elementor-divider\">\n\t\t\t<span class=\"elementor-divider-separator\">\n\t\t\t\t\t\t<\/span>\n\t\t<\/div>\n\t\t\t\t\t\t<\/div>\n\t\t\t\t<div class=\"elementor-element elementor-element-df80faa elementor-widget elementor-widget-text-editor\" data-id=\"df80faa\" data-element_type=\"widget\" data-widget_type=\"text-editor.default\">\n\t\t\t\t\t\t\t\t\t<p>Vari\u00e9t\u00e9<\/p>\t\t\t\t\t\t\t\t<\/div>\n\t\t\t\t<div class=\"elementor-element elementor-element-5d93e69 elementor-widget__width-initial elementor-widget elementor-widget-text-editor\" data-id=\"5d93e69\" data-element_type=\"widget\" data-widget_type=\"text-editor.default\">\n\t\t\t\t\t\t\t\t\t<p><span style=\"font-weight: 400;\">Tempranillo<\/span><\/p>\t\t\t\t\t\t\t\t<\/div>\n\t\t\t\t<div class=\"elementor-element elementor-element-e12a508 elementor-widget-divider--view-line elementor-widget elementor-widget-divider\" data-id=\"e12a508\" data-element_type=\"widget\" data-widget_type=\"divider.default\">\n\t\t\t\t\t\t\t<div class=\"elementor-divider\">\n\t\t\t<span class=\"elementor-divider-separator\">\n\t\t\t\t\t\t<\/span>\n\t\t<\/div>\n\t\t\t\t\t\t<\/div>\n\t\t\t\t<div class=\"elementor-element elementor-element-f6b2002 elementor-widget elementor-widget-text-editor\" data-id=\"f6b2002\" data-element_type=\"widget\" data-widget_type=\"text-editor.default\">\n\t\t\t\t\t\t\t\t\t<p>Param\u00e8tres analytiques<\/p>\t\t\t\t\t\t\t\t<\/div>\n\t\t\t\t<div class=\"elementor-element elementor-element-ee4bcb1 elementor-widget__width-initial elementor-widget elementor-widget-text-editor\" data-id=\"ee4bcb1\" data-element_type=\"widget\" data-widget_type=\"text-editor.default\">\n\t\t\t\t\t\t\t\t\t<p><span style=\"font-weight: 400;\">Alcohol: 14,5 %<br \/><\/span><span style=\"font-weight: 400;\">Acidez: 3,55 g\/l\u00a0<br \/><\/span><span style=\"font-weight: 400;\">Azu\u0301car R\u00e9siduel: 1,40 g\/l<\/span><\/p>\t\t\t\t\t\t\t\t<\/div>\n\t\t\t\t<\/div>\n\t\t\t\t<\/div>\n\t\t\t\t\t<\/div>\n\t\t\t\t<\/div>\n\t\t\t\t<\/div>\n\t\t","protected":false},"excerpt":{"rendered":"<p>\u00c9laboration Emina Emoci\u00f3n es un vino de autor, complejo y elegante.\u00a0Un vino puro, tradicional y moderno elaborado con uvas seleccionadas de la zona de Valdebaniego.\u00a0En concreto, de las vides de la parte baja de las laderas de la Ribera del Duero elegidas por la composici\u00f3n especial de sus suelos calizos. Gracias a una\u00a0triple vendimia se [&hellip;]<\/p>\n","protected":false},"featured_media":8940,"comment_status":"closed","ping_status":"closed","template":"","meta":{"_acf_changed":false},"product_cat":[193,197],"product_tag":[],"class_list":{"0":"post-8874","1":"product","2":"type-product","3":"status-publish","4":"has-post-thumbnail","6":"product_cat-d-o-ribera-del-duero","7":"product_cat-grupo-matarromera","9":"first","10":"instock","11":"featured","12":"shipping-taxable","13":"product-type-simple"},"acf":[],"_links":{"self":[{"href":"https:\/\/www.bluewines.eu\/fr\/wp-json\/wp\/v2\/product\/8874","targetHints":{"allow":["GET"]}}],"collection":[{"href":"https:\/\/www.bluewines.eu\/fr\/wp-json\/wp\/v2\/product"}],"about":[{"href":"https:\/\/www.bluewines.eu\/fr\/wp-json\/wp\/v2\/types\/product"}],"replies":[{"embeddable":true,"href":"https:\/\/www.bluewines.eu\/fr\/wp-json\/wp\/v2\/comments?post=8874"}],"version-history":[{"count":3,"href":"https:\/\/www.bluewines.eu\/fr\/wp-json\/wp\/v2\/product\/8874\/revisions"}],"predecessor-version":[{"id":9394,"href":"https:\/\/www.bluewines.eu\/fr\/wp-json\/wp\/v2\/product\/8874\/revisions\/9394"}],"wp:featuredmedia":[{"embeddable":true,"href":"https:\/\/www.bluewines.eu\/fr\/wp-json\/wp\/v2\/media\/8940"}],"wp:attachment":[{"href":"https:\/\/www.bluewines.eu\/fr\/wp-json\/wp\/v2\/media?parent=8874"}],"wp:term":[{"taxonomy":"product_cat","embeddable":true,"href":"https:\/\/www.bluewines.eu\/fr\/wp-json\/wp\/v2\/product_cat?post=8874"},{"taxonomy":"product_tag","embeddable":true,"href":"https:\/\/www.bluewines.eu\/fr\/wp-json\/wp\/v2\/product_tag?post=8874"}],"curies":[{"name":"wp","href":"https:\/\/api.w.org\/{rel}","templated":true}]}}