{"id":8875,"date":"2025-11-19T10:01:51","date_gmt":"2025-11-19T09:01:51","guid":{"rendered":"https:\/\/www.bluewines.eu\/producto\/emina-rose-2\/"},"modified":"2026-04-16T15:43:41","modified_gmt":"2026-04-16T13:43:41","slug":"emina-rose-2","status":"publish","type":"product","link":"https:\/\/www.bluewines.eu\/fr\/producto\/emina-rose-2\/","title":{"rendered":"Emina Ros\u00e9"},"content":{"rendered":"\t\t<div data-elementor-type=\"wp-post\" data-elementor-id=\"8875\" class=\"elementor elementor-8875 elementor-5813\" data-elementor-post-type=\"product\">\n\t\t\t\t<div class=\"elementor-element elementor-element-15751363 e-flex e-con-boxed e-con e-parent\" data-id=\"15751363\" data-element_type=\"container\">\n\t\t\t\t\t<div class=\"e-con-inner\">\n\t\t<div class=\"elementor-element elementor-element-979b208 e-con-full e-flex e-con e-child\" data-id=\"979b208\" data-element_type=\"container\">\n\t\t\t\t<div class=\"elementor-element elementor-element-c333ded elementor-widget elementor-widget-text-editor\" data-id=\"c333ded\" data-element_type=\"widget\" data-widget_type=\"text-editor.default\">\n\t\t\t\t\t\t\t\t\t<h4>\u00c9laboration<\/h4>\t\t\t\t\t\t\t\t<\/div>\n\t\t\t\t<div class=\"elementor-element elementor-element-e65de2f elementor-widget elementor-widget-text-editor\" data-id=\"e65de2f\" data-element_type=\"widget\" data-widget_type=\"text-editor.default\">\n\t\t\t\t\t\t\t\t\t<p><span style=\"font-weight: 400;\">Chez Bodega Emina, nous avons toujours mis\u00e9 sur le potentiel et l&rsquo;exclusivit\u00e9 que Tiene offrent dans nos vignobles. Emina Ros\u00e9 est un vin ros\u00e9 \u00e9labor\u00e9 \u00e0 partir de nos propres vignobles, o\u00f9 nous respectons au maximum sa typicit\u00e9 et ses caract\u00e9ristiques. Le m\u00e9lange de vari\u00e9t\u00e9s rouges et blanches pr\u00e9sent dans certains de nos vignobles de l&rsquo;A.O.C. Cigales nous permet d&rsquo;obtenir dans le verre un vin ros\u00e9 tr\u00e8s \u00e9l\u00e9gant et frais. Muestra une symphonie de Aromas florales et fruit\u00e9es fines, d\u00e9licates mais intenses.<\/span><\/p><p><span style=\"font-weight: 400;\">Este est un vin ros\u00e9 \u00e9labor\u00e9 \u00e0 partir de vignobles de la Denominaci\u00f3n d&rsquo;Origine Cigales, c&rsquo;est un ros\u00e9 p\u00e2le attrayant de qualit\u00e9 excellente qui s&rsquo;accorde parfaitement dans toutes les circonstances.<\/span><\/p><p><span style=\"font-weight: 400;\">Cigales est reconnue pour ses vins clarets ou ros\u00e9s traditionnels, \u00e9tant Este un vin qui, tout en conservant la tradition, mise sur la modernit\u00e9 et la cr\u00e9ation de sa couleur attrayante, de sa structure et de son \u00e9quilibre remarquable.<\/span><\/p><p><span style=\"font-weight: 400;\">Son origine se trouve dans la terre, dans la propri\u00e9t\u00e9 d\u00e9nomm\u00e9e Terr\u00f3n Blanco, situ\u00e9e \u00e0 Quintanilla de Trigueros. Le vignoble de Este poss\u00e8de des raisins des vari\u00e9t\u00e9s tempranillo, Cabernet Sauvignon, Merlot, verdejo, viura et garnacha, entre autres.<\/span><\/p><p><span style=\"font-weight: 400;\">Esto, associ\u00e9 \u00e0 une r\u00e9colte pr\u00e9coce, maintient la fra\u00eecheur du vin ros\u00e9 et contribue \u00e0 la couleur caract\u00e9ristique de celui-ci.<\/span><\/p>\t\t\t\t\t\t\t\t<\/div>\n\t\t\t\t<div class=\"elementor-element elementor-element-664fe40 elementor-widget elementor-widget-text-editor\" data-id=\"664fe40\" data-element_type=\"widget\" data-widget_type=\"text-editor.default\">\n\t\t\t\t\t\t\t\t\t<h4>Note de D\u00e9gustation<\/h4>\t\t\t\t\t\t\t\t<\/div>\n\t\t\t\t<div class=\"elementor-element elementor-element-035f4e8 elementor-widget elementor-widget-text-editor\" data-id=\"035f4e8\" data-element_type=\"widget\" data-widget_type=\"text-editor.default\">\n\t\t\t\t\t\t\t\t\t<p><span style=\"font-weight: 400;\"><strong>Couleur :<\/strong> On appr\u00e9cie une p\u00e2le couleur rose fraise douce avec des reflets bleu\u00e2tres, propre et brillante.<br \/><\/span><span style=\"font-weight: 400;\"><strong>Nariz :<\/strong> Aromas de fruits \u00e0 noyau, comme la p\u00eache, ainsi que des touches de m\u00fbre entre des tonalit\u00e9s min\u00e9rales et de fleurs blanches.<br \/><\/span><span style=\"font-weight: 400;\"><strong>Boca :<\/strong> On appr\u00e9cie un vin o\u00f9 la fruit \u00e0 noyau se d\u00e9marque, avec sa finale vive et \u00e9l\u00e9gante.<\/span><\/p>\t\t\t\t\t\t\t\t<\/div>\n\t\t\t\t<div class=\"elementor-element elementor-element-1319482 elementor-widget elementor-widget-text-editor\" data-id=\"1319482\" data-element_type=\"widget\" data-widget_type=\"text-editor.default\">\n\t\t\t\t\t\t\t\t\t<h4>Accord mets et vins<\/h4>\t\t\t\t\t\t\t\t<\/div>\n\t\t\t\t<div class=\"elementor-element elementor-element-4fe95ed elementor-widget elementor-widget-text-editor\" data-id=\"4fe95ed\" data-element_type=\"widget\" data-widget_type=\"text-editor.default\">\n\t\t\t\t\t\t\t\t\t<p><span style=\"font-weight: 400;\">Emina Ros\u00e9 est un ros\u00e9 p\u00e2le \u00e0 corps l\u00e9ger et \u00e0 acidit\u00e9 moyenne-\u00e9lev\u00e9e. Tiene Aromas de fruits \u00e0 noyau, comme la p\u00eache et l&rsquo;abricot, et des notes florales et min\u00e9rales. C&rsquo;est un vin polyvalent qui peut \u00eatre appr\u00e9ci\u00e9 en toute occasion, mais il est particuli\u00e8rement recommand\u00e9 pour accompagner des p\u00e2tes avec une sauce tomate fra\u00eeche ou pEsto, du riz aux fruits de mer, de la pizza avec des l\u00e9gumes et du fromage frais ou semi-affin\u00e9.<\/span><\/p>\t\t\t\t\t\t\t\t<\/div>\n\t\t\t\t<div class=\"elementor-element elementor-element-cad6d80 elementor-widget elementor-widget-text-editor\" data-id=\"cad6d80\" data-element_type=\"widget\" data-widget_type=\"text-editor.default\">\n\t\t\t\t\t\t\t\t\t<h4>Prix<\/h4>\t\t\t\t\t\t\t\t<\/div>\n\t\t\t\t<div class=\"elementor-element elementor-element-ca4ed26 elementor-widget elementor-widget-text-editor\" data-id=\"ca4ed26\" data-element_type=\"widget\" data-widget_type=\"text-editor.default\">\n\t\t\t\t\t\t\t\t\t<ul><li style=\"font-weight: 400;\" aria-level=\"1\"><span style=\"font-weight: 400;\">M\u00e9daille de Plata Concurso Mundial de Bruxelles<\/span><\/li><li style=\"font-weight: 400;\" aria-level=\"1\"><span style=\"font-weight: 400;\">Bacchus d&rsquo;Or<\/span><\/li><\/ul>\t\t\t\t\t\t\t\t<\/div>\n\t\t\t\t<\/div>\n\t\t<div class=\"elementor-element elementor-element-f7c9eb0 e-con-full e-flex e-con e-child\" data-id=\"f7c9eb0\" data-element_type=\"container\">\n\t\t\t\t<div class=\"elementor-element elementor-element-6e31889 elementor-widget elementor-widget-text-editor\" data-id=\"6e31889\" data-element_type=\"widget\" data-widget_type=\"text-editor.default\">\n\t\t\t\t\t\t\t\t\tCaract\u00e9ristiques\t\t\t\t\t\t\t\t<\/div>\n\t\t<div class=\"elementor-element elementor-element-815161d e-con-full e-flex e-con e-child\" data-id=\"815161d\" data-element_type=\"container\">\n\t\t\t\t<div class=\"elementor-element elementor-element-d374382 elementor-widget elementor-widget-text-editor\" data-id=\"d374382\" data-element_type=\"widget\" data-widget_type=\"text-editor.default\">\n\t\t\t\t\t\t\t\t\t<p>Type de Vin<\/p>\t\t\t\t\t\t\t\t<\/div>\n\t\t\t\t<div class=\"elementor-element elementor-element-3dd1da6 elementor-widget__width-initial elementor-widget elementor-widget-text-editor\" data-id=\"3dd1da6\" data-element_type=\"widget\" data-widget_type=\"text-editor.default\">\n\t\t\t\t\t\t\t\t\t<p><span style=\"font-weight: 400;\">Vin ros\u00e9 au profil moderne et actuel<\/span><\/p>\t\t\t\t\t\t\t\t<\/div>\n\t\t\t\t<div class=\"elementor-element elementor-element-a9f20c6 elementor-widget-divider--view-line elementor-widget elementor-widget-divider\" data-id=\"a9f20c6\" data-element_type=\"widget\" data-widget_type=\"divider.default\">\n\t\t\t\t\t\t\t<div class=\"elementor-divider\">\n\t\t\t<span class=\"elementor-divider-separator\">\n\t\t\t\t\t\t<\/span>\n\t\t<\/div>\n\t\t\t\t\t\t<\/div>\n\t\t\t\t<div class=\"elementor-element elementor-element-df80faa elementor-widget elementor-widget-text-editor\" data-id=\"df80faa\" data-element_type=\"widget\" data-widget_type=\"text-editor.default\">\n\t\t\t\t\t\t\t\t\t<p>Vari\u00e9t\u00e9<\/p>\t\t\t\t\t\t\t\t<\/div>\n\t\t\t\t<div class=\"elementor-element elementor-element-5d93e69 elementor-widget__width-initial elementor-widget elementor-widget-text-editor\" data-id=\"5d93e69\" data-element_type=\"widget\" data-widget_type=\"text-editor.default\">\n\t\t\t\t\t\t\t\t\t<p><span style=\"font-weight: 400;\">Tempranillo, Cabernet Sauvignon, Merlot, Verdejo, Viura et Garnacha<\/span><\/p>\t\t\t\t\t\t\t\t<\/div>\n\t\t\t\t<div class=\"elementor-element elementor-element-e12a508 elementor-widget-divider--view-line elementor-widget elementor-widget-divider\" data-id=\"e12a508\" data-element_type=\"widget\" data-widget_type=\"divider.default\">\n\t\t\t\t\t\t\t<div class=\"elementor-divider\">\n\t\t\t<span class=\"elementor-divider-separator\">\n\t\t\t\t\t\t<\/span>\n\t\t<\/div>\n\t\t\t\t\t\t<\/div>\n\t\t\t\t<div class=\"elementor-element elementor-element-f6b2002 elementor-widget elementor-widget-text-editor\" data-id=\"f6b2002\" data-element_type=\"widget\" data-widget_type=\"text-editor.default\">\n\t\t\t\t\t\t\t\t\t<p>Param\u00e8tres analytiques<\/p>\t\t\t\t\t\t\t\t<\/div>\n\t\t\t\t<div class=\"elementor-element elementor-element-ee4bcb1 elementor-widget__width-initial elementor-widget elementor-widget-text-editor\" data-id=\"ee4bcb1\" data-element_type=\"widget\" data-widget_type=\"text-editor.default\">\n\t\t\t\t\t\t\t\t\t<p><span style=\"font-weight: 400;\">Alcool : 13,5 %<br \/><\/span><span style=\"font-weight: 400;\">Acidit\u00e9 : 3,55 g\/l\u00a0<br \/><\/span><span style=\"font-weight: 400;\">Sucre R\u00e9siduel : 1,40 g\/l<\/span><\/p>\t\t\t\t\t\t\t\t<\/div>\n\t\t\t\t<\/div>\n\t\t\t\t<\/div>\n\t\t\t\t\t<\/div>\n\t\t\t\t<\/div>\n\t\t\t\t<\/div>\n\t\t","protected":false},"excerpt":{"rendered":"<p>\u00c9laboration En Bodega Emina siempre hemos apostado por el potencial y exclusividad que tienen nuestros vi\u00f1edos. Emina Ros\u00e9 es un vino rosado que se elabora a partir de vi\u00f1edos propios, en los que se respeta al m\u00e1ximo su tipicidad y caracter\u00edsticas. La mezcla de variedades tintas y blancas que se da en algunos de nuestros [&hellip;]<\/p>\n","protected":false},"featured_media":8941,"comment_status":"closed","ping_status":"closed","template":"","meta":{"_acf_changed":false},"product_cat":[185,197],"product_tag":[],"class_list":{"0":"post-8875","1":"product","2":"type-product","3":"status-publish","4":"has-post-thumbnail","6":"product_cat-d-o-cigales","7":"product_cat-grupo-matarromera","9":"first","10":"instock","11":"featured","12":"shipping-taxable","13":"product-type-simple"},"acf":[],"_links":{"self":[{"href":"https:\/\/www.bluewines.eu\/fr\/wp-json\/wp\/v2\/product\/8875","targetHints":{"allow":["GET"]}}],"collection":[{"href":"https:\/\/www.bluewines.eu\/fr\/wp-json\/wp\/v2\/product"}],"about":[{"href":"https:\/\/www.bluewines.eu\/fr\/wp-json\/wp\/v2\/types\/product"}],"replies":[{"embeddable":true,"href":"https:\/\/www.bluewines.eu\/fr\/wp-json\/wp\/v2\/comments?post=8875"}],"version-history":[{"count":3,"href":"https:\/\/www.bluewines.eu\/fr\/wp-json\/wp\/v2\/product\/8875\/revisions"}],"predecessor-version":[{"id":9396,"href":"https:\/\/www.bluewines.eu\/fr\/wp-json\/wp\/v2\/product\/8875\/revisions\/9396"}],"wp:featuredmedia":[{"embeddable":true,"href":"https:\/\/www.bluewines.eu\/fr\/wp-json\/wp\/v2\/media\/8941"}],"wp:attachment":[{"href":"https:\/\/www.bluewines.eu\/fr\/wp-json\/wp\/v2\/media?parent=8875"}],"wp:term":[{"taxonomy":"product_cat","embeddable":true,"href":"https:\/\/www.bluewines.eu\/fr\/wp-json\/wp\/v2\/product_cat?post=8875"},{"taxonomy":"product_tag","embeddable":true,"href":"https:\/\/www.bluewines.eu\/fr\/wp-json\/wp\/v2\/product_tag?post=8875"}],"curies":[{"name":"wp","href":"https:\/\/api.w.org\/{rel}","templated":true}]}}