{"id":8876,"date":"2025-11-19T10:07:52","date_gmt":"2025-11-19T09:07:52","guid":{"rendered":"https:\/\/www.bluewines.eu\/producto\/emina-rose-prestigio-2\/"},"modified":"2026-04-16T15:43:05","modified_gmt":"2026-04-16T13:43:05","slug":"emina-rose-prestigio-2","status":"publish","type":"product","link":"https:\/\/www.bluewines.eu\/fr\/producto\/emina-rose-prestigio-2\/","title":{"rendered":"Emina Ros\u00e9 Prestigio"},"content":{"rendered":"\t\t<div data-elementor-type=\"wp-post\" data-elementor-id=\"8876\" class=\"elementor elementor-8876 elementor-5819\" data-elementor-post-type=\"product\">\n\t\t\t\t<div class=\"elementor-element elementor-element-15751363 e-flex e-con-boxed e-con e-parent\" data-id=\"15751363\" data-element_type=\"container\">\n\t\t\t\t\t<div class=\"e-con-inner\">\n\t\t<div class=\"elementor-element elementor-element-979b208 e-con-full e-flex e-con e-child\" data-id=\"979b208\" data-element_type=\"container\">\n\t\t\t\t<div class=\"elementor-element elementor-element-c333ded elementor-widget elementor-widget-text-editor\" data-id=\"c333ded\" data-element_type=\"widget\" data-widget_type=\"text-editor.default\">\n\t\t\t\t\t\t\t\t\t<h4>\u00c9laboration<\/h4>\t\t\t\t\t\t\t\t<\/div>\n\t\t\t\t<div class=\"elementor-element elementor-element-e65de2f elementor-widget elementor-widget-text-editor\" data-id=\"e65de2f\" data-element_type=\"widget\" data-widget_type=\"text-editor.default\">\n\t\t\t\t\t\t\t\t\t<p><span style=\"font-weight: 400;\">Emina Ros\u00e9 Prestigio est un Vino ros\u00e9 p\u00e2le de haute gamme, dans la lign\u00e9e des ros\u00e9s proven\u00e7aux, qui se distingue par une couleur p\u00e2le attrayante et caract\u00e9ristique, une bonne intensit\u00e9 aromatique, une \u00e9laboration de grande complexit\u00e9 et une esth\u00e9tique soign\u00e9e et d\u00e9licate. La bouteille est s\u00e9rigraphi\u00e9e et poss\u00e8de un \u00e9l\u00e9gant bouchon en verre. Hasta le moindre d\u00e9tail est soign\u00e9 dans Emina Ros\u00e9 Prestigio. Muy \u00e9l\u00e9gant \u00e0 offrir, et parfait pour le d\u00e9guster.<\/span><\/p><p><span style=\"font-weight: 400;\">Emina Ros\u00e9 Prestigio est un Vino \u201cros\u00e9\u201d de l&rsquo;A.O.C Cigales qui provient de vieux vignobles de plus de 70 A\u00f1os plant\u00e9s en gobelet. Son origine repose sur diff\u00e9rentes vari\u00e9t\u00e9s de raisins, tant blancs que rouges, qui apportent leurs teintes et caract\u00e9ristiques propres. La mac\u00e9ration se fait \u00e0 froid, afin d&rsquo;extraire peu de couleur et d&rsquo;obtenir un ros\u00e9 p\u00e2le unique. Finaliza le processus de production une maturation de 2 mois sur lies fines.<\/span><\/p><p><span style=\"font-weight: 400;\">Este Vino, \u00e0 la personnalit\u00e9 \u00e9l\u00e9gante et marqu\u00e9e, provient de vieux vignobles de plus de 70 A\u00f1os plant\u00e9s en gobelet. Son origine repose sur diff\u00e9rentes vari\u00e9t\u00e9s de raisins, tant blancs que rouges, qui apportent leurs teintes et caract\u00e9ristiques propres. La mac\u00e9ration se fait \u00e0 froid, afin d&rsquo;extraire peu de couleur et d&rsquo;obtenir un ros\u00e9 p\u00e2le unique. Finaliza le processus de production une maturation de 2 mois sur lies fines.<\/span><\/p>\t\t\t\t\t\t\t\t<\/div>\n\t\t\t\t<div class=\"elementor-element elementor-element-664fe40 elementor-widget elementor-widget-text-editor\" data-id=\"664fe40\" data-element_type=\"widget\" data-widget_type=\"text-editor.default\">\n\t\t\t\t\t\t\t\t\t<h4>Note de D\u00e9gustation<\/h4>\t\t\t\t\t\t\t\t<\/div>\n\t\t\t\t<div class=\"elementor-element elementor-element-035f4e8 elementor-widget elementor-widget-text-editor\" data-id=\"035f4e8\" data-element_type=\"widget\" data-widget_type=\"text-editor.default\">\n\t\t\t\t\t\t\t\t\t<p><span style=\"font-weight: 400;\"><strong>Couleur :<\/strong> Presenta une belle couleur fraise p\u00e2le de faible intensit\u00e9 avec des bords violac\u00e9s, Muy propre, glyc\u00e9rique et brillant.<br \/><\/span><span style=\"font-weight: 400;\"><strong>Nariz :<\/strong> C&rsquo;est un Vino Muy complexe, enveloppant, voluptueux et intense, en raison du coupage de vari\u00e9t\u00e9s dont il provient. Dans Nariz Presenta une large gamme d&rsquo;ar\u00f4mes de fruits des bois, comme la cassis ou la m\u00fbre, ainsi que des nuances herbac\u00e9es et balsamiques de thym et de lavande, avec de subtils ton min\u00e9raux.<br \/><\/span><span style=\"font-weight: 400;\"><strong>Boca :<\/strong> On appr\u00e9cie un ros\u00e9 Vino avec un volume mesur\u00e9, r\u00e9sultat de la longue mac\u00e9ration \u00e0 froid du raisin mais qui se r\u00e9v\u00e8le l\u00e9ger et insinuant.<\/span><\/p>\t\t\t\t\t\t\t\t<\/div>\n\t\t\t\t<div class=\"elementor-element elementor-element-1319482 elementor-widget elementor-widget-text-editor\" data-id=\"1319482\" data-element_type=\"widget\" data-widget_type=\"text-editor.default\">\n\t\t\t\t\t\t\t\t\t<h4>Accord mets et vins<\/h4>\t\t\t\t\t\t\t\t<\/div>\n\t\t\t\t<div class=\"elementor-element elementor-element-4fe95ed elementor-widget elementor-widget-text-editor\" data-id=\"4fe95ed\" data-element_type=\"widget\" data-widget_type=\"text-editor.default\">\n\t\t\t\t\t\t\t\t\t<p><span style=\"font-weight: 400;\">Emina Ros\u00e9 Prestigio est parfait pour accompagner des plats avec un caract\u00e8re marqu\u00e9 exotiques : tha\u00eflandais, japonais, chinois. Tambi\u00e9n est parfait avec des fromages, des poissons ou des salades. C&rsquo;est un Vino exceptionnel pour appr\u00e9cier le moment, car le boire est une exp\u00e9rience en soi.<\/span><\/p>\t\t\t\t\t\t\t\t<\/div>\n\t\t\t\t<div class=\"elementor-element elementor-element-0055e7a elementor-widget elementor-widget-text-editor\" data-id=\"0055e7a\" data-element_type=\"widget\" data-widget_type=\"text-editor.default\">\n\t\t\t\t\t\t\t\t\t<h4>Prix<\/h4>\t\t\t\t\t\t\t\t<\/div>\n\t\t\t\t<div class=\"elementor-element elementor-element-b771c87 elementor-widget elementor-widget-text-editor\" data-id=\"b771c87\" data-element_type=\"widget\" data-widget_type=\"text-editor.default\">\n\t\t\t\t\t\t\t\t\t<ul><li style=\"font-weight: 400;\" aria-level=\"1\"><span style=\"font-weight: 400;\">93 Pts Gu\u00eda Vivir le Vino<\/span><\/li><li style=\"font-weight: 400;\" aria-level=\"1\"><span style=\"font-weight: 400;\">90 Pts Guide Pe\u00f1\u00edn<\/span><\/li><li style=\"font-weight: 400;\" aria-level=\"1\"><span style=\"font-weight: 400;\">Meilleur Vino Ros\u00e9 du A\u00f1o \u2013 Women Wine Awards<\/span><\/li><\/ul>\t\t\t\t\t\t\t\t<\/div>\n\t\t\t\t<\/div>\n\t\t<div class=\"elementor-element elementor-element-f7c9eb0 e-con-full e-flex e-con e-child\" data-id=\"f7c9eb0\" data-element_type=\"container\">\n\t\t\t\t<div class=\"elementor-element elementor-element-6e31889 elementor-widget elementor-widget-text-editor\" data-id=\"6e31889\" data-element_type=\"widget\" data-widget_type=\"text-editor.default\">\n\t\t\t\t\t\t\t\t\tCaract\u00e9ristiques\t\t\t\t\t\t\t\t<\/div>\n\t\t<div class=\"elementor-element elementor-element-815161d e-con-full e-flex e-con e-child\" data-id=\"815161d\" data-element_type=\"container\">\n\t\t\t\t<div class=\"elementor-element elementor-element-d374382 elementor-widget elementor-widget-text-editor\" data-id=\"d374382\" data-element_type=\"widget\" data-widget_type=\"text-editor.default\">\n\t\t\t\t\t\t\t\t\t<p>Type de Vino<\/p>\t\t\t\t\t\t\t\t<\/div>\n\t\t\t\t<div class=\"elementor-element elementor-element-3dd1da6 elementor-widget__width-initial elementor-widget elementor-widget-text-editor\" data-id=\"3dd1da6\" data-element_type=\"widget\" data-widget_type=\"text-editor.default\">\n\t\t\t\t\t\t\t\t\t<p><span style=\"font-weight: 400;\">Vino ros\u00e9 au profil moderne et actuel<\/span><\/p>\t\t\t\t\t\t\t\t<\/div>\n\t\t\t\t<div class=\"elementor-element elementor-element-a9f20c6 elementor-widget-divider--view-line elementor-widget elementor-widget-divider\" data-id=\"a9f20c6\" data-element_type=\"widget\" data-widget_type=\"divider.default\">\n\t\t\t\t\t\t\t<div class=\"elementor-divider\">\n\t\t\t<span class=\"elementor-divider-separator\">\n\t\t\t\t\t\t<\/span>\n\t\t<\/div>\n\t\t\t\t\t\t<\/div>\n\t\t\t\t<div class=\"elementor-element elementor-element-df80faa elementor-widget elementor-widget-text-editor\" data-id=\"df80faa\" data-element_type=\"widget\" data-widget_type=\"text-editor.default\">\n\t\t\t\t\t\t\t\t\t<p>Vari\u00e9t\u00e9<\/p>\t\t\t\t\t\t\t\t<\/div>\n\t\t\t\t<div class=\"elementor-element elementor-element-5d93e69 elementor-widget__width-initial elementor-widget elementor-widget-text-editor\" data-id=\"5d93e69\" data-element_type=\"widget\" data-widget_type=\"text-editor.default\">\n\t\t\t\t\t\t\t\t\t<p><span style=\"font-weight: 400;\">Tempranillo, Cabernet Sauvignon, Merlot, Verdejo, Viura et Garnacha<\/span><\/p>\t\t\t\t\t\t\t\t<\/div>\n\t\t\t\t<div class=\"elementor-element elementor-element-e12a508 elementor-widget-divider--view-line elementor-widget elementor-widget-divider\" data-id=\"e12a508\" data-element_type=\"widget\" data-widget_type=\"divider.default\">\n\t\t\t\t\t\t\t<div class=\"elementor-divider\">\n\t\t\t<span class=\"elementor-divider-separator\">\n\t\t\t\t\t\t<\/span>\n\t\t<\/div>\n\t\t\t\t\t\t<\/div>\n\t\t\t\t<div class=\"elementor-element elementor-element-f6b2002 elementor-widget elementor-widget-text-editor\" data-id=\"f6b2002\" data-element_type=\"widget\" data-widget_type=\"text-editor.default\">\n\t\t\t\t\t\t\t\t\t<p>Param\u00e8tres analytiques<\/p>\t\t\t\t\t\t\t\t<\/div>\n\t\t\t\t<div class=\"elementor-element elementor-element-ee4bcb1 elementor-widget__width-initial elementor-widget elementor-widget-text-editor\" data-id=\"ee4bcb1\" data-element_type=\"widget\" data-widget_type=\"text-editor.default\">\n\t\t\t\t\t\t\t\t\t<p><span style=\"font-weight: 400;\">Alcool : 13,5 %<br \/><\/span><span style=\"font-weight: 400;\">Acidit\u00e9 : 3,55 g\/l <br \/><\/span>Sucres r\u00e9siduels : 1,40 g\/l<\/p>\t\t\t\t\t\t\t\t<\/div>\n\t\t\t\t<\/div>\n\t\t\t\t<\/div>\n\t\t\t\t\t<\/div>\n\t\t\t\t<\/div>\n\t\t\t\t<\/div>\n\t\t","protected":false},"excerpt":{"rendered":"<p>\u00c9laboration Emina Ros\u00e9 Prestigio es un vino\u00a0rosado p\u00e1lido de alta gama, en la l\u00ednea de los rosados \u200b\u200bprovenzales, que destaca por un atractivo y caracter\u00edstico tono p\u00e1lido, una buena intensidad arom\u00e1tica, una\u00a0elaboraci\u00f3n de gran complejidad y una cuidada y delicada est\u00e9tica . La botella est\u00e1 serigrafiada y tiene un elegante tap\u00f3n de cristal. Hasta el [&hellip;]<\/p>\n","protected":false},"featured_media":8942,"comment_status":"closed","ping_status":"closed","template":"","meta":{"_acf_changed":false},"product_cat":[185,197],"product_tag":[],"class_list":{"0":"post-8876","1":"product","2":"type-product","3":"status-publish","4":"has-post-thumbnail","6":"product_cat-d-o-cigales","7":"product_cat-grupo-matarromera","9":"first","10":"instock","11":"featured","12":"shipping-taxable","13":"product-type-simple"},"acf":[],"_links":{"self":[{"href":"https:\/\/www.bluewines.eu\/fr\/wp-json\/wp\/v2\/product\/8876","targetHints":{"allow":["GET"]}}],"collection":[{"href":"https:\/\/www.bluewines.eu\/fr\/wp-json\/wp\/v2\/product"}],"about":[{"href":"https:\/\/www.bluewines.eu\/fr\/wp-json\/wp\/v2\/types\/product"}],"replies":[{"embeddable":true,"href":"https:\/\/www.bluewines.eu\/fr\/wp-json\/wp\/v2\/comments?post=8876"}],"version-history":[{"count":3,"href":"https:\/\/www.bluewines.eu\/fr\/wp-json\/wp\/v2\/product\/8876\/revisions"}],"predecessor-version":[{"id":9395,"href":"https:\/\/www.bluewines.eu\/fr\/wp-json\/wp\/v2\/product\/8876\/revisions\/9395"}],"wp:featuredmedia":[{"embeddable":true,"href":"https:\/\/www.bluewines.eu\/fr\/wp-json\/wp\/v2\/media\/8942"}],"wp:attachment":[{"href":"https:\/\/www.bluewines.eu\/fr\/wp-json\/wp\/v2\/media?parent=8876"}],"wp:term":[{"taxonomy":"product_cat","embeddable":true,"href":"https:\/\/www.bluewines.eu\/fr\/wp-json\/wp\/v2\/product_cat?post=8876"},{"taxonomy":"product_tag","embeddable":true,"href":"https:\/\/www.bluewines.eu\/fr\/wp-json\/wp\/v2\/product_tag?post=8876"}],"curies":[{"name":"wp","href":"https:\/\/api.w.org\/{rel}","templated":true}]}}