{"id":8877,"date":"2025-11-19T09:55:48","date_gmt":"2025-11-19T08:55:48","guid":{"rendered":"https:\/\/www.bluewines.eu\/producto\/emina-verdejo-2\/"},"modified":"2026-04-16T15:44:42","modified_gmt":"2026-04-16T13:44:42","slug":"emina-verdejo-2","status":"publish","type":"product","link":"https:\/\/www.bluewines.eu\/fr\/producto\/emina-verdejo-2\/","title":{"rendered":"Emina Verdejo"},"content":{"rendered":"\t\t<div data-elementor-type=\"wp-post\" data-elementor-id=\"8877\" class=\"elementor elementor-8877 elementor-5800\" data-elementor-post-type=\"product\">\n\t\t\t\t<div class=\"elementor-element elementor-element-15751363 e-flex e-con-boxed e-con e-parent\" data-id=\"15751363\" data-element_type=\"container\">\n\t\t\t\t\t<div class=\"e-con-inner\">\n\t\t<div class=\"elementor-element elementor-element-979b208 e-con-full e-flex e-con e-child\" data-id=\"979b208\" data-element_type=\"container\">\n\t\t\t\t<div class=\"elementor-element elementor-element-c333ded elementor-widget elementor-widget-text-editor\" data-id=\"c333ded\" data-element_type=\"widget\" data-widget_type=\"text-editor.default\">\n\t\t\t\t\t\t\t\t\t<h4>\u00c9laboration<\/h4>\t\t\t\t\t\t\t\t<\/div>\n\t\t\t\t<div class=\"elementor-element elementor-element-e65de2f elementor-widget elementor-widget-text-editor\" data-id=\"e65de2f\" data-element_type=\"widget\" data-widget_type=\"text-editor.default\">\n\t\t\t\t\t\t\t\t\t<p><span style=\"font-weight: 400;\">Fruit d&rsquo;un long et soigneux projet de recherche, Emina Verdejo est le premier vin de la cave qui a \u00e9t\u00e9 ferment\u00e9 avec une levure autochtone, c&rsquo;est-\u00e0-dire provenant de ses propres parcelles. Le r\u00e9sultat du processus fermentatif de Este est un vin avec de plus grandes propri\u00e9t\u00e9s organoleptiques et des touches \u00e9l\u00e9gantes de fruits tropicaux frais d&rsquo;ananas et de maracuj\u00e1.<\/span><\/p><p><span style=\"font-weight: 400;\">Pour la fermentation de Emina Verdejo, une levure baptis\u00e9e \u201cSchacaromyces Cerevisae EMINA\u201d provenant de nos propres vignes a \u00e9t\u00e9 utilis\u00e9e.<\/span><\/p><p><span style=\"font-weight: 400;\">Las Marcas est l&rsquo;une de nos plus importantes exploitations, situ\u00e9e \u00e0 Villalba de Adaja, \u00e0 Valladolid. La finca Esta est divis\u00e9e en plusieurs parties, la plus grande d&rsquo;entre elles \u00e9tant plant\u00e9e de raisins de la vari\u00e9t\u00e9 Verdejo en palissage. Le vignoble Este a un cadre de plantation de 5.000 ceps par hectare et est situ\u00e9 sur la rive de la rivi\u00e8re Adaja.<\/span><\/p><p><span style=\"font-weight: 400;\">Le vin sensationnel Este est \u00e9labor\u00e9 en contact avec les lies fines de fermentation, et le format de Este est parfait pour que l&rsquo;\u00e9volution du vin Para soit lente et diff\u00e9rente, ce qui permet de transf\u00e9rer au vin style, caract\u00e8re et \u00e9quilibre.<\/span><\/p>\t\t\t\t\t\t\t\t<\/div>\n\t\t\t\t<div class=\"elementor-element elementor-element-664fe40 elementor-widget elementor-widget-text-editor\" data-id=\"664fe40\" data-element_type=\"widget\" data-widget_type=\"text-editor.default\">\n\t\t\t\t\t\t\t\t\t<h4>Note de D\u00e9gustation<\/h4>\t\t\t\t\t\t\t\t<\/div>\n\t\t\t\t<div class=\"elementor-element elementor-element-035f4e8 elementor-widget elementor-widget-text-editor\" data-id=\"035f4e8\" data-element_type=\"widget\" data-widget_type=\"text-editor.default\">\n\t\t\t\t\t\t\t\t\t<p><span style=\"font-weight: 400;\"><strong>Couleur :<\/strong> On appr\u00e9cie un vin blanc avec une couleur jaune paille aux reflets verd\u00e2tres, clair et tr\u00e8s brillant.<br \/><\/span><span style=\"font-weight: 400;\"><strong>Nariz :<\/strong> Aromas de fraise, fruits \u00e0 noyau, sensations d&rsquo;ananas frais, avec des notes de fenouil et de pamplemousse.<br \/><\/span><span style=\"font-weight: 400;\"><strong>Boca :<\/strong> On appr\u00e9cie un vin structur\u00e9, avec une excellente longueur et un \u00e9quilibre entre les sensations fra\u00eeches de la Acidez et l&rsquo;amertume \u00e9l\u00e9gante du c\u00e9page Verdejo, et des saveurs intenses d&rsquo;abricot, de douces notes tropicales et des agrumes vifs.<\/span><\/p>\t\t\t\t\t\t\t\t<\/div>\n\t\t\t\t<div class=\"elementor-element elementor-element-1319482 elementor-widget elementor-widget-text-editor\" data-id=\"1319482\" data-element_type=\"widget\" data-widget_type=\"text-editor.default\">\n\t\t\t\t\t\t\t\t\t<h4>Accord mets et vins<\/h4>\t\t\t\t\t\t\t\t<\/div>\n\t\t\t\t<div class=\"elementor-element elementor-element-4fe95ed elementor-widget elementor-widget-text-editor\" data-id=\"4fe95ed\" data-element_type=\"widget\" data-widget_type=\"text-editor.default\">\n\t\t\t\t\t\t\t\t\t<p><span style=\"font-weight: 400;\">Pour marier Para avec Emina Verdejo, nous vous proposons un d\u00eener entre amis et des Poke vari\u00e9s. En g\u00e9n\u00e9ral, Emina Verdejo s&rsquo;accorde bien avec des Poke de poissons gras, comme le saumon ou le thon. Les saveurs fruit\u00e9es et citronn\u00e9es du vin compl\u00e8tent les saveurs du poisson et des l\u00e9gumes.<\/span><\/p><p><span style=\"font-weight: 400;\">Poke de saumon : Le saumon est un poisson gras au go\u00fbt d\u00e9licat. Le Emina Verdejo mettra en avant les saveurs du saumon et lui donnera une touche fra\u00eeche.<\/span><\/p><p><span style=\"font-weight: 400;\">Poke de poulpe : Le poulpe est un ingr\u00e9dient polyvalent qui peut \u00eatre pr\u00e9par\u00e9 de nombreuses mani\u00e8res. Este Verdejo s&rsquo;accorde bien avec des Poke de poulpe grill\u00e9 ou au four.<\/span><\/p><p><span style=\"font-weight: 400;\">Poke de crevettes : Les Los crevettes sont un ingr\u00e9dient l\u00e9ger et frais, id\u00e9al pour Para Este ce type de vin.<\/span><\/p>\t\t\t\t\t\t\t\t<\/div>\n\t\t\t\t<div class=\"elementor-element elementor-element-bae1326 elementor-widget elementor-widget-text-editor\" data-id=\"bae1326\" data-element_type=\"widget\" data-widget_type=\"text-editor.default\">\n\t\t\t\t\t\t\t\t\t<h4>Prix<\/h4>\t\t\t\t\t\t\t\t<\/div>\n\t\t\t\t<div class=\"elementor-element elementor-element-7acc6bb elementor-widget elementor-widget-text-editor\" data-id=\"7acc6bb\" data-element_type=\"widget\" data-widget_type=\"text-editor.default\">\n\t\t\t\t\t\t\t\t\t<ul><li style=\"font-weight: 400;\" aria-level=\"1\"><span style=\"font-weight: 400;\">91 Pts Guide Gourmets<\/span><\/li><li style=\"font-weight: 400;\" aria-level=\"1\"><span style=\"font-weight: 400;\">Gran Baco d&rsquo;Or<\/span><\/li><li style=\"font-weight: 400;\" aria-level=\"1\"><span style=\"font-weight: 400;\">Bacchus d&rsquo;Or<\/span><\/li><\/ul>\t\t\t\t\t\t\t\t<\/div>\n\t\t\t\t<\/div>\n\t\t<div class=\"elementor-element elementor-element-f7c9eb0 e-con-full e-flex e-con e-child\" data-id=\"f7c9eb0\" data-element_type=\"container\">\n\t\t\t\t<div class=\"elementor-element elementor-element-6e31889 elementor-widget elementor-widget-text-editor\" data-id=\"6e31889\" data-element_type=\"widget\" data-widget_type=\"text-editor.default\">\n\t\t\t\t\t\t\t\t\tCaract\u00e9ristiques\t\t\t\t\t\t\t\t<\/div>\n\t\t<div class=\"elementor-element elementor-element-815161d e-con-full e-flex e-con e-child\" data-id=\"815161d\" data-element_type=\"container\">\n\t\t\t\t<div class=\"elementor-element elementor-element-d374382 elementor-widget elementor-widget-text-editor\" data-id=\"d374382\" data-element_type=\"widget\" data-widget_type=\"text-editor.default\">\n\t\t\t\t\t\t\t\t\t<p>Type de Vin<\/p>\t\t\t\t\t\t\t\t<\/div>\n\t\t\t\t<div class=\"elementor-element elementor-element-3dd1da6 elementor-widget__width-initial elementor-widget elementor-widget-text-editor\" data-id=\"3dd1da6\" data-element_type=\"widget\" data-widget_type=\"text-editor.default\">\n\t\t\t\t\t\t\t\t\t<p><span style=\"font-weight: 400;\">Vin blanc sur lies<\/span><\/p>\t\t\t\t\t\t\t\t<\/div>\n\t\t\t\t<div class=\"elementor-element elementor-element-a9f20c6 elementor-widget-divider--view-line elementor-widget elementor-widget-divider\" data-id=\"a9f20c6\" data-element_type=\"widget\" data-widget_type=\"divider.default\">\n\t\t\t\t\t\t\t<div class=\"elementor-divider\">\n\t\t\t<span class=\"elementor-divider-separator\">\n\t\t\t\t\t\t<\/span>\n\t\t<\/div>\n\t\t\t\t\t\t<\/div>\n\t\t\t\t<div class=\"elementor-element elementor-element-df80faa elementor-widget elementor-widget-text-editor\" data-id=\"df80faa\" data-element_type=\"widget\" data-widget_type=\"text-editor.default\">\n\t\t\t\t\t\t\t\t\t<p>Vari\u00e9t\u00e9<\/p>\t\t\t\t\t\t\t\t<\/div>\n\t\t\t\t<div class=\"elementor-element elementor-element-5d93e69 elementor-widget__width-initial elementor-widget elementor-widget-text-editor\" data-id=\"5d93e69\" data-element_type=\"widget\" data-widget_type=\"text-editor.default\">\n\t\t\t\t\t\t\t\t\t<p><span style=\"font-weight: 400;\">100 % Verdejo<\/span><\/p>\t\t\t\t\t\t\t\t<\/div>\n\t\t\t\t<div class=\"elementor-element elementor-element-e12a508 elementor-widget-divider--view-line elementor-widget elementor-widget-divider\" data-id=\"e12a508\" data-element_type=\"widget\" data-widget_type=\"divider.default\">\n\t\t\t\t\t\t\t<div class=\"elementor-divider\">\n\t\t\t<span class=\"elementor-divider-separator\">\n\t\t\t\t\t\t<\/span>\n\t\t<\/div>\n\t\t\t\t\t\t<\/div>\n\t\t\t\t<div class=\"elementor-element elementor-element-f6b2002 elementor-widget elementor-widget-text-editor\" data-id=\"f6b2002\" data-element_type=\"widget\" data-widget_type=\"text-editor.default\">\n\t\t\t\t\t\t\t\t\t<p>Param\u00e8tres analytiques<\/p>\t\t\t\t\t\t\t\t<\/div>\n\t\t\t\t<div class=\"elementor-element elementor-element-ee4bcb1 elementor-widget__width-initial elementor-widget elementor-widget-text-editor\" data-id=\"ee4bcb1\" data-element_type=\"widget\" data-widget_type=\"text-editor.default\">\n\t\t\t\t\t\t\t\t\t<p><span style=\"font-weight: 400;\">Alcohol: 13 %<br \/><\/span><span style=\"font-weight: 400;\">Acidez: 3,55 g\/l\u00a0<br \/><\/span><span style=\"font-weight: 400;\">Sucre R\u00e9siduel: 1,40 g\/l<\/span><\/p>\t\t\t\t\t\t\t\t<\/div>\n\t\t\t\t<\/div>\n\t\t\t\t<\/div>\n\t\t\t\t\t<\/div>\n\t\t\t\t<\/div>\n\t\t\t\t<\/div>\n\t\t","protected":false},"excerpt":{"rendered":"<p>\u00c9laboration Fruto de un largo y cuidado proyecto de investigaci\u00f3n, Emina Verdejo es el primer vino de la bodega que ha sido\u00a0fermentado con una levadura aut\u00f3ctona, es decir, procedente de sus propias parcelas. El resultado de este proceso fermentativo es un vino con mayores propiedades organol\u00e9pticas y unos elegantes toques de frescas frutas tropicales de [&hellip;]<\/p>\n","protected":false},"featured_media":8943,"comment_status":"closed","ping_status":"closed","template":"","meta":{"_acf_changed":false},"product_cat":[194,197],"product_tag":[],"class_list":{"0":"post-8877","1":"product","2":"type-product","3":"status-publish","4":"has-post-thumbnail","6":"product_cat-d-o-rueda","7":"product_cat-grupo-matarromera","9":"first","10":"instock","11":"featured","12":"shipping-taxable","13":"product-type-simple"},"acf":[],"_links":{"self":[{"href":"https:\/\/www.bluewines.eu\/fr\/wp-json\/wp\/v2\/product\/8877","targetHints":{"allow":["GET"]}}],"collection":[{"href":"https:\/\/www.bluewines.eu\/fr\/wp-json\/wp\/v2\/product"}],"about":[{"href":"https:\/\/www.bluewines.eu\/fr\/wp-json\/wp\/v2\/types\/product"}],"replies":[{"embeddable":true,"href":"https:\/\/www.bluewines.eu\/fr\/wp-json\/wp\/v2\/comments?post=8877"}],"version-history":[{"count":2,"href":"https:\/\/www.bluewines.eu\/fr\/wp-json\/wp\/v2\/product\/8877\/revisions"}],"predecessor-version":[{"id":9397,"href":"https:\/\/www.bluewines.eu\/fr\/wp-json\/wp\/v2\/product\/8877\/revisions\/9397"}],"wp:featuredmedia":[{"embeddable":true,"href":"https:\/\/www.bluewines.eu\/fr\/wp-json\/wp\/v2\/media\/8943"}],"wp:attachment":[{"href":"https:\/\/www.bluewines.eu\/fr\/wp-json\/wp\/v2\/media?parent=8877"}],"wp:term":[{"taxonomy":"product_cat","embeddable":true,"href":"https:\/\/www.bluewines.eu\/fr\/wp-json\/wp\/v2\/product_cat?post=8877"},{"taxonomy":"product_tag","embeddable":true,"href":"https:\/\/www.bluewines.eu\/fr\/wp-json\/wp\/v2\/product_tag?post=8877"}],"curies":[{"name":"wp","href":"https:\/\/api.w.org\/{rel}","templated":true}]}}