{"id":8882,"date":"2025-11-13T19:58:55","date_gmt":"2025-11-13T18:58:55","guid":{"rendered":"https:\/\/www.bluewines.eu\/producto\/reserve-exclusive-brut-2\/"},"modified":"2026-04-16T15:53:34","modified_gmt":"2026-04-16T13:53:34","slug":"reserve-exclusive-brut-2","status":"publish","type":"product","link":"https:\/\/www.bluewines.eu\/fr\/producto\/reserve-exclusive-brut-2\/","title":{"rendered":"R\u00e9serve Exclusive Brut"},"content":{"rendered":"\t\t<div data-elementor-type=\"wp-post\" data-elementor-id=\"8882\" class=\"elementor elementor-8882 elementor-5457\" data-elementor-post-type=\"product\">\n\t\t\t\t<div class=\"elementor-element elementor-element-15751363 e-flex e-con-boxed e-con e-parent\" data-id=\"15751363\" data-element_type=\"container\">\n\t\t\t\t\t<div class=\"e-con-inner\">\n\t\t<div class=\"elementor-element elementor-element-979b208 e-con-full e-flex e-con e-child\" data-id=\"979b208\" data-element_type=\"container\">\n\t\t\t\t<div class=\"elementor-element elementor-element-c333ded elementor-widget elementor-widget-text-editor\" data-id=\"c333ded\" data-element_type=\"widget\" data-widget_type=\"text-editor.default\">\n\t\t\t\t\t\t\t\t\t<h4>\u00c9laboration<\/h4>\t\t\t\t\t\t\t\t<\/div>\n\t\t\t\t<div class=\"elementor-element elementor-element-e65de2f elementor-widget elementor-widget-text-editor\" data-id=\"e65de2f\" data-element_type=\"widget\" data-widget_type=\"text-editor.default\">\n\t\t\t\t\t\t\t\t\t<p>\u00c9quilibre parfait entre fra\u00eecheur et structure gr\u00e2ce \u00e0 un assemblage de Pinot Noir, Pinot Meunier et Chardonnay, enrichi d&rsquo;une s\u00e9lection soign\u00e9e de vins de r\u00e9serve. La dosisation est ajust\u00e9e avec pr\u00e9cision pour rehausser les ar\u00f4mes et les saveurs, tandis que le choix des crus, des mill\u00e9simes et des m\u00e9thodes d&rsquo;\u00e9levage garantit l&rsquo;identit\u00e9 et le style inimitable de R\u00e9serve Exclusive Brut.<\/p>\t\t\t\t\t\t\t\t<\/div>\n\t\t\t\t<div class=\"elementor-element elementor-element-664fe40 elementor-widget elementor-widget-text-editor\" data-id=\"664fe40\" data-element_type=\"widget\" data-widget_type=\"text-editor.default\">\n\t\t\t\t\t\t\t\t\t<h4>Notas de d\u00e9gustation<\/h4>\t\t\t\t\t\t\t\t<\/div>\n\t\t\t\t<div class=\"elementor-element elementor-element-035f4e8 elementor-widget elementor-widget-text-editor\" data-id=\"035f4e8\" data-element_type=\"widget\" data-widget_type=\"text-editor.default\">\n\t\t\t\t\t\t\t\t\t<p>Le R\u00e9serve Exclusive Brut, un Champ\u00e1n embl\u00e9matique, incarne \u00e0 la perfection le style Nicolas Feuillatte.<\/p><p>Le Este r\u00e9unit tous les territoires de la r\u00e9gion de Champagne en une synth\u00e8se parfaite. C&rsquo;est un Champ\u00e1n \u00e9th\u00e9r\u00e9, dynamique et frais, avec un fruit expressif et direct \u00e0 son point optimal de maturit\u00e9, obtenu gr\u00e2ce \u00e0 un vieillissement prolong\u00e9 en cave qui rehausse sa saveur et sa consistance.<\/p><p>Des notes de poire juteuse et d&rsquo;abricot frais s&rsquo;entrelacent en parfaite harmonie avec ses bulles d\u00e9licates et fines, qui se r\u00e9v\u00e8lent progressivement avec le temps. Impulsivo, frais et simple dans sa complexit\u00e9, incarne de mani\u00e8re id\u00e9ale \u201cl&rsquo;esprit du Champ\u00e1n\u201d pour \u00e9tancher la soif, que ce soit accompagn\u00e9 d&rsquo;une grande vari\u00e9t\u00e9 de plats ou appr\u00e9ci\u00e9 avec des tapas en ap\u00e9ritif.<\/p>\t\t\t\t\t\t\t\t<\/div>\n\t\t\t\t<div class=\"elementor-element elementor-element-73ca26c elementor-widget elementor-widget-text-editor\" data-id=\"73ca26c\" data-element_type=\"widget\" data-widget_type=\"text-editor.default\">\n\t\t\t\t\t\t\t\t\t<h4>Accord mets et vins<\/h4>\t\t\t\t\t\t\t\t<\/div>\n\t\t\t\t<div class=\"elementor-element elementor-element-4c42981 elementor-widget elementor-widget-text-editor\" data-id=\"4c42981\" data-element_type=\"widget\" data-widget_type=\"text-editor.default\">\n\t\t\t\t\t\t\t\t\t<p>Plat simple : saumon fum\u00e9 croustillant, fromage Beaufort affin\u00e9 pendant 18 mois. <br \/>Momento de relaxation : wrap de volaille marin\u00e9e avec l\u00e9gumes, Tarte Tatin de rhubarbe. <br \/>Alta couture : crevettes saut\u00e9es avec coriandre, poisson en papillote avec lait de coco, sashimi de dorade.<\/p>\t\t\t\t\t\t\t\t<\/div>\n\t\t\t\t<div class=\"elementor-element elementor-element-f39cd85 elementor-widget elementor-widget-text-editor\" data-id=\"f39cd85\" data-element_type=\"widget\" data-widget_type=\"text-editor.default\">\n\t\t\t\t\t\t\t\t\t<h4>Prix<\/h4>\t\t\t\t\t\t\t\t<\/div>\n\t\t\t\t<div class=\"elementor-element elementor-element-d06d5fe elementor-widget elementor-widget-text-editor\" data-id=\"d06d5fe\" data-element_type=\"widget\" data-widget_type=\"text-editor.default\">\n\t\t\t\t\t\t\t\t\t<ul><li>Medalla de Oro Vinalies Internationales 2017<\/li><li>Medalla de plata International Wine Challenge 2017<\/li><li>Medalla de plata \u2013 Note de 90\/100 Decanter World Wine Awards 2017<\/li><li>Medalla de plata \u00abexceptionnel\u00bb International Wine &amp; Spirit Competition 2017<\/li><li>2 \u00e9toiles Guide Champagne Gerhard Eichelmann 2017<\/li><li>91\/100 Wine Spectator du 15 d\u00e9cembre 2017<\/li><li>Medalla de plata Champagne Masters 2017<\/li><li>Gold and Best of Class Sunset International Wine Competition 2017<\/li><li>Note de 14\/20 Guide des Champagnes 2018 Gault &amp; Millau<\/li><\/ul>\t\t\t\t\t\t\t\t<\/div>\n\t\t\t\t<\/div>\n\t\t<div class=\"elementor-element elementor-element-f7c9eb0 e-con-full e-flex e-con e-child\" data-id=\"f7c9eb0\" data-element_type=\"container\">\n\t\t\t\t<div class=\"elementor-element elementor-element-6e31889 elementor-widget elementor-widget-text-editor\" data-id=\"6e31889\" data-element_type=\"widget\" data-widget_type=\"text-editor.default\">\n\t\t\t\t\t\t\t\t\tCaract\u00e9ristiques\t\t\t\t\t\t\t\t<\/div>\n\t\t<div class=\"elementor-element elementor-element-815161d e-con-full e-flex e-con e-child\" data-id=\"815161d\" data-element_type=\"container\">\n\t\t\t\t<div class=\"elementor-element elementor-element-d374382 elementor-widget elementor-widget-text-editor\" data-id=\"d374382\" data-element_type=\"widget\" data-widget_type=\"text-editor.default\">\n\t\t\t\t\t\t\t\t\t<p>Type de vin<\/p>\t\t\t\t\t\t\t\t<\/div>\n\t\t\t\t<div class=\"elementor-element elementor-element-3dd1da6 elementor-widget__width-initial elementor-widget elementor-widget-text-editor\" data-id=\"3dd1da6\" data-element_type=\"widget\" data-widget_type=\"text-editor.default\">\n\t\t\t\t\t\t\t\t\t<p>Champagne avec 3-4 ans d&rsquo;\u00e9levage en cave.<\/p>\t\t\t\t\t\t\t\t<\/div>\n\t\t\t\t<div class=\"elementor-element elementor-element-a9f20c6 elementor-widget-divider--view-line elementor-widget elementor-widget-divider\" data-id=\"a9f20c6\" data-element_type=\"widget\" data-widget_type=\"divider.default\">\n\t\t\t\t\t\t\t<div class=\"elementor-divider\">\n\t\t\t<span class=\"elementor-divider-separator\">\n\t\t\t\t\t\t<\/span>\n\t\t<\/div>\n\t\t\t\t\t\t<\/div>\n\t\t\t\t<div class=\"elementor-element elementor-element-df80faa elementor-widget elementor-widget-text-editor\" data-id=\"df80faa\" data-element_type=\"widget\" data-widget_type=\"text-editor.default\">\n\t\t\t\t\t\t\t\t\t<p>Vari\u00e9t\u00e9<\/p>\t\t\t\t\t\t\t\t<\/div>\n\t\t\t\t<div class=\"elementor-element elementor-element-5d93e69 elementor-widget__width-initial elementor-widget elementor-widget-text-editor\" data-id=\"5d93e69\" data-element_type=\"widget\" data-widget_type=\"text-editor.default\">\n\t\t\t\t\t\t\t\t\t<p>30% Chardonnay<br \/>40% Pinot Noir<br \/>40% Pinot Meunier<\/p>\t\t\t\t\t\t\t\t<\/div>\n\t\t\t\t<\/div>\n\t\t\t\t<\/div>\n\t\t\t\t\t<\/div>\n\t\t\t\t<\/div>\n\t\t\t\t<\/div>\n\t\t","protected":false},"excerpt":{"rendered":"<p>\u00c9laboration \u00c9quilibre parfait entre fra\u00eecheur et structure gr\u00e2ce \u00e0 un assemblage de Pinot Noir, Pinot Meunier et Chardonnay, enrichi d&rsquo;une s\u00e9lection soign\u00e9e de vins de r\u00e9serve. La dosisation est ajust\u00e9e avec pr\u00e9cision pour rehausser les ar\u00f4mes et les saveurs, tandis que le choix des crus, des mill\u00e9simes et des m\u00e9thodes d&rsquo;\u00e9levage garantit l&rsquo;identit\u00e9 et le [&hellip;]<\/p>\n","protected":false},"featured_media":8259,"comment_status":"closed","ping_status":"closed","template":"","meta":{"_acf_changed":false},"product_cat":[125,156],"product_tag":[],"class_list":{"0":"post-8882","1":"product","2":"type-product","3":"status-publish","4":"has-post-thumbnail","6":"product_cat-a-o-c-champagne","7":"product_cat-nicolas-feuillatte","9":"first","10":"instock","11":"featured","12":"shipping-taxable","13":"product-type-simple"},"acf":[],"_links":{"self":[{"href":"https:\/\/www.bluewines.eu\/fr\/wp-json\/wp\/v2\/product\/8882","targetHints":{"allow":["GET"]}}],"collection":[{"href":"https:\/\/www.bluewines.eu\/fr\/wp-json\/wp\/v2\/product"}],"about":[{"href":"https:\/\/www.bluewines.eu\/fr\/wp-json\/wp\/v2\/types\/product"}],"replies":[{"embeddable":true,"href":"https:\/\/www.bluewines.eu\/fr\/wp-json\/wp\/v2\/comments?post=8882"}],"version-history":[{"count":2,"href":"https:\/\/www.bluewines.eu\/fr\/wp-json\/wp\/v2\/product\/8882\/revisions"}],"predecessor-version":[{"id":9414,"href":"https:\/\/www.bluewines.eu\/fr\/wp-json\/wp\/v2\/product\/8882\/revisions\/9414"}],"wp:featuredmedia":[{"embeddable":true,"href":"https:\/\/www.bluewines.eu\/fr\/wp-json\/wp\/v2\/media\/8259"}],"wp:attachment":[{"href":"https:\/\/www.bluewines.eu\/fr\/wp-json\/wp\/v2\/media?parent=8882"}],"wp:term":[{"taxonomy":"product_cat","embeddable":true,"href":"https:\/\/www.bluewines.eu\/fr\/wp-json\/wp\/v2\/product_cat?post=8882"},{"taxonomy":"product_tag","embeddable":true,"href":"https:\/\/www.bluewines.eu\/fr\/wp-json\/wp\/v2\/product_tag?post=8882"}],"curies":[{"name":"wp","href":"https:\/\/api.w.org\/{rel}","templated":true}]}}