{"id":8883,"date":"2025-11-13T20:05:33","date_gmt":"2025-11-13T19:05:33","guid":{"rendered":"https:\/\/www.bluewines.eu\/producto\/reserve-exclusive-rose-2\/"},"modified":"2026-04-16T15:52:59","modified_gmt":"2026-04-16T13:52:59","slug":"reserve-exclusive-rose-2","status":"publish","type":"product","link":"https:\/\/www.bluewines.eu\/fr\/producto\/reserve-exclusive-rose-2\/","title":{"rendered":"R\u00e9serve Exclusive Ros\u00e9"},"content":{"rendered":"\t\t<div data-elementor-type=\"wp-post\" data-elementor-id=\"8883\" class=\"elementor elementor-8883 elementor-5466\" data-elementor-post-type=\"product\">\n\t\t\t\t<div class=\"elementor-element elementor-element-15751363 e-flex e-con-boxed e-con e-parent\" data-id=\"15751363\" data-element_type=\"container\">\n\t\t\t\t\t<div class=\"e-con-inner\">\n\t\t<div class=\"elementor-element elementor-element-979b208 e-con-full e-flex e-con e-child\" data-id=\"979b208\" data-element_type=\"container\">\n\t\t\t\t<div class=\"elementor-element elementor-element-c333ded elementor-widget elementor-widget-text-editor\" data-id=\"c333ded\" data-element_type=\"widget\" data-widget_type=\"text-editor.default\">\n\t\t\t\t\t\t\t\t\t<h4>\u00c9laboration<\/h4>\t\t\t\t\t\t\t\t<\/div>\n\t\t\t\t<div class=\"elementor-element elementor-element-e65de2f elementor-widget elementor-widget-text-editor\" data-id=\"e65de2f\" data-element_type=\"widget\" data-widget_type=\"text-editor.default\">\n\t\t\t\t\t\t\t\t\t<p>Combinaison id\u00e9ale entre la fra\u00eecheur et la structure d&rsquo;un assemblage de blancs et l&rsquo;expression fruit\u00e9e du vin rouge, pr\u00e9sente \u00e0 16 %. L&rsquo;option choisie par le chef de cave est d&rsquo;ajuster la dosification du liqueur d&rsquo;exp\u00e9dition dans chaque cuv\u00e9e pour sublimer les saveurs et les ar\u00f4mes. Le choix du vin de r\u00e9serve est primordial. Il se fait en fonction des crus, des ann\u00e9es de r\u00e9colte, des vari\u00e9t\u00e9s de raisins et de la modalit\u00e9 de vinification et d&rsquo;\u00e9levage, afin de garantir un style unique pour chaque vin.<\/p>\t\t\t\t\t\t\t\t<\/div>\n\t\t\t\t<div class=\"elementor-element elementor-element-664fe40 elementor-widget elementor-widget-text-editor\" data-id=\"664fe40\" data-element_type=\"widget\" data-widget_type=\"text-editor.default\">\n\t\t\t\t\t\t\t\t\t<h4>Notas de d\u00e9gustation<\/h4>\t\t\t\t\t\t\t\t<\/div>\n\t\t\t\t<div class=\"elementor-element elementor-element-035f4e8 elementor-widget elementor-widget-text-editor\" data-id=\"035f4e8\" data-element_type=\"widget\" data-widget_type=\"text-editor.default\">\n\t\t\t\t\t\t\t\t\t<p>Le R\u00e9serve Exclusive Ros\u00e9 est un Champagne d\u00e9licat avec de douces Notas de petites fruits rouges frais. C&rsquo;est une exquise \u00e9vocation de groseille, myrtille et framboise, combin\u00e9e avec une touche de fraise Gariguette. La texture est fine et vive ; ses saveurs, bien que simples, sont extr\u00eamement d\u00e9licates et nuanc\u00e9es. Le R\u00e9serve Exclusive Ros\u00e9 est un Champagne avec des ar\u00f4mes frais et a\u00e9r\u00e9s qui \u00e9tanchent la soif avec joie, parfait pour \u00eatre appr\u00e9ci\u00e9 \u00e0 tout moment de l&rsquo;ann\u00e9e.<\/p>\t\t\t\t\t\t\t\t<\/div>\n\t\t\t\t<div class=\"elementor-element elementor-element-73ca26c elementor-widget elementor-widget-text-editor\" data-id=\"73ca26c\" data-element_type=\"widget\" data-widget_type=\"text-editor.default\">\n\t\t\t\t\t\t\t\t\t<h4>Accord mets-vins<\/h4>\t\t\t\t\t\t\t\t<\/div>\n\t\t\t\t<div class=\"elementor-element elementor-element-4c42981 elementor-widget elementor-widget-text-editor\" data-id=\"4c42981\" data-element_type=\"widget\" data-widget_type=\"text-editor.default\">\n\t\t\t\t\t\t\t\t\t<p>Plat simple : Carpaccio de thon Bocaditos de jambon ib\u00e9rique avec fromage de ch\u00e8vre frais Ensalada de fruits rouges Tarta coup\u00e9s en fraises.<br \/>Momento de relaxation : Samoussas d&rsquo;oiseaux \u00e9pic\u00e9s Sashimi de Salm\u00f3n Pavlova de fruits rouges.<br \/>Alta couture : Filete de canard avec navets et myrtilles Salm\u00f3n \u00ab \u00e0 l&rsquo;unilat\u00e9ral \u00bb avec des asperges vertes Gambas \u00e9pic\u00e9es au lait de coco.<\/p>\t\t\t\t\t\t\t\t<\/div>\n\t\t\t\t<div class=\"elementor-element elementor-element-2fbc9de elementor-widget elementor-widget-text-editor\" data-id=\"2fbc9de\" data-element_type=\"widget\" data-widget_type=\"text-editor.default\">\n\t\t\t\t\t\t\t\t\t<h4>Prix<\/h4>\t\t\t\t\t\t\t\t<\/div>\n\t\t\t\t<div class=\"elementor-element elementor-element-fe16673 elementor-widget elementor-widget-text-editor\" data-id=\"fe16673\" data-element_type=\"widget\" data-widget_type=\"text-editor.default\">\n\t\t\t\t\t\t\t\t\t<ul><li>Medalla en argent International Wine &amp; Spirit Competition<\/li><li>3 \u00e9toiles Guide Champagne Gerhard Eichelmann 2017<\/li><li>Medalla en argent Global Rose Masters 2017<\/li><li>The Drinks Business. Medalla en or et Best of Class Sunset International Wine Comp\u00e9tition 2017<\/li><li>Note de 87\/100 Wine Enthusiast de d\u00e9cembre 2017<\/li><li>Note de 91\/100 Wine Spectator du 15 d\u00e9cembre 2017<\/li><\/ul>\t\t\t\t\t\t\t\t<\/div>\n\t\t\t\t<\/div>\n\t\t<div class=\"elementor-element elementor-element-f7c9eb0 e-con-full e-flex e-con e-child\" data-id=\"f7c9eb0\" data-element_type=\"container\">\n\t\t\t\t<div class=\"elementor-element elementor-element-6e31889 elementor-widget elementor-widget-text-editor\" data-id=\"6e31889\" data-element_type=\"widget\" data-widget_type=\"text-editor.default\">\n\t\t\t\t\t\t\t\t\tCaract\u00e9ristiques\t\t\t\t\t\t\t\t<\/div>\n\t\t<div class=\"elementor-element elementor-element-815161d e-con-full e-flex e-con e-child\" data-id=\"815161d\" data-element_type=\"container\">\n\t\t\t\t<div class=\"elementor-element elementor-element-d374382 elementor-widget elementor-widget-text-editor\" data-id=\"d374382\" data-element_type=\"widget\" data-widget_type=\"text-editor.default\">\n\t\t\t\t\t\t\t\t\t<p>Type de vin<\/p>\t\t\t\t\t\t\t\t<\/div>\n\t\t\t\t<div class=\"elementor-element elementor-element-3dd1da6 elementor-widget__width-initial elementor-widget elementor-widget-text-editor\" data-id=\"3dd1da6\" data-element_type=\"widget\" data-widget_type=\"text-editor.default\">\n\t\t\t\t\t\t\t\t\t<p>Champagne avec un vieillissement en cave pendant 2-3 ans.<\/p>\t\t\t\t\t\t\t\t<\/div>\n\t\t\t\t<div class=\"elementor-element elementor-element-a9f20c6 elementor-widget-divider--view-line elementor-widget elementor-widget-divider\" data-id=\"a9f20c6\" data-element_type=\"widget\" data-widget_type=\"divider.default\">\n\t\t\t\t\t\t\t<div class=\"elementor-divider\">\n\t\t\t<span class=\"elementor-divider-separator\">\n\t\t\t\t\t\t<\/span>\n\t\t<\/div>\n\t\t\t\t\t\t<\/div>\n\t\t\t\t<div class=\"elementor-element elementor-element-df80faa elementor-widget elementor-widget-text-editor\" data-id=\"df80faa\" data-element_type=\"widget\" data-widget_type=\"text-editor.default\">\n\t\t\t\t\t\t\t\t\t<p>Vari\u00e9t\u00e9<\/p>\t\t\t\t\t\t\t\t<\/div>\n\t\t\t\t<div class=\"elementor-element elementor-element-5d93e69 elementor-widget__width-initial elementor-widget elementor-widget-text-editor\" data-id=\"5d93e69\" data-element_type=\"widget\" data-widget_type=\"text-editor.default\">\n\t\t\t\t\t\t\t\t\t<p>10% Chardonnay<br \/>45% Pinot Noir<br \/>45% Pinot Meunier<\/p>\t\t\t\t\t\t\t\t<\/div>\n\t\t\t\t<\/div>\n\t\t\t\t<\/div>\n\t\t\t\t\t<\/div>\n\t\t\t\t<\/div>\n\t\t\t\t<\/div>\n\t\t","protected":false},"excerpt":{"rendered":"<p>\u00c9laboration Combinaison id\u00e9ale entre la fra\u00eecheur et la structure d&rsquo;un assemblage de blancs et l&rsquo;expression fruit\u00e9e du vin rouge, pr\u00e9sente \u00e0 16 %. L&rsquo;option choisie par le chef de cave est d&rsquo;ajuster la dosification du liqueur d&rsquo;exp\u00e9dition dans chaque cuv\u00e9e pour sublimer les saveurs et les ar\u00f4mes. Le choix du vin de r\u00e9serve est primordial. [&hellip;]<\/p>\n","protected":false},"featured_media":8258,"comment_status":"closed","ping_status":"closed","template":"","meta":{"_acf_changed":false},"product_cat":[125,156],"product_tag":[],"class_list":{"0":"post-8883","1":"product","2":"type-product","3":"status-publish","4":"has-post-thumbnail","6":"product_cat-a-o-c-champagne","7":"product_cat-nicolas-feuillatte","9":"first","10":"instock","11":"featured","12":"shipping-taxable","13":"product-type-simple"},"acf":[],"_links":{"self":[{"href":"https:\/\/www.bluewines.eu\/fr\/wp-json\/wp\/v2\/product\/8883","targetHints":{"allow":["GET"]}}],"collection":[{"href":"https:\/\/www.bluewines.eu\/fr\/wp-json\/wp\/v2\/product"}],"about":[{"href":"https:\/\/www.bluewines.eu\/fr\/wp-json\/wp\/v2\/types\/product"}],"replies":[{"embeddable":true,"href":"https:\/\/www.bluewines.eu\/fr\/wp-json\/wp\/v2\/comments?post=8883"}],"version-history":[{"count":2,"href":"https:\/\/www.bluewines.eu\/fr\/wp-json\/wp\/v2\/product\/8883\/revisions"}],"predecessor-version":[{"id":9413,"href":"https:\/\/www.bluewines.eu\/fr\/wp-json\/wp\/v2\/product\/8883\/revisions\/9413"}],"wp:featuredmedia":[{"embeddable":true,"href":"https:\/\/www.bluewines.eu\/fr\/wp-json\/wp\/v2\/media\/8258"}],"wp:attachment":[{"href":"https:\/\/www.bluewines.eu\/fr\/wp-json\/wp\/v2\/media?parent=8883"}],"wp:term":[{"taxonomy":"product_cat","embeddable":true,"href":"https:\/\/www.bluewines.eu\/fr\/wp-json\/wp\/v2\/product_cat?post=8883"},{"taxonomy":"product_tag","embeddable":true,"href":"https:\/\/www.bluewines.eu\/fr\/wp-json\/wp\/v2\/product_tag?post=8883"}],"curies":[{"name":"wp","href":"https:\/\/api.w.org\/{rel}","templated":true}]}}