{"id":8884,"date":"2025-11-13T18:43:50","date_gmt":"2025-11-13T17:43:50","guid":{"rendered":"https:\/\/www.bluewines.eu\/producto\/hipperia-2\/"},"modified":"2026-04-16T16:00:56","modified_gmt":"2026-04-16T14:00:56","slug":"hipperia-2","status":"publish","type":"product","link":"https:\/\/www.bluewines.eu\/fr\/producto\/hipperia-2\/","title":{"rendered":"Hipperia"},"content":{"rendered":"\t\t<div data-elementor-type=\"wp-post\" data-elementor-id=\"8884\" class=\"elementor elementor-8884 elementor-5350\" data-elementor-post-type=\"product\">\n\t\t\t\t<div class=\"elementor-element elementor-element-15751363 e-flex e-con-boxed e-con e-parent\" data-id=\"15751363\" data-element_type=\"container\">\n\t\t\t\t\t<div class=\"e-con-inner\">\n\t\t<div class=\"elementor-element elementor-element-979b208 e-con-full e-flex e-con e-child\" data-id=\"979b208\" data-element_type=\"container\">\n\t\t\t\t<div class=\"elementor-element elementor-element-c333ded elementor-widget elementor-widget-text-editor\" data-id=\"c333ded\" data-element_type=\"widget\" data-widget_type=\"text-editor.default\">\n\t\t\t\t\t\t\t\t\t<h4>\u00c9laboration<\/h4>\t\t\t\t\t\t\t\t<\/div>\n\t\t\t\t<div class=\"elementor-element elementor-element-e65de2f elementor-widget elementor-widget-text-editor\" data-id=\"e65de2f\" data-element_type=\"widget\" data-widget_type=\"text-editor.default\">\n\t\t\t\t\t\t\t\t\t<p>Maceration pr\u00e9-fermentative \u00e0 temp\u00e9rature contr\u00f4l\u00e9e pendant 72 heures \u00e0 10\u00baC. Fermentacio\u0301n et mac\u00e9ration pendant 21 jours avec des remontages fr\u00e9quents avec a\u00e9ration. Fermentacio\u0301n malolactique en barriques et cuves en ch\u00eane fran\u00e7ais.<\/p>\t\t\t\t\t\t\t\t<\/div>\n\t\t\t\t<div class=\"elementor-element elementor-element-664fe40 elementor-widget elementor-widget-text-editor\" data-id=\"664fe40\" data-element_type=\"widget\" data-widget_type=\"text-editor.default\">\n\t\t\t\t\t\t\t\t\t<h4>Note de D\u00e9gustation<\/h4>\t\t\t\t\t\t\t\t<\/div>\n\t\t\t\t<div class=\"elementor-element elementor-element-035f4e8 elementor-widget elementor-widget-text-editor\" data-id=\"035f4e8\" data-element_type=\"widget\" data-widget_type=\"text-editor.default\">\n\t\t\t\t\t\t\t\t\t<p>Couleur rouge cerise.<br \/>Complejo et \u00e9l\u00e9gant au nez, avec des nuances de notes balsamiques, \u00e9pic\u00e9es. Amplio et long en bouche avec une finale min\u00e9rale et des notes de fruits noirs li\u00e9es \u00e0 des notes toast\u00e9es.<\/p>\t\t\t\t\t\t\t\t<\/div>\n\t\t\t\t<div class=\"elementor-element elementor-element-20cc576 elementor-widget elementor-widget-text-editor\" data-id=\"20cc576\" data-element_type=\"widget\" data-widget_type=\"text-editor.default\">\n\t\t\t\t\t\t\t\t\t<h4>Prix<\/h4>\t\t\t\t\t\t\t\t<\/div>\n\t\t\t\t<div class=\"elementor-element elementor-element-331ce82 elementor-widget elementor-widget-text-editor\" data-id=\"331ce82\" data-element_type=\"widget\" data-widget_type=\"text-editor.default\">\n\t\t\t\t\t\t\t\t\t<p><strong>An\u0303ada 2016<\/strong><\/p><ul><li><em>Jancis Robinson 17\/20 (Superior)<\/em><\/li><li><em>James Suckling\u00a0<\/em><strong>92pts<\/strong><\/li><li><em>Robert Parker\u00a0<\/em><strong>91pts<\/strong><\/li><li><em>Wine Up\u00a0<strong>93,69pts<\/strong><\/em><\/li><\/ul><p><strong>An\u0303ada 2015<\/strong><\/p><ul><li><em>James Suckling\u00a0<\/em><strong>90pts<\/strong><\/li><li><em>Robert Parker\u00a0\u00a0<\/em><strong>90pts<\/strong><\/li><li><em>Wine Up\u00a0<\/em><strong>93,23pts<\/strong><\/li><li><em>Vivir el Vino\u00a0<\/em><strong>91pts<\/strong><\/li><\/ul><p><strong>An\u0303ada 2014<\/strong><\/p><ul><li><em>James Suckling\u00a0<\/em><strong>92pts<\/strong><\/li><li><em>Robert Parker\u00a0<\/em><strong>92pts<\/strong><\/li><li><em>El Pai\u0301s\u00a0<\/em><strong>93pts<\/strong><\/li><li><em>Vivir el Vino\u00a0<\/em><strong>93pts<\/strong><\/li><li><em>Wine Up\u00a0<\/em><strong>92,46pts<\/strong><\/li><li><em>Gold Taste \u2013\u00a0<\/em><strong>Gold Medal Mundus Vini 201<\/strong><i>7<\/i><\/li><\/ul><p><strong>An\u0303ada 2013<\/strong><\/p><ul><li><em>Robert Parker\u00a0<\/em><strong>90pts<\/strong><\/li><li><em>Wine Up\u00a0<\/em><strong>93,92pts<\/strong><\/li><\/ul><p><strong>An\u0303ada 2012<\/strong><\/p><ul><li><em>Robert Parker\u00a0<\/em><strong>90pts<\/strong><\/li><li><em>Wine Up\u00a0\u00a0<\/em><strong>94,85pts<\/strong><\/li><li><em>TOP100 Prowein 2016\u00a0<\/em><strong>Best of Spain<\/strong><\/li><\/ul>\t\t\t\t\t\t\t\t<\/div>\n\t\t\t\t<\/div>\n\t\t<div class=\"elementor-element elementor-element-f7c9eb0 e-con-full e-flex e-con e-child\" data-id=\"f7c9eb0\" data-element_type=\"container\">\n\t\t\t\t<div class=\"elementor-element elementor-element-6e31889 elementor-widget elementor-widget-text-editor\" data-id=\"6e31889\" data-element_type=\"widget\" data-widget_type=\"text-editor.default\">\n\t\t\t\t\t\t\t\t\tCaract\u00e9ristiques\t\t\t\t\t\t\t\t<\/div>\n\t\t<div class=\"elementor-element elementor-element-815161d e-con-full e-flex e-con e-child\" data-id=\"815161d\" data-element_type=\"container\">\n\t\t\t\t<div class=\"elementor-element elementor-element-d374382 elementor-widget elementor-widget-text-editor\" data-id=\"d374382\" data-element_type=\"widget\" data-widget_type=\"text-editor.default\">\n\t\t\t\t\t\t\t\t\t<p>Type de Vino<\/p>\t\t\t\t\t\t\t\t<\/div>\n\t\t\t\t<div class=\"elementor-element elementor-element-3dd1da6 elementor-widget__width-initial elementor-widget elementor-widget-text-editor\" data-id=\"3dd1da6\" data-element_type=\"widget\" data-widget_type=\"text-editor.default\">\n\t\t\t\t\t\t\t\t\t<p>Tinto Reserva Especial 12 mois en f\u00fbts de ch\u00eane fran\u00e7ais<\/p>\t\t\t\t\t\t\t\t<\/div>\n\t\t\t\t<div class=\"elementor-element elementor-element-a9f20c6 elementor-widget-divider--view-line elementor-widget elementor-widget-divider\" data-id=\"a9f20c6\" data-element_type=\"widget\" data-widget_type=\"divider.default\">\n\t\t\t\t\t\t\t<div class=\"elementor-divider\">\n\t\t\t<span class=\"elementor-divider-separator\">\n\t\t\t\t\t\t<\/span>\n\t\t<\/div>\n\t\t\t\t\t\t<\/div>\n\t\t\t\t<div class=\"elementor-element elementor-element-df80faa elementor-widget elementor-widget-text-editor\" data-id=\"df80faa\" data-element_type=\"widget\" data-widget_type=\"text-editor.default\">\n\t\t\t\t\t\t\t\t\t<p>Vari\u00e9t\u00e9<\/p>\t\t\t\t\t\t\t\t<\/div>\n\t\t\t\t<div class=\"elementor-element elementor-element-5d93e69 elementor-widget__width-initial elementor-widget elementor-widget-text-editor\" data-id=\"5d93e69\" data-element_type=\"widget\" data-widget_type=\"text-editor.default\">\n\t\t\t\t\t\t\t\t\t<p>54% Cabernet Franc\u00a0<br \/>35% Cabernet Sauvignon\u00a0<br \/>9% Merlot<br \/>1% Petit Verdot.<\/p>\t\t\t\t\t\t\t\t<\/div>\n\t\t\t\t<div class=\"elementor-element elementor-element-e3bd9f8 elementor-widget-divider--view-line elementor-widget elementor-widget-divider\" data-id=\"e3bd9f8\" data-element_type=\"widget\" data-widget_type=\"divider.default\">\n\t\t\t\t\t\t\t<div class=\"elementor-divider\">\n\t\t\t<span class=\"elementor-divider-separator\">\n\t\t\t\t\t\t<\/span>\n\t\t<\/div>\n\t\t\t\t\t\t<\/div>\n\t\t\t\t<div class=\"elementor-element elementor-element-d1732e4 elementor-widget elementor-widget-text-editor\" data-id=\"d1732e4\" data-element_type=\"widget\" data-widget_type=\"text-editor.default\">\n\t\t\t\t\t\t\t\t\t<p><strong>Param\u00e8tres analytiques<\/strong><\/p>\t\t\t\t\t\t\t\t<\/div>\n\t\t\t\t<div class=\"elementor-element elementor-element-7fe170c elementor-widget__width-initial elementor-widget elementor-widget-text-editor\" data-id=\"7fe170c\" data-element_type=\"widget\" data-widget_type=\"text-editor.default\">\n\t\t\t\t\t\t\t\t\t<p>Alcool : 15 %<br \/>Sucres : 2,1 gr\/l<\/p>\t\t\t\t\t\t\t\t<\/div>\n\t\t\t\t<div class=\"elementor-element elementor-element-620a24d elementor-widget-divider--view-line elementor-widget elementor-widget-divider\" data-id=\"620a24d\" data-element_type=\"widget\" data-widget_type=\"divider.default\">\n\t\t\t\t\t\t\t<div class=\"elementor-divider\">\n\t\t\t<span class=\"elementor-divider-separator\">\n\t\t\t\t\t\t<\/span>\n\t\t<\/div>\n\t\t\t\t\t\t<\/div>\n\t\t\t\t<div class=\"elementor-element elementor-element-f854ded elementor-widget elementor-widget-text-editor\" data-id=\"f854ded\" data-element_type=\"widget\" data-widget_type=\"text-editor.default\">\n\t\t\t\t\t\t\t\t\t<p>Production<\/p>\t\t\t\t\t\t\t\t<\/div>\n\t\t\t\t<div class=\"elementor-element elementor-element-7ee1c28 elementor-widget__width-initial elementor-widget elementor-widget-text-editor\" data-id=\"7ee1c28\" data-element_type=\"widget\" data-widget_type=\"text-editor.default\">\n\t\t\t\t\t\t\t\t\t<p>12.500 bouteilles 0.75L<br \/>500 bouteilles 1.5L<br \/>25 bouteilles 3L<\/p>\t\t\t\t\t\t\t\t<\/div>\n\t\t\t\t<\/div>\n\t\t\t\t<\/div>\n\t\t\t\t\t<\/div>\n\t\t\t\t<\/div>\n\t\t\t\t<\/div>\n\t\t","protected":false},"excerpt":{"rendered":"<p>\u00c9laboration Maceration pr\u00e9-fermentative \u00e0 temp\u00e9rature contr\u00f4l\u00e9e pendant 72 heures \u00e0 10\u00baC. Fermentacio\u0301n et mac\u00e9ration pendant 21 jours avec des remontages fr\u00e9quents avec a\u00e9ration. Fermentacio\u0301n malolactique en barriques et cuves en ch\u00eane fran\u00e7ais. Note de D\u00e9gustation Couleur rouge cerise.Complejo et \u00e9l\u00e9gant au nez, avec des nuances de notes balsamiques, \u00e9pic\u00e9es. Amplio et long en bouche avec [&hellip;]<\/p>\n","protected":false},"featured_media":8944,"comment_status":"closed","ping_status":"closed","template":"","meta":{"_acf_changed":false},"product_cat":[188,158],"product_tag":[],"class_list":{"0":"post-8884","1":"product","2":"type-product","3":"status-publish","4":"has-post-thumbnail","6":"product_cat-d-o-p-pago-de-vallegarcia","7":"product_cat-pago-de-vallegarcia","9":"first","10":"instock","11":"featured","12":"shipping-taxable","13":"product-type-simple"},"acf":[],"_links":{"self":[{"href":"https:\/\/www.bluewines.eu\/fr\/wp-json\/wp\/v2\/product\/8884","targetHints":{"allow":["GET"]}}],"collection":[{"href":"https:\/\/www.bluewines.eu\/fr\/wp-json\/wp\/v2\/product"}],"about":[{"href":"https:\/\/www.bluewines.eu\/fr\/wp-json\/wp\/v2\/types\/product"}],"replies":[{"embeddable":true,"href":"https:\/\/www.bluewines.eu\/fr\/wp-json\/wp\/v2\/comments?post=8884"}],"version-history":[{"count":2,"href":"https:\/\/www.bluewines.eu\/fr\/wp-json\/wp\/v2\/product\/8884\/revisions"}],"predecessor-version":[{"id":9429,"href":"https:\/\/www.bluewines.eu\/fr\/wp-json\/wp\/v2\/product\/8884\/revisions\/9429"}],"wp:featuredmedia":[{"embeddable":true,"href":"https:\/\/www.bluewines.eu\/fr\/wp-json\/wp\/v2\/media\/8944"}],"wp:attachment":[{"href":"https:\/\/www.bluewines.eu\/fr\/wp-json\/wp\/v2\/media?parent=8884"}],"wp:term":[{"taxonomy":"product_cat","embeddable":true,"href":"https:\/\/www.bluewines.eu\/fr\/wp-json\/wp\/v2\/product_cat?post=8884"},{"taxonomy":"product_tag","embeddable":true,"href":"https:\/\/www.bluewines.eu\/fr\/wp-json\/wp\/v2\/product_tag?post=8884"}],"curies":[{"name":"wp","href":"https:\/\/api.w.org\/{rel}","templated":true}]}}