{"id":8890,"date":"2025-11-19T11:22:28","date_gmt":"2025-11-19T10:22:28","guid":{"rendered":"https:\/\/www.bluewines.eu\/producto\/villa-conchi-brut-nature-gran-reserva-2\/"},"modified":"2026-04-16T15:37:43","modified_gmt":"2026-04-16T13:37:43","slug":"villa-conchi-brut-nature-gran-reserva-2","status":"publish","type":"product","link":"https:\/\/www.bluewines.eu\/fr\/producto\/villa-conchi-brut-nature-gran-reserva-2\/","title":{"rendered":"Villa Conchi Brut Nature Gran Reserva"},"content":{"rendered":"\t\t<div data-elementor-type=\"wp-post\" data-elementor-id=\"8890\" class=\"elementor elementor-8890 elementor-5892\" data-elementor-post-type=\"product\">\n\t\t\t\t<div class=\"elementor-element elementor-element-15751363 e-flex e-con-boxed e-con e-parent\" data-id=\"15751363\" data-element_type=\"container\">\n\t\t\t\t\t<div class=\"e-con-inner\">\n\t\t<div class=\"elementor-element elementor-element-979b208 e-con-full e-flex e-con e-child\" data-id=\"979b208\" data-element_type=\"container\">\n\t\t\t\t<div class=\"elementor-element elementor-element-c333ded elementor-widget elementor-widget-text-editor\" data-id=\"c333ded\" data-element_type=\"widget\" data-widget_type=\"text-editor.default\">\n\t\t\t\t\t\t\t\t\t<h4>\u00c9laboration<\/h4>\t\t\t\t\t\t\t\t<\/div>\n\t\t\t\t<div class=\"elementor-element elementor-element-e65de2f elementor-widget elementor-widget-text-editor\" data-id=\"e65de2f\" data-element_type=\"widget\" data-widget_type=\"text-editor.default\">\n\t\t\t\t\t\t\t\t\t<p><span style=\"font-weight: 400;\">La vendange se fait la nuit Para pour \u00e9viter les temp\u00e9ratures \u00e9lev\u00e9es et la fermentation pr\u00e9matur\u00e9e. Le raisin est rapidement transport\u00e9 \u00e0 la cave et r\u00e9frig\u00e9r\u00e9 \u00e0 10 \u00baC Para pour emp\u00eacher que la couleur des peaux ne t\u00e2che le mo\u00fbt. Una Une fois le mo\u00fbt obtenu par foulage, chaque vari\u00e9t\u00e9 a ferment\u00e9 \u00e0 une temp\u00e9rature constante de 16 \u00baC Para pour pr\u00e9server ses Aromas primaires, le mo\u00fbt est m\u00e9lang\u00e9 et mis en bouteille avec le vin de base. Luego On y ajoute de la levure et du sucre Para pour stimuler la formation de bulles. Para Pendant la seconde fermentation, les bouteilles sont stock\u00e9es dans des caves souterraines \u00e0 une temp\u00e9rature constante entre 15 et 17 \u00baC, o\u00f9 le vin reste en contact avec les lies.<\/span><\/p><p><span style=\"font-weight: 400;\">Este Cava passe un minimum de 30 mois en bouteille Para pour atteindre la cat\u00e9gorie de Cava de Guarda Superior. Despu\u00e9s pendant le Este p\u00e9riode, les s\u00e9diments se d\u00e9cantent naturellement et sont \u00e9limin\u00e9s avec Una une perte minimale de vin mousseux, Para Luego pour ajouter du liqueur d&rsquo;exp\u00e9dition.<\/span><\/p>\t\t\t\t\t\t\t\t<\/div>\n\t\t\t\t<div class=\"elementor-element elementor-element-664fe40 elementor-widget elementor-widget-text-editor\" data-id=\"664fe40\" data-element_type=\"widget\" data-widget_type=\"text-editor.default\">\n\t\t\t\t\t\t\t\t\t<h4>Note de D\u00e9gustation<\/h4>\t\t\t\t\t\t\t\t<\/div>\n\t\t\t\t<div class=\"elementor-element elementor-element-035f4e8 elementor-widget elementor-widget-text-editor\" data-id=\"035f4e8\" data-element_type=\"widget\" data-widget_type=\"text-editor.default\">\n\t\t\t\t\t\t\t\t\t<p><span style=\"font-weight: 400;\"><strong>Couleur :  <\/strong>Amarillo intense avec des reflets dor\u00e9s d&rsquo;or ancien.<br \/><\/span><span style=\"font-weight: 400;\"><strong>Nariz :<\/strong> Aroma d&rsquo;intensit\u00e9 \u00e9lev\u00e9e, pomme au four, abricots secs, grill\u00e9s (noisette) et agr\u00e9ables notes de viennoiserie (brioche, beurre) avec une finale de touches fum\u00e9es et grill\u00e9es (au fur et \u00e0 mesure qu&rsquo;il vieillit en bouteille).<br \/><\/span><span style=\"font-weight: 400;\"><strong>Boca :<\/strong> Fresco, chaleureux, proportionn\u00e9 et rond, avec une longue finale. Son long \u00e9levage sur lies en fait un Cava structur\u00e9 et soyeux, persistant en Boca et avec une Una bulle bien int\u00e9gr\u00e9e.<\/span><\/p>\t\t\t\t\t\t\t\t<\/div>\n\t\t\t\t<div class=\"elementor-element elementor-element-033620c elementor-widget elementor-widget-text-editor\" data-id=\"033620c\" data-element_type=\"widget\" data-widget_type=\"text-editor.default\">\n\t\t\t\t\t\t\t\t\t<h4>Accord mets-vins<\/h4>\t\t\t\t\t\t\t\t<\/div>\n\t\t\t\t<div class=\"elementor-element elementor-element-7a17a99 elementor-widget elementor-widget-text-editor\" data-id=\"7a17a99\" data-element_type=\"widget\" data-widget_type=\"text-editor.default\">\n\t\t\t\t\t\t\t\t\t<p><span style=\"font-weight: 400;\">Este vin p\u00e9tillant est parfait en ap\u00e9ritif et Para pour accompagner des salades, des risottos \u00e9labor\u00e9s et des plats l\u00e9gers de poisson. <\/span><\/p>\t\t\t\t\t\t\t\t<\/div>\n\t\t\t\t<div class=\"elementor-element elementor-element-1531a38 elementor-widget elementor-widget-text-editor\" data-id=\"1531a38\" data-element_type=\"widget\" data-widget_type=\"text-editor.default\">\n\t\t\t\t\t\t\t\t\t<h4>Prix<\/h4>\t\t\t\t\t\t\t\t<\/div>\n\t\t\t\t<div class=\"elementor-element elementor-element-3f9fd5a elementor-widget elementor-widget-text-editor\" data-id=\"3f9fd5a\" data-element_type=\"widget\" data-widget_type=\"text-editor.default\">\n\t\t\t\t\t\t\t\t\t<ul><li><span style=\"font-weight: 400;\">90 IWC &#8211; 2025 (Royaume-Uni)<\/span><\/li><\/ul>\t\t\t\t\t\t\t\t<\/div>\n\t\t\t\t<\/div>\n\t\t<div class=\"elementor-element elementor-element-f7c9eb0 e-con-full e-flex e-con e-child\" data-id=\"f7c9eb0\" data-element_type=\"container\">\n\t\t\t\t<div class=\"elementor-element elementor-element-6e31889 elementor-widget elementor-widget-text-editor\" data-id=\"6e31889\" data-element_type=\"widget\" data-widget_type=\"text-editor.default\">\n\t\t\t\t\t\t\t\t\tCaract\u00e9ristiques\t\t\t\t\t\t\t\t<\/div>\n\t\t<div class=\"elementor-element elementor-element-815161d e-con-full e-flex e-con e-child\" data-id=\"815161d\" data-element_type=\"container\">\n\t\t\t\t<div class=\"elementor-element elementor-element-d374382 elementor-widget elementor-widget-text-editor\" data-id=\"d374382\" data-element_type=\"widget\" data-widget_type=\"text-editor.default\">\n\t\t\t\t\t\t\t\t\t<p>Type de vin<\/p>\t\t\t\t\t\t\t\t<\/div>\n\t\t\t\t<div class=\"elementor-element elementor-element-3dd1da6 elementor-widget__width-initial elementor-widget elementor-widget-text-editor\" data-id=\"3dd1da6\" data-element_type=\"widget\" data-widget_type=\"text-editor.default\">\n\t\t\t\t\t\t\t\t\t<p><span style=\"font-weight: 400;\">Vin mousseux avec 30 mois de Cava de garde<\/span><\/p>\t\t\t\t\t\t\t\t<\/div>\n\t\t\t\t<div class=\"elementor-element elementor-element-a9f20c6 elementor-widget-divider--view-line elementor-widget elementor-widget-divider\" data-id=\"a9f20c6\" data-element_type=\"widget\" data-widget_type=\"divider.default\">\n\t\t\t\t\t\t\t<div class=\"elementor-divider\">\n\t\t\t<span class=\"elementor-divider-separator\">\n\t\t\t\t\t\t<\/span>\n\t\t<\/div>\n\t\t\t\t\t\t<\/div>\n\t\t\t\t<div class=\"elementor-element elementor-element-df80faa elementor-widget elementor-widget-text-editor\" data-id=\"df80faa\" data-element_type=\"widget\" data-widget_type=\"text-editor.default\">\n\t\t\t\t\t\t\t\t\t<p>Vari\u00e9t\u00e9<\/p>\t\t\t\t\t\t\t\t<\/div>\n\t\t\t\t<div class=\"elementor-element elementor-element-5d93e69 elementor-widget__width-initial elementor-widget elementor-widget-text-editor\" data-id=\"5d93e69\" data-element_type=\"widget\" data-widget_type=\"text-editor.default\">\n\t\t\t\t\t\t\t\t\t<p><span style=\"font-weight: 400;\">40% Xarel.lo, <\/span><span style=\"font-weight: 400;\">30% Perellada, <\/span><span style=\"font-weight: 400;\">20% Macabeo, <\/span><span style=\"font-weight: 400;\">10% Chardonnay<\/span><\/p>\t\t\t\t\t\t\t\t<\/div>\n\t\t\t\t<div class=\"elementor-element elementor-element-e12a508 elementor-widget-divider--view-line elementor-widget elementor-widget-divider\" data-id=\"e12a508\" data-element_type=\"widget\" data-widget_type=\"divider.default\">\n\t\t\t\t\t\t\t<div class=\"elementor-divider\">\n\t\t\t<span class=\"elementor-divider-separator\">\n\t\t\t\t\t\t<\/span>\n\t\t<\/div>\n\t\t\t\t\t\t<\/div>\n\t\t\t\t<div class=\"elementor-element elementor-element-f6b2002 elementor-widget elementor-widget-text-editor\" data-id=\"f6b2002\" data-element_type=\"widget\" data-widget_type=\"text-editor.default\">\n\t\t\t\t\t\t\t\t\t<p>Param\u00e8tres analytiques<\/p>\t\t\t\t\t\t\t\t<\/div>\n\t\t\t\t<div class=\"elementor-element elementor-element-ee4bcb1 elementor-widget__width-initial elementor-widget elementor-widget-text-editor\" data-id=\"ee4bcb1\" data-element_type=\"widget\" data-widget_type=\"text-editor.default\">\n\t\t\t\t\t\t\t\t\t<p><span style=\"font-weight: 400;\">Alcohol : 12 %<br \/><\/span><span style=\"font-weight: 400;\">Acidez : 5,45 g\/l\u00a0<br \/><\/span><span style=\"font-weight: 400;\">Sucre R\u00e9siduel : 6 g\/l\u00a0(+\/- 10 % tol\u00e9rance)<\/span><\/p>\t\t\t\t\t\t\t\t<\/div>\n\t\t\t\t<\/div>\n\t\t\t\t<\/div>\n\t\t\t\t\t<\/div>\n\t\t\t\t<\/div>\n\t\t\t\t<\/div>\n\t\t","protected":false},"excerpt":{"rendered":"<p>\u00c9laboration La vendimia se realiza por la noche para evitar las altas temperaturas y la fermentaci\u00f3n prematura. La uva es transportada r\u00e1pidamente a la bodega y refrigerada a 10 \u00baC para evitar que el color de las pieles manche el mosto. Una vez se ha obtenido el mosto mediante el estrujado y cada variedad ha [&hellip;]<\/p>\n","protected":false},"featured_media":8950,"comment_status":"closed","ping_status":"closed","template":"","meta":{"_acf_changed":false},"product_cat":[184,161],"product_tag":[],"class_list":{"0":"post-8890","1":"product","2":"type-product","3":"status-publish","4":"has-post-thumbnail","6":"product_cat-d-o-cava","7":"product_cat-villa-conchi","9":"first","10":"instock","11":"featured","12":"shipping-taxable","13":"product-type-simple"},"acf":[],"_links":{"self":[{"href":"https:\/\/www.bluewines.eu\/fr\/wp-json\/wp\/v2\/product\/8890","targetHints":{"allow":["GET"]}}],"collection":[{"href":"https:\/\/www.bluewines.eu\/fr\/wp-json\/wp\/v2\/product"}],"about":[{"href":"https:\/\/www.bluewines.eu\/fr\/wp-json\/wp\/v2\/types\/product"}],"replies":[{"embeddable":true,"href":"https:\/\/www.bluewines.eu\/fr\/wp-json\/wp\/v2\/comments?post=8890"}],"version-history":[{"count":2,"href":"https:\/\/www.bluewines.eu\/fr\/wp-json\/wp\/v2\/product\/8890\/revisions"}],"predecessor-version":[{"id":9386,"href":"https:\/\/www.bluewines.eu\/fr\/wp-json\/wp\/v2\/product\/8890\/revisions\/9386"}],"wp:featuredmedia":[{"embeddable":true,"href":"https:\/\/www.bluewines.eu\/fr\/wp-json\/wp\/v2\/media\/8950"}],"wp:attachment":[{"href":"https:\/\/www.bluewines.eu\/fr\/wp-json\/wp\/v2\/media?parent=8890"}],"wp:term":[{"taxonomy":"product_cat","embeddable":true,"href":"https:\/\/www.bluewines.eu\/fr\/wp-json\/wp\/v2\/product_cat?post=8890"},{"taxonomy":"product_tag","embeddable":true,"href":"https:\/\/www.bluewines.eu\/fr\/wp-json\/wp\/v2\/product_tag?post=8890"}],"curies":[{"name":"wp","href":"https:\/\/api.w.org\/{rel}","templated":true}]}}