{"id":8891,"date":"2025-11-19T11:18:15","date_gmt":"2025-11-19T10:18:15","guid":{"rendered":"https:\/\/www.bluewines.eu\/producto\/villa-conchi-brut-reserva-2\/"},"modified":"2026-04-16T15:38:24","modified_gmt":"2026-04-16T13:38:24","slug":"villa-conchi-brut-reserva-2","status":"publish","type":"product","link":"https:\/\/www.bluewines.eu\/fr\/producto\/villa-conchi-brut-reserva-2\/","title":{"rendered":"Villa Conchi Brut Reserva"},"content":{"rendered":"\t\t<div data-elementor-type=\"wp-post\" data-elementor-id=\"8891\" class=\"elementor elementor-8891 elementor-5887\" data-elementor-post-type=\"product\">\n\t\t\t\t<div class=\"elementor-element elementor-element-15751363 e-flex e-con-boxed e-con e-parent\" data-id=\"15751363\" data-element_type=\"container\">\n\t\t\t\t\t<div class=\"e-con-inner\">\n\t\t<div class=\"elementor-element elementor-element-979b208 e-con-full e-flex e-con e-child\" data-id=\"979b208\" data-element_type=\"container\">\n\t\t\t\t<div class=\"elementor-element elementor-element-c333ded elementor-widget elementor-widget-text-editor\" data-id=\"c333ded\" data-element_type=\"widget\" data-widget_type=\"text-editor.default\">\n\t\t\t\t\t\t\t\t\t<h4>\u00c9laboration<\/h4>\t\t\t\t\t\t\t\t<\/div>\n\t\t\t\t<div class=\"elementor-element elementor-element-e65de2f elementor-widget elementor-widget-text-editor\" data-id=\"e65de2f\" data-element_type=\"widget\" data-widget_type=\"text-editor.default\">\n\t\t\t\t\t\t\t\t\t<p><span style=\"font-weight: 400;\">La vendange se fait la nuit pour Para \u00e9viter les hautes temp\u00e9ratures et la fermentation pr\u00e9matur\u00e9e. Le raisin est transport\u00e9 rapidement \u00e0 la cave et r\u00e9frig\u00e9r\u00e9 \u00e0 10 \u00baC pour Para \u00e9viter que le Color des peaux ne teinte le mo\u00fbt. Une fois le mo\u00fbt obtenu par le foulage, chaque vari\u00e9t\u00e9 a ferment\u00e9 \u00e0 Para temp\u00e9rature constante de 16 \u00baC pour Una pr\u00e9server ses ar\u00f4mes primaires, le mo\u00fbt est m\u00e9lang\u00e9 et mis en bouteille avec le vin de base. Luego on y ajoute la levure et le sucre pour Para stimuler la formation de bulles. Pendant la seconde fermentation, les bouteilles sont stock\u00e9es dans des caves souterraines \u00e0 Una temp\u00e9rature constante entre 15 et 17 \u00baC, o\u00f9 le vin reste en contact avec les lies.<\/span><\/p><p><span style=\"font-weight: 400;\">Este Cava passe un minimum de 18 mois en bouteille pour Para atteindre la cat\u00e9gorie de Cava de Guarda. Despu\u00e9s de Este p\u00e9riode, les s\u00e9diments se d\u00e9cantent naturellement et sont \u00e9limin\u00e9s avec Una perte minimale de vin mousseux, Para Luego ajouter du liqueur d&rsquo;exp\u00e9dition.<\/span><\/p>\t\t\t\t\t\t\t\t<\/div>\n\t\t\t\t<div class=\"elementor-element elementor-element-664fe40 elementor-widget elementor-widget-text-editor\" data-id=\"664fe40\" data-element_type=\"widget\" data-widget_type=\"text-editor.default\">\n\t\t\t\t\t\t\t\t\t<h4>Note de D\u00e9gustation<\/h4>\t\t\t\t\t\t\t\t<\/div>\n\t\t\t\t<div class=\"elementor-element elementor-element-035f4e8 elementor-widget elementor-widget-text-editor\" data-id=\"035f4e8\" data-element_type=\"widget\" data-widget_type=\"text-editor.default\">\n\t\t\t\t\t\t\t\t\t<p><span style=\"font-weight: 400;\"><strong>Color: \u00a0<\/strong>Color dor\u00e9 plus profond avec des nuances verd\u00e2tres. Elegante, avec de fines bulles.<br \/><\/span><span style=\"font-weight: 400;\"><strong>Nariz:<\/strong> Buena intensit\u00e9 avec des ar\u00f4mes de fruits m\u00fbrs et des nuances grill\u00e9es qui rappellent le beurre, r\u00e9sultat d&rsquo;un contact plus prolong\u00e9 avec les lies.<br \/><\/span><span style=\"font-weight: 400;\"><strong>Boca:<\/strong> Fresco, chaleureux, agr\u00e9able et rond, avec une sensation lact\u00e9e, cr\u00e9meuse et de fruits secs en fin de bouche.<\/span><\/p>\t\t\t\t\t\t\t\t<\/div>\n\t\t\t\t<div class=\"elementor-element elementor-element-033620c elementor-widget elementor-widget-text-editor\" data-id=\"033620c\" data-element_type=\"widget\" data-widget_type=\"text-editor.default\">\n\t\t\t\t\t\t\t\t\t<h4>Accord mets et vins<\/h4>\t\t\t\t\t\t\t\t<\/div>\n\t\t\t\t<div class=\"elementor-element elementor-element-7a17a99 elementor-widget elementor-widget-text-editor\" data-id=\"7a17a99\" data-element_type=\"widget\" data-widget_type=\"text-editor.default\">\n\t\t\t\t\t\t\t\t\t<p><span style=\"font-weight: 400;\">Este le vin mousseux est parfait comme ap\u00e9ritif, mais c&rsquo;est aussi un bon Acompa\u00f1a pour Para le repas. Acompa\u00f1a accompagne bien les plats de poisson (\u00e0 la fois grill\u00e9s et en sauce) et peut \u00e9galement Acompa\u00f1ar des viandes blanches ou des rago\u00fbts de poisson.<\/span><\/p>\t\t\t\t\t\t\t\t<\/div>\n\t\t\t\t<div class=\"elementor-element elementor-element-26624cc elementor-widget elementor-widget-text-editor\" data-id=\"26624cc\" data-element_type=\"widget\" data-widget_type=\"text-editor.default\">\n\t\t\t\t\t\t\t\t\t<h4>Prix<\/h4>\t\t\t\t\t\t\t\t<\/div>\n\t\t\t\t<div class=\"elementor-element elementor-element-a0e9488 elementor-widget elementor-widget-text-editor\" data-id=\"a0e9488\" data-element_type=\"widget\" data-widget_type=\"text-editor.default\">\n\t\t\t\t\t\t\t\t\t<ul><li style=\"font-weight: 400;\" aria-level=\"1\"><span style=\"font-weight: 400;\">91 IWC &#8211; 2022 (R.-U.)<\/span><\/li><li style=\"font-weight: 400;\" aria-level=\"1\"><span style=\"font-weight: 400;\">91 SUCKLING &#8211; 2021 (USA)<\/span><\/li><li style=\"font-weight: 400;\" aria-level=\"1\"><span style=\"font-weight: 400;\">CONC.MONDIAL BRUXELLES GOLD &#8211; 2019 (Belgium)<\/span><\/li><\/ul>\t\t\t\t\t\t\t\t<\/div>\n\t\t\t\t<\/div>\n\t\t<div class=\"elementor-element elementor-element-f7c9eb0 e-con-full e-flex e-con e-child\" data-id=\"f7c9eb0\" data-element_type=\"container\">\n\t\t\t\t<div class=\"elementor-element elementor-element-6e31889 elementor-widget elementor-widget-text-editor\" data-id=\"6e31889\" data-element_type=\"widget\" data-widget_type=\"text-editor.default\">\n\t\t\t\t\t\t\t\t\tCaract\u00e9ristiques\t\t\t\t\t\t\t\t<\/div>\n\t\t<div class=\"elementor-element elementor-element-815161d e-con-full e-flex e-con e-child\" data-id=\"815161d\" data-element_type=\"container\">\n\t\t\t\t<div class=\"elementor-element elementor-element-d374382 elementor-widget elementor-widget-text-editor\" data-id=\"d374382\" data-element_type=\"widget\" data-widget_type=\"text-editor.default\">\n\t\t\t\t\t\t\t\t\t<p>Type de Vin<\/p>\t\t\t\t\t\t\t\t<\/div>\n\t\t\t\t<div class=\"elementor-element elementor-element-3dd1da6 elementor-widget__width-initial elementor-widget elementor-widget-text-editor\" data-id=\"3dd1da6\" data-element_type=\"widget\" data-widget_type=\"text-editor.default\">\n\t\t\t\t\t\t\t\t\t<p><span style=\"font-weight: 400;\">Vin mousseux avec 18 mois de Cava de Guarda<\/span><\/p>\t\t\t\t\t\t\t\t<\/div>\n\t\t\t\t<div class=\"elementor-element elementor-element-a9f20c6 elementor-widget-divider--view-line elementor-widget elementor-widget-divider\" data-id=\"a9f20c6\" data-element_type=\"widget\" data-widget_type=\"divider.default\">\n\t\t\t\t\t\t\t<div class=\"elementor-divider\">\n\t\t\t<span class=\"elementor-divider-separator\">\n\t\t\t\t\t\t<\/span>\n\t\t<\/div>\n\t\t\t\t\t\t<\/div>\n\t\t\t\t<div class=\"elementor-element elementor-element-df80faa elementor-widget elementor-widget-text-editor\" data-id=\"df80faa\" data-element_type=\"widget\" data-widget_type=\"text-editor.default\">\n\t\t\t\t\t\t\t\t\t<p>Vari\u00e9t\u00e9<\/p>\t\t\t\t\t\t\t\t<\/div>\n\t\t\t\t<div class=\"elementor-element elementor-element-5d93e69 elementor-widget__width-initial elementor-widget elementor-widget-text-editor\" data-id=\"5d93e69\" data-element_type=\"widget\" data-widget_type=\"text-editor.default\">\n\t\t\t\t\t\t\t\t\t<p><span style=\"font-weight: 400;\">30 % Xarel.lo, <\/span><span style=\"font-weight: 400;\">30 % Perellada, <\/span><span style=\"font-weight: 400;\">30 % Macabeo, <\/span><span style=\"font-weight: 400;\">10 % Chardonnay<\/span><\/p>\t\t\t\t\t\t\t\t<\/div>\n\t\t\t\t<div class=\"elementor-element elementor-element-e12a508 elementor-widget-divider--view-line elementor-widget elementor-widget-divider\" data-id=\"e12a508\" data-element_type=\"widget\" data-widget_type=\"divider.default\">\n\t\t\t\t\t\t\t<div class=\"elementor-divider\">\n\t\t\t<span class=\"elementor-divider-separator\">\n\t\t\t\t\t\t<\/span>\n\t\t<\/div>\n\t\t\t\t\t\t<\/div>\n\t\t\t\t<div class=\"elementor-element elementor-element-f6b2002 elementor-widget elementor-widget-text-editor\" data-id=\"f6b2002\" data-element_type=\"widget\" data-widget_type=\"text-editor.default\">\n\t\t\t\t\t\t\t\t\t<p>Param\u00e8tres analytiques<\/p>\t\t\t\t\t\t\t\t<\/div>\n\t\t\t\t<div class=\"elementor-element elementor-element-ee4bcb1 elementor-widget__width-initial elementor-widget elementor-widget-text-editor\" data-id=\"ee4bcb1\" data-element_type=\"widget\" data-widget_type=\"text-editor.default\">\n\t\t\t\t\t\t\t\t\t<p><span style=\"font-weight: 400;\">Alcool : 11,5 %<br \/><\/span><span style=\"font-weight: 400;\">Acidit\u00e9 : 5,6 g\/l\u00a0<br \/><\/span><span style=\"font-weight: 400;\">Sucre R\u00e9siduel : 10 g\/l\u00a0(+\/- 10 % de tol\u00e9rance)<\/span><\/p>\t\t\t\t\t\t\t\t<\/div>\n\t\t\t\t<\/div>\n\t\t\t\t<\/div>\n\t\t\t\t\t<\/div>\n\t\t\t\t<\/div>\n\t\t\t\t<\/div>\n\t\t","protected":false},"excerpt":{"rendered":"<p>\u00c9laboration La vendimia se realiza por la noche para evitar las altas temperaturas y la fermentaci\u00f3n prematura. La uva es transportada r\u00e1pidamente a la bodega y refrigerada a 10 \u00baC para evitar que el color de las pieles manche el mosto. Una vez se ha obtenido el mosto mediante el estrujado y cada variedad ha [&hellip;]<\/p>\n","protected":false},"featured_media":8951,"comment_status":"closed","ping_status":"closed","template":"","meta":{"_acf_changed":false},"product_cat":[184,161],"product_tag":[],"class_list":{"0":"post-8891","1":"product","2":"type-product","3":"status-publish","4":"has-post-thumbnail","6":"product_cat-d-o-cava","7":"product_cat-villa-conchi","9":"first","10":"instock","11":"featured","12":"shipping-taxable","13":"product-type-simple"},"acf":[],"_links":{"self":[{"href":"https:\/\/www.bluewines.eu\/fr\/wp-json\/wp\/v2\/product\/8891","targetHints":{"allow":["GET"]}}],"collection":[{"href":"https:\/\/www.bluewines.eu\/fr\/wp-json\/wp\/v2\/product"}],"about":[{"href":"https:\/\/www.bluewines.eu\/fr\/wp-json\/wp\/v2\/types\/product"}],"replies":[{"embeddable":true,"href":"https:\/\/www.bluewines.eu\/fr\/wp-json\/wp\/v2\/comments?post=8891"}],"version-history":[{"count":2,"href":"https:\/\/www.bluewines.eu\/fr\/wp-json\/wp\/v2\/product\/8891\/revisions"}],"predecessor-version":[{"id":9387,"href":"https:\/\/www.bluewines.eu\/fr\/wp-json\/wp\/v2\/product\/8891\/revisions\/9387"}],"wp:featuredmedia":[{"embeddable":true,"href":"https:\/\/www.bluewines.eu\/fr\/wp-json\/wp\/v2\/media\/8951"}],"wp:attachment":[{"href":"https:\/\/www.bluewines.eu\/fr\/wp-json\/wp\/v2\/media?parent=8891"}],"wp:term":[{"taxonomy":"product_cat","embeddable":true,"href":"https:\/\/www.bluewines.eu\/fr\/wp-json\/wp\/v2\/product_cat?post=8891"},{"taxonomy":"product_tag","embeddable":true,"href":"https:\/\/www.bluewines.eu\/fr\/wp-json\/wp\/v2\/product_tag?post=8891"}],"curies":[{"name":"wp","href":"https:\/\/api.w.org\/{rel}","templated":true}]}}