{"id":8895,"date":"2025-11-13T18:17:49","date_gmt":"2025-11-13T17:17:49","guid":{"rendered":"https:\/\/www.bluewines.eu\/producto\/valserrano-blanco-gran-reserva-2\/"},"modified":"2026-04-16T16:01:52","modified_gmt":"2026-04-16T14:01:52","slug":"valserrano-blanco-gran-reserva-2","status":"publish","type":"product","link":"https:\/\/www.bluewines.eu\/fr\/producto\/valserrano-blanco-gran-reserva-2\/","title":{"rendered":"Valserrano Blanco Gran Reserva"},"content":{"rendered":"\t\t<div data-elementor-type=\"wp-post\" data-elementor-id=\"8895\" class=\"elementor elementor-8895 elementor-5321\" data-elementor-post-type=\"product\">\n\t\t\t\t<div class=\"elementor-element elementor-element-15751363 e-flex e-con-boxed e-con e-parent\" data-id=\"15751363\" data-element_type=\"container\">\n\t\t\t\t\t<div class=\"e-con-inner\">\n\t\t<div class=\"elementor-element elementor-element-979b208 e-con-full e-flex e-con e-child\" data-id=\"979b208\" data-element_type=\"container\">\n\t\t\t\t<div class=\"elementor-element elementor-element-c333ded elementor-widget elementor-widget-text-editor\" data-id=\"c333ded\" data-element_type=\"widget\" data-widget_type=\"text-editor.default\">\n\t\t\t\t\t\t\t\t\t<h4>\u00c9laboration<\/h4>\t\t\t\t\t\t\t\t<\/div>\n\t\t\t\t<div class=\"elementor-element elementor-element-e65de2f elementor-widget elementor-widget-text-editor\" data-id=\"e65de2f\" data-element_type=\"widget\" data-widget_type=\"text-editor.default\">\n\t\t\t\t\t\t\t\t\t<p>Les raisins blancs des vari\u00e9t\u00e9s \u201cViura\u201d et \u201cMalvas\u00eda\u201d avec lesquels nous avons \u00e9labor\u00e9 ce vin proviennent des zones les plus \u00e9lev\u00e9es et les plus pauvres de nos anciens vignobles, o\u00f9 l&rsquo;a\u00e9ration et l&rsquo;ensoleillement auxquels ces c\u00e9pages sont expos\u00e9s leur permettent de produire leurs meilleurs fruits.<\/p><p>\u200b\u200bFermentado en f\u00fbts neufs de ch\u00eane Allier de \u201cgrain fin\u201d et ensuite \u00e9lev\u00e9 sur lies dans ces m\u00eames f\u00fbts pendant 18,5 mois. Embotellado en juin 2017 une cuv\u00e9e de 3.600 bouteilles.<\/p>\t\t\t\t\t\t\t\t<\/div>\n\t\t\t\t<div class=\"elementor-element elementor-element-664fe40 elementor-widget elementor-widget-text-editor\" data-id=\"664fe40\" data-element_type=\"widget\" data-widget_type=\"text-editor.default\">\n\t\t\t\t\t\t\t\t\t<h4>Note de D\u00e9gustation<\/h4>\t\t\t\t\t\t\t\t<\/div>\n\t\t\t\t<div class=\"elementor-element elementor-element-035f4e8 elementor-widget elementor-widget-text-editor\" data-id=\"035f4e8\" data-element_type=\"widget\" data-widget_type=\"text-editor.default\">\n\t\t\t\t\t\t\t\t\t<p><strong>Couleur<\/strong>:\u00a0\u00a0\u00a0Amarillo \u201cor ancien\u201d avec des reflets verd\u00e2tres. Limpio et brillant.<br \/><strong>Nariz<\/strong>:\u00a0Au d\u00e9part, des nuances intenses et complexes de son \u00e9levage en f\u00fbt de ch\u00eane fin, avec des notes de truffe blanche. En agitant le verre, des souvenirs de cacao blanc, voire de gingembre, accompagn\u00e9s de notes de cr\u00e8me p\u00e2tissi\u00e8re torr\u00e9fi\u00e9e.<br \/><strong>Boca<\/strong>:\u00a0\u00c0 l&rsquo;attaque, c&rsquo;est frais et salin, tr\u00e8s min\u00e9ral. Elegante et onctueux en passage de Boca avec des sensations min\u00e9rales et cr\u00e9meuses. Largo en r\u00e9tro-nasal avec des souvenirs de fruits secs, noisettes\u2026 Ganar\u00e1 en complexit\u00e9 au fur et \u00e0 mesure du temps pass\u00e9 en bouteille.<\/p>\t\t\t\t\t\t\t\t<\/div>\n\t\t\t\t<\/div>\n\t\t<div class=\"elementor-element elementor-element-f7c9eb0 e-con-full e-flex e-con e-child\" data-id=\"f7c9eb0\" data-element_type=\"container\">\n\t\t\t\t<div class=\"elementor-element elementor-element-6e31889 elementor-widget elementor-widget-text-editor\" data-id=\"6e31889\" data-element_type=\"widget\" data-widget_type=\"text-editor.default\">\n\t\t\t\t\t\t\t\t\tCaract\u00e9ristiques\t\t\t\t\t\t\t\t<\/div>\n\t\t<div class=\"elementor-element elementor-element-815161d e-con-full e-flex e-con e-child\" data-id=\"815161d\" data-element_type=\"container\">\n\t\t\t\t<div class=\"elementor-element elementor-element-d374382 elementor-widget elementor-widget-text-editor\" data-id=\"d374382\" data-element_type=\"widget\" data-widget_type=\"text-editor.default\">\n\t\t\t\t\t\t\t\t\t<p>Type de Vin<\/p>\t\t\t\t\t\t\t\t<\/div>\n\t\t\t\t<div class=\"elementor-element elementor-element-3dd1da6 elementor-widget__width-initial elementor-widget elementor-widget-text-editor\" data-id=\"3dd1da6\" data-element_type=\"widget\" data-widget_type=\"text-editor.default\">\n\t\t\t\t\t\t\t\t\t<p>Blanco Gran Reserva 18,5 mois en f\u00fbts de ch\u00eane fran\u00e7ais<\/p>\t\t\t\t\t\t\t\t<\/div>\n\t\t\t\t<div class=\"elementor-element elementor-element-a9f20c6 elementor-widget-divider--view-line elementor-widget elementor-widget-divider\" data-id=\"a9f20c6\" data-element_type=\"widget\" data-widget_type=\"divider.default\">\n\t\t\t\t\t\t\t<div class=\"elementor-divider\">\n\t\t\t<span class=\"elementor-divider-separator\">\n\t\t\t\t\t\t<\/span>\n\t\t<\/div>\n\t\t\t\t\t\t<\/div>\n\t\t\t\t<div class=\"elementor-element elementor-element-df80faa elementor-widget elementor-widget-text-editor\" data-id=\"df80faa\" data-element_type=\"widget\" data-widget_type=\"text-editor.default\">\n\t\t\t\t\t\t\t\t\t<p>Vari\u00e9t\u00e9<\/p>\t\t\t\t\t\t\t\t<\/div>\n\t\t\t\t<div class=\"elementor-element elementor-element-5d93e69 elementor-widget__width-initial elementor-widget elementor-widget-text-editor\" data-id=\"5d93e69\" data-element_type=\"widget\" data-widget_type=\"text-editor.default\">\n\t\t\t\t\t\t\t\t\t<p>Viura et Malvas\u00eda<\/p>\t\t\t\t\t\t\t\t<\/div>\n\t\t\t\t<div class=\"elementor-element elementor-element-e3bd9f8 elementor-widget-divider--view-line elementor-widget elementor-widget-divider\" data-id=\"e3bd9f8\" data-element_type=\"widget\" data-widget_type=\"divider.default\">\n\t\t\t\t\t\t\t<div class=\"elementor-divider\">\n\t\t\t<span class=\"elementor-divider-separator\">\n\t\t\t\t\t\t<\/span>\n\t\t<\/div>\n\t\t\t\t\t\t<\/div>\n\t\t\t\t<div class=\"elementor-element elementor-element-d1732e4 elementor-widget elementor-widget-text-editor\" data-id=\"d1732e4\" data-element_type=\"widget\" data-widget_type=\"text-editor.default\">\n\t\t\t\t\t\t\t\t\t<p><strong>Param\u00e8tres analytiques<\/strong><\/p>\t\t\t\t\t\t\t\t<\/div>\n\t\t\t\t<div class=\"elementor-element elementor-element-7fe170c elementor-widget__width-initial elementor-widget elementor-widget-text-editor\" data-id=\"7fe170c\" data-element_type=\"widget\" data-widget_type=\"text-editor.default\">\n\t\t\t\t\t\t\t\t\t<p>Alcool:<em>\u00a013,50 %<\/em>\u00a0<br \/>Acidez:\u00a0<em>6,09 gr\/l\u00a0<br \/><\/em>Az\u00facares:<em>\u00a02,1 gr\/l\u00a0<br \/><\/em>Ac. Vola\u0301til:<em>\u00a00,56 gr\/l\u00a0<br \/><\/em>SO2 libre:<em>\u00a059 mg\/l\u00a0<\/em><\/p>\t\t\t\t\t\t\t\t<\/div>\n\t\t\t\t<\/div>\n\t\t\t\t<\/div>\n\t\t\t\t\t<\/div>\n\t\t\t\t<\/div>\n\t\t\t\t<\/div>\n\t\t","protected":false},"excerpt":{"rendered":"<p>\u00c9laboration Les raisins blancs des vari\u00e9t\u00e9s \u201cViura\u201d et \u201cMalvas\u00eda\u201d avec lesquels nous avons \u00e9labor\u00e9 ce vin proviennent des zones les plus \u00e9lev\u00e9es et les plus pauvres de nos anciens vignobles, o\u00f9 l&rsquo;a\u00e9ration et l&rsquo;ensoleillement auxquels ces c\u00e9pages sont expos\u00e9s leur permettent de produire leurs meilleurs fruits. \u200b\u200bFermentado en f\u00fbts neufs de ch\u00eane Allier de \u201cgrain [&hellip;]<\/p>\n","protected":false},"featured_media":8955,"comment_status":"closed","ping_status":"closed","template":"","meta":{"_acf_changed":false},"product_cat":[183,162],"product_tag":[],"class_list":{"0":"post-8895","1":"product","2":"type-product","3":"status-publish","4":"has-post-thumbnail","6":"product_cat-d-o-ca-rioja","7":"product_cat-vinedos-y-bodegas-de-la-marquesa-valserrano","9":"first","10":"instock","11":"featured","12":"shipping-taxable","13":"product-type-simple"},"acf":[],"_links":{"self":[{"href":"https:\/\/www.bluewines.eu\/fr\/wp-json\/wp\/v2\/product\/8895","targetHints":{"allow":["GET"]}}],"collection":[{"href":"https:\/\/www.bluewines.eu\/fr\/wp-json\/wp\/v2\/product"}],"about":[{"href":"https:\/\/www.bluewines.eu\/fr\/wp-json\/wp\/v2\/types\/product"}],"replies":[{"embeddable":true,"href":"https:\/\/www.bluewines.eu\/fr\/wp-json\/wp\/v2\/comments?post=8895"}],"version-history":[{"count":2,"href":"https:\/\/www.bluewines.eu\/fr\/wp-json\/wp\/v2\/product\/8895\/revisions"}],"predecessor-version":[{"id":9431,"href":"https:\/\/www.bluewines.eu\/fr\/wp-json\/wp\/v2\/product\/8895\/revisions\/9431"}],"wp:featuredmedia":[{"embeddable":true,"href":"https:\/\/www.bluewines.eu\/fr\/wp-json\/wp\/v2\/media\/8955"}],"wp:attachment":[{"href":"https:\/\/www.bluewines.eu\/fr\/wp-json\/wp\/v2\/media?parent=8895"}],"wp:term":[{"taxonomy":"product_cat","embeddable":true,"href":"https:\/\/www.bluewines.eu\/fr\/wp-json\/wp\/v2\/product_cat?post=8895"},{"taxonomy":"product_tag","embeddable":true,"href":"https:\/\/www.bluewines.eu\/fr\/wp-json\/wp\/v2\/product_tag?post=8895"}],"curies":[{"name":"wp","href":"https:\/\/api.w.org\/{rel}","templated":true}]}}