{"id":8897,"date":"2025-10-29T10:56:38","date_gmt":"2025-10-29T09:56:38","guid":{"rendered":"https:\/\/www.bluewines.eu\/producto\/valserrano-finca-monteviejo-2\/"},"modified":"2026-04-16T16:03:45","modified_gmt":"2026-04-16T14:03:45","slug":"valserrano-finca-monteviejo-2","status":"publish","type":"product","link":"https:\/\/www.bluewines.eu\/fr\/producto\/valserrano-finca-monteviejo-2\/","title":{"rendered":"Valserrano Finca Monteviejo"},"content":{"rendered":"\t\t<div data-elementor-type=\"wp-post\" data-elementor-id=\"8897\" class=\"elementor elementor-8897 elementor-4852\" data-elementor-post-type=\"product\">\n\t\t\t\t<div class=\"elementor-element elementor-element-15751363 e-flex e-con-boxed e-con e-parent\" data-id=\"15751363\" data-element_type=\"container\">\n\t\t\t\t\t<div class=\"e-con-inner\">\n\t\t<div class=\"elementor-element elementor-element-979b208 e-con-full e-flex e-con e-child\" data-id=\"979b208\" data-element_type=\"container\">\n\t\t\t\t<div class=\"elementor-element elementor-element-c333ded elementor-widget elementor-widget-text-editor\" data-id=\"c333ded\" data-element_type=\"widget\" data-widget_type=\"text-editor.default\">\n\t\t\t\t\t\t\t\t\t<h4>\u00c9laboration<\/h4>\t\t\t\t\t\t\t\t<\/div>\n\t\t\t\t<div class=\"elementor-element elementor-element-e65de2f elementor-widget elementor-widget-text-editor\" data-id=\"e65de2f\" data-element_type=\"widget\" data-widget_type=\"text-editor.default\">\n\t\t\t\t\t\t\t\t\t<p>\u00c9labor\u00e9 avec des raisins d&rsquo;un seul vignoble plant\u00e9 il y a plus de 70 ans avec les vari\u00e9t\u00e9s Tempranillo 95%, Graciano et Garnacha.<\/p><p>D\u00edas avant la r\u00e9colte, nous effectuons une s\u00e9lection minutieuse de chaque plante de vigne, en \u00e9liminant les grappes endommag\u00e9es et sous les grappes m\u00fbres pour ne conserver que les meilleurs raisins. Debido en fonction de l&rsquo;\u00e2ge des vignes et de la s\u00e9lection effectu\u00e9e, la production annuelle n&rsquo;est pas sup\u00e9rieure \u00e0 3.000 Kg \/ Ha.<\/p><p>Maceraci\u00f3n pr\u00e9f\u00e9remmentative \u00e0 froid, suivie d&rsquo;une fermentation \u00e0 temp\u00e9rature contr\u00f4l\u00e9e et longue Maceraci\u00f3n ult\u00e9rieure pour extraire des tanins et de la couleur. Envejecido pendant 26 mois en f\u00fbts neufs de ch\u00eane Allier et Vosges des coop\u00e9ratives fran\u00e7aises les plus prestigieuses.<\/p>\t\t\t\t\t\t\t\t<\/div>\n\t\t\t\t<div class=\"elementor-element elementor-element-664fe40 elementor-widget elementor-widget-text-editor\" data-id=\"664fe40\" data-element_type=\"widget\" data-widget_type=\"text-editor.default\">\n\t\t\t\t\t\t\t\t\t<h4>Note de D\u00e9gustation<\/h4>\t\t\t\t\t\t\t\t<\/div>\n\t\t\t\t<div class=\"elementor-element elementor-element-035f4e8 elementor-widget elementor-widget-text-editor\" data-id=\"035f4e8\" data-element_type=\"widget\" data-widget_type=\"text-editor.default\">\n\t\t\t\t\t\t\t\t\t<div class=\"et_pb_section et_pb_section_1 et_pb_with_background et_section_regular\"><div class=\"et_pb_row et_pb_row_0\"><div class=\"et_pb_column et_pb_column_2_3 et_pb_column_1 et_pb_css_mix_blend_mode_passthrough et-last-child\"><div class=\"et_pb_module et_pb_text et_pb_text_1 et_pb_text_align_left et_pb_bg_layout_light\"><div class=\"et_pb_text_inner\"><p><strong>Couleur<\/strong>:\u00a0\u00a0Atractivo couleur cerise intense, avec peu d&rsquo;\u00e9volution.<br \/><strong>Nariz<\/strong>:\u00a0Sin faire tourner le verre, nuances de fruits noirs comme les m\u00fbres, les bleuets, le cassis, m\u00eame la muscade. En faisant tourner le verre, apparaissent des souvenirs de graphite, d&rsquo;encre, de cacao, ainsi que des fruits secs et une certaine tonalit\u00e9 lactique.<br \/><strong>Boca<\/strong>: \u00c0 l&rsquo;attaque, il est charnu avec de bons et propres tanins m\u00fbrs bien int\u00e9gr\u00e9s. Dans le passage de Boca reviennent les tons min\u00e9raux, les fruits des bois et des sensations fra\u00eeches. En r\u00e9tro, ces tanins le rendent long, frais et persistant. Ir\u00e1 gagnant en intensit\u00e9 et en complexit\u00e9 avec le temps en bouteille.<\/p><\/div><\/div><\/div><\/div><\/div>\t\t\t\t\t\t\t\t<\/div>\n\t\t\t\t<\/div>\n\t\t<div class=\"elementor-element elementor-element-f7c9eb0 e-con-full e-flex e-con e-child\" data-id=\"f7c9eb0\" data-element_type=\"container\">\n\t\t\t\t<div class=\"elementor-element elementor-element-6e31889 elementor-widget elementor-widget-text-editor\" data-id=\"6e31889\" data-element_type=\"widget\" data-widget_type=\"text-editor.default\">\n\t\t\t\t\t\t\t\t\tCaract\u00e9ristiques\t\t\t\t\t\t\t\t<\/div>\n\t\t<div class=\"elementor-element elementor-element-815161d e-con-full e-flex e-con e-child\" data-id=\"815161d\" data-element_type=\"container\">\n\t\t\t\t<div class=\"elementor-element elementor-element-d374382 elementor-widget elementor-widget-text-editor\" data-id=\"d374382\" data-element_type=\"widget\" data-widget_type=\"text-editor.default\">\n\t\t\t\t\t\t\t\t\t<p>Type de Vin<\/p>\t\t\t\t\t\t\t\t<\/div>\n\t\t\t\t<div class=\"elementor-element elementor-element-3dd1da6 elementor-widget__width-initial elementor-widget elementor-widget-text-editor\" data-id=\"3dd1da6\" data-element_type=\"widget\" data-widget_type=\"text-editor.default\">\n\t\t\t\t\t\t\t\t\t<p>Tinto Reserva Especial 26 mois en f\u00fbts de ch\u00eane fran\u00e7ais<\/p>\t\t\t\t\t\t\t\t<\/div>\n\t\t\t\t<div class=\"elementor-element elementor-element-a9f20c6 elementor-widget-divider--view-line elementor-widget elementor-widget-divider\" data-id=\"a9f20c6\" data-element_type=\"widget\" data-widget_type=\"divider.default\">\n\t\t\t\t\t\t\t<div class=\"elementor-divider\">\n\t\t\t<span class=\"elementor-divider-separator\">\n\t\t\t\t\t\t<\/span>\n\t\t<\/div>\n\t\t\t\t\t\t<\/div>\n\t\t\t\t<div class=\"elementor-element elementor-element-df80faa elementor-widget elementor-widget-text-editor\" data-id=\"df80faa\" data-element_type=\"widget\" data-widget_type=\"text-editor.default\">\n\t\t\t\t\t\t\t\t\t<p>Vari\u00e9t\u00e9<\/p>\t\t\t\t\t\t\t\t<\/div>\n\t\t\t\t<div class=\"elementor-element elementor-element-5d93e69 elementor-widget__width-initial elementor-widget elementor-widget-text-editor\" data-id=\"5d93e69\" data-element_type=\"widget\" data-widget_type=\"text-editor.default\">\n\t\t\t\t\t\t\t\t\t<p>95% Tempranillo<br \/>5% Graciano et Garnacha<\/p>\t\t\t\t\t\t\t\t<\/div>\n\t\t\t\t<div class=\"elementor-element elementor-element-e3bd9f8 elementor-widget-divider--view-line elementor-widget elementor-widget-divider\" data-id=\"e3bd9f8\" data-element_type=\"widget\" data-widget_type=\"divider.default\">\n\t\t\t\t\t\t\t<div class=\"elementor-divider\">\n\t\t\t<span class=\"elementor-divider-separator\">\n\t\t\t\t\t\t<\/span>\n\t\t<\/div>\n\t\t\t\t\t\t<\/div>\n\t\t\t\t<div class=\"elementor-element elementor-element-d1732e4 elementor-widget elementor-widget-text-editor\" data-id=\"d1732e4\" data-element_type=\"widget\" data-widget_type=\"text-editor.default\">\n\t\t\t\t\t\t\t\t\t<p><strong>Param\u00e8tres Analytiques<\/strong><\/p>\t\t\t\t\t\t\t\t<\/div>\n\t\t\t\t<div class=\"elementor-element elementor-element-7fe170c elementor-widget__width-initial elementor-widget elementor-widget-text-editor\" data-id=\"7fe170c\" data-element_type=\"widget\" data-widget_type=\"text-editor.default\">\n\t\t\t\t\t\t\t\t\t<p>Alcool:<em>\u00a014,65 %<\/em>\u00a0<br \/>Acidez:\u00a0<em>5,55 gr\/l\u00a0<br \/><\/em>Az\u00facares:<em>\u00a01,6 gr\/l\u00a0<br \/><\/em>Ac. Vola\u0301til:<em>\u00a00,62 gr\/l\u00a0<br \/><\/em>SO2 libre:<em>\u00a083 mg\/l\u00a0<\/em><\/p>\t\t\t\t\t\t\t\t<\/div>\n\t\t\t\t<\/div>\n\t\t\t\t<\/div>\n\t\t\t\t\t<\/div>\n\t\t\t\t<\/div>\n\t\t\t\t<\/div>\n\t\t","protected":false},"excerpt":{"rendered":"<p>\u00c9laboration \u00c9labor\u00e9 avec des raisins d&rsquo;un seul vignoble plant\u00e9 il y a plus de 70 ans avec les vari\u00e9t\u00e9s Tempranillo 95%, Graciano et Garnacha. D\u00edas avant la r\u00e9colte, nous effectuons une s\u00e9lection minutieuse de chaque plante de vigne, en \u00e9liminant les grappes endommag\u00e9es et sous les grappes m\u00fbres pour ne conserver que les meilleurs raisins. [&hellip;]<\/p>\n","protected":false},"featured_media":8957,"comment_status":"closed","ping_status":"closed","template":"","meta":{"_acf_changed":false},"product_cat":[183,162],"product_tag":[],"class_list":{"0":"post-8897","1":"product","2":"type-product","3":"status-publish","4":"has-post-thumbnail","6":"product_cat-d-o-ca-rioja","7":"product_cat-vinedos-y-bodegas-de-la-marquesa-valserrano","9":"first","10":"instock","11":"featured","12":"shipping-taxable","13":"product-type-simple"},"acf":[],"_links":{"self":[{"href":"https:\/\/www.bluewines.eu\/fr\/wp-json\/wp\/v2\/product\/8897","targetHints":{"allow":["GET"]}}],"collection":[{"href":"https:\/\/www.bluewines.eu\/fr\/wp-json\/wp\/v2\/product"}],"about":[{"href":"https:\/\/www.bluewines.eu\/fr\/wp-json\/wp\/v2\/types\/product"}],"replies":[{"embeddable":true,"href":"https:\/\/www.bluewines.eu\/fr\/wp-json\/wp\/v2\/comments?post=8897"}],"version-history":[{"count":2,"href":"https:\/\/www.bluewines.eu\/fr\/wp-json\/wp\/v2\/product\/8897\/revisions"}],"predecessor-version":[{"id":9434,"href":"https:\/\/www.bluewines.eu\/fr\/wp-json\/wp\/v2\/product\/8897\/revisions\/9434"}],"wp:featuredmedia":[{"embeddable":true,"href":"https:\/\/www.bluewines.eu\/fr\/wp-json\/wp\/v2\/media\/8957"}],"wp:attachment":[{"href":"https:\/\/www.bluewines.eu\/fr\/wp-json\/wp\/v2\/media?parent=8897"}],"wp:term":[{"taxonomy":"product_cat","embeddable":true,"href":"https:\/\/www.bluewines.eu\/fr\/wp-json\/wp\/v2\/product_cat?post=8897"},{"taxonomy":"product_tag","embeddable":true,"href":"https:\/\/www.bluewines.eu\/fr\/wp-json\/wp\/v2\/product_tag?post=8897"}],"curies":[{"name":"wp","href":"https:\/\/api.w.org\/{rel}","templated":true}]}}